{"id":23693,"date":"2025-11-14T13:16:17","date_gmt":"2025-11-14T05:16:17","guid":{"rendered":"https:\/\/yebodaglass.com\/?post_type=product&#038;p=23693"},"modified":"2026-03-26T13:59:14","modified_gmt":"2026-03-26T05:59:14","slug":"wholesale-clear-flip-top-glass-bottles-1-liter","status":"publish","type":"product","link":"https:\/\/yebodaglass.com\/de\/wholesale-clear-flip-top-glass-bottles-1-liter\/","title":{"rendered":"Gro\u00dfhandel mit durchsichtigen Glasflaschen mit B\u00fcgelverschluss, 1 Liter"},"content":{"rendered":"<p data-start=\"66\" data-end=\"288\">Die 1-Liter-Glasflaschen mit Klappverschluss haben eine hohe, gerade, zylindrische Form und sind aus kristallklarem Glas gefertigt. Der traditionelle Metallverschluss mit Scharnier fixiert den rot-wei\u00dfen Keramik- oder Kunststoffstopfen mit Gummidichtung sicher und sorgt so f\u00fcr einen luftdichten Verschluss.<\/p>\n<h2>Produkteigenschaften<\/h2>\n<ul>\n<li><strong>Gro\u00dfes Fassungsverm\u00f6gen von 1 Liter:<\/strong> Die gro\u00dfe Gr\u00f6\u00dfe eignet sich hervorragend f\u00fcr die Zubereitung gr\u00f6\u00dferer Mengen an Getr\u00e4nken, zum Aufbr\u00fchen und kann auch als gew\u00f6hnliche Wasserflasche verwendet werden.<\/li>\n<li><strong>Versiegelter Klappdeckel:<\/strong> Der Dichtungsring und die Metallschnalle sorgen f\u00fcr eine dichte Abdichtung, die daf\u00fcr sorgt, dass ein Produkt die Frische seines Inhalts bewahrt bzw. kohlens\u00e4urehaltige Getr\u00e4nke nicht auslaufen.<\/li>\n<li><strong>Weitblick-Klarglas:<\/strong> Durch die durchsichtige Flasche kann man den F\u00fcllstand und die Klarheit des Inhalts leicht erkennen.<\/li>\n<\/ul>\n<h2 style=\"text-align: left;\">Wichtigste Spezifikationen<\/h2>\n<table class=\"aligncenter\" style=\"border-collapse: collapse; width: 476.27pt;\" border=\"0\" width=\"635\" cellspacing=\"0\" cellpadding=\"0\">\n<tbody>\n<tr style=\"height: 13.50pt;\">\n<td style=\"height: 13.50pt; width: 119.25pt;\" width=\"159\" height=\"18\">Spezifikation<\/td>\n<td style=\"width: 357.00pt;\" width=\"476\">Details<\/td>\n<\/tr>\n<tr style=\"height: 13.50pt;\">\n<td style=\"height: 13.50pt;\" height=\"18\">Kapazit\u00e4t<\/td>\n<td>Ermetico, resistente alle perdite, gestisce la carbonatazione e i contenuti acidi<\/td>\n<\/tr>\n<tr style=\"height: 13.50pt;\">\n<td style=\"height: 13.50pt;\" height=\"18\">Ma\u00dfe<\/td>\n<td>8,7 cm \u00d7 29,6 cm<\/td>\n<\/tr>\n<tr style=\"height: 13.50pt;\">\n<td style=\"height: 13.50pt;\" height=\"18\">Material<\/td>\n<td>Storia di successo: migliorare l&#039;immagine del marchio di birra artigianale<\/td>\n<\/tr>\n<tr style=\"height: 13.50pt;\">\n<td style=\"height: 13.50pt;\" height=\"18\">Halsinnendurchmesser<\/td>\n<td>Suggerimenti per la personalizzazione delle bottiglie con tappo a scatto da 32 once<\/td>\n<\/tr>\n<tr style=\"height: 13.50pt;\">\n<td style=\"height: 13.50pt;\" height=\"18\">Verschlussart<\/td>\n<td>Colore del cappuccio unico:<\/td>\n<\/tr>\n<tr style=\"height: 13.50pt;\">\n<td style=\"height: 13.50pt;\" height=\"18\">Dichtungsoptionen<\/td>\n<td>Standardgummi<\/td>\n<\/tr>\n<tr style=\"height: 13.50pt;\">\n<td style=\"height: 13.50pt;\" height=\"18\">Ideal f\u00fcr<\/td>\n<td>Serigrafia lucida:<\/td>\n<\/tr>\n<\/tbody>\n<\/table>\n<h2>Erfolgsgeschichte<\/h2>\n<p>Unsere 1-Liter-Klarglasflaschen wurden von einem gro\u00dfen kalifornischen Hersteller kaltgepresster S\u00e4fte ausgew\u00e4hlt. Die F\u00fcllstandsanzeige ist im Siebdruckverfahren aufgebracht und individuell auf das Unternehmen zugeschnitten. Die ma\u00dfgefertigten Flaschen wurden entwickelt, um einige der gr\u00f6\u00dften Herausforderungen im Betrieb zu meistern: Der luftdichte Verschluss und das gro\u00dfe Volumen verl\u00e4ngern die Haltbarkeit der unpasteurisierten S\u00e4fte um 30 Jahre, minimieren den Verderb und pr\u00e4sentieren die leuchtenden Farben der S\u00e4fte optimal in den Glasflaschen. Das Unternehmen berichtet von einem Umsatzwachstum von 20 Prozent im Direktvertrieb an Caf\u00e9s. Aufgrund dieses Erfolgs bestellte es weitere 650.000 Flaschen, um eine neue Kategorie funktioneller Gesundheitsgetr\u00e4nke einzuf\u00fchren.<\/p>\n<h2>Empfehlungen zur individuellen Gestaltung der Klarglasflaschen<\/h2>\n<ul>\n<li>Flaschenverschl\u00fcsse und Stopfenausf\u00fchrungen: Die Marke kann mit einer Reihe von Ausf\u00fchrungen (Kupfer, Messing, Mattschwarz) und verschiedenfarbigen Stopfen individuell gestaltet werden.<\/li>\n<li>UV-best\u00e4ndiges Farbglas: Zylindrische 1-Liter-Flaschen aus bernsteinfarbenem oder gr\u00fcnem Glas werden hergestellt, um lichtempfindliche Getr\u00e4nke wie Kombucha, Bier oder einige \u00d6le zu sch\u00fctzen.<\/li>\n<li>Rechteckiges Design: Die 1-Liter-Flasche hat ein rechteckiges Design, das Platz im K\u00fchlschrank spart und das Stapeln im Regal erleichtert.<\/li>\n<li>Silikon-Schutzh\u00fclle\/Schutz: Dies ist eine abnehmbare, rutschfeste Silikonh\u00fclle, die die untere H\u00e4lfte der Flasche vor St\u00f6\u00dfen sch\u00fctzt, die Flasche isoliert und zudem einen besseren Griff bietet.<\/li>\n<\/ul>","protected":false},"excerpt":{"rendered":"<p>Forme coniche multiple:<\/p>","protected":false},"featured_media":23704,"template":"","meta":[],"product_brand":[],"product_cat":[132,123,122],"product_tag":[],"class_list":{"0":"post-23693","1":"product","2":"type-product","3":"status-publish","4":"has-post-thumbnail","6":"product_cat-glass-flip-top-bottles","7":"product_cat-custom-glass-bottles","8":"product_cat-custom-glass-packaging","10":"first","11":"instock","12":"shipping-taxable","13":"product-type-simple"},"jetpack_sharing_enabled":true,"_links":{"self":[{"href":"https:\/\/yebodaglass.com\/de\/wp-json\/wp\/v2\/product\/23693","targetHints":{"allow":["GET"]}}],"collection":[{"href":"https:\/\/yebodaglass.com\/de\/wp-json\/wp\/v2\/product"}],"about":[{"href":"https:\/\/yebodaglass.com\/de\/wp-json\/wp\/v2\/types\/product"}],"version-history":[{"count":5,"href":"https:\/\/yebodaglass.com\/de\/wp-json\/wp\/v2\/product\/23693\/revisions"}],"predecessor-version":[{"id":25626,"href":"https:\/\/yebodaglass.com\/de\/wp-json\/wp\/v2\/product\/23693\/revisions\/25626"}],"wp:featuredmedia":[{"embeddable":true,"href":"https:\/\/yebodaglass.com\/de\/wp-json\/wp\/v2\/media\/23704"}],"wp:attachment":[{"href":"https:\/\/yebodaglass.com\/de\/wp-json\/wp\/v2\/media?parent=23693"}],"wp:term":[{"taxonomy":"product_brand","embeddable":true,"href":"https:\/\/yebodaglass.com\/de\/wp-json\/wp\/v2\/product_brand?post=23693"},{"taxonomy":"product_cat","embeddable":true,"href":"https:\/\/yebodaglass.com\/de\/wp-json\/wp\/v2\/product_cat?post=23693"},{"taxonomy":"product_tag","embeddable":true,"href":"https:\/\/yebodaglass.com\/de\/wp-json\/wp\/v2\/product_tag?post=23693"}],"curies":[{"name":"wp","href":"https:\/\/api.w.org\/{rel}","templated":true}]}}