{"id":23678,"date":"2025-11-14T14:23:47","date_gmt":"2025-11-14T06:23:47","guid":{"rendered":"https:\/\/yebodaglass.com\/?post_type=product&#038;p=23678"},"modified":"2026-03-11T16:11:43","modified_gmt":"2026-03-11T08:11:43","slug":"clear-glass-pickle-jars-with-black-lids-wholesale","status":"publish","type":"product","link":"https:\/\/yebodaglass.com\/de\/clear-glass-pickle-jars-with-black-lids-wholesale\/","title":{"rendered":"105 ml \u2013 550 ml Klarglas-Gurkengl\u00e4ser mit schwarzen Deckeln (Gro\u00dfhandel)"},"content":{"rendered":"<p>Ein glattes, zylindrisches, kristallklares Glas-Gurkenglas mit einem mattschwarzen Metallschraubverschluss, der f\u00fcr eine perfekte Abdichtung sorgt \u2013 diese Art von Gurkenglas ist die beste Wahl f\u00fcr die Fermentierung von Gurken, Marinaden und Konfit\u00fcren.<\/p>\n<h2>Produkteigenschaften<\/h2>\n<ul>\n<li><strong>Einfaches zylindrisches Design:<\/strong> Es ist einfach gehalten, mit geraden W\u00e4nden und einem Boden, der leicht zu reinigen ist und zudem eine effizientere Raumnutzung erm\u00f6glicht.<\/li>\n<li><strong>Hochreines Glas:<\/strong> Durch das transparente Glas kann man hineinsehen und den Zustand der Lebensmittel erkennen.<\/li>\n<li><strong>Sichere schwarze Metallkappe:<\/strong> Dieser schwarze Schraubverschluss ist sehr effizient, da er eine dichte und luftdichte Abdichtung und somit eine lange Lagerung erm\u00f6glicht.<\/li>\n<\/ul>\n<h2>Wichtigste Spezifikationen<\/h2>\n<table style=\"border-collapse: collapse; width: 80%; margin-left: auto; margin-right: auto;\" border=\"0\" width=\"288\" cellspacing=\"0\" cellpadding=\"0\">\n<tbody>\n<tr style=\"height: 13.50pt;\">\n<td style=\"height: 13.5pt; width: 54pt; text-align: center;\" width=\"72\" height=\"18\">Fassungsverm\u00f6gen (ml)<\/td>\n<td style=\"width: 54pt; text-align: center;\" width=\"72\">Gr\u00f6\u00dfe (cm)<\/td>\n<td style=\"width: 54pt; text-align: center;\" width=\"72\">Form<\/td>\n<\/tr>\n<tr style=\"height: 13.50pt;\">\n<td style=\"height: 13.5pt; text-align: center;\" align=\"right\" height=\"18\">105<\/td>\n<td style=\"text-align: center;\">5,5 x 6,5<\/td>\n<td class=\"et2\" style=\"text-align: center;\" rowspan=\"5\">Runden<\/td>\n<\/tr>\n<tr style=\"height: 13.50pt;\">\n<td style=\"height: 13.5pt; text-align: center;\" align=\"right\" height=\"18\">230<\/td>\n<td style=\"text-align: center;\">6,7 x 9,0<\/td>\n<\/tr>\n<tr style=\"height: 13.50pt;\">\n<td style=\"height: 13.5pt; text-align: center;\" align=\"right\" height=\"18\">350<\/td>\n<td style=\"text-align: center;\">7,4 x 10,9<\/td>\n<\/tr>\n<tr style=\"height: 13.50pt;\">\n<td style=\"height: 13.5pt; text-align: center;\" align=\"right\" height=\"18\">420<\/td>\n<td style=\"text-align: center;\">9,4 x 9,2<\/td>\n<\/tr>\n<tr style=\"height: 13.50pt;\">\n<td style=\"height: 13.5pt; text-align: center;\" align=\"right\" height=\"18\">550<\/td>\n<td style=\"text-align: center;\">8,6 x 12,6<\/td>\n<\/tr>\n<\/tbody>\n<\/table>\n<h2>Erfolgsbeispiel<\/h2>\n<p>Eines der Einmachglasunternehmen in Austin nahm unsere Einmachgl\u00e4ser und lie\u00df einen speziellen Deckel mit laserge\u00e4tzten Linien und einer wei\u00dfen Plastisol-Beschichtung anfertigen, um die Gl\u00e4ser s\u00e4urebest\u00e4ndiger zu machen. Diese Individualisierungsm\u00f6glichkeiten boten einen echten Mehrwert: Durch die Waagen konnte der Rohmaterialverbrauch in der Massenproduktion um 15 Prozent reduziert werden; die ma\u00dfgefertigten Deckel verhinderten Rost und Dichtungssch\u00e4den effektiv und verringerten so den Verderb der Produkte um 20 Prozent. Der Kunde war so zufrieden, dass im zweiten Quartal eine zweite Bestellung \u00fcber 200.000 Einmachgl\u00e4ser f\u00fcr ein neues Lohnabf\u00fcllwerk aufgegeben wurde, das landesweit ausliefern sollte.<\/p>\n<h2>Empfehlungen zur Individualisierung von Einmachgl\u00e4sern.<\/h2>\n<ul>\n<li>Formvariation: Die Gl\u00e4ser k\u00f6nnen quadratisch oder rechteckig sein, um den Platz in den Vorratsschr\u00e4nken und Versandbeh\u00e4ltern optimal zu nutzen.<\/li>\n<li>Lichtundurchl\u00e4ssiges Glas: Gl\u00e4ser aus bernsteinfarbenem oder gr\u00fcnem Glas eignen sich zur Aufbewahrung von lichtempfindlichen Marmeladen und fermentierten Lebensmitteln.<\/li>\n<li>Spezialdeckel: Die Spezialdeckel verf\u00fcgen \u00fcber eingebaute G\u00e4rventile, Bambusdeckel oder s\u00e4urebest\u00e4ndige innere Kunststoffbeschichtungen.<\/li>\n<\/ul>","protected":false},"excerpt":{"rendered":"<p>Robustes Einmachglas aus kristallklarem Glas mit sicherem, schwarzem Deckel. Praktische Einmachgl\u00e4ser, ideal f\u00fcr Essiggurken, So\u00dfen und die Aufbewahrung von Trockenlebensmitteln. Gratisproben.<\/p>","protected":false},"featured_media":23679,"template":"","meta":[],"product_brand":[],"product_cat":[122,124,133],"product_tag":[],"class_list":{"0":"post-23678","1":"product","2":"type-product","3":"status-publish","4":"has-post-thumbnail","6":"product_cat-custom-glass-packaging","7":"product_cat-custom-glass-jars","8":"product_cat-pickle-jars","10":"first","11":"instock","12":"shipping-taxable","13":"product-type-simple"},"jetpack_sharing_enabled":true,"_links":{"self":[{"href":"https:\/\/yebodaglass.com\/de\/wp-json\/wp\/v2\/product\/23678","targetHints":{"allow":["GET"]}}],"collection":[{"href":"https:\/\/yebodaglass.com\/de\/wp-json\/wp\/v2\/product"}],"about":[{"href":"https:\/\/yebodaglass.com\/de\/wp-json\/wp\/v2\/types\/product"}],"version-history":[{"count":5,"href":"https:\/\/yebodaglass.com\/de\/wp-json\/wp\/v2\/product\/23678\/revisions"}],"predecessor-version":[{"id":25382,"href":"https:\/\/yebodaglass.com\/de\/wp-json\/wp\/v2\/product\/23678\/revisions\/25382"}],"wp:featuredmedia":[{"embeddable":true,"href":"https:\/\/yebodaglass.com\/de\/wp-json\/wp\/v2\/media\/23679"}],"wp:attachment":[{"href":"https:\/\/yebodaglass.com\/de\/wp-json\/wp\/v2\/media?parent=23678"}],"wp:term":[{"taxonomy":"product_brand","embeddable":true,"href":"https:\/\/yebodaglass.com\/de\/wp-json\/wp\/v2\/product_brand?post=23678"},{"taxonomy":"product_cat","embeddable":true,"href":"https:\/\/yebodaglass.com\/de\/wp-json\/wp\/v2\/product_cat?post=23678"},{"taxonomy":"product_tag","embeddable":true,"href":"https:\/\/yebodaglass.com\/de\/wp-json\/wp\/v2\/product_tag?post=23678"}],"curies":[{"name":"wp","href":"https:\/\/api.w.org\/{rel}","templated":true}]}}