{"id":23651,"date":"2025-11-13T15:54:32","date_gmt":"2025-11-13T07:54:32","guid":{"rendered":"https:\/\/yebodaglass.com\/?post_type=product&#038;p=23651"},"modified":"2026-03-12T14:44:21","modified_gmt":"2026-03-12T06:44:21","slug":"brown-glass-grolsch-beer-bottles-with-handle-bulk","status":"publish","type":"product","link":"https:\/\/yebodaglass.com\/de\/brown-glass-grolsch-beer-bottles-with-handle-bulk\/","title":{"rendered":"32oz und 64oz braune Glasflaschen von Grolsch mit Henkel, Gro\u00dfpackung"},"content":{"rendered":"<p data-start=\"66\" data-end=\"288\">Diese Grolsch-Bierflaschen sind aus bernsteinbraunem Glas gefertigt und bestechen durch ihren Retro-Look, die abgerundete Form und den praktischen Griff. Ein Metallverschluss sichert den rot-wei\u00dfen Klappdeckel, der sich hervorragend zum Aufbewahren und dekorativen Pr\u00e4sentieren von Fl\u00fcssigkeiten oder So\u00dfen eignet.<\/p>\n<h2>Produkteigenschaften<\/h2>\n<ul>\n<li><strong>Braunes Glasmaterial:<\/strong> Die aus braunem Glas gefertigte Flasche blockiert effektiv das Licht, wodurch die Qualit\u00e4t der Fl\u00fcssigkeiten wie So\u00dfen und Getr\u00e4nke gut erhalten bleibt, und verleiht der Flasche gleichzeitig einen sch\u00f6nen Retro-Look.<\/li>\n<li><strong>Schnappverschluss-Dichtungsdesign:<\/strong> Das Ger\u00e4t verf\u00fcgt \u00fcber einen Schnappverschluss mit Metallschnappverschluss. Dieser gew\u00e4hrleistet eine hocheffiziente Abdichtung, wodurch die Frische des Inhalts lange erhalten bleibt. Zudem ist das \u00d6ffnen und Schlie\u00dfen besonders benutzerfreundlich.<\/li>\n<li><strong>Flasche mit Henkel:<\/strong> Daher verf\u00fcgt die Flasche \u00fcber einen gebogenen Griff, der das Greifen und Tragen erleichtert. Dadurch wird die Verwendung des Produkts erh\u00f6ht und es eignet sich f\u00fcr verschiedene Einsatzorte wie Zuhause und Restaurants.<\/li>\n<\/ul>\n<h2 style=\"text-align: left;\">Wichtigste Spezifikationen<\/h2>\n<table style=\"border-collapse: collapse; width: 80%; margin-left: auto; margin-right: auto;\" border=\"0\" width=\"677\" cellspacing=\"0\" cellpadding=\"0\">\n<tbody>\n<tr style=\"height: 13.50pt;\">\n<td style=\"height: 13.5pt; width: 119.25pt; text-align: center;\" width=\"159\" height=\"18\">Besonderheit<\/td>\n<td style=\"width: 388.5pt; text-align: center;\" width=\"518\">Beschreibung<\/td>\n<\/tr>\n<tr style=\"height: 13.50pt;\">\n<td style=\"height: 13.5pt; text-align: center;\" height=\"18\">Material<\/td>\n<td style=\"text-align: center;\">UV-Schutzglas<\/td>\n<\/tr>\n<tr style=\"height: 13.50pt;\">\n<td style=\"height: 13.5pt; text-align: center;\" height=\"18\">Kapazit\u00e4t<\/td>\n<td style=\"text-align: center;\">1 l (32 oz) \/ 2 l (64 oz)<\/td>\n<\/tr>\n<tr style=\"height: 13.50pt;\">\n<td style=\"height: 13.5pt; text-align: center;\" height=\"18\">Gr\u00f6\u00dfe<\/td>\n<td style=\"text-align: center;\">7,5 \u00d7 24 cm \/ 9,5 \u00d7 26 cm<\/td>\n<\/tr>\n<tr style=\"height: 13.50pt;\">\n<td style=\"height: 13.5pt; text-align: center;\" height=\"18\">Verschlusssystem<\/td>\n<td style=\"text-align: center;\">B\u00fcgelverschluss aus Edelstahl mit Stopper und Gummi-\/Silikondichtung<\/td>\n<\/tr>\n<tr style=\"height: 13.50pt;\">\n<td style=\"height: 13.5pt; text-align: center;\" height=\"18\">Ideal f\u00fcr<\/td>\n<td style=\"text-align: center;\">Bier, Kombucha, Limonade, Essig, selbstgebrautes Bier, kohlens\u00e4urehaltige Getr\u00e4nke<\/td>\n<\/tr>\n<\/tbody>\n<\/table>\n<h2>Erfolgsbeispiel<\/h2>\n<p><span aria-haspopup=\"dialog\" aria-expanded=\"false\" aria-controls=\"radix-_r_8v_\" data-state=\"closed\" data-slot=\"popover-trigger\">Eine der lokalen Marken f\u00fcr handgefertigten Kombucha, die sich auf fermentierte Getr\u00e4nke spezialisiert hat, hat sich entschieden, unsere 32-Unzen-Braunglasflasche mit Schraubverschluss zu verwenden, um ihre limitierte Geschmacksedition vorzustellen.<\/span> <span aria-haspopup=\"dialog\" aria-expanded=\"false\" aria-controls=\"radix-_r_90_\" data-state=\"closed\" data-slot=\"popover-trigger\">Die leichte Verdunkelung des bernsteinfarbenen Glases f\u00fcr einen besseren UV-Schutz und der verst\u00e4rkte Schraubverschluss aus Edelstahldraht sowie die dickere Silikondichtung in Lebensmittelqualit\u00e4t am Schraubverschluss wurden so gestaltet, dass sie besser zur Markenphilosophie passen.<\/span> <span aria-haspopup=\"dialog\" aria-expanded=\"false\" aria-controls=\"radix-_r_91_\" data-state=\"closed\" data-slot=\"popover-trigger\">Die Flasche ist auf der Vorderseite mit dem Markenlogo gepr\u00e4gt und der Draht ist handgefertigt in einem tiefen Bronzeton, um den Eindruck eines alten, handgefertigten Aussehens zu erzeugen.<\/span><\/p>\n<p><span aria-haspopup=\"dialog\" aria-expanded=\"false\" aria-controls=\"radix-_r_92_\" data-state=\"closed\" data-slot=\"popover-trigger\">Nach der Einf\u00fchrung der individuell gestalteten Flasche stiegen ihre Einzelhandelsbestellungen im ersten Quartal um 37 Prozent.<\/span> <span aria-haspopup=\"dialog\" aria-expanded=\"false\" aria-controls=\"radix-_r_93_\" data-state=\"closed\" data-slot=\"popover-trigger\">Folglich hat die Marke weitere Bestellungen f\u00fcr andere Saisonprodukte aufgegeben.<\/span><\/p>\n<h2>Vorschl\u00e4ge zur Personalisierung von Grolsch-Flaschen<\/h2>\n<ol>\n<li><span aria-haspopup=\"dialog\" aria-expanded=\"false\" aria-controls=\"radix-_r_8s_\" data-state=\"closed\" data-slot=\"popover-trigger\"><strong>Stopfenmaterialien:<\/strong> Gestalten Sie Ihre Arbeitsfl\u00e4che individuell mit Keramik-, lebensmittelechten Kunststoff- oder holz\u00e4hnlichen Oberfl\u00e4chen und behalten Sie den Silikondichtungsring bei, um die Luftdichtigkeit zu gew\u00e4hrleisten.<\/span><\/li>\n<li><span aria-haspopup=\"dialog\" aria-expanded=\"false\" aria-controls=\"radix-_r_8t_\" data-state=\"closed\" data-slot=\"popover-trigger\"><strong>Gepr\u00e4gtes Markenlogo auf dem Flaschenk\u00f6rper:<\/strong> Lassen Sie ein erhabenes Logo, den Namen der Brauerei oder ein Ziermuster auf der Schulter der Flasche, die rund ist, oder auf der Vorderseite der Flasche auf der Vorderseite einpr\u00e4gen.<\/span><\/li>\n<li><span aria-haspopup=\"dialog\" aria-expanded=\"false\" aria-controls=\"radix-_r_8u_\" data-state=\"closed\" data-slot=\"popover-trigger\"><strong>Farbe des Halsbandes nach Wunsch:<\/strong> Wir bieten eine Vielzahl farbiger Dichtungsringe (rot, orange, schwarz, gr\u00fcn) an, um Produktlinien oder Getr\u00e4nkegeschmacksrichtungen zu unterscheiden.<\/span><\/li>\n<\/ol>","protected":false},"excerpt":{"rendered":"<p>Braunglas-Grolsch-Bierflasche mit Griff und sicherem B\u00fcgelverschluss. Ideal f\u00fcr Brauereien oder Gro\u00dfabnehmer. Wiederverwendbar und langlebig, schnelle Lieferung bei Gro\u00dfbestellungen.<\/p>","protected":false},"featured_media":23695,"template":"","meta":[],"product_brand":[],"product_cat":[122,123,132],"product_tag":[],"class_list":{"0":"post-23651","1":"product","2":"type-product","3":"status-publish","4":"has-post-thumbnail","6":"product_cat-custom-glass-packaging","7":"product_cat-custom-glass-bottles","8":"product_cat-glass-flip-top-bottles","10":"first","11":"instock","12":"shipping-taxable","13":"product-type-simple"},"jetpack_sharing_enabled":true,"_links":{"self":[{"href":"https:\/\/yebodaglass.com\/de\/wp-json\/wp\/v2\/product\/23651","targetHints":{"allow":["GET"]}}],"collection":[{"href":"https:\/\/yebodaglass.com\/de\/wp-json\/wp\/v2\/product"}],"about":[{"href":"https:\/\/yebodaglass.com\/de\/wp-json\/wp\/v2\/types\/product"}],"version-history":[{"count":6,"href":"https:\/\/yebodaglass.com\/de\/wp-json\/wp\/v2\/product\/23651\/revisions"}],"predecessor-version":[{"id":25406,"href":"https:\/\/yebodaglass.com\/de\/wp-json\/wp\/v2\/product\/23651\/revisions\/25406"}],"wp:featuredmedia":[{"embeddable":true,"href":"https:\/\/yebodaglass.com\/de\/wp-json\/wp\/v2\/media\/23695"}],"wp:attachment":[{"href":"https:\/\/yebodaglass.com\/de\/wp-json\/wp\/v2\/media?parent=23651"}],"wp:term":[{"taxonomy":"product_brand","embeddable":true,"href":"https:\/\/yebodaglass.com\/de\/wp-json\/wp\/v2\/product_brand?post=23651"},{"taxonomy":"product_cat","embeddable":true,"href":"https:\/\/yebodaglass.com\/de\/wp-json\/wp\/v2\/product_cat?post=23651"},{"taxonomy":"product_tag","embeddable":true,"href":"https:\/\/yebodaglass.com\/de\/wp-json\/wp\/v2\/product_tag?post=23651"}],"curies":[{"name":"wp","href":"https:\/\/api.w.org\/{rel}","templated":true}]}}