{"id":23606,"date":"2025-11-12T13:17:31","date_gmt":"2025-11-12T05:17:31","guid":{"rendered":"https:\/\/yebodaglass.com\/?post_type=product&#038;p=23606"},"modified":"2026-04-14T11:37:45","modified_gmt":"2026-04-14T03:37:45","slug":"wholesale-clear-round-glass-soy-sauce-bottles","status":"publish","type":"product","link":"https:\/\/yebodaglass.com\/de\/wholesale-clear-round-glass-soy-sauce-bottles\/","title":{"rendered":"Gro\u00dfhandel mit durchsichtigen, runden Sojasaucenflaschen aus Glas, 267 ml und 473 ml"},"content":{"rendered":"<p data-start=\"66\" data-end=\"288\">Diese Sojasaucenflaschen zeichnen sich durch ein Design aus, bei dem der Glask\u00f6rper zylinderf\u00f6rmig ist und sich zum Flaschenhals hin verj\u00fcngt. Der nach au\u00dfen gew\u00f6lbte Boden sorgt f\u00fcr eine bessere Balance. Die Verschl\u00fcsse sind wahlweise mit silbernen oder schwarzen Metallschraubverschl\u00fcssen erh\u00e4ltlich.<\/p>\n<h2>Produkteigenschaften<\/h2>\n<ul>\n<li><strong>Minimalistisches Flaschendesign:<\/strong> Die abgerundeten Kanten der Flasche sorgen nicht nur f\u00fcr einen bequemen Griff, sondern erleichtern auch die Aufbewahrung, sodass sie an verschiedenen Orten wie der heimischen K\u00fcche oder einem Restaurant verwendet werden kann.<\/li>\n<li><strong>Praktisches Schraubverschlussdesign:<\/strong> Der metallene Schraubverschluss sorgt f\u00fcr einen dichten Verschluss, sodass die Saucen frisch bleiben und sich gleichzeitig leicht entnehmen lassen.<\/li>\n<li><strong>Stabile Basiskonstruktion:<\/strong> Der breite Boden ist der Hauptgrund daf\u00fcr, dass die Flasche nicht umkippt; so steht die Saucenflasche immer aufrecht, egal ob sie bef\u00fcllt oder ausgestellt wird.<\/li>\n<\/ul>\n<h2 style=\"text-align: left;\">Wichtigste Spezifikationen<\/h2>\n<table class=\"aligncenter\" style=\"border-collapse: collapse; width: 423.02pt;\" border=\"0\" width=\"564\" cellspacing=\"0\" cellpadding=\"0\">\n<tbody>\n<tr style=\"height: 13.50pt;\">\n<td style=\"height: 13.50pt; width: 107.25pt;\" width=\"143\" height=\"18\">Spezifikation<\/td>\n<td style=\"width: 315.75pt;\" width=\"421\">Details<\/td>\n<\/tr>\n<tr style=\"height: 13.50pt;\">\n<td style=\"height: 13.50pt;\" height=\"18\">Verf\u00fcgbare Gr\u00f6\u00dfen<\/td>\n<td>267 ml, 473 ml<\/td>\n<\/tr>\n<tr style=\"height: 13.50pt;\">\n<td style=\"height: 13.50pt;\" height=\"18\">Verpackungsgr\u00f6\u00dfe<\/td>\n<td>20\u00d725\u00d715cm (beide)<\/td>\n<\/tr>\n<tr style=\"height: 13.50pt;\">\n<td style=\"height: 13.50pt;\" height=\"18\">Material<\/td>\n<td>Lebensmittelechtes klares Glas Stout<\/td>\n<\/tr>\n<tr style=\"height: 13.50pt;\">\n<td style=\"height: 13.50pt;\" height=\"18\">Ideal f\u00fcr<\/td>\n<td>Sojasauce, Chilisauce, scharfe Sauce<\/td>\n<\/tr>\n<tr style=\"height: 13.50pt;\">\n<td style=\"height: 13.50pt;\" height=\"18\">Anwendungsfall<\/td>\n<td>Leere Sojasaucenflaschen, Gro\u00dfpackung Chilisaucenflasche<\/td>\n<\/tr>\n<\/tbody>\n<\/table>\n<h2>Erfolgsgeschichte: Eine Sonderanfertigung einer s\u00fcdostasiatischen Chilisaucenmarke<\/h2>\n<p>Eine thail\u00e4ndische Chilisaucenmarke entschied sich f\u00fcr unsere 500-ml-Chilisaucenflasche und lie\u00df sie mit einem tropffreien Ausgie\u00dfer und einem Chili-Motiv individualisieren. Die Flasche erzielte hervorragende Ergebnisse: Dank des tropffreien Ausgie\u00dfers reduzierten sich die Beschwerden der Kunden \u00fcber Versch\u00fctten um 30 Prozent, w\u00e4hrend die Verwendung von hochwertigem Glas und einem Metallverschluss den Exportwert um 20 Prozent steigerte. Nach diesem Erfolg bestellte die Marke 450.000 Flaschen, um eine neue Produktlinie fermentierter Chilisaucen zu entwickeln.<\/p>\n<h2>Vorschl\u00e4ge zur Personalisierung von Sojasaucenflaschen<\/h2>\n<ul>\n<li><strong>Gepr\u00e4gte Kapazit\u00e4tsmarkierungen:<\/strong> Platzieren Sie die erhabenen Markierungen f\u00fcr die Skala auf der Schulter der Flasche.<\/li>\n<li><strong>Platzierung des Siebdrucklogos:<\/strong> Das Markenlogo sollte dezent im gebogenen Bereich platziert werden, da dies die beste Stelle f\u00fcr optimale Sichtbarkeit ist.<\/li>\n<li><strong>Strukturierter Griff:<\/strong> Sie k\u00f6nnen im Taillenbereich eine leichte Textur hinzuf\u00fcgen, um dem Benutzer einen besseren Halt und mehr Sicherheit zu bieten.<\/li>\n<\/ul>","protected":false},"excerpt":{"rendered":"<p>Klare Glasflaschen f\u00fcr Chilisauce und Sojasauce mit Schraubverschluss. Geeignet f\u00fcr den K\u00fcchengebrauch oder Gro\u00dfbestellungen. Kostenlose Muster bei Gro\u00dfbestellungen erh\u00e4ltlich.<\/p>","protected":false},"featured_media":23611,"template":"","meta":[],"product_brand":[],"product_cat":[129,123,122],"product_tag":[],"class_list":{"0":"post-23606","1":"product","2":"type-product","3":"status-publish","4":"has-post-thumbnail","6":"product_cat-hot-sauce-bottles","7":"product_cat-custom-glass-bottles","8":"product_cat-custom-glass-packaging","10":"first","11":"instock","12":"shipping-taxable","13":"product-type-simple"},"jetpack_sharing_enabled":true,"_links":{"self":[{"href":"https:\/\/yebodaglass.com\/de\/wp-json\/wp\/v2\/product\/23606","targetHints":{"allow":["GET"]}}],"collection":[{"href":"https:\/\/yebodaglass.com\/de\/wp-json\/wp\/v2\/product"}],"about":[{"href":"https:\/\/yebodaglass.com\/de\/wp-json\/wp\/v2\/types\/product"}],"version-history":[{"count":5,"href":"https:\/\/yebodaglass.com\/de\/wp-json\/wp\/v2\/product\/23606\/revisions"}],"predecessor-version":[{"id":25778,"href":"https:\/\/yebodaglass.com\/de\/wp-json\/wp\/v2\/product\/23606\/revisions\/25778"}],"wp:featuredmedia":[{"embeddable":true,"href":"https:\/\/yebodaglass.com\/de\/wp-json\/wp\/v2\/media\/23611"}],"wp:attachment":[{"href":"https:\/\/yebodaglass.com\/de\/wp-json\/wp\/v2\/media?parent=23606"}],"wp:term":[{"taxonomy":"product_brand","embeddable":true,"href":"https:\/\/yebodaglass.com\/de\/wp-json\/wp\/v2\/product_brand?post=23606"},{"taxonomy":"product_cat","embeddable":true,"href":"https:\/\/yebodaglass.com\/de\/wp-json\/wp\/v2\/product_cat?post=23606"},{"taxonomy":"product_tag","embeddable":true,"href":"https:\/\/yebodaglass.com\/de\/wp-json\/wp\/v2\/product_tag?post=23606"}],"curies":[{"name":"wp","href":"https:\/\/api.w.org\/{rel}","templated":true}]}}