{"id":23554,"date":"2025-11-10T17:29:24","date_gmt":"2025-11-10T09:29:24","guid":{"rendered":"https:\/\/yebodaglass.com\/?post_type=product&#038;p=23554"},"modified":"2025-11-10T17:34:16","modified_gmt":"2025-11-10T09:34:16","slug":"40ml-glass-spice-bottles-for-salt-pepper-and-herbs-bulk","status":"publish","type":"product","link":"https:\/\/yebodaglass.com\/de\/produkt\/40ml-glass-spice-bottles-for-salt-pepper-and-herbs-bulk\/","title":{"rendered":"40-ml-Gew\u00fcrzgl\u00e4ser f\u00fcr Salz, Pfeffer und Kr\u00e4uter (Gro\u00dfpackung)"},"content":{"rendered":"<p>Sie kennen das Problem: Auslaufende Gew\u00fcrzgl\u00e4ser und versteckter Pfeffer. Wir bieten Ihnen transparente Gew\u00fcrzgl\u00e4ser mit Metall-Streudeckeln \u2013 Schluss mit unordentlichen Momenten in Ihrer K\u00fcche! Mit diesen Gew\u00fcrzflaschen-Sets setzen Sie ein modisches Statement. Individuelle Farben f\u00fcr Ihre Marke sind bei gr\u00f6\u00dferen Bestellmengen erh\u00e4ltlich.<\/p>\n<h2>Produkteigenschaften<\/h2>\n<p><strong>Abgerundeter Flaschenhals<\/strong><\/p>\n<p>Der kleine, abgerundete Hals verschlie\u00dft das Ger\u00e4t dicht und verhindert ein Auslaufen des Produkts.<\/p>\n<p><strong>Pr\u00e4zisions-Metall-Streuseldeckel<\/strong><\/p>\n<p>Die kleinen L\u00f6cher in der Perforation regulieren den Pfefferausfluss pr\u00e4zise \u2013 Salz oder Mehl fallen nicht mehr heraus.<\/p>\n<p><strong>Rutschfeste Unterseite<\/strong><\/p>\n<p>Der verdickte Boden ist mit einem rutschfesten Muster versehen, sodass die Flasche auch auf einer ebenen Fl\u00e4che stabil steht.<\/p>\n<h2>Wichtigste Spezifikationen<\/h2>\n<table style=\"border-collapse: collapse; width: 80%; margin-left: auto; margin-right: auto;\" border=\"0\" width=\"144\" cellspacing=\"0\" cellpadding=\"0\">\n<tbody>\n<tr style=\"height: 13.50pt;\">\n<td style=\"height: 13.5pt; width: 54pt; text-align: center;\" width=\"72\" height=\"18\">Besonderheit<\/td>\n<td style=\"width: 54pt; text-align: center;\" width=\"72\">Spezifikation<\/td>\n<\/tr>\n<tr style=\"height: 13.50pt;\">\n<td style=\"height: 13.5pt; text-align: center;\" height=\"18\">Kapazit\u00e4t<\/td>\n<td style=\"text-align: center;\">40 ml<\/td>\n<\/tr>\n<tr style=\"height: 13.50pt;\">\n<td style=\"height: 13.5pt; text-align: center;\" height=\"18\">Gr\u00f6\u00dfe (cm)<\/td>\n<td style=\"text-align: center;\">4.5 * 10.0<\/td>\n<\/tr>\n<tr style=\"height: 13.50pt;\">\n<td style=\"height: 13.5pt; text-align: center;\" height=\"18\">Zubeh\u00f6r<\/td>\n<td style=\"text-align: center;\">Edelstahlkappen<\/td>\n<\/tr>\n<tr style=\"height: 13.50pt;\">\n<td style=\"height: 13.5pt; text-align: center;\" height=\"18\">Farbe<\/td>\n<td style=\"text-align: center;\">Klar, individuell<\/td>\n<\/tr>\n<\/tbody>\n<\/table>\n<h2>Erfolgsbeispiel<\/h2>\n<p>Ein US-amerikanischer Gastronomieausstatter hat mit uns gemeinsam ma\u00dfgefertigte Glasflaschen f\u00fcr Gew\u00fcrze f\u00fcr seine neue Restaurantkette entwickelt. Dabei wurden der konische Glask\u00f6rper und der Edelstahlverschluss modifiziert sowie die Flaschen\u00f6ffnung angepasst, um ein gleichm\u00e4\u00dfiges Dosieren von Salz und Knoblauchzehen zu gew\u00e4hrleisten.<\/p>\n<p>Von einer gro\u00dfen Anzahl von Personen, die das Produkt verwendet haben, gaben 70 % der Kunden an, dass das Produkt gut sei und dass es ein feines Pulver abgibt, was die Anwendung w\u00e4hrend des Essens f\u00fcr sie bequem mache.<\/p>\n<h2>Ihr individuelles Anpassungshandbuch<\/h2>\n<ol>\n<li><strong>Verbessertes Kappenmaterial:<\/strong> W\u00e4hlen Sie entweder eine Edelstahl- oder eine galvanisierte Aluminiumkappe, die zu den verschiedenen Stilen eines Restaurants oder Ihres Zuhauses passt.<\/li>\n<li><strong>Flaschenbedruckung:<\/strong> Zur besseren Wiedererkennung der Marke und f\u00fcr eine einfachere Handhabung k\u00f6nnen Markenlogos, Namen von W\u00fcrzmitteln oder abgestufte Markierungen auf die Flasche gedruckt werden.<\/li>\n<li><strong>Flaschenfarben:<\/strong> Das Glas kann klar, bernsteinfarben, mattiert oder mit Farbverlauf sein, und jede Option ist sowohl f\u00fcr \u00e4sthetische Zwecke als auch zum Schutz vor UV-Strahlung verf\u00fcgbar.<\/li>\n<\/ol>","protected":false},"excerpt":{"rendered":"<p>Robuste Gew\u00fcrzflaschen aus Glas mit Metallstreudeckeln \u2013 ideal f\u00fcr Salz, Pfeffer oder Kr\u00e4uter. Perfekt f\u00fcr die K\u00fcche oder die Pr\u00e4sentation im Restaurant.<\/p>","protected":false},"featured_media":23557,"template":"","meta":[],"product_brand":[],"product_cat":[122,124,128],"product_tag":[],"class_list":{"0":"post-23554","1":"product","2":"type-product","3":"status-publish","4":"has-post-thumbnail","6":"product_cat-custom-glass-packaging","7":"product_cat-custom-glass-jars","8":"product_cat-spice-jars","10":"first","11":"instock","12":"shipping-taxable","13":"product-type-simple"},"jetpack_sharing_enabled":true,"_links":{"self":[{"href":"https:\/\/yebodaglass.com\/de\/wp-json\/wp\/v2\/product\/23554","targetHints":{"allow":["GET"]}}],"collection":[{"href":"https:\/\/yebodaglass.com\/de\/wp-json\/wp\/v2\/product"}],"about":[{"href":"https:\/\/yebodaglass.com\/de\/wp-json\/wp\/v2\/types\/product"}],"version-history":[{"count":5,"href":"https:\/\/yebodaglass.com\/de\/wp-json\/wp\/v2\/product\/23554\/revisions"}],"predecessor-version":[{"id":23570,"href":"https:\/\/yebodaglass.com\/de\/wp-json\/wp\/v2\/product\/23554\/revisions\/23570"}],"wp:featuredmedia":[{"embeddable":true,"href":"https:\/\/yebodaglass.com\/de\/wp-json\/wp\/v2\/media\/23557"}],"wp:attachment":[{"href":"https:\/\/yebodaglass.com\/de\/wp-json\/wp\/v2\/media?parent=23554"}],"wp:term":[{"taxonomy":"product_brand","embeddable":true,"href":"https:\/\/yebodaglass.com\/de\/wp-json\/wp\/v2\/product_brand?post=23554"},{"taxonomy":"product_cat","embeddable":true,"href":"https:\/\/yebodaglass.com\/de\/wp-json\/wp\/v2\/product_cat?post=23554"},{"taxonomy":"product_tag","embeddable":true,"href":"https:\/\/yebodaglass.com\/de\/wp-json\/wp\/v2\/product_tag?post=23554"}],"curies":[{"name":"wp","href":"https:\/\/api.w.org\/{rel}","templated":true}]}}