{"id":23531,"date":"2025-11-10T14:29:06","date_gmt":"2025-11-10T06:29:06","guid":{"rendered":"https:\/\/yebodaglass.com\/?post_type=product&#038;p=23531"},"modified":"2026-04-09T17:59:19","modified_gmt":"2026-04-09T09:59:19","slug":"beverage-bottles-wholesale-glass-bottles-with-lids","status":"publish","type":"product","link":"https:\/\/yebodaglass.com\/de\/beverage-bottles-wholesale-glass-bottles-with-lids\/","title":{"rendered":"Getr\u00e4nkeflaschen im Gro\u00dfhandel | Glasflaschen mit Deckel"},"content":{"rendered":"<p data-start=\"66\" data-end=\"288\">Diese Serie von Glasflaschen mit Deckel besticht durch ihre flache, rechteckige Form mit abgerundeten Schultern und einem schmalen Hals. Die Flaschen sind aus hochwertigem Klarglas gefertigt, sodass der Inhalt gut sichtbar ist. Jede Flasche verf\u00fcgt \u00fcber einen Schraubverschluss aus Aluminium mit einer innenliegenden Kunststoffdichtung. Dieser Verschluss sorgt f\u00fcr einen sicheren Halt und ist gleichzeitig einfach zu handhaben. Die Getr\u00e4nkeflaschen sind in Gr\u00f6\u00dfen von 50 ml bis 500 ml erh\u00e4ltlich und eignen sich hervorragend zum Abf\u00fcllen von Kaffee, Saft, Milchtee und anderen Fl\u00fcssigkeiten. Dank ihrer kompakten und robusten Bauweise sind sie ideal f\u00fcr die Pr\u00e4sentation im Einzelhandel, zum Mitnehmen und f\u00fcr den Verkauf in gro\u00dfen Mengen.<\/p>\n<h2>Hauptmerkmale<\/h2>\n<ul>\n<li><strong>Die Getr\u00e4nkeflaschen sind dicht.<\/strong>Der Aluminiumdeckel und die Kunststoffdichtung sorgen daf\u00fcr, dass die Fl\u00fcssigkeit im Inneren bleibt, sodass Sie sich beim Transport der Flaschen keine Sorgen um Versch\u00fctten machen m\u00fcssen.<\/li>\n<\/ul>\n<ul>\n<li><strong>Das Glas ist robust und recycelbar.<\/strong>Diese Beh\u00e4lter wurden von einem professionellen Glasflaschenhersteller gefertigt. Sie sind robust, wiederverwendbar und recycelbar, was gut f\u00fcr die Umwelt ist.<\/li>\n<\/ul>\n<ul>\n<li><strong>Die flache Form eignet sich gut f\u00fcr Branding.<\/strong>Die glatte Oberfl\u00e4che der Flaschen erleichtert das Anbringen von Etiketten. Sie sehen im Regal toll aus. Dadurch eignen sie sich perfekt f\u00fcr Unternehmen, die individuelle Glasflaschen gestalten und ihre Marke hervorheben m\u00f6chten.<\/li>\n<\/ul>\n<h2 style=\"text-align: left;\">Wichtigste Spezifikationen<\/h2>\n<table style=\"border-collapse: collapse; margin-left: auto; margin-right: auto; width: 80%;\" border=\"0\" width=\"905\" cellspacing=\"0\" cellpadding=\"0\">\n<tbody>\n<tr style=\"height: 13.50pt;\">\n<td style=\"height: 13.50pt; width: 54.00pt;\" width=\"72\" height=\"18\">Kapazit\u00e4t<\/td>\n<td style=\"width: 54.00pt;\" width=\"72\">H\u00f6he<\/td>\n<td style=\"width: 54.00pt;\" width=\"72\">Breite<\/td>\n<td style=\"width: 129.75pt;\" width=\"173\">Anwendung<\/td>\n<td style=\"width: 98.25pt;\" width=\"131\">Material<\/td>\n<td style=\"width: 121.50pt;\" width=\"162\">Deckeltyp<\/td>\n<td style=\"width: 167.25pt;\" width=\"223\">Abdichtung<\/td>\n<\/tr>\n<tr style=\"height: 13.50pt;\">\n<td style=\"height: 13.50pt;\" height=\"18\">50 ml<\/td>\n<td>10,6 cm<\/td>\n<td>5,3 cm<\/td>\n<td>Kaffee, Proben<\/td>\n<td class=\"et2\" rowspan=\"6\">bleifreies Glas<\/td>\n<td class=\"et2\" rowspan=\"6\">Aluminium-Schraubverschluss + Kunststoff-Innendeckel<\/td>\n<td class=\"et2\" rowspan=\"6\">Dichter Verschluss, auslaufsicher<\/td>\n<\/tr>\n<tr style=\"height: 13.50pt;\">\n<td style=\"height: 13.50pt;\" height=\"18\">100 ml<\/td>\n<td>12,5 cm<\/td>\n<td>6,7 cm<\/td>\n<td>S\u00e4fte, Getr\u00e4nke<\/td>\n<\/tr>\n<tr style=\"height: 13.50pt;\">\n<td style=\"height: 13.50pt;\" height=\"18\">200 ml<\/td>\n<td>15 cm<\/td>\n<td>7,7 cm<\/td>\n<td>Milchtee, Cold Brew<\/td>\n<\/tr>\n<tr style=\"height: 13.50pt;\">\n<td style=\"height: 13.50pt;\" height=\"18\">250 ml<\/td>\n<td>16 cm<\/td>\n<td>8,3 cm<\/td>\n<td>S\u00e4fte, Getr\u00e4nke<\/td>\n<\/tr>\n<tr style=\"height: 13.50pt;\">\n<td style=\"height: 13.50pt;\" height=\"18\">350 ml<\/td>\n<td>17 cm<\/td>\n<td>8,9 cm<\/td>\n<td>Kaffee, Getr\u00e4nke<\/td>\n<\/tr>\n<tr style=\"height: 13.50pt;\">\n<td style=\"height: 13.50pt;\" height=\"18\">500 ml<\/td>\n<td>20 cm<\/td>\n<td>10,1 cm<\/td>\n<td>Getr\u00e4nke in Gro\u00dfpackungen<\/td>\n<\/tr>\n<\/tbody>\n<\/table>\n<h2>Fallstudie<\/h2>\n<p>Ein gro\u00dfer Supermarkt in Polen nutzte unsere Glasflaschen mit Deckel f\u00fcr seine Kaffee- und Saftmarken. Zuvor verwendete er Flaschen eines anderen Herstellers. Dabei kam es zu Problemen, da die Deckel nicht richtig schlossen und der Saft w\u00e4hrend des Transports auslief. Dies f\u00fchrte zu Produktverlusten und Kundenbeschwerden.<\/p>\n<p>Als sie unsere Glasflaschen einf\u00fchrten, entschieden sie sich f\u00fcr die Gr\u00f6\u00dfen 250 ml und 350 ml. Sie lie\u00dfen individuelle Etiketten und eine spezielle Beschichtung anbringen, um ihnen ein edles Aussehen zu verleihen. Die neuen Deckel schlossen besser und waren nahezu dicht. Das Klarglas lie\u00df die Produkte zudem im Regal ansprechender wirken.<\/p>\n<p>Nach sechs Monaten verzeichnete der Supermarkt einen Anstieg des Getr\u00e4nkeabsatzes um 28 % und die Kundenzufriedenheit stieg deutlich. Sie kaufen nun regelm\u00e4\u00dfig unsere Glasflaschen mit Deckel. Jedes Quartal bestellen sie mindestens 100.000 St\u00fcck. Aufgrund ihrer gro\u00dfen Abnahmemenge haben sie sogar einen Preisnachlass erhalten.<\/p>\n<h2>Anpassungsvorschl\u00e4ge f\u00fcr B2B-K\u00e4ufer<\/h2>\n<ol>\n<li><strong>F\u00fcr Kaffeemarken<\/strong>: Durch die Verwendung einer bernsteinfarbenen Beschichtung oder eines Siebdrucks auf Glasflaschen entsteht ein hochwertiges Gef\u00e4\u00df f\u00fcr Kaltbr\u00fchgetr\u00e4nke, kombiniert mit einem luftdichten Schraubverschluss.<\/li>\n<li><strong>F\u00fcr Saft- und Getr\u00e4nkemarken<\/strong>: Verwenden Sie farbige Spr\u00fchbeschichtungen oder Etiketten, um die Geschmacksrichtungen zu unterscheiden und gleichzeitig ein einheitliches Glasverpackungsformat f\u00fcr Ihr gesamtes Sortiment beizubehalten.<\/li>\n<li><strong>F\u00fcr Einzelhandel &amp; Eigenmarken<\/strong>: Standardisierung mehrerer Gr\u00f6\u00dfen (100 ml\u2013500 ml) zu einem einheitlichen Beh\u00e4ltersystem zur Optimierung der Lager-, Logistik- und Gro\u00dfhandelsglasbeschaffungseffizienz.<\/li>\n<\/ol>","protected":false},"excerpt":{"rendered":"<p>Hochwertige Getr\u00e4nkeflaschen und Glasflaschen mit Deckel f\u00fcr den Gro\u00dfhandel, von 50 ml bis 500 ml. Langlebige, auslaufsichere Glasverpackungen f\u00fcr Kaffee, Saft und Gro\u00dfmengen.<\/p>","protected":false},"featured_media":25706,"template":"","meta":[],"product_brand":[],"product_cat":[123,122],"product_tag":[],"class_list":{"0":"post-23531","1":"product","2":"type-product","3":"status-publish","4":"has-post-thumbnail","6":"product_cat-custom-glass-bottles","7":"product_cat-custom-glass-packaging","9":"first","10":"instock","11":"shipping-taxable","12":"product-type-simple"},"jetpack_sharing_enabled":true,"_links":{"self":[{"href":"https:\/\/yebodaglass.com\/de\/wp-json\/wp\/v2\/product\/23531","targetHints":{"allow":["GET"]}}],"collection":[{"href":"https:\/\/yebodaglass.com\/de\/wp-json\/wp\/v2\/product"}],"about":[{"href":"https:\/\/yebodaglass.com\/de\/wp-json\/wp\/v2\/types\/product"}],"version-history":[{"count":5,"href":"https:\/\/yebodaglass.com\/de\/wp-json\/wp\/v2\/product\/23531\/revisions"}],"predecessor-version":[{"id":25712,"href":"https:\/\/yebodaglass.com\/de\/wp-json\/wp\/v2\/product\/23531\/revisions\/25712"}],"wp:featuredmedia":[{"embeddable":true,"href":"https:\/\/yebodaglass.com\/de\/wp-json\/wp\/v2\/media\/25706"}],"wp:attachment":[{"href":"https:\/\/yebodaglass.com\/de\/wp-json\/wp\/v2\/media?parent=23531"}],"wp:term":[{"taxonomy":"product_brand","embeddable":true,"href":"https:\/\/yebodaglass.com\/de\/wp-json\/wp\/v2\/product_brand?post=23531"},{"taxonomy":"product_cat","embeddable":true,"href":"https:\/\/yebodaglass.com\/de\/wp-json\/wp\/v2\/product_cat?post=23531"},{"taxonomy":"product_tag","embeddable":true,"href":"https:\/\/yebodaglass.com\/de\/wp-json\/wp\/v2\/product_tag?post=23531"}],"curies":[{"name":"wp","href":"https:\/\/api.w.org\/{rel}","templated":true}]}}