{"id":23525,"date":"2025-11-10T14:54:19","date_gmt":"2025-11-10T06:54:19","guid":{"rendered":"https:\/\/yebodaglass.com\/?post_type=product&#038;p=23525"},"modified":"2026-04-13T10:07:15","modified_gmt":"2026-04-13T02:07:15","slug":"seasoning-container-with-grinder-for-packaging-wholesale","status":"publish","type":"product","link":"https:\/\/yebodaglass.com\/de\/seasoning-container-with-grinder-for-packaging-wholesale\/","title":{"rendered":"200-ml-Gew\u00fcrzbeh\u00e4lter mit Mahlwerk f\u00fcr den Gro\u00dfhandel"},"content":{"rendered":"<p>Dieses unverzichtbare K\u00fcchen-Upgrade bietet Nutzern einen modernen Gew\u00fcrzbeh\u00e4lter mit einem Korpus aus Glas und einem Mahlwerk aus Edelstahl. Das Trockenmahlwerk erm\u00f6glicht eine einfache Bedienung und erlaubt die individuelle Einstellung des Mahlgrades f\u00fcr Pfeffer, Salz und andere Gew\u00fcrze, um mit jeder Umdrehung frische Aromen zu kreieren. Dank des transparenten Designs ist der Inhalt jederzeit sichtbar, was dem Produkt zudem ein modernes und professionelles Aussehen auf jeder K\u00fcchenarbeitsplatte oder im Essbereich verleiht.<\/p>\n<h2>Produkteigenschaften<\/h2>\n<p><strong>Pr\u00e4zisionsschleifer-Oberteil<\/strong><\/p>\n<p>Passen Sie den Mahlgrad des Pfeffers sofort an \u2013 perfekt f\u00fcr Mehl, Salz oder Kr\u00e4uter in jeder Zubereitungssituation.<\/p>\n<p><strong>Einstellbarer Schliff<\/strong><\/p>\n<p>Durch einfaches Drehen des Knopfes l\u00e4sst sich der Abstand zwischen den Mahlteilen regulieren, um die Gew\u00fcrze fein oder grob zu mahlen und so den genauen Anforderungen verschiedener Kochmethoden gerecht zu werden.<\/p>\n<p><strong>Leicht zu reinigen<\/strong><\/p>\n<p>Die elegante, nahtlose Glasfl\u00e4che l\u00e4sst sich sehr leicht reinigen. Die herausnehmbaren Mahlteile erm\u00f6glichen eine gr\u00fcndliche Reinigung und sorgen f\u00fcr optimale Hygiene.<\/p>\n<h2>Wichtigste Spezifikationen<\/h2>\n<table style=\"border-collapse: collapse; width: 80%; margin-left: auto; margin-right: auto;\" border=\"0\" width=\"144\" cellspacing=\"0\" cellpadding=\"0\">\n<tbody>\n<tr style=\"height: 13.50pt;\">\n<td style=\"height: 13.5pt; width: 54pt; text-align: center;\" width=\"72\" height=\"18\">Besonderheit<\/td>\n<td style=\"width: 54pt; text-align: center;\" width=\"72\">Spezifikation<\/td>\n<\/tr>\n<tr style=\"height: 13.50pt;\">\n<td style=\"height: 13.5pt; text-align: center;\" height=\"18\">Kapazit\u00e4t<\/td>\n<td style=\"text-align: center;\">200 ml<\/td>\n<\/tr>\n<tr style=\"height: 13.50pt;\">\n<td style=\"height: 13.5pt; text-align: center;\" height=\"18\">Gr\u00f6\u00dfe (cm)<\/td>\n<td style=\"text-align: center;\">6.6&#215;18.9<\/td>\n<\/tr>\n<tr style=\"height: 13.50pt;\">\n<td style=\"height: 13.5pt; text-align: center;\" height=\"18\">Zubeh\u00f6r<\/td>\n<td style=\"text-align: center;\">Schleifer<\/td>\n<\/tr>\n<tr style=\"height: 13.50pt;\">\n<td style=\"height: 13.5pt; text-align: center;\" height=\"18\">Farbe<\/td>\n<td style=\"text-align: center;\">Klar, individuell<\/td>\n<\/tr>\n<\/tbody>\n<\/table>\n<h2>Erfolgsfall<\/h2>\n<p>Die deutsche Restaurantkette mit multifunktionalem Sortiment w\u00fcnschte sich von uns ein Set an Gew\u00fcrzgl\u00e4sern, das zu ihrem eleganten Geschirr passte. Sie entschieden sich f\u00fcr unsere k\u00fchlenden Gew\u00fcrzgl\u00e4ser mit Mahldeckeln aus Edelstahl, um einen schicken und modernen Look zu erzielen, und w\u00fcnschten sich au\u00dferdem einen individuell angepassten Mahlmechanismus f\u00fcr grobes und feines Mahlen.<\/p>\n<p>Infolgedessen lobten die G\u00e4ste das klare Design der Gew\u00fcrzgl\u00e4ser und die reibungslose Bedienung, wodurch ihr kulinarisches Erlebnis aufgewertet wurde.<\/p>\n<h2>Ihr individuelles Anpassungshandbuch<\/h2>\n<ol>\n<li><strong>Formen und Designs:<\/strong> Durch die Wahl der Form und des Designs der Gew\u00fcrzm\u00fchle k\u00f6nnen Sie entweder Ihre Pers\u00f6nlichkeit oder den Einrichtungsstil Ihrer K\u00fcche zum Ausdruck bringen, beispielsweise durch eine runde, quadratische oder konische Form.<\/li>\n<li><strong>Muster und Farben:<\/strong> Verwenden Sie eine Marke, ein Muster, einen Text oder eine Farbe Ihrer Wahl und bringen Sie diese auf einem Grinder an, um ihn zu einem einzigartigen und besser erkennbaren Produkt zu machen.<\/li>\n<\/ol>","protected":false},"excerpt":{"rendered":"<p>Hochwertige Gew\u00fcrzbeh\u00e4lter aus Glas mit Aufs\u00e4tzen aus rostfreiem Stahl f\u00fcr trockene Gew\u00fcrze. Perfekte leere Gew\u00fcrzdosen f\u00fcr die Aufbewahrung von Salz, Pfeffer oder Gew\u00fcrzen in jeder modernen K\u00fcche.<\/p>","protected":false},"featured_media":23538,"template":"","meta":[],"product_brand":[],"product_cat":[122,124,128],"product_tag":[],"class_list":{"0":"post-23525","1":"product","2":"type-product","3":"status-publish","4":"has-post-thumbnail","6":"product_cat-custom-glass-packaging","7":"product_cat-custom-glass-jars","8":"product_cat-spice-jars","10":"first","11":"instock","12":"shipping-taxable","13":"product-type-simple"},"jetpack_sharing_enabled":true,"_links":{"self":[{"href":"https:\/\/yebodaglass.com\/de\/wp-json\/wp\/v2\/product\/23525","targetHints":{"allow":["GET"]}}],"collection":[{"href":"https:\/\/yebodaglass.com\/de\/wp-json\/wp\/v2\/product"}],"about":[{"href":"https:\/\/yebodaglass.com\/de\/wp-json\/wp\/v2\/types\/product"}],"version-history":[{"count":5,"href":"https:\/\/yebodaglass.com\/de\/wp-json\/wp\/v2\/product\/23525\/revisions"}],"predecessor-version":[{"id":25757,"href":"https:\/\/yebodaglass.com\/de\/wp-json\/wp\/v2\/product\/23525\/revisions\/25757"}],"wp:featuredmedia":[{"embeddable":true,"href":"https:\/\/yebodaglass.com\/de\/wp-json\/wp\/v2\/media\/23538"}],"wp:attachment":[{"href":"https:\/\/yebodaglass.com\/de\/wp-json\/wp\/v2\/media?parent=23525"}],"wp:term":[{"taxonomy":"product_brand","embeddable":true,"href":"https:\/\/yebodaglass.com\/de\/wp-json\/wp\/v2\/product_brand?post=23525"},{"taxonomy":"product_cat","embeddable":true,"href":"https:\/\/yebodaglass.com\/de\/wp-json\/wp\/v2\/product_cat?post=23525"},{"taxonomy":"product_tag","embeddable":true,"href":"https:\/\/yebodaglass.com\/de\/wp-json\/wp\/v2\/product_tag?post=23525"}],"curies":[{"name":"wp","href":"https:\/\/api.w.org\/{rel}","templated":true}]}}