{"id":23513,"date":"2025-11-10T14:28:42","date_gmt":"2025-11-10T06:28:42","guid":{"rendered":"https:\/\/yebodaglass.com\/?post_type=product&#038;p=23513"},"modified":"2026-04-10T10:59:00","modified_gmt":"2026-04-10T02:59:00","slug":"6oz-empty-jars-for-spices-with-grinder-lid-wholesale","status":"publish","type":"product","link":"https:\/\/yebodaglass.com\/de\/6oz-empty-jars-for-spices-with-grinder-lid-wholesale\/","title":{"rendered":"6-Unzen-Leergl\u00e4ser f\u00fcr Gew\u00fcrze mit Mahldeckel (Gro\u00dfhandel)"},"content":{"rendered":"<p>Diese leeren Gew\u00fcrzgl\u00e4ser haben einen konischen Glask\u00f6rper und farbenfrohe Mahlwerke, die das Mahlen erleichtern. Die Gl\u00e4ser sind mit dekorativen Edelstahlringen versehen, mit denen sich der Mahlgrad individuell einstellen l\u00e4sst.<\/p>\n<h2>Produkteigenschaften<\/h2>\n<ul>\n<li><strong>Neu gestaltetes Design:<\/strong> Verf\u00fcgt \u00fcber einen eingebauten, hochharten Mahlkern mit manuell einstellbarer Mahlgradeinstellung f\u00fcr den sofortigen Einsatz.<\/li>\n<li><strong>Mehrere Farboptionen f\u00fcr den Deckel:<\/strong> Der Deckel ist in verschiedenen Farben erh\u00e4ltlich, darunter Rot, Gr\u00fcn, Schwarz und weitere. Er bietet einen rutschfesten Griff und erm\u00f6glicht die Unterscheidung verschiedener Duftstoffe.<\/li>\n<li><strong>Dekorativer Ring aus Edelstahl \u2013 Design:<\/strong> Die Flasche verf\u00fcgt \u00fcber einen dekorativen Edelstahlring, der ihre optische Attraktivit\u00e4t und ihren Gesamtwert steigert und gleichzeitig zus\u00e4tzliche Stabilit\u00e4t bietet.<\/li>\n<\/ul>\n<h2>Wichtigste Spezifikationen<\/h2>\n<table style=\"border-collapse: collapse; width: 80%; margin-left: auto; margin-right: auto;\" border=\"0\" width=\"144\" cellspacing=\"0\" cellpadding=\"0\">\n<tbody>\n<tr style=\"height: 13.50pt;\">\n<td style=\"height: 13.5pt; width: 54pt; text-align: center;\" width=\"72\" height=\"18\">Besonderheit<\/td>\n<td style=\"width: 54pt; text-align: center;\" width=\"72\">Spezifikation<\/td>\n<\/tr>\n<tr style=\"height: 13.50pt;\">\n<td style=\"height: 13.5pt; text-align: center;\" height=\"18\">Kapazit\u00e4t<\/td>\n<td style=\"text-align: center;\">180 ml \/ 6 oz<\/td>\n<\/tr>\n<tr style=\"height: 13.50pt;\">\n<td style=\"height: 13.5pt; text-align: center;\" height=\"18\">Gr\u00f6\u00dfe (cm)<\/td>\n<td style=\"text-align: center;\">6,4 x 13<\/td>\n<\/tr>\n<tr style=\"height: 13.50pt;\">\n<td style=\"height: 13.5pt; text-align: center;\" height=\"18\">Zubeh\u00f6r<\/td>\n<td style=\"text-align: center;\">Schleifer<\/td>\n<\/tr>\n<tr style=\"height: 13.50pt;\">\n<td style=\"height: 13.5pt; text-align: center;\" height=\"18\">Farbe<\/td>\n<td style=\"text-align: center;\">L\u00f6schen, Anpassung akzeptieren<\/td>\n<\/tr>\n<tr style=\"height: 13.50pt;\">\n<td style=\"height: 13.5pt; text-align: center;\" height=\"18\">Verwendung<\/td>\n<td style=\"text-align: center;\">Pfeffer, grobes Salz, Kreuzk\u00fcmmel<\/td>\n<\/tr>\n<\/tbody>\n<\/table>\n<h2>Erfolgsgeschichte: Eigenmarke eines europ\u00e4ischen Lebensmitteleinzelh\u00e4ndlers<\/h2>\n<p>Eines der f\u00fchrenden europ\u00e4ischen Feinkostgesch\u00e4fte entschied sich f\u00fcr unsere Gew\u00fcrzm\u00fchlen zur Aufbewahrung seiner Gew\u00fcrze. Diese wurden mit einem kupferfarbenen Zierring versehen, und der Deckel tr\u00e4gt ein gepr\u00e4gtes Logo. Die transparenten Glasbeh\u00e4lter steigerten den Absatz der teureren Gew\u00fcrze um 40 Prozent, da die Kunden die Produktqualit\u00e4t direkt beurteilen konnten. Die Mahlgradeinstellung war stets gleichbleibend, und die Kundenzufriedenheit lag bei 95 Prozent. Das Unternehmen war so zufrieden mit dem Produkt, dass es weitere 500.000 M\u00fchlen bestellte, um seine eigene Gew\u00fcrzmarke in 15 L\u00e4ndern zu vertreiben.<\/p>\n<h2>Gestaltungsvorschl\u00e4ge f\u00fcr leere Gew\u00fcrzgl\u00e4ser<\/h2>\n<ol>\n<li><strong>Schleifen\u200b\u200d\u200b\u200c\u200d\u200b\u200d\u200c\u200b\u200d\u200b\u200c\u200d\u200b\u200d\u200c\u200b\u200d\u200b\u200c\u200d\u200b\u200d\u200c\u200b\u200d\u200b\u200d\u200c Komponentenmaterialien:<\/strong> W\u00e4hlen Sie f\u00fcr die Mahlteile Aluminiumoxidkeramik oder Edelstahl, je nach Art der zu mahlenden Gew\u00fcrze.<\/li>\n<li><strong>Designs und Farben:<\/strong> Setzen Sie Logos, Muster oder Farben ein, um Ihrem Produkt ein einzigartiges Erscheinungsbild zu verleihen.<\/li>\n<li><strong>Gr\u00f6\u00dfen\u00e4nderung:<\/strong> \u00c4ndern Sie die Gr\u00f6\u00dfe der Gew\u00fcrzm\u00fchle so, dass sie in Ihre K\u00fcche passt oder im Verh\u00e4ltnis zur verwendeten Menge steht.<\/li>\n<\/ol>","protected":false},"excerpt":{"rendered":"<p>Hochwertige, leere Gew\u00fcrzgl\u00e4ser mit Edelstahlkragen und integriertem Gew\u00fcrzmahlwerk. Ideal zur Aufbewahrung von K\u00fcchengew\u00fcrzen. Schneller Versand m\u00f6glich.<\/p>","protected":false},"featured_media":23514,"template":"","meta":[],"product_brand":[],"product_cat":[128,124,122],"product_tag":[],"class_list":{"0":"post-23513","1":"product","2":"type-product","3":"status-publish","4":"has-post-thumbnail","6":"product_cat-spice-jars","7":"product_cat-custom-glass-jars","8":"product_cat-custom-glass-packaging","10":"first","11":"instock","12":"shipping-taxable","13":"product-type-simple"},"jetpack_sharing_enabled":true,"_links":{"self":[{"href":"https:\/\/yebodaglass.com\/de\/wp-json\/wp\/v2\/product\/23513","targetHints":{"allow":["GET"]}}],"collection":[{"href":"https:\/\/yebodaglass.com\/de\/wp-json\/wp\/v2\/product"}],"about":[{"href":"https:\/\/yebodaglass.com\/de\/wp-json\/wp\/v2\/types\/product"}],"version-history":[{"count":5,"href":"https:\/\/yebodaglass.com\/de\/wp-json\/wp\/v2\/product\/23513\/revisions"}],"predecessor-version":[{"id":25721,"href":"https:\/\/yebodaglass.com\/de\/wp-json\/wp\/v2\/product\/23513\/revisions\/25721"}],"wp:featuredmedia":[{"embeddable":true,"href":"https:\/\/yebodaglass.com\/de\/wp-json\/wp\/v2\/media\/23514"}],"wp:attachment":[{"href":"https:\/\/yebodaglass.com\/de\/wp-json\/wp\/v2\/media?parent=23513"}],"wp:term":[{"taxonomy":"product_brand","embeddable":true,"href":"https:\/\/yebodaglass.com\/de\/wp-json\/wp\/v2\/product_brand?post=23513"},{"taxonomy":"product_cat","embeddable":true,"href":"https:\/\/yebodaglass.com\/de\/wp-json\/wp\/v2\/product_cat?post=23513"},{"taxonomy":"product_tag","embeddable":true,"href":"https:\/\/yebodaglass.com\/de\/wp-json\/wp\/v2\/product_tag?post=23513"}],"curies":[{"name":"wp","href":"https:\/\/api.w.org\/{rel}","templated":true}]}}