{"id":23424,"date":"2025-11-10T08:59:20","date_gmt":"2025-11-10T00:59:20","guid":{"rendered":"https:\/\/yebodaglass.com\/?post_type=product&#038;p=23424"},"modified":"2026-04-10T15:22:20","modified_gmt":"2026-04-10T07:22:20","slug":"bulk-clear-empty-soy-sauce-bottles-with-press-pump","status":"publish","type":"product","link":"https:\/\/yebodaglass.com\/de\/bulk-clear-empty-soy-sauce-bottles-with-press-pump\/","title":{"rendered":"Leere, durchsichtige Sojasaucenflaschen mit Druckpumpe in Gro\u00dfpackungen, 200 ml, 300 ml, 500 ml"},"content":{"rendered":"<p>Diese Sojasaucenflaschen haben eine geradlinige, zylindrische Form und verf\u00fcgen \u00fcber gut sichtbare Dosierindikatoren, die pr\u00e4zise Messpunkte anzeigen. Die Verschl\u00fcsse sind mit Pumpenk\u00f6pfen aus Edelstahl und Kunststoff ausgestattet.<\/p>\n<h2>Produkteigenschaften<\/h2>\n<ul>\n<li><strong>Pumpenspender-Design:<\/strong> Mithilfe des schwarzen Pumpspenders kann der Benutzer die Menge der Chilisauce sehr pr\u00e4zise und einfach kontrollieren, ohne etwas zu verschwenden.<\/li>\n<li><strong>Klare Messflasche:<\/strong> Der transparente, abgestufte Teil der Flasche macht es sehr einfach zu erkennen, wie viel man bereits verbraucht hat oder wie viel noch \u00fcbrig ist, und erm\u00f6glicht so ein sehr genaues Abmessen.<\/li>\n<li><strong>Verschiedene Gr\u00f6\u00dfen erh\u00e4ltlich:<\/strong> Es gibt drei verschiedene Flaschengr\u00f6\u00dfen f\u00fcr unterschiedliche Einsatzorte wie Privathaushalte und Restaurants, je nachdem, wie viel Chilisauce gelagert und verwendet wird.<\/li>\n<\/ul>\n<h2 style=\"text-align: left;\">Wichtigste Spezifikationen<\/h2>\n<table class=\"aligncenter\" style=\"border-collapse: collapse; width: 432.02pt;\" border=\"0\" width=\"576\" cellspacing=\"0\" cellpadding=\"0\">\n<tbody>\n<tr style=\"height: 13.50pt;\">\n<td style=\"height: 13.50pt; width: 105.00pt;\" width=\"140\" height=\"18\">Besonderheit<\/td>\n<td style=\"width: 327.00pt;\" width=\"436\">Spezifikation<\/td>\n<\/tr>\n<tr style=\"height: 13.50pt;\">\n<td style=\"height: 13.50pt;\" height=\"18\">Kapazit\u00e4ten<\/td>\n<td>200 ml (7 oz) \/ 300 ml (10 oz) \/ 500 ml (16 oz)<\/td>\n<\/tr>\n<tr style=\"height: 13.50pt;\">\n<td style=\"height: 13.50pt;\" height=\"18\">Abmessungen (T\u00d7H)<\/td>\n<td>5,5 \u00d7 19,5 cm \/ 6 \u00d7 23,5 cm \/ 6,5 \u00d7 27,5 cm<\/td>\n<\/tr>\n<tr style=\"height: 13.50pt;\">\n<td style=\"height: 13.50pt;\" height=\"18\">Form<\/td>\n<td>Stout-Flasche mit geraden W\u00e4nden und eingepr\u00e4gten Volumenmarkierungen<\/td>\n<\/tr>\n<tr style=\"height: 13.50pt;\">\n<td style=\"height: 13.50pt;\" height=\"18\">Material<\/td>\n<td>Hochborosilikatglas<\/td>\n<\/tr>\n<tr style=\"height: 13.50pt;\">\n<td style=\"height: 13.50pt;\" height=\"18\">Verschluss inklusive<\/td>\n<td>Schwarze Druckpumpe (mit Metallakzenten, auslaufsicher)<\/td>\n<\/tr>\n<tr style=\"height: 13.50pt;\">\n<td style=\"height: 13.50pt;\" height=\"18\">Am besten f\u00fcr<\/td>\n<td>Scharfe So\u00dfe, Sojaso\u00dfe, Dressing, W\u00fcrzmittel<\/td>\n<\/tr>\n<tr style=\"height: 13.50pt;\">\n<td style=\"height: 13.50pt;\" height=\"18\">Ideale Verwendung<\/td>\n<td>Leere So\u00dfenflaschen, Sojaso\u00dfenflasche<\/td>\n<\/tr>\n<\/tbody>\n<\/table>\n<h2>Erfolgsgeschichte: Sonderanfertigung einer Hot-Sauce-Marke aus Louisiana<\/h2>\n<p>Eine in Louisiana ans\u00e4ssige Marke f\u00fcr handwerklich hergestellte scharfe Saucen w\u00e4hlte unsere leeren 500-ml-Sauceflaschen und lie\u00df sie mit breiteren Pumpk\u00f6pfen und Sch\u00e4rfeindikatoren individualisieren. Die individualisierten Flaschen erwiesen sich als \u00e4u\u00dferst effektiv: Dank der pr\u00e4zisen Pumpk\u00f6pfe und Markierungen konnten die Verbraucher den \u00fcberm\u00e4\u00dfigen Verbrauch um 20 % reduzieren, und die hohe Stabilit\u00e4t der Flaschen f\u00fchrte zu einer Bruchrate von unter 0,7 % beim Versand. Durch diese erste Bestellung begr\u00fcndete das Unternehmen seine erfolgreiche Gesch\u00e4ftsbeziehung, die schlie\u00dflich zur Bestellung von 420.000 Flaschen f\u00fcr sein neues H\u00e4hnchenfl\u00fcgel-Sauceprodukt f\u00fchrte.<\/p>\n<h2>Vorschl\u00e4ge zur Personalisierung leerer So\u00dfenflaschen<\/h2>\n<ul>\n<li><strong>Individuelle Messmarkierungen:<\/strong> Sie k\u00f6nnen F\u00fcllmengenmarkierungen f\u00fcr bestimmte Rezepte oder Portionsgr\u00f6\u00dfen festlegen.<\/li>\n<li><strong>Farboptionen f\u00fcr den Pumpenkopf:<\/strong> Bieten Sie Pumpenk\u00f6pfe in verschiedenen Farben an, die zum Farbschema Ihres Restaurants passen.<\/li>\n<li><strong>Rutschfeste Unterseite:<\/strong> Bringen Sie eine rutschfeste Beschichtung am Boden einer Flasche an, damit diese auch auf einem vollgestellten Tisch sicher steht.<\/li>\n<\/ul>","protected":false},"excerpt":{"rendered":"<p>Praktische Sojasaucenflaschen mit Messmarkierungen und Druckverschluss, ideal f\u00fcr Saucen und W\u00fcrzmittel. Leere Saucenflaschen im Gro\u00dfhandel mit Gratisproben.<\/p>","protected":false},"featured_media":23458,"template":"","meta":[],"product_brand":[],"product_cat":[129,123,122],"product_tag":[],"class_list":{"0":"post-23424","1":"product","2":"type-product","3":"status-publish","4":"has-post-thumbnail","6":"product_cat-hot-sauce-bottles","7":"product_cat-custom-glass-bottles","8":"product_cat-custom-glass-packaging","10":"first","11":"instock","12":"shipping-taxable","13":"product-type-simple"},"jetpack_sharing_enabled":true,"_links":{"self":[{"href":"https:\/\/yebodaglass.com\/de\/wp-json\/wp\/v2\/product\/23424","targetHints":{"allow":["GET"]}}],"collection":[{"href":"https:\/\/yebodaglass.com\/de\/wp-json\/wp\/v2\/product"}],"about":[{"href":"https:\/\/yebodaglass.com\/de\/wp-json\/wp\/v2\/types\/product"}],"version-history":[{"count":5,"href":"https:\/\/yebodaglass.com\/de\/wp-json\/wp\/v2\/product\/23424\/revisions"}],"predecessor-version":[{"id":25742,"href":"https:\/\/yebodaglass.com\/de\/wp-json\/wp\/v2\/product\/23424\/revisions\/25742"}],"wp:featuredmedia":[{"embeddable":true,"href":"https:\/\/yebodaglass.com\/de\/wp-json\/wp\/v2\/media\/23458"}],"wp:attachment":[{"href":"https:\/\/yebodaglass.com\/de\/wp-json\/wp\/v2\/media?parent=23424"}],"wp:term":[{"taxonomy":"product_brand","embeddable":true,"href":"https:\/\/yebodaglass.com\/de\/wp-json\/wp\/v2\/product_brand?post=23424"},{"taxonomy":"product_cat","embeddable":true,"href":"https:\/\/yebodaglass.com\/de\/wp-json\/wp\/v2\/product_cat?post=23424"},{"taxonomy":"product_tag","embeddable":true,"href":"https:\/\/yebodaglass.com\/de\/wp-json\/wp\/v2\/product_tag?post=23424"}],"curies":[{"name":"wp","href":"https:\/\/api.w.org\/{rel}","templated":true}]}}