{"id":23403,"date":"2025-11-07T16:21:21","date_gmt":"2025-11-07T08:21:21","guid":{"rendered":"https:\/\/yebodaglass.com\/?post_type=product&#038;p=23403"},"modified":"2025-11-07T17:21:01","modified_gmt":"2025-11-07T09:21:01","slug":"wholesale-clear-empty-bottles-for-hot-sauce-100ml-500ml","status":"publish","type":"product","link":"https:\/\/yebodaglass.com\/de\/wholesale-clear-empty-bottles-for-hot-sauce-100ml-500ml\/","title":{"rendered":"Gro\u00dfhandel mit transparenten, leeren Flaschen f\u00fcr scharfe So\u00dfen, 100 ml \u2013 500 ml"},"content":{"rendered":"<p>Diese leeren Flaschen f\u00fcr scharfe So\u00dfe befinden sich in einem durchsichtigen Glasbeh\u00e4lter, sodass man die So\u00dfe gut sehen kann. Sie haben ein ansprechendes, konisches Design und sind in verschiedenen Gr\u00f6\u00dfen erh\u00e4ltlich.<\/p>\n<h2>Produkteigenschaften<\/h2>\n<ul>\n<li><strong>Transparentes Glasmaterial:<\/strong> Der Beh\u00e4lter ist aus durchsichtigem Glas gefertigt, sodass die Farbe und die Menge der im Glas verbleibenden Chilisauce sehr gut erkennbar sind, was die Identifizierung und Kontrolle sehr erleichtert.<\/li>\n<li><strong>Flaschendesign mit schmaler Taille:<\/strong> Die Flasche ist tailliert gestaltet und zeichnet sich durch sanfte und einzigartige Linien aus, die das Produkt nicht nur versch\u00f6nern, sondern es auch leicht erkennbar machen.<\/li>\n<li><strong>Verschiedene Gr\u00f6\u00dfen erh\u00e4ltlich:<\/strong> Es ist in verschiedenen Gr\u00f6\u00dfen erh\u00e4ltlich, um unterschiedlichen Volumenanforderungen gerecht zu werden, und eignet sich gut f\u00fcr den regelm\u00e4\u00dfigen Familiengebrauch, Catering und \u00e4hnliche Situationen.<\/li>\n<\/ul>\n<h2 style=\"text-align: left;\">Wichtigste Spezifikationen<\/h2>\n<table class=\"aligncenter\" style=\"border-collapse: collapse; width: 647.27pt;\" border=\"0\" width=\"863\" cellspacing=\"0\" cellpadding=\"0\">\n<tbody>\n<tr style=\"height: 13.50pt;\">\n<td style=\"height: 13.50pt; width: 127.50pt;\" width=\"170\" height=\"18\">Besonderheit<\/td>\n<td style=\"width: 519.75pt;\" width=\"693\">Spezifikation<\/td>\n<\/tr>\n<tr style=\"height: 13.50pt;\">\n<td style=\"height: 13.50pt;\" height=\"18\">Kapazit\u00e4ten<\/td>\n<td>100 ml \/ 180 ml \/ 220 ml \/ 350 ml \/ 400 ml \/ 500 ml<\/td>\n<\/tr>\n<tr style=\"height: 13.50pt;\">\n<td style=\"height: 13.50pt;\" height=\"18\">Abmessungen (T\u00d7H)<\/td>\n<td>4,2 \u00d7 16,8 cm \/ 5,2 \u00d7 19,3 cm \/ 5 \u00d7 21,3 cm \/ 6,5 \u00d7 23,5 cm \/ 7,2 \u00d7 24 cm \/ 7,3 \u00d7 25 cm<\/td>\n<\/tr>\n<tr style=\"height: 13.50pt;\">\n<td style=\"height: 13.50pt;\" height=\"18\">Material<\/td>\n<td>Klares, stabiles Glas, lebensmittelecht, bleifrei<\/td>\n<\/tr>\n<tr style=\"height: 13.50pt;\">\n<td style=\"height: 13.50pt;\" height=\"18\">Verschluss inklusive<\/td>\n<td>Saucenflasche mit schwarzem Schraubverschluss (auch in Gold, Rot und Gelb erh\u00e4ltlich)<\/td>\n<\/tr>\n<tr style=\"height: 13.50pt;\">\n<td style=\"height: 13.50pt;\" height=\"18\">Ideale Verwendung<\/td>\n<td>Leere Flaschen f\u00fcr scharfe So\u00dfe, Flaschen f\u00fcr scharfe So\u00dfe in gro\u00dfen Mengen<\/td>\n<\/tr>\n<\/tbody>\n<\/table>\n<h2>Erfolgsgeschichte: Produktionslinienprobleme \u00fcberwinden<\/h2>\n<p>Die Verpackungskapazit\u00e4t war aufgrund der Verpackungsabteilung eines mittelst\u00e4ndischen Gew\u00fcrzherstellers begrenzt. Die vorhandenen geraden Flaschen lie\u00dfen sich auf der Abf\u00fcllanlage nur schwer handhaben, was die Produktionsgeschwindigkeit verringerte. Daher wechselten sie zu unseren 350-ml-Leerflaschen mit gebogenem Rand f\u00fcr scharfe Sauce, die eine maschinenfreundlichere Grifffl\u00e4che bieten. Dadurch konnte die Abf\u00fcllgeschwindigkeit um 15 % gesteigert und die Anzahl der Flaschenverluste um 30 % reduziert werden. Die verbesserte Produktleistung trug ma\u00dfgeblich zum Umsatzanstieg bei, sodass der Kunde drei Gro\u00dfbestellungen in Folge aufgab. Dar\u00fcber hinaus erweiterte er sein Sortiment um weitere 500-ml-Flaschen seiner meistverkauften Geschmacksrichtung.<\/p>\n<h2>Vorschl\u00e4ge zur individuellen Gestaltung von Hei\u00dfsaucenflaschen<\/h2>\n<ul>\n<li><strong>Benutzerdefinierte Kurventiefe:<\/strong> Ver\u00e4ndern Sie die Tiefe der Taillenrille, um einen festeren oder weniger festen Griff zu erzielen.<\/li>\n<li><strong>Erhabene Volumenmarkierungen:<\/strong> Bringen Sie erhabene Volumenmarkierungen an der Schulter der Flasche an.<\/li>\n<li><strong>Siebdruck-Branding:<\/strong> Bringen Sie das Logo durch Bedrucken direkt auf der gebogenen Glasoberfl\u00e4che an.<\/li>\n<li><strong>Optionen f\u00fcr Buntglas:<\/strong> Bei lichtempfindlichen Produkten kann bernsteinfarbenes oder kobaltblaues Glas verwendet werden.<\/li>\n<\/ul>","protected":false},"excerpt":{"rendered":"<p>Elegante, leere Flaschen f\u00fcr scharfe Saucen mit goldenen, roten und gelben Verschl\u00fcssen. Hochwertige Flaschendesigns f\u00fcr scharfe Saucen \u2013 ideal f\u00fcr Ihr Branding \u2013 direkt vom Hersteller und mit schnellem Versand!<\/p>","protected":false},"featured_media":23412,"template":"","meta":[],"product_brand":[],"product_cat":[122,123,129],"product_tag":[],"class_list":{"0":"post-23403","1":"product","2":"type-product","3":"status-publish","4":"has-post-thumbnail","6":"product_cat-custom-glass-packaging","7":"product_cat-custom-glass-bottles","8":"product_cat-hot-sauce-bottles","10":"first","11":"instock","12":"shipping-taxable","13":"product-type-simple"},"jetpack_sharing_enabled":true,"_links":{"self":[{"href":"https:\/\/yebodaglass.com\/de\/wp-json\/wp\/v2\/product\/23403","targetHints":{"allow":["GET"]}}],"collection":[{"href":"https:\/\/yebodaglass.com\/de\/wp-json\/wp\/v2\/product"}],"about":[{"href":"https:\/\/yebodaglass.com\/de\/wp-json\/wp\/v2\/types\/product"}],"version-history":[{"count":4,"href":"https:\/\/yebodaglass.com\/de\/wp-json\/wp\/v2\/product\/23403\/revisions"}],"predecessor-version":[{"id":23420,"href":"https:\/\/yebodaglass.com\/de\/wp-json\/wp\/v2\/product\/23403\/revisions\/23420"}],"wp:featuredmedia":[{"embeddable":true,"href":"https:\/\/yebodaglass.com\/de\/wp-json\/wp\/v2\/media\/23412"}],"wp:attachment":[{"href":"https:\/\/yebodaglass.com\/de\/wp-json\/wp\/v2\/media?parent=23403"}],"wp:term":[{"taxonomy":"product_brand","embeddable":true,"href":"https:\/\/yebodaglass.com\/de\/wp-json\/wp\/v2\/product_brand?post=23403"},{"taxonomy":"product_cat","embeddable":true,"href":"https:\/\/yebodaglass.com\/de\/wp-json\/wp\/v2\/product_cat?post=23403"},{"taxonomy":"product_tag","embeddable":true,"href":"https:\/\/yebodaglass.com\/de\/wp-json\/wp\/v2\/product_tag?post=23403"}],"curies":[{"name":"wp","href":"https:\/\/api.w.org\/{rel}","templated":true}]}}