{"id":23399,"date":"2025-11-13T11:14:54","date_gmt":"2025-11-13T03:14:54","guid":{"rendered":"https:\/\/yebodaglass.com\/?post_type=product&#038;p=23399"},"modified":"2026-03-17T11:49:22","modified_gmt":"2026-03-17T03:49:22","slug":"clear-square-herb-jars-with-metal-lids-bulk","status":"publish","type":"product","link":"https:\/\/yebodaglass.com\/de\/clear-square-herb-jars-with-metal-lids-bulk\/","title":{"rendered":"4-Unzen-Kr\u00e4utergl\u00e4ser aus durchsichtigem, quadratischem Material mit Metalldeckel (Gro\u00dfpackung)"},"content":{"rendered":"<p>Diese leeren Kr\u00e4utergl\u00e4ser in klassischer, quadratischer Form sind aus hochtransparentem Glas gefertigt und eignen sich hervorragend zur Pr\u00e4sentation Ihrer farbenfrohen Kr\u00e4uter und Gew\u00fcrze. Die glatten Edelstahldeckel erm\u00f6glichen ein pr\u00e4zises Dosieren.<\/p>\n<h2>Produkteigenschaften<\/h2>\n<ul>\n<li><strong>Transparentes quadratisches Design:<\/strong> Der quadratische W\u00fcrfelsockel besteht aus einfachem Glas, was dem W\u00fcrfel einen festen Stand verleiht, gleichzeitig eine gute Sichtbarkeit seines Inhalts erm\u00f6glicht und Platz spart.<\/li>\n<li><strong>Einteiliger Schwingdeckel:<\/strong> Der silberne Metalldeckel ist mit zahlreichen winzigen L\u00f6chern versehen, die eine vollst\u00e4ndige Kontrolle \u00fcber die Dosierung von Gew\u00fcrzen und Kr\u00e4utern erm\u00f6glichen und ein Versch\u00fctten verhindern.<\/li>\n<li><strong>Leicht zu transportieren:<\/strong> Dank ihrer quadratischen Seitenform und ihrer flachen Oberfl\u00e4che lassen sich Gl\u00e4ser platzsparend in Regalen und Schubladen stapeln.<\/li>\n<\/ul>\n<h2>Wichtigste Spezifikationen<\/h2>\n<table style=\"border-collapse: collapse; width: 80%; margin-left: auto; margin-right: auto;\" border=\"0\" width=\"360\" cellspacing=\"0\" cellpadding=\"0\">\n<tbody>\n<tr style=\"height: 13.50pt;\">\n<td style=\"height: 13.5pt; width: 54pt; text-align: center;\" width=\"72\" height=\"18\">Kapazit\u00e4t<\/td>\n<td style=\"width: 54pt; text-align: center;\" width=\"72\">Gr\u00f6\u00dfe (cm)<\/td>\n<td style=\"width: 54pt; text-align: center;\" width=\"72\">Form<\/td>\n<td style=\"width: 54pt; text-align: center;\" width=\"72\">Farboptionen<\/td>\n<td style=\"width: 54pt; text-align: center;\" width=\"72\">Deckeltyp<\/td>\n<\/tr>\n<tr style=\"height: 13.50pt;\">\n<td style=\"height: 13.5pt; text-align: center;\" height=\"18\">120 ml \/ 4 oz<\/td>\n<td style=\"text-align: center;\">4 x 9<\/td>\n<td style=\"text-align: center;\">Quadrat<\/td>\n<td style=\"text-align: center;\">Klar, individuell<\/td>\n<td style=\"text-align: center;\">Edelstahl<\/td>\n<\/tr>\n<\/tbody>\n<\/table>\n<h2>Erfolgsbeispiel: Eine standardisierte L\u00f6sung f\u00fcr ein Catering-Unternehmen im Mittleren Westen<\/h2>\n<p>Eines der Catering-Unternehmen im Mittleren Westen entschied sich f\u00fcr unsere transparenten, quadratischen Kr\u00e4utergl\u00e4ser mit einseitig aufgedruckter Skala. Die Gl\u00e4ser sind so konzipiert, dass das K\u00fcchenpersonal den F\u00fcllstand leicht erkennen und so die H\u00e4lfte der Fehlbest\u00e4nde vermeiden konnte. Diese Gew\u00fcrzgl\u00e4ser \u00fcberstanden mehr als 500 Sp\u00fclg\u00e4nge in der gewerblichen Sp\u00fclmaschine. Aufgrund des gro\u00dfen Erfolgs bestellte das Catering-Unternehmen weitere 750.000 Gew\u00fcrzgl\u00e4ser f\u00fcr seine Restaurantkette im ganzen Land.<\/p>\n<h2>Leere Gew\u00fcrzflaschen k\u00f6nnen individuell gestaltet werden<\/h2>\n<ol>\n<li><strong>Logoanpassung:<\/strong>Um die Markenwiedererkennung zu st\u00e4rken, werden entweder Logos auf den Flaschenk\u00f6rper oder den Deckel gedruckt oder graviert.<\/li>\n<li><strong>Etikett &amp; Verpackung:<\/strong>Wir gestalten individuelle Etiketten, Schrumpffolien oder Geschenkboxen, um ein einheitliches Erscheinungsbild im Einzelhandel zu gew\u00e4hrleisten.<\/li>\n<li><strong>Shaker-Eins\u00e4tze:<\/strong>Wir bieten optionale Streu- oder Siebdeckel f\u00fcr verschiedene Pulver- oder Granulatanwendungen an.<\/li>\n<\/ol>","protected":false},"excerpt":{"rendered":"<p>Hochwertige Kr\u00e4utergl\u00e4ser mit quadratischem Glask\u00f6rper und perforiertem Streudeckel. Stilvolle, leere Gew\u00fcrzflaschen, ideal f\u00fcr K\u00fcchengew\u00fcrze. Sofort lieferbar.<\/p>","protected":false},"featured_media":23400,"template":"","meta":[],"product_brand":[],"product_cat":[122,124,128],"product_tag":[],"class_list":{"0":"post-23399","1":"product","2":"type-product","3":"status-publish","4":"has-post-thumbnail","6":"product_cat-custom-glass-packaging","7":"product_cat-custom-glass-jars","8":"product_cat-spice-jars","10":"first","11":"instock","12":"shipping-taxable","13":"product-type-simple"},"jetpack_sharing_enabled":true,"_links":{"self":[{"href":"https:\/\/yebodaglass.com\/de\/wp-json\/wp\/v2\/product\/23399","targetHints":{"allow":["GET"]}}],"collection":[{"href":"https:\/\/yebodaglass.com\/de\/wp-json\/wp\/v2\/product"}],"about":[{"href":"https:\/\/yebodaglass.com\/de\/wp-json\/wp\/v2\/types\/product"}],"version-history":[{"count":5,"href":"https:\/\/yebodaglass.com\/de\/wp-json\/wp\/v2\/product\/23399\/revisions"}],"predecessor-version":[{"id":25466,"href":"https:\/\/yebodaglass.com\/de\/wp-json\/wp\/v2\/product\/23399\/revisions\/25466"}],"wp:featuredmedia":[{"embeddable":true,"href":"https:\/\/yebodaglass.com\/de\/wp-json\/wp\/v2\/media\/23400"}],"wp:attachment":[{"href":"https:\/\/yebodaglass.com\/de\/wp-json\/wp\/v2\/media?parent=23399"}],"wp:term":[{"taxonomy":"product_brand","embeddable":true,"href":"https:\/\/yebodaglass.com\/de\/wp-json\/wp\/v2\/product_brand?post=23399"},{"taxonomy":"product_cat","embeddable":true,"href":"https:\/\/yebodaglass.com\/de\/wp-json\/wp\/v2\/product_cat?post=23399"},{"taxonomy":"product_tag","embeddable":true,"href":"https:\/\/yebodaglass.com\/de\/wp-json\/wp\/v2\/product_tag?post=23399"}],"curies":[{"name":"wp","href":"https:\/\/api.w.org\/{rel}","templated":true}]}}