{"id":23384,"date":"2025-11-07T17:11:18","date_gmt":"2025-11-07T09:11:18","guid":{"rendered":"https:\/\/yebodaglass.com\/?post_type=product&#038;p=23384"},"modified":"2026-03-19T10:59:11","modified_gmt":"2026-03-19T02:59:11","slug":"empty-mini-spice-jars-with-shaker-lid-wholesale","status":"publish","type":"product","link":"https:\/\/yebodaglass.com\/de\/produkt\/empty-mini-spice-jars-with-shaker-lid-wholesale\/","title":{"rendered":"10 ml und 15 ml leere Mini-Gew\u00fcrzgl\u00e4ser mit Streudeckel (Gro\u00dfhandel)"},"content":{"rendered":"<p>Diese Mini-Gew\u00fcrzgl\u00e4ser pr\u00e4sentieren sich in elegantem, quadratischem und konischem Design aus transparentem Glas mit schicken, silberfarbenen Metall-Schwingdeckeln. Dank ihrer geringen Gr\u00f6\u00dfe eignen sie sich ideal f\u00fcr die K\u00fcchenarbeitsplatte, Picknicks oder kleine K\u00fcchen.<\/p>\n<h2>Produkteigenschaften<\/h2>\n<ul>\n<li><strong>Kristallklares Glas: <\/strong>Unsere Mini-Gew\u00fcrzgl\u00e4ser bestehen aus robustem, bleifreiem und BPA-freiem Glas und sind sp\u00fclmaschinenfest. Dadurch sind sie leicht zu reinigen und k\u00f6nnen ohne Sicherheitsbedenken t\u00e4glich verwendet werden.<\/li>\n<li><strong>Exquisite runde und quadratische Gr\u00f6\u00dfen: <\/strong>Durch ihr kompaktes, quadratisches und rundes Design sind unsere Mini-Gew\u00fcrzgl\u00e4ser nicht nur die perfekten Beh\u00e4lter f\u00fcr Zucker, Salz und Pfeffer, die in jedem K\u00fcchenregal Platz finden, sondern auch optisch ansprechend.<\/li>\n<li><strong>Perforierter Metallschraubdeckel:<\/strong> Es verf\u00fcgt \u00fcber einen perforierten Metallschraubverschluss mit gleichm\u00e4\u00dfiger Perforationsverteilung, um eine pr\u00e4zise Dosierung der Gew\u00fcrze zu gew\u00e4hrleisten.<\/li>\n<\/ul>\n<h2>Wichtigste Spezifikationen<\/h2>\n<table style=\"border-collapse: collapse; width: 80%; margin-left: auto; margin-right: auto;\" border=\"0\" width=\"603\" cellspacing=\"0\" cellpadding=\"0\">\n<tbody>\n<tr style=\"height: 13.50pt;\">\n<td style=\"height: 13.5pt; width: 54pt; text-align: center;\" width=\"72\" height=\"18\">Kapazit\u00e4t<\/td>\n<td style=\"width: 182.25pt; text-align: center;\" width=\"243\">Form<\/td>\n<td style=\"width: 54pt; text-align: center;\" width=\"72\">Gr\u00f6\u00dfe (cm)<\/td>\n<td style=\"width: 54pt; text-align: center;\" width=\"72\">Farboptionen<\/td>\n<td style=\"width: 54pt; text-align: center;\" width=\"72\">Deckeltyp<\/td>\n<td style=\"width: 54pt; text-align: center;\" width=\"72\">Verwendung<\/td>\n<\/tr>\n<tr style=\"height: 13.50pt;\">\n<td style=\"height: 13.5pt; text-align: center;\" height=\"18\">10 ml<\/td>\n<td class=\"et2\" style=\"text-align: center;\" rowspan=\"2\">Rund, Quadratisch<\/td>\n<td style=\"text-align: center;\">2,9 x 4,1<\/td>\n<td class=\"et2\" style=\"text-align: center;\" rowspan=\"2\">L\u00f6schen, Anpassung akzeptieren<\/td>\n<td class=\"et2\" style=\"text-align: center;\" rowspan=\"2\">Edelstahl<\/td>\n<td class=\"et2\" style=\"text-align: center;\" rowspan=\"2\">Verpacken Sie das Pfefferpulver, Chilipulver, H\u00fchnerbr\u00fche, Salz usw.<\/td>\n<\/tr>\n<tr style=\"height: 13.50pt;\">\n<td style=\"height: 13.5pt; text-align: center;\" height=\"18\">15 ml<\/td>\n<td style=\"text-align: center;\">3,1 x 4,6<\/td>\n<\/tr>\n<\/tbody>\n<\/table>\n<h2>Erfolgsgeschichte: Ein Bestseller eines japanischen Einzelh\u00e4ndlers<\/h2>\n<p>Ein japanischer Einzelh\u00e4ndler entschied sich f\u00fcr unsere Mini-Gew\u00fcrzgl\u00e4ser-Sets in zwei Formen und veredelte sie mit einem leichten, matten Finish. Dank des ansprechenden Designs erzielten die Sets im ersten Monat nach Markteinf\u00fchrung eine Verkaufsquote von 60 Prozent, und die Beschwerden \u00fcber verstopfte Deckel gingen um 55 Prozent zur\u00fcck. Der Einzelh\u00e4ndler war so zufrieden mit dem Produkt, dass er zus\u00e4tzlich 300.000 Sets f\u00fcr seine Filialen im ganzen Land und seinen neuen Online-Shop f\u00fcr Haushaltswaren bestellte.<\/p>\n<h2>Ihr individuelles Anpassungshandbuch<\/h2>\n<ol>\n<li><strong>Individuelle Gravur und Logo:<\/strong> Die Lasergravur von Markenlogos oder Gew\u00fcrznamen auf Edelstahlflaschendeckeln verleiht jeder Flasche ein einzigartiges Aussehen, das zur Markenwiedererkennung und Markenidentit\u00e4t beitr\u00e4gt.<\/li>\n<li><strong>Verschiedene \u00d6ffnungen zur Dosierung:<\/strong> Durch die Anpassung der Gr\u00f6\u00dfe und Anzahl der Dosierl\u00f6cher an verschiedene Gew\u00fcrze (Pulver, Granulat, Kr\u00e4uter) kann sichergestellt werden, dass die Dosierung reibungslos und ohne Verstopfungen erfolgt.<\/li>\n<li><strong>Beh\u00e4lter dekorieren:<\/strong> Neben der Kennzeichnung mit Markenlogos oder dem Bedrucken der Gew\u00fcrzetiketten mittels Siebdruck oder Hei\u00dfpr\u00e4gung sind die Glaswaren f\u00fcr die Kunden im Einzelhandel attraktiver.<\/li>\n<\/ol>","protected":false},"excerpt":{"rendered":"<p>Vielseitige Mini-Gew\u00fcrzgl\u00e4ser mit kompakter Gr\u00f6\u00dfe und Streudeckeln. Praktisches Gew\u00fcrzbeh\u00e4lter-Set f\u00fcr Salz, Pfeffer und Kr\u00e4uter. Gro\u00dfhandelsrabatte verf\u00fcgbar.<\/p>","protected":false},"featured_media":23388,"template":"","meta":[],"product_brand":[],"product_cat":[122,124,128],"product_tag":[],"class_list":{"0":"post-23384","1":"product","2":"type-product","3":"status-publish","4":"has-post-thumbnail","6":"product_cat-custom-glass-packaging","7":"product_cat-custom-glass-jars","8":"product_cat-spice-jars","10":"first","11":"instock","12":"shipping-taxable","13":"product-type-simple"},"jetpack_sharing_enabled":true,"_links":{"self":[{"href":"https:\/\/yebodaglass.com\/de\/wp-json\/wp\/v2\/product\/23384","targetHints":{"allow":["GET"]}}],"collection":[{"href":"https:\/\/yebodaglass.com\/de\/wp-json\/wp\/v2\/product"}],"about":[{"href":"https:\/\/yebodaglass.com\/de\/wp-json\/wp\/v2\/types\/product"}],"version-history":[{"count":5,"href":"https:\/\/yebodaglass.com\/de\/wp-json\/wp\/v2\/product\/23384\/revisions"}],"predecessor-version":[{"id":25512,"href":"https:\/\/yebodaglass.com\/de\/wp-json\/wp\/v2\/product\/23384\/revisions\/25512"}],"wp:featuredmedia":[{"embeddable":true,"href":"https:\/\/yebodaglass.com\/de\/wp-json\/wp\/v2\/media\/23388"}],"wp:attachment":[{"href":"https:\/\/yebodaglass.com\/de\/wp-json\/wp\/v2\/media?parent=23384"}],"wp:term":[{"taxonomy":"product_brand","embeddable":true,"href":"https:\/\/yebodaglass.com\/de\/wp-json\/wp\/v2\/product_brand?post=23384"},{"taxonomy":"product_cat","embeddable":true,"href":"https:\/\/yebodaglass.com\/de\/wp-json\/wp\/v2\/product_cat?post=23384"},{"taxonomy":"product_tag","embeddable":true,"href":"https:\/\/yebodaglass.com\/de\/wp-json\/wp\/v2\/product_tag?post=23384"}],"curies":[{"name":"wp","href":"https:\/\/api.w.org\/{rel}","templated":true}]}}