{"id":23381,"date":"2025-11-07T14:43:19","date_gmt":"2025-11-07T06:43:19","guid":{"rendered":"https:\/\/yebodaglass.com\/?post_type=product&#038;p=23381"},"modified":"2025-11-07T17:15:14","modified_gmt":"2025-11-07T09:15:14","slug":"wholesale-clear-glass-condiment-bottles-for-sauces-150ml-500ml","status":"publish","type":"product","link":"https:\/\/yebodaglass.com\/de\/wholesale-clear-glass-condiment-bottles-for-sauces-150ml-500ml\/","title":{"rendered":"Gro\u00dfhandel mit durchsichtigen Glasflaschen f\u00fcr So\u00dfen, 150 ml \u2013 500 ml"},"content":{"rendered":"<p>Diese Glasfl\u00e4schchen f\u00fcr So\u00dfen sind erstaunlich transparent, da sie aus Klarglas gefertigt sind, und sehen hervorragend aus. Die Beh\u00e4lter sind wundersch\u00f6n, da die Hersteller sowohl konische als auch strukturierte Flaschen anbieten, die die Farbe der So\u00dfe im Inneren perfekt zur Geltung bringen.<\/p>\n<h2>Produkteigenschaften<\/h2>\n<ul>\n<li><strong>Verschiedene Flaschendesigns:<\/strong> Eine Mischung aus Flaschenformen, wie zum Beispiel konischen und strukturierten Flaschen mit eleganten Konturen, steigert die optische Attraktivit\u00e4t des Produkts und den Wiedererkennungswert der Marke.<\/li>\n<li><strong>Mehrere Gr\u00f6\u00dfen werden unterst\u00fctzt:<\/strong> In verschiedenen Gr\u00f6\u00dfen erh\u00e4ltlich, k\u00f6nnen unterschiedliche Kapazit\u00e4tsbed\u00fcrfnisse erf\u00fcllt werden, sodass es sowohl f\u00fcr den t\u00e4glichen Familiengebrauch als auch f\u00fcr die Portionierung von Mahlzeiten geeignet ist.<\/li>\n<li><strong>Langlebig und robust:<\/strong> Die dicken Glasw\u00e4nde wurden gro\u00dfz\u00fcgig gefertigt, um die Flaschen dem Druck in der Abf\u00fcllanlage und den Belastungen des Transports standzuhalten.<\/li>\n<\/ul>\n<h2 style=\"text-align: left;\">Wichtigste Spezifikationen<\/h2>\n<table class=\"aligncenter\" style=\"border-collapse: collapse; width: 580.52pt;\" border=\"0\" width=\"774\" cellspacing=\"0\" cellpadding=\"0\">\n<tbody>\n<tr style=\"height: 13.50pt;\">\n<td style=\"height: 13.50pt; width: 127.50pt;\" width=\"170\" height=\"18\">Besonderheit<\/td>\n<td style=\"width: 453.00pt;\" width=\"604\">Spezifikation<\/td>\n<\/tr>\n<tr style=\"height: 13.50pt;\">\n<td style=\"height: 13.50pt;\" height=\"18\">Kapazit\u00e4ten<\/td>\n<td>150 ml \/ 200 ml \/ 250 ml \/ 300 ml \/ 400 ml \/ 500 ml<\/td>\n<\/tr>\n<tr style=\"height: 13.50pt;\">\n<td style=\"height: 13.50pt;\" height=\"18\">Abmessungen (T\u00d7H)<\/td>\n<td>5,5 \u00d7 17,5 cm \/ 6 \u00d7 18,5 cm \/ 6 \u00d7 22 cm \/ 7 \u00d7 22,5 cm \/ 7 \u00d7 24 cm \/ 7,5 \u00d7 26 cm<\/td>\n<\/tr>\n<tr style=\"height: 13.50pt;\">\n<td style=\"height: 13.50pt;\" height=\"18\">Material<\/td>\n<td>Klares, stabiles Glas, lebensmittelecht, bleifrei<\/td>\n<\/tr>\n<tr style=\"height: 13.50pt;\">\n<td style=\"height: 13.50pt;\" height=\"18\">Verschluss inklusive<\/td>\n<td>Saucenflasche mit schwarzem Schraubverschluss (andere Farben erh\u00e4ltlich)<\/td>\n<\/tr>\n<tr style=\"height: 13.50pt;\">\n<td style=\"height: 13.50pt;\" height=\"18\">Am besten f\u00fcr<\/td>\n<td>Scharfe So\u00dfe, Tomatenso\u00dfe, Dressing, Austernso\u00dfe<\/td>\n<\/tr>\n<\/tbody>\n<\/table>\n<h2>Vereinfachung eines vielf\u00e4ltigen Produktsortiments: Die Erfolgsgeschichte eines Spezialit\u00e4tenlebensmittelherstellers<\/h2>\n<p>Eine Feinkostmarke verwendete f\u00fcr ihre zw\u00f6lf Geschmacksrichtungen unterschiedliche Flaschen, was zu Problemen bei der Lagerhaltung und Etikettierung f\u00fchrte. Sie vereinheitlichten daher alle Produktlinien und stellten sie auf die von uns gelieferten 250-ml- und 500-ml-Glasflaschen f\u00fcr W\u00fcrzmittel um. Durch diese Standardisierung konnte die Marke ihren Verpackungsbestand um 40 % reduzieren und die Etikettierungsgeschwindigkeit um 25 % steigern. Das einheitliche Verpackungsdesign verbesserte nicht nur das Markenimage, sondern f\u00fchrte im ersten Jahr auch zu einem Umsatzplus von 35 %. Die Marke war mit den Ergebnissen sehr zufrieden und bestellt nun viertelj\u00e4hrlich \u00fcber 300.000 Einheiten.<\/p>\n<h2>Ideen zur individuellen Gestaltung von Glasflaschen f\u00fcr Gew\u00fcrze<\/h2>\n<ul>\n<li><strong>Benutzerdefiniertes Flaschenprofil:<\/strong> Ver\u00e4ndern Sie die Taille oder die Schulterkurve der Flasche, um eine unverwechselbare Silhouette zu schaffen.<\/li>\n<li><strong>Strukturierte Glasmuster:<\/strong> Bringen Sie ein filigranes Design (zum Beispiel vertikale Linien oder geometrische Formen) auf der Glasfl\u00e4che an.<\/li>\n<li><strong>Aufgedruckte Volumenmarkierungen:<\/strong> Um Rezepte und Gew\u00fcrzmengen einfach festzuhalten, bringen Sie einige eingepr\u00e4gte Volumenmarkierungen auf dem Glas an.<\/li>\n<li><strong>Alternativen zu farbigem Glas:<\/strong> Neben dem Lichtschutz bietet bernsteinfarbenes oder gr\u00fcnes Glas einen einzigartigen visuellen Effekt.<\/li>\n<\/ul>","protected":false},"excerpt":{"rendered":"<p>Elegante Glasflaschen f\u00fcr So\u00dfen und Saucen mit geschwungenen Linien und feinen Strukturdetails. Ideal f\u00fcr Branding und ansprechende Speisenpr\u00e4sentation. Gratisproben.<\/p>","protected":false},"featured_media":23394,"template":"","meta":[],"product_brand":[],"product_cat":[122,123,129],"product_tag":[],"class_list":{"0":"post-23381","1":"product","2":"type-product","3":"status-publish","4":"has-post-thumbnail","6":"product_cat-custom-glass-packaging","7":"product_cat-custom-glass-bottles","8":"product_cat-hot-sauce-bottles","10":"first","11":"instock","12":"shipping-taxable","13":"product-type-simple"},"jetpack_sharing_enabled":true,"_links":{"self":[{"href":"https:\/\/yebodaglass.com\/de\/wp-json\/wp\/v2\/product\/23381","targetHints":{"allow":["GET"]}}],"collection":[{"href":"https:\/\/yebodaglass.com\/de\/wp-json\/wp\/v2\/product"}],"about":[{"href":"https:\/\/yebodaglass.com\/de\/wp-json\/wp\/v2\/types\/product"}],"version-history":[{"count":5,"href":"https:\/\/yebodaglass.com\/de\/wp-json\/wp\/v2\/product\/23381\/revisions"}],"predecessor-version":[{"id":23402,"href":"https:\/\/yebodaglass.com\/de\/wp-json\/wp\/v2\/product\/23381\/revisions\/23402"}],"wp:featuredmedia":[{"embeddable":true,"href":"https:\/\/yebodaglass.com\/de\/wp-json\/wp\/v2\/media\/23394"}],"wp:attachment":[{"href":"https:\/\/yebodaglass.com\/de\/wp-json\/wp\/v2\/media?parent=23381"}],"wp:term":[{"taxonomy":"product_brand","embeddable":true,"href":"https:\/\/yebodaglass.com\/de\/wp-json\/wp\/v2\/product_brand?post=23381"},{"taxonomy":"product_cat","embeddable":true,"href":"https:\/\/yebodaglass.com\/de\/wp-json\/wp\/v2\/product_cat?post=23381"},{"taxonomy":"product_tag","embeddable":true,"href":"https:\/\/yebodaglass.com\/de\/wp-json\/wp\/v2\/product_tag?post=23381"}],"curies":[{"name":"wp","href":"https:\/\/api.w.org\/{rel}","templated":true}]}}