{"id":23372,"date":"2025-11-07T14:30:40","date_gmt":"2025-11-07T06:30:40","guid":{"rendered":"https:\/\/yebodaglass.com\/?post_type=product&#038;p=23372"},"modified":"2026-03-18T09:57:57","modified_gmt":"2026-03-18T01:57:57","slug":"pumpkin-shape-cute-spice-jars-with-wooden-lid-bulk","status":"publish","type":"product","link":"https:\/\/yebodaglass.com\/de\/pumpkin-shape-cute-spice-jars-with-wooden-lid-bulk\/","title":{"rendered":"Niedliche Gew\u00fcrzgl\u00e4ser in K\u00fcrbisform (250 ml) mit Holzdeckel, Gro\u00dfpackung"},"content":{"rendered":"<p>Diese niedlichen Gew\u00fcrzgl\u00e4ser in K\u00fcrbisform mit vertikalen Streifen sind aus transparentem Glas und eignen sich perfekt zur Pr\u00e4sentation Ihrer Gew\u00fcrze. Die Deckel aus Naturholz verf\u00fcgen \u00fcber eine integrierte L\u00f6ffelhalterung und einen passenden Holzknauf.<\/p>\n<h2>Produkteigenschaften<\/h2>\n<ul>\n<li><strong>K\u00fcrbisf\u00f6rmiger K\u00f6rper:<\/strong> Das Flaschendesign ist niedlich und einzigartig: die k\u00fcrbisf\u00f6rmige, gestreifte Flasche, die sowohl die Optik als auch die Handhabung verbessert.<\/li>\n<li><strong>Integrierter Messl\u00f6ffel:<\/strong> Die Gl\u00e4ser haben einen eigenen wei\u00dfen L\u00f6ffel im Holzdeckel und sind daher hygienisch und praktisch in der Anwendung.<\/li>\n<li><strong>Vielseitige Gr\u00f6\u00dfe f\u00fcr K\u00fcchen und Essbereiche: <\/strong>Dieses 250-ml-Glas hat die perfekte Gr\u00f6\u00dfe f\u00fcr Gew\u00fcrze oder kleinere Trockenwaren. Sein stilvolles Design passt ideal in jede K\u00fcche oder jeden Essbereich.<\/li>\n<\/ul>\n<h2>Wichtigste Spezifikationen<\/h2>\n<table style=\"border-collapse: collapse; width: 80%; margin-left: auto; margin-right: auto;\" border=\"0\" width=\"144\" cellspacing=\"0\" cellpadding=\"0\">\n<tbody>\n<tr style=\"height: 13.50pt;\">\n<td style=\"height: 13.5pt; width: 54pt; text-align: center;\" width=\"72\" height=\"18\">Besonderheit<\/td>\n<td style=\"width: 54pt; text-align: center;\" width=\"72\">Spezifikation<\/td>\n<\/tr>\n<tr style=\"height: 13.50pt;\">\n<td style=\"height: 13.5pt; text-align: center;\" height=\"18\">Kapazit\u00e4t<\/td>\n<td style=\"text-align: center;\">250 ml<\/td>\n<\/tr>\n<tr style=\"height: 13.50pt;\">\n<td style=\"height: 13.5pt; text-align: center;\" height=\"18\">Material<\/td>\n<td style=\"text-align: center;\">Hochwei\u00dfes Glas, hitzebest\u00e4ndiges Glas<\/td>\n<\/tr>\n<tr style=\"height: 13.50pt;\">\n<td style=\"height: 13.5pt; text-align: center;\" height=\"18\">Farbe<\/td>\n<td style=\"text-align: center;\">L\u00f6schen, Anpassung akzeptieren<\/td>\n<\/tr>\n<tr style=\"height: 13.50pt;\">\n<td style=\"height: 13.5pt; text-align: center;\" height=\"18\">Deckelarten<\/td>\n<td style=\"text-align: center;\">Bambusdeckel \/ Glasdeckel \/ Korkdeckel \/ PE-Kunststoffdeckel<\/td>\n<\/tr>\n<tr style=\"height: 13.50pt;\">\n<td style=\"height: 13.5pt; text-align: center;\" height=\"18\">Oberfl\u00e4chenbehandlung<\/td>\n<td style=\"text-align: center;\">Siebdruck\/Mattierung\/Abziehbild\/Farbspray\/Etikett usw.<\/td>\n<\/tr>\n<\/tbody>\n<\/table>\n<h2>Erfolgsgeschichte: Sonderbestellung bei einem Lebensmittelh\u00e4ndler aus dem Mittleren Westen<\/h2>\n<p>Unsere h\u00fcbschen Gew\u00fcrzgl\u00e4ser wurden von einer Supermarktkette im Mittleren Westen der USA ins Sortiment aufgenommen. Diese lie\u00df die Gl\u00e4ser mit leicht mattiertem, bernsteinfarbenem Glas und einem Ahorndeckel mit lasergeschnittenem Blattmuster individualisieren. Die Gew\u00fcrzgl\u00e4ser waren ein voller Erfolg: Dank des besonderen und eleganten Designs der Geschenkverpackung teilten sie 300 % mehr Beitr\u00e4ge in den sozialen Medien mit ihren Kunden. Dies lag vor allem an dem integrierten L\u00f6ffel, der sich als wichtiges Verkaufsargument erwies, da Kundenbefragungen ergaben, dass 90 % der Kunden ihn als sehr praktisch empfanden. Aufgrund dieses Erfolgs bestellte die Supermarktkette 400.000 weitere Gew\u00fcrzgl\u00e4ser f\u00fcr ihr Geschenkset \u201eFarmhouse Kitchen\u201c sowie f\u00fcr ihre eigene Backzutatenlinie.<\/p>\n<h2>Leitfaden zur Anpassung von Gew\u00fcrzaufbewahrungsbeh\u00e4ltern<\/h2>\n<ol>\n<li><strong>Besseres Glasdesign:<\/strong> W\u00e4hlen Sie eine wellenf\u00f6rmige Textur, eine gerade Linie oder ein mattes Finish f\u00fcr eine originelle optische Tiefe und einen sicheren Halt.<\/li>\n<li><strong>Verbesserte L\u00f6ffel und Zubeh\u00f6r:<\/strong> Sie k\u00f6nnen L\u00f6ffel aus Bambus, Glas oder Edelstahl w\u00e4hlen und dazu passende Aufbewahrungsbeh\u00e4lter verwenden, um die \u00c4sthetik des Gesamtbildes noch zu steigern.<\/li>\n<li><strong>Farbe und Kapazit\u00e4t nach Wahl:<\/strong> Es sind Glasfarben wie klar, bernsteinfarben oder rosa erh\u00e4ltlich, ebenso wie die F\u00fcllmengen von 100 ml bis 300 ml, wodurch die M\u00f6glichkeit zur Aufbewahrung von Gew\u00fcrzgl\u00e4sern in verschiedenen Gr\u00f6\u00dfen geboten wird.<\/li>\n<\/ol>","protected":false},"excerpt":{"rendered":"<p>Niedliche Gew\u00fcrzgl\u00e4ser in K\u00fcrbisform mit Holzdeckel. Praktische Aufbewahrungsbeh\u00e4lter f\u00fcr Salz, Zucker und Gew\u00fcrze mit L\u00f6ffel. Gratisproben.<\/p>","protected":false},"featured_media":23373,"template":"","meta":[],"product_brand":[],"product_cat":[122,124,128],"product_tag":[],"class_list":{"0":"post-23372","1":"product","2":"type-product","3":"status-publish","4":"has-post-thumbnail","6":"product_cat-custom-glass-packaging","7":"product_cat-custom-glass-jars","8":"product_cat-spice-jars","10":"first","11":"instock","12":"shipping-taxable","13":"product-type-simple"},"jetpack_sharing_enabled":true,"_links":{"self":[{"href":"https:\/\/yebodaglass.com\/de\/wp-json\/wp\/v2\/product\/23372","targetHints":{"allow":["GET"]}}],"collection":[{"href":"https:\/\/yebodaglass.com\/de\/wp-json\/wp\/v2\/product"}],"about":[{"href":"https:\/\/yebodaglass.com\/de\/wp-json\/wp\/v2\/types\/product"}],"version-history":[{"count":5,"href":"https:\/\/yebodaglass.com\/de\/wp-json\/wp\/v2\/product\/23372\/revisions"}],"predecessor-version":[{"id":25493,"href":"https:\/\/yebodaglass.com\/de\/wp-json\/wp\/v2\/product\/23372\/revisions\/25493"}],"wp:featuredmedia":[{"embeddable":true,"href":"https:\/\/yebodaglass.com\/de\/wp-json\/wp\/v2\/media\/23373"}],"wp:attachment":[{"href":"https:\/\/yebodaglass.com\/de\/wp-json\/wp\/v2\/media?parent=23372"}],"wp:term":[{"taxonomy":"product_brand","embeddable":true,"href":"https:\/\/yebodaglass.com\/de\/wp-json\/wp\/v2\/product_brand?post=23372"},{"taxonomy":"product_cat","embeddable":true,"href":"https:\/\/yebodaglass.com\/de\/wp-json\/wp\/v2\/product_cat?post=23372"},{"taxonomy":"product_tag","embeddable":true,"href":"https:\/\/yebodaglass.com\/de\/wp-json\/wp\/v2\/product_tag?post=23372"}],"curies":[{"name":"wp","href":"https:\/\/api.w.org\/{rel}","templated":true}]}}