{"id":23360,"date":"2025-11-07T13:39:54","date_gmt":"2025-11-07T05:39:54","guid":{"rendered":"https:\/\/yebodaglass.com\/?post_type=product&#038;p=23360"},"modified":"2026-03-16T15:54:12","modified_gmt":"2026-03-16T07:54:12","slug":"clear-glass-spice-shaker-jars-with-hourglass-bulk","status":"publish","type":"product","link":"https:\/\/yebodaglass.com\/de\/produkt\/clear-glass-spice-shaker-jars-with-hourglass-bulk\/","title":{"rendered":"85 ml Gew\u00fcrzstreuer aus Klarglas mit Sanduhr (Gro\u00dfpackung)"},"content":{"rendered":"<p>Diese Gew\u00fcrzstreuer sind einzigartig: Ihre sanduhrf\u00f6rmige Gestalt mit konischer Verj\u00fcngung sorgt f\u00fcr guten Halt, einfaches Sch\u00fctteln und sogar Kippen. Dank der farbigen Klappdeckel oder Metalldeckel sind sie jederzeit leicht zug\u00e4nglich.<\/p>\n<h2>Produkteigenschaften<\/h2>\n<ul>\n<li><strong>Ergonomisches Sanduhr-Design:<\/strong> Die konische Form der Sanduhr sorgt f\u00fcr einen komfortablen und stabilen Griff, wodurch das Ausgie\u00dfen leicht kontrolliert und kontrolliert werden kann.<\/li>\n<li><strong>Hochsichtbares Glas:<\/strong> Inhalt, Farbe und Menge des Inhalts in der Glasflasche lassen sich dank des transparenten Glases auf einen Blick erkennen.<\/li>\n<li><strong>Verschiedene Kappenauswahlm\u00f6glichkeiten:<\/strong> W\u00e4hlen Sie helle, farbenfrohe, leicht zu \u00f6ffnende Kunststoffkappen, die gut zug\u00e4nglich sind, oder Schraubverschl\u00fcsse aus Metall, die eine luftdichte Aufbewahrung gew\u00e4hrleisten.<\/li>\n<\/ul>\n<h2>Wichtigste Spezifikationen<\/h2>\n<table style=\"border-collapse: collapse; width: 80%; margin-left: auto; margin-right: auto;\" border=\"0\" width=\"144\" cellspacing=\"0\" cellpadding=\"0\">\n<tbody>\n<tr style=\"height: 13.50pt;\">\n<td style=\"height: 13.5pt; width: 54pt; text-align: center;\" width=\"72\" height=\"18\">Besonderheit<\/td>\n<td style=\"width: 54pt; text-align: center;\" width=\"72\">Spezifikation<\/td>\n<\/tr>\n<tr style=\"height: 13.50pt;\">\n<td style=\"height: 13.5pt; text-align: center;\" height=\"18\">Kapazit\u00e4t<\/td>\n<td style=\"text-align: center;\">85 ml<\/td>\n<\/tr>\n<tr style=\"height: 13.50pt;\">\n<td style=\"height: 13.5pt; text-align: center;\" height=\"18\">Gr\u00f6\u00dfe<\/td>\n<td style=\"text-align: center;\">5 * 10 cm<\/td>\n<\/tr>\n<tr style=\"height: 13.50pt;\">\n<td style=\"height: 13.5pt; text-align: center;\" height=\"18\">Farbe<\/td>\n<td style=\"text-align: center;\">Klar, individuell<\/td>\n<\/tr>\n<tr style=\"height: 13.50pt;\">\n<td style=\"height: 13.5pt; text-align: center;\" height=\"18\">Deckel<\/td>\n<td style=\"text-align: center;\">Schmetterlings-Schraubverschluss<\/td>\n<\/tr>\n<tr style=\"height: 13.50pt;\">\n<td style=\"height: 13.5pt; text-align: center;\" height=\"18\">Verwendung<\/td>\n<td style=\"text-align: center;\">Getrocknete Kr\u00e4uter, Gew\u00fcrze, Pfeffer, Gew\u00fcrzmischungen und mehr.<\/td>\n<\/tr>\n<\/tbody>\n<\/table>\n<h2>Erfolgsgeschichte: Eine Sonderbestellung bei einem europ\u00e4ischen Lebensmittellieferdienst<\/h2>\n<p>Unser Kr\u00e4uterglas wurde von einem gro\u00dfen europ\u00e4ischen Lebensmittel-Lieferdienst ausgew\u00e4hlt, der die Messlinien auf dem Glas individuell anbringen lie\u00df. Das transparente Glas und die Markierungslinien verbesserten die Genauigkeit der Rezepte, die die Kunden laut Kundenfeedback befolgten. Besonders die ansprechende Glasflasche und die Markierungslinien trugen zu einer um 15 % h\u00f6heren Erfolgsquote bei. Der sichere Klappverschluss reduzierte die Beschwerden \u00fcber auslaufende Gew\u00fcrze um 25 Prozent. Aufgrund dieser hervorragenden Eigenschaften bestellte das Unternehmen weitere 500.000 Gl\u00e4ser, um die steigende Nachfrage auf dem nordamerikanischen Markt zu decken.<\/p>\n<h2>Empfehlungen zur individuellen Gestaltung von Gew\u00fcrzstreuergl\u00e4sern<\/h2>\n<ul>\n<li>Individuell bedruckte Graduierungsmarkierungen: Wir bringen dauerhaft bedruckte oder gerollte Graduierungsmarkierungen (Teel\u00f6ffel, Essl\u00f6ffel, Gramm) an der Seite des Glases an, damit diese in Rezepten genau verwendet werden k\u00f6nnen.<\/li>\n<li>Doppelloch-Spenderdeckel: Einen Deckel mit zwei L\u00f6chern vorheizen, einen Streudeckel mit kleinen L\u00f6chern (mehrere kleine L\u00f6cher); den anderen mit Samen oder Gew\u00fcrzflocken.<\/li>\n<li>Quadratisches oder rechteckiges Design: Platzsparende Gew\u00fcrzgl\u00e4ser in quadratischer oder rechteckiger Form nutzen den verf\u00fcgbaren Platz in Schubladen und Regalen optimal aus.<\/li>\n<\/ul>","protected":false},"excerpt":{"rendered":"<p>Transparente Gew\u00fcrzstreuer mit ergonomischer Form f\u00fcr sicheren Halt. Ideal zur Aufbewahrung von K\u00fcchengew\u00fcrzen und Kr\u00e4utern. Sofort lieferbar.<\/p>","protected":false},"featured_media":23362,"template":"","meta":[],"product_brand":[],"product_cat":[122,124,128],"product_tag":[],"class_list":{"0":"post-23360","1":"product","2":"type-product","3":"status-publish","4":"has-post-thumbnail","6":"product_cat-custom-glass-packaging","7":"product_cat-custom-glass-jars","8":"product_cat-spice-jars","10":"first","11":"instock","12":"shipping-taxable","13":"product-type-simple"},"jetpack_sharing_enabled":true,"_links":{"self":[{"href":"https:\/\/yebodaglass.com\/de\/wp-json\/wp\/v2\/product\/23360","targetHints":{"allow":["GET"]}}],"collection":[{"href":"https:\/\/yebodaglass.com\/de\/wp-json\/wp\/v2\/product"}],"about":[{"href":"https:\/\/yebodaglass.com\/de\/wp-json\/wp\/v2\/types\/product"}],"version-history":[{"count":5,"href":"https:\/\/yebodaglass.com\/de\/wp-json\/wp\/v2\/product\/23360\/revisions"}],"predecessor-version":[{"id":25459,"href":"https:\/\/yebodaglass.com\/de\/wp-json\/wp\/v2\/product\/23360\/revisions\/25459"}],"wp:featuredmedia":[{"embeddable":true,"href":"https:\/\/yebodaglass.com\/de\/wp-json\/wp\/v2\/media\/23362"}],"wp:attachment":[{"href":"https:\/\/yebodaglass.com\/de\/wp-json\/wp\/v2\/media?parent=23360"}],"wp:term":[{"taxonomy":"product_brand","embeddable":true,"href":"https:\/\/yebodaglass.com\/de\/wp-json\/wp\/v2\/product_brand?post=23360"},{"taxonomy":"product_cat","embeddable":true,"href":"https:\/\/yebodaglass.com\/de\/wp-json\/wp\/v2\/product_cat?post=23360"},{"taxonomy":"product_tag","embeddable":true,"href":"https:\/\/yebodaglass.com\/de\/wp-json\/wp\/v2\/product_tag?post=23360"}],"curies":[{"name":"wp","href":"https:\/\/api.w.org\/{rel}","templated":true}]}}