{"id":23351,"date":"2025-11-07T11:52:40","date_gmt":"2025-11-07T03:52:40","guid":{"rendered":"https:\/\/yebodaglass.com\/?post_type=product&#038;p=23351"},"modified":"2026-04-09T15:28:15","modified_gmt":"2026-04-09T07:28:15","slug":"square-glass-herb-jars-with-bamboo-lids-wholesale","status":"publish","type":"product","link":"https:\/\/yebodaglass.com\/de\/square-glass-herb-jars-with-bamboo-lids-wholesale\/","title":{"rendered":"4oz bunte quadratische Glaskr\u00e4utergl\u00e4ser mit Bambusdeckeln Gro\u00dfhandel"},"content":{"rendered":"<p>Diese hohen, quadratischen Kr\u00e4utergl\u00e4ser mit abgerundeten Ecken und geraden Kanten bestehen aus dickem, transparentem Glas und sind mit Schraubverschl\u00fcssen aus nat\u00fcrlichem Bambus versehen. Sie sind in verschiedenen Farben erh\u00e4ltlich.<\/p>\n<h2>Produkteigenschaften<\/h2>\n<ul>\n<li><strong>Rechteckiges Design:<\/strong> Das rechteckige Design ist schlicht und platzsparend, die M\u00f6bel lassen sich stapeln und somit mithilfe von Schr\u00e4nken oder Regalen ordentlich pr\u00e4sentieren.<\/li>\n<li><strong>Mehrfarbiges Lichtabschirmglas:<\/strong> Die Gl\u00e4ser sind in vier wirkungsvollen Farben erh\u00e4ltlich: Burgunderrot, Dunkelgr\u00fcn, Bernstein und K\u00f6nigsblau. Sie haben die F\u00e4higkeit, Licht abzuhalten, welches unter anderem Gew\u00fcrze und Trockenwaren verdirbt und oxidiert.<\/li>\n<li><strong>Deckel aus Naturholz:<\/strong> In Kombination mit Schraubkappen aus Naturholz verleihen die nat\u00fcrliche Haptik und die hervorragende Dichtungsf\u00e4higkeit dem Produkt ein umweltfreundliches Flair und steigern dessen Premium-Charakter.<\/li>\n<\/ul>\n<h2>Wichtigste Spezifikationen<\/h2>\n<table style=\"border-collapse: collapse; width: 80%; margin-left: auto; margin-right: auto;\" border=\"0\" width=\"144\" cellspacing=\"0\" cellpadding=\"0\">\n<tbody>\n<tr style=\"height: 13.50pt;\">\n<td style=\"height: 13.5pt; width: 54pt; text-align: center;\" width=\"72\" height=\"18\">Besonderheit<\/td>\n<td style=\"width: 54pt; text-align: center;\" width=\"72\">Spezifikation<\/td>\n<\/tr>\n<tr style=\"height: 13.50pt;\">\n<td style=\"height: 13.5pt; text-align: center;\" height=\"18\">Kapazit\u00e4t<\/td>\n<td style=\"text-align: center;\">120 ml (4 oz)<\/td>\n<\/tr>\n<tr style=\"height: 13.50pt;\">\n<td style=\"height: 13.5pt; text-align: center;\" height=\"18\">Material<\/td>\n<td style=\"text-align: center;\">Robustes Glas \u2022 Quadratische Form<\/td>\n<\/tr>\n<tr style=\"height: 13.50pt;\">\n<td style=\"height: 13.5pt; text-align: center;\" height=\"18\">Farbe<\/td>\n<td style=\"text-align: center;\">Bernstein, Rot, Blau, Gr\u00fcn, Benutzerdefiniert<\/td>\n<\/tr>\n<tr style=\"height: 13.50pt;\">\n<td style=\"height: 13.5pt; text-align: center;\" height=\"18\">Deckel<\/td>\n<td style=\"text-align: center;\">Bambus, Metall, Kunststoff \u2022 Sch\u00fctteldeckel erh\u00e4ltlich<\/td>\n<\/tr>\n<tr style=\"height: 13.50pt;\">\n<td style=\"height: 13.5pt; text-align: center;\" height=\"18\">Anpassung<\/td>\n<td style=\"text-align: center;\">Logogravur, Siebdruck, individuelle Etiketten\/Verpackungen<\/td>\n<\/tr>\n<\/tbody>\n<\/table>\n<h2>Erfolgsgeschichte: Sonderanfertigung einer europ\u00e4ischen Gourmetmarke<\/h2>\n<p>Die italienische Premium-Gourmetmarke entschied sich f\u00fcr unsere quadratischen Gew\u00fcrzgl\u00e4ser aus 250 ml bernsteinfarbenem Glas und bestellte im Rahmen ihrer offiziellen Lieferung ma\u00dfgefertigte Deckel aus Walnussholz. Die Gl\u00e4ser erzielten beeindruckende Ergebnisse: Dank ihres \u00fcberlegenen Dichtungssystems verl\u00e4ngerte sich die Haltbarkeit der Premium-Gew\u00fcrze um 40 Prozent, w\u00e4hrend das bernsteinfarbene Glas Licht abhielt und so 25 Prozent der urspr\u00fcnglichen Aromakraft der Gew\u00fcrze bewahrte. Nach diesem Erfolg bestellte das Unternehmen weitere 280.000 Gl\u00e4ser, um seine neue Produktlinie mit aromatisiertem Meersalz zu unterst\u00fctzen.<\/p>\n<h2>Personalisierung von quadratischen Gew\u00fcrzgl\u00e4sern aus Glas<\/h2>\n<ol>\n<li><strong>Deckeloptionen:<\/strong>Verschiedene Marken verwenden Deckel aus Bambus, Edelstahl oder Aluminium mit Silikondichtungen, um ihrer \u00c4sthetik gerecht zu werden und die Frische luftdicht zu bewahren.<\/li>\n<li><strong>Glasfarben:<\/strong>Es gibt verschiedene Farboptionen wie Bernstein, Kobaltblau, Gr\u00fcn oder Klarglas f\u00fcr die Aufbewahrung verschiedener Kr\u00e4uter oder Gew\u00fcrze.<\/li>\n<li><strong>Etikettenanpassung:<\/strong>Eine umweltfreundliche, aber dennoch luxuri\u00f6se Markenidentifikation kann durch die Kombination von lasergravierten oder gedruckten Etiketten auf dem Deckel oder dem Flaschenk\u00f6rper erreicht werden.<\/li>\n<\/ol>","protected":false},"excerpt":{"rendered":"<p>Stilvolle, quadratische Gew\u00fcrzgl\u00e4ser aus Glas mit Bambusdeckeln \u2013 die perfekten Kr\u00e4utergl\u00e4ser, um Ihre Gew\u00fcrze frisch zu halten und Ihre K\u00fcche ordentlich zu organisieren. Gratisproben.<\/p>","protected":false},"featured_media":23355,"template":"","meta":[],"product_brand":[],"product_cat":[128,124,122],"product_tag":[],"class_list":{"0":"post-23351","1":"product","2":"type-product","3":"status-publish","4":"has-post-thumbnail","6":"product_cat-spice-jars","7":"product_cat-custom-glass-jars","8":"product_cat-custom-glass-packaging","10":"first","11":"instock","12":"shipping-taxable","13":"product-type-simple"},"jetpack_sharing_enabled":true,"_links":{"self":[{"href":"https:\/\/yebodaglass.com\/de\/wp-json\/wp\/v2\/product\/23351","targetHints":{"allow":["GET"]}}],"collection":[{"href":"https:\/\/yebodaglass.com\/de\/wp-json\/wp\/v2\/product"}],"about":[{"href":"https:\/\/yebodaglass.com\/de\/wp-json\/wp\/v2\/types\/product"}],"version-history":[{"count":5,"href":"https:\/\/yebodaglass.com\/de\/wp-json\/wp\/v2\/product\/23351\/revisions"}],"predecessor-version":[{"id":25696,"href":"https:\/\/yebodaglass.com\/de\/wp-json\/wp\/v2\/product\/23351\/revisions\/25696"}],"wp:featuredmedia":[{"embeddable":true,"href":"https:\/\/yebodaglass.com\/de\/wp-json\/wp\/v2\/media\/23355"}],"wp:attachment":[{"href":"https:\/\/yebodaglass.com\/de\/wp-json\/wp\/v2\/media?parent=23351"}],"wp:term":[{"taxonomy":"product_brand","embeddable":true,"href":"https:\/\/yebodaglass.com\/de\/wp-json\/wp\/v2\/product_brand?post=23351"},{"taxonomy":"product_cat","embeddable":true,"href":"https:\/\/yebodaglass.com\/de\/wp-json\/wp\/v2\/product_cat?post=23351"},{"taxonomy":"product_tag","embeddable":true,"href":"https:\/\/yebodaglass.com\/de\/wp-json\/wp\/v2\/product_tag?post=23351"}],"curies":[{"name":"wp","href":"https:\/\/api.w.org\/{rel}","templated":true}]}}