{"id":23317,"date":"2025-11-06T17:00:08","date_gmt":"2025-11-06T09:00:08","guid":{"rendered":"https:\/\/yebodaglass.com\/?post_type=product&#038;p=23317"},"modified":"2025-11-06T17:00:10","modified_gmt":"2025-11-06T09:00:10","slug":"spices-jars-wholesale-glass-containers-supplier","status":"publish","type":"product","link":"https:\/\/yebodaglass.com\/de\/spices-jars-wholesale-glass-containers-supplier\/","title":{"rendered":"80ml 120ml Gew\u00fcrzgl\u00e4ser mit mehreren Deckeln f\u00fcr die K\u00fcchenorganisation\u00a0"},"content":{"rendered":"<p>Sie sind\u200d\u200d\u200d\u200d\u200d\u200d genervt von Gew\u00fcrzdosen, die tropfen oder Ihre Aromen verbergen. Wir stellen gl\u00e4serne Gew\u00fcrzbeh\u00e4lter mit perfekter Transparenz her - die Gew\u00fcrze sind jederzeit sichtbar. Diese Gew\u00fcrzdosen machen Ihre K\u00fcche zu einem trendigen Ort. Bei Gro\u00dfeink\u00e4ufen k\u00f6nnen Sie Ihre Marke mit individuellen Optionen personalisieren lassen.<\/p>\n<h2>Produkteigenschaften<\/h2>\n<p><strong>Optionen f\u00fcr sicheren Deckel<\/strong><\/p>\n<p>Aluminium-, Holz- oder Plastikdeckel mit Dichtungsring - kein feuchter Zucker oder abgestandener Pfeffer.<\/p>\n<p><strong>Vielseitige Lagerung<\/strong><\/p>\n<p>\u00d6l, Saucen, Mehl oder Pfeffer - kann in jeder K\u00fcche verwendet werden.<\/p>\n<p><strong>Individuelle Farbgestaltung<\/strong><\/p>\n<p>Ob wei\u00df oder schwarz - Ihre ma\u00dfgeschneiderten Gew\u00fcrzdosen werden zu einem bemerkenswerten \"Geschenk\".<\/p>\n<h2>Wichtigste Spezifikationen<\/h2>\n<table style=\"border-collapse: collapse; width: 80%; margin-left: auto; margin-right: auto;\" border=\"0\" width=\"144\" cellspacing=\"0\" cellpadding=\"0\">\n<tbody>\n<tr style=\"height: 13.50pt;\">\n<td style=\"height: 13.5pt; width: 54pt; text-align: center;\" width=\"72\" height=\"18\">Besonderheit<\/td>\n<td style=\"width: 54pt; text-align: center;\" width=\"72\">Spezifikation<\/td>\n<\/tr>\n<tr style=\"height: 13.50pt;\">\n<td style=\"height: 13.5pt; text-align: center;\" height=\"18\">Kapazit\u00e4t<\/td>\n<td style=\"text-align: center;\">80ml 120ml<\/td>\n<\/tr>\n<tr style=\"height: 13.50pt;\">\n<td style=\"height: 13.5pt; text-align: center;\" height=\"18\">Form<\/td>\n<td style=\"text-align: center;\">Runden<\/td>\n<\/tr>\n<tr style=\"height: 13.50pt;\">\n<td style=\"height: 13.5pt; text-align: center;\" height=\"18\">Deckeloptionen<\/td>\n<td style=\"text-align: center;\">Aluminium, Holz, Kunststoff<\/td>\n<\/tr>\n<tr style=\"height: 13.50pt;\">\n<td style=\"height: 13.5pt; text-align: center;\" height=\"18\">Verwendung<\/td>\n<td style=\"text-align: center;\">F\u00fcr Fl\u00fcssigkeiten wie So\u00dfen und \u00d6le.<\/td>\n<\/tr>\n<\/tbody>\n<\/table>\n<h2>Erfolgsgeschichte<\/h2>\n<p>Wir\u200d\u200d\u200d\u200d\u200d haben uns mit einer kanadischen Lebensmittelmarke zusammengetan, um personalisierte Gew\u00fcrzdosen mit silbernen Aluminiumdeckeln und transparenten quadratischen K\u00f6rpern herzustellen, die die farbenfrohe Textur der darin enthaltenen Kr\u00e4uter- und Pfeffermischung hervorheben. Die luftdichte Verpackung sorgt daf\u00fcr, dass die Gew\u00fcrze frisch bleiben und gut riechen, auch wenn sie von weit her verschickt oder ins Regal gestellt werden.<\/p>\n<p>Nach der Umstellung der Verpackung verzeichnete die Marke einen Anstieg der Einzelhandelsums\u00e4tze um 28% sowie einen erheblichen Anstieg des Bekanntheitsgrads der Marke \u200d\u200d\u200d\u200d\u200d.<\/p>\n<h2>Ihr individuelles Anpassungshandbuch<\/h2>\n<ol>\n<li><strong>Flasche\u200d\u200d\u200d\u200d\u200d\u200d Deckel:<\/strong> Der \u00e4u\u00dfere Teil der Flasche kann aus Metall, Bambus oder Kunststoff bestehen, und die Farbe kann aus einer breiten Palette von Farben wie Schwarz, Gold und Silber ausgew\u00e4hlt werden, um verschiedenen Stilanforderungen gerecht zu werden.<\/li>\n<li><strong>Volumen Optionen:<\/strong> Wie w\u00e4re es, wenn das Produkt in verschiedenen Gr\u00f6\u00dfen erh\u00e4ltlich w\u00e4re, zum Beispiel 80 ml, 120 ml und 150 ml? Dann k\u00f6nnte ein Anwender aus dem Haushalt, der Gastronomie oder einem Gewerbebetrieb entscheiden, welche Gr\u00f6\u00dfe f\u00fcr ihn am besten geeignet ist.<\/li>\n<li><strong>Glasflasche:<\/strong> Eine runde oder viereckige Flasche, mit mattierter oder transparenter Oberfl\u00e4che, ist ein perfekter Glasbeh\u00e4lter f\u00fcr Gew\u00fcrze, der besser zur Positionierung der Marke und zu den Markttrends passt.<\/li>\n<\/ol>","protected":false},"excerpt":{"rendered":"<p>Halten Sie Ihre Gew\u00fcrze frisch und organisiert mit unserem Glasgew\u00fcrzbeh\u00e4lter. Diese robusten Gew\u00fcrzdosen verf\u00fcgen \u00fcber einen Metalldeckel zur luftdichten, stilvollen Aufbewahrung in der K\u00fcche.<\/p>","protected":false},"featured_media":23321,"template":"","meta":[],"product_brand":[],"product_cat":[122,124,128],"product_tag":[],"class_list":{"0":"post-23317","1":"product","2":"type-product","3":"status-publish","4":"has-post-thumbnail","6":"product_cat-custom-glass-packaging","7":"product_cat-custom-glass-jars","8":"product_cat-spice-jars","10":"first","11":"instock","12":"shipping-taxable","13":"product-type-simple"},"jetpack_sharing_enabled":true,"_links":{"self":[{"href":"https:\/\/yebodaglass.com\/de\/wp-json\/wp\/v2\/product\/23317","targetHints":{"allow":["GET"]}}],"collection":[{"href":"https:\/\/yebodaglass.com\/de\/wp-json\/wp\/v2\/product"}],"about":[{"href":"https:\/\/yebodaglass.com\/de\/wp-json\/wp\/v2\/types\/product"}],"version-history":[{"count":4,"href":"https:\/\/yebodaglass.com\/de\/wp-json\/wp\/v2\/product\/23317\/revisions"}],"predecessor-version":[{"id":23325,"href":"https:\/\/yebodaglass.com\/de\/wp-json\/wp\/v2\/product\/23317\/revisions\/23325"}],"wp:featuredmedia":[{"embeddable":true,"href":"https:\/\/yebodaglass.com\/de\/wp-json\/wp\/v2\/media\/23321"}],"wp:attachment":[{"href":"https:\/\/yebodaglass.com\/de\/wp-json\/wp\/v2\/media?parent=23317"}],"wp:term":[{"taxonomy":"product_brand","embeddable":true,"href":"https:\/\/yebodaglass.com\/de\/wp-json\/wp\/v2\/product_brand?post=23317"},{"taxonomy":"product_cat","embeddable":true,"href":"https:\/\/yebodaglass.com\/de\/wp-json\/wp\/v2\/product_cat?post=23317"},{"taxonomy":"product_tag","embeddable":true,"href":"https:\/\/yebodaglass.com\/de\/wp-json\/wp\/v2\/product_tag?post=23317"}],"curies":[{"name":"wp","href":"https:\/\/api.w.org\/{rel}","templated":true}]}}