{"id":23286,"date":"2025-11-05T17:28:17","date_gmt":"2025-11-05T09:28:17","guid":{"rendered":"https:\/\/yebodaglass.com\/?post_type=product&#038;p=23286"},"modified":"2026-03-18T16:18:23","modified_gmt":"2026-03-18T08:18:23","slug":"200ml-spherical-glass-spices-jar-with-grinder-bulk","status":"publish","type":"product","link":"https:\/\/yebodaglass.com\/de\/200ml-spherical-glass-spices-jar-with-grinder-bulk\/","title":{"rendered":"200 ml kugelf\u00f6rmiges Gew\u00fcrzglas aus Glas mit Mahlwerk (Gro\u00dfpackung)"},"content":{"rendered":"<p>Das Gew\u00fcrzglas hat einen exklusiven, kugelf\u00f6rmigen, transparenten Glask\u00f6rper mit einem eleganten Mahlkopf aus Edelstahl, der zum manuellen Mahlen geeignet ist.<\/p>\n<h2>Produkteigenschaften<\/h2>\n<ul>\n<li><strong>Klares kugelf\u00f6rmiges Glasgef\u00e4\u00df:<\/strong> Das Glasgef\u00e4\u00df ist ein kugelf\u00f6rmiges, transparentes Glasgef\u00e4\u00df, das eine gro\u00dfartige visuelle Pr\u00e4sentation erm\u00f6glicht, die alle Gew\u00fcrze im Inneren des Gef\u00e4\u00dfes wundersch\u00f6n zur Geltung bringt und den Geschmack des Apothekers widerspiegelt.<\/li>\n<li><strong>Eingebautes Edelstahlmahlwerk:<\/strong> Der Metallkegel verf\u00fcgt \u00fcber ein eingebautes Mahlwerk, und frische Gew\u00fcrze k\u00f6nnen durch einfaches Drehen des Metallkegels gemahlen werden.<\/li>\n<li><strong>Material: Edelstahl<\/strong> Der Kegel und die Kappe aus geb\u00fcrstetem Metall bestehen aus langlebigen, leicht zu reinigenden und korrosionsbest\u00e4ndigen Metallsorten.<\/li>\n<\/ul>\n<h2>Wichtigste Spezifikationen<\/h2>\n<table style=\"border-collapse: collapse; width: 80%; margin-left: auto; margin-right: auto;\" border=\"0\" width=\"144\" cellspacing=\"0\" cellpadding=\"0\">\n<tbody>\n<tr style=\"height: 13.50pt;\">\n<td style=\"height: 13.5pt; width: 54pt; text-align: center;\" width=\"72\" height=\"18\">Kapazit\u00e4t<\/td>\n<td style=\"width: 54pt; text-align: center;\" width=\"72\">200 ml<\/td>\n<\/tr>\n<tr style=\"height: 13.50pt;\">\n<td style=\"height: 13.5pt; text-align: center;\" height=\"18\">Gr\u00f6\u00dfe (cm)<\/td>\n<td style=\"text-align: center;\">8.0 * 12.5<\/td>\n<\/tr>\n<tr style=\"height: 13.50pt;\">\n<td style=\"height: 13.5pt; text-align: center;\" height=\"18\">Form<\/td>\n<td style=\"text-align: center;\">Runden<\/td>\n<\/tr>\n<tr style=\"height: 13.50pt;\">\n<td style=\"height: 13.5pt; text-align: center;\" height=\"18\">Zubeh\u00f6r<\/td>\n<td style=\"text-align: center;\">Schleifkappe<\/td>\n<\/tr>\n<tr style=\"height: 13.50pt;\">\n<td style=\"height: 13.5pt; text-align: center;\" height=\"18\">Verwendung<\/td>\n<td style=\"text-align: center;\">Schwarzer Pfeffer oder Meersalz usw.<\/td>\n<\/tr>\n<\/tbody>\n<\/table>\n<h2>Erfolgsgeschichte<\/h2>\n<p>Eines unserer Gew\u00fcrzglas-Designs wurde von einem Fachgesch\u00e4ft im pazifischen Nordwesten ausgew\u00e4hlt, und ein sandgestrahltes Logo wurde auf den Stahlkegel aufgebracht. Dieses Programm war \u00e4u\u00dferst erfolgreich: Der Absatz von abgepackten Pfefferk\u00f6rnern und Meersalz stieg im Vergleich zu abgepackten Produkten um 40 Prozent. Retouren aufgrund von M\u00fchlenfehlern konnten praktisch eliminiert werden. Aufgrund dieser hohen Verkaufszahlen bestellte das Gesch\u00e4ft weitere 600.000 Gl\u00e4ser, um neue Produkte wie hochwertigen Knoblauch und ger\u00e4uchertes Paprikapulver einzuf\u00fchren.<\/p>\n<h2>Anpassung von\u00a0<strong>Gew\u00fcrzgl\u00e4ser<\/strong><\/h2>\n<ol>\n<li><strong>Schleifen der Komponentenmaterialien:<\/strong> Je nachdem, welche Gew\u00fcrze Sie verwenden, entscheiden Sie sich f\u00fcr Aluminiumoxidkeramik oder Edelstahl.<\/li>\n<li><strong>Formen und Designs:<\/strong> Passen Sie die Form der M\u00fchle an Ihren Stil oder den Stil Ihrer K\u00fcche an, z. B. rund, quadratisch oder konisch.<\/li>\n<li><strong>Muster und Farben:<\/strong> Verzieren Sie Ihr Produkt mit Logos, Mustern oder Farben f\u00fcr einen einzigartigen Look.<\/li>\n<\/ol>","protected":false},"excerpt":{"rendered":"<p>Stilvolle Gew\u00fcrzgl\u00e4ser mit Edelstahl-Mahlwerk im Deckel, ideal zum Aufbewahren und Mahlen von Pfeffer, Salz oder Kr\u00e4utern. Eine langlebige und elegante Wahl f\u00fcr Ihre Gew\u00fcrze.<\/p>","protected":false},"featured_media":23287,"template":"","meta":[],"product_brand":[],"product_cat":[128,124,122],"product_tag":[],"class_list":{"0":"post-23286","1":"product","2":"type-product","3":"status-publish","4":"has-post-thumbnail","6":"product_cat-spice-jars","7":"product_cat-custom-glass-jars","8":"product_cat-custom-glass-packaging","10":"first","11":"instock","12":"shipping-taxable","13":"product-type-simple"},"jetpack_sharing_enabled":true,"_links":{"self":[{"href":"https:\/\/yebodaglass.com\/de\/wp-json\/wp\/v2\/product\/23286","targetHints":{"allow":["GET"]}}],"collection":[{"href":"https:\/\/yebodaglass.com\/de\/wp-json\/wp\/v2\/product"}],"about":[{"href":"https:\/\/yebodaglass.com\/de\/wp-json\/wp\/v2\/types\/product"}],"version-history":[{"count":5,"href":"https:\/\/yebodaglass.com\/de\/wp-json\/wp\/v2\/product\/23286\/revisions"}],"predecessor-version":[{"id":25501,"href":"https:\/\/yebodaglass.com\/de\/wp-json\/wp\/v2\/product\/23286\/revisions\/25501"}],"wp:featuredmedia":[{"embeddable":true,"href":"https:\/\/yebodaglass.com\/de\/wp-json\/wp\/v2\/media\/23287"}],"wp:attachment":[{"href":"https:\/\/yebodaglass.com\/de\/wp-json\/wp\/v2\/media?parent=23286"}],"wp:term":[{"taxonomy":"product_brand","embeddable":true,"href":"https:\/\/yebodaglass.com\/de\/wp-json\/wp\/v2\/product_brand?post=23286"},{"taxonomy":"product_cat","embeddable":true,"href":"https:\/\/yebodaglass.com\/de\/wp-json\/wp\/v2\/product_cat?post=23286"},{"taxonomy":"product_tag","embeddable":true,"href":"https:\/\/yebodaglass.com\/de\/wp-json\/wp\/v2\/product_tag?post=23286"}],"curies":[{"name":"wp","href":"https:\/\/api.w.org\/{rel}","templated":true}]}}