{"id":23277,"date":"2025-11-05T16:32:10","date_gmt":"2025-11-05T08:32:10","guid":{"rendered":"https:\/\/yebodaglass.com\/?post_type=product&#038;p=23277"},"modified":"2026-03-19T11:29:08","modified_gmt":"2026-03-19T03:29:08","slug":"cylindrical-airtight-spice-jars-with-stainless-lid-bulk","status":"publish","type":"product","link":"https:\/\/yebodaglass.com\/de\/cylindrical-airtight-spice-jars-with-stainless-lid-bulk\/","title":{"rendered":"100 ml zylindrische, luftdichte Gew\u00fcrzgl\u00e4ser mit Edelstahldeckel (Gro\u00dfpackung)"},"content":{"rendered":"<p>Diese luftdichten Gew\u00fcrzgl\u00e4ser sind glatt, zylindrisch geformt, aus hochwertigem Klarglas gefertigt und mit Deckeln aus Edelstahl versehen. Sie eignen sich hervorragend zur Aufbewahrung von Gew\u00fcrzen und k\u00f6nnen daher in der Speisekammer oder auf der Arbeitsfl\u00e4che aufbewahrt werden.<\/p>\n<h2>Produkteigenschaften<\/h2>\n<ul>\n<li><strong>Klares zylindrisches Design:<\/strong> Die Glasw\u00e4nde sind gerade, der Boden ist flach, was f\u00fcr gro\u00dfe Stabilit\u00e4t sorgt und eine vollst\u00e4ndige Sicht auf den Inhalt und den F\u00fcllstand erm\u00f6glicht.<\/li>\n<li><strong>Luftdichter Edelstahldeckel:<\/strong> Der Schraubverschluss besteht aus geb\u00fcrstetem Edelstahl und gew\u00e4hrleistet so einen zuverl\u00e4ssigen, luftdichten Verschluss, der Geschmack und Aroma bewahrt.<\/li>\n<li><strong>Einfache Reinigung und Pflege:<\/strong> Sowohl Glas als auch Edelstahl sind hitzebest\u00e4ndig, leicht zu reinigen, wiederbef\u00fcllbar, umweltfreundlich und k\u00f6nnen \u00fcber einen langen Zeitraum in der K\u00fcche verwendet werden.<\/li>\n<\/ul>\n<h2>Wichtigste Spezifikationen<\/h2>\n<table style=\"border-collapse: collapse; width: 80%; margin-left: auto; margin-right: auto;\" border=\"0\" width=\"144\" cellspacing=\"0\" cellpadding=\"0\">\n<tbody>\n<tr style=\"height: 13.50pt;\">\n<td style=\"height: 13.5pt; width: 54pt; text-align: center;\" width=\"72\" height=\"18\">Kapazit\u00e4t<\/td>\n<td style=\"width: 54pt; text-align: center;\" width=\"72\">100 ml<\/td>\n<\/tr>\n<tr style=\"height: 13.50pt;\">\n<td style=\"height: 13.5pt; text-align: center;\" height=\"18\">Gr\u00f6\u00dfe (cm)<\/td>\n<td style=\"text-align: center;\">4,3 x 9,4<\/td>\n<\/tr>\n<tr style=\"height: 13.50pt;\">\n<td style=\"height: 13.5pt; text-align: center;\" height=\"18\">Form<\/td>\n<td style=\"text-align: center;\">Zylinder<\/td>\n<\/tr>\n<tr style=\"height: 13.50pt;\">\n<td style=\"height: 13.5pt; text-align: center;\" height=\"18\">Farbe<\/td>\n<td style=\"text-align: center;\">Klar oder benutzerdefiniert<\/td>\n<\/tr>\n<tr style=\"height: 13.50pt;\">\n<td style=\"height: 13.5pt; text-align: center;\" height=\"18\">Verwendung<\/td>\n<td style=\"text-align: center;\">F\u00fcr trockene Gew\u00fcrze wie Pfeffer, Salz, Zucker, Kaffeepulver<\/td>\n<\/tr>\n<\/tbody>\n<\/table>\n<h2>Erfolgsgeschichte<\/h2>\n<p>Unsere luftdichten Gew\u00fcrzgl\u00e4ser, personalisierten Messbecher und Silikon-Dichtungsringe wurden von einer landesweiten Reformhauskette bestellt. Die Ergebnisse waren beeindruckend: Die optimale Dichtigkeit der Gew\u00fcrzringe verl\u00e4ngerte die Haltbarkeit hygroskopischer Gew\u00fcrze wie Zimt und Muskatnuss um 30 Prozent, wodurch Lebensmittelverschwendung reduziert wurde. Die transparenten Gl\u00e4ser mit Markierungen halfen den Mitarbeitern, optimale Lagerbest\u00e4nde zu verwalten und sparten ihnen zudem 20 Prozent Zeit beim Auff\u00fcllen der Best\u00e4nde. Aufgrund dieser positiven Ergebnisse bestellte die Kette weitere 220.000 Dosen, um das System auch auf ihre Tee- und Pulverprodukte auszuweiten.<\/p>\n<h2>Anpassung von\u00a0<strong>Gew\u00fcrzaufbewahrungsbeh\u00e4lter<\/strong><\/h2>\n<ol>\n<li><strong>Bezugsmaterial und Farbe k\u00f6nnen angepasst werden:<\/strong> Es stehen vier verschiedene Deckelvarianten zur Verf\u00fcgung (geb\u00fcrsteter Edelstahl, Mattschwarz, Ros\u00e9gold oder Kupfer), um das Erscheinungsbild verschiedener Markenk\u00fcchenkollektionen zu harmonisieren.<\/li>\n<li><strong>Oberfl\u00e4che des Glasgef\u00e4\u00dfes:<\/strong> Das durchsichtige Gef\u00e4\u00df kann in ein mattiertes oder sandgestrahltes Gef\u00e4\u00df verwandelt und auch mit Markenlogos oder Graduierungen bedruckt werden, wodurch Sch\u00f6nheit mit Funktionalit\u00e4t verbunden wird.<\/li>\n<li><strong>Ihre Gr\u00f6\u00dfen k\u00f6nnen sein:<\/strong> Ma\u00dfgefertigt f\u00fcr die Lagerung von Gew\u00fcrzen, Tees oder Trockenwaren in jeder Menge.<\/li>\n<\/ol>","protected":false},"excerpt":{"rendered":"<p>Hochwertige, luftdichte Gew\u00fcrzgl\u00e4ser mit Edelstahldeckeln und transparentem Korpus. Stilvolle Aufbewahrungsbeh\u00e4lter f\u00fcr Gew\u00fcrze \u2013 ideal f\u00fcr die K\u00fcchenorganisation. Direkt vom Hersteller.<\/p>","protected":false},"featured_media":23278,"template":"","meta":[],"product_brand":[],"product_cat":[124,122,128],"product_tag":[],"class_list":{"0":"post-23277","1":"product","2":"type-product","3":"status-publish","4":"has-post-thumbnail","6":"product_cat-custom-glass-jars","7":"product_cat-custom-glass-packaging","8":"product_cat-spice-jars","10":"first","11":"instock","12":"shipping-taxable","13":"product-type-simple"},"jetpack_sharing_enabled":true,"_links":{"self":[{"href":"https:\/\/yebodaglass.com\/de\/wp-json\/wp\/v2\/product\/23277","targetHints":{"allow":["GET"]}}],"collection":[{"href":"https:\/\/yebodaglass.com\/de\/wp-json\/wp\/v2\/product"}],"about":[{"href":"https:\/\/yebodaglass.com\/de\/wp-json\/wp\/v2\/types\/product"}],"version-history":[{"count":5,"href":"https:\/\/yebodaglass.com\/de\/wp-json\/wp\/v2\/product\/23277\/revisions"}],"predecessor-version":[{"id":25515,"href":"https:\/\/yebodaglass.com\/de\/wp-json\/wp\/v2\/product\/23277\/revisions\/25515"}],"wp:featuredmedia":[{"embeddable":true,"href":"https:\/\/yebodaglass.com\/de\/wp-json\/wp\/v2\/media\/23278"}],"wp:attachment":[{"href":"https:\/\/yebodaglass.com\/de\/wp-json\/wp\/v2\/media?parent=23277"}],"wp:term":[{"taxonomy":"product_brand","embeddable":true,"href":"https:\/\/yebodaglass.com\/de\/wp-json\/wp\/v2\/product_brand?post=23277"},{"taxonomy":"product_cat","embeddable":true,"href":"https:\/\/yebodaglass.com\/de\/wp-json\/wp\/v2\/product_cat?post=23277"},{"taxonomy":"product_tag","embeddable":true,"href":"https:\/\/yebodaglass.com\/de\/wp-json\/wp\/v2\/product_tag?post=23277"}],"curies":[{"name":"wp","href":"https:\/\/api.w.org\/{rel}","templated":true}]}}