{"id":23259,"date":"2025-11-05T15:32:38","date_gmt":"2025-11-05T07:32:38","guid":{"rendered":"https:\/\/yebodaglass.com\/?post_type=product&#038;p=23259"},"modified":"2025-11-05T15:32:40","modified_gmt":"2025-11-05T07:32:40","slug":"glass-seasoning-bottles-with-hole-lid-wholesale","status":"publish","type":"product","link":"https:\/\/yebodaglass.com\/de\/glass-seasoning-bottles-with-hole-lid-wholesale\/","title":{"rendered":"50-ml- und 80-ml-Gew\u00fcrzflaschen aus Glas mit Lochdeckel"},"content":{"rendered":"<p>Sie m\u00f6chten keine Gew\u00fcrzgl\u00e4ser, die auslaufen oder Ihre Zutaten verdecken? Wir fertigen Gew\u00fcrzflaschen mit griffiger Gitterstruktur \u2013 so rutscht Ihnen der Griff nicht mehr ab. Diese Beh\u00e4lter machen Ihre K\u00fcche zum stilvollen Mittelpunkt. Bei Gro\u00dfbestellungen erhalten Sie Deckel in individuellen Farben passend zu Ihrer Marke.<\/p>\n<h2>Produkteigenschaften<\/h2>\n<p><strong>Gitterstrukturgriff<\/strong><\/p>\n<p>Rillen sorgen nicht nur f\u00fcr Komfort, sondern auch f\u00fcr Stil \u2013 Ihre Gew\u00fcrzflaschen f\u00fchlen sich in der Hand wie ein Premiumprodukt an.<\/p>\n<p><strong>Farbige Deckeloptionen<\/strong><\/p>\n<p>W\u00e4hlen Sie einen roten, schwarzen, gelben oder gr\u00fcnen Deckel \u2013 so wird Ihr individueller Gew\u00fcrzbeh\u00e4lter zu einem besonderen Geschenk.<\/p>\n<p><strong>Kristallklare<\/strong><\/p>\n<p>Durch das Klarglas ist jedes einzelne Gew\u00fcrzkorn sichtbar \u2013 Kunden vertrauen Ihren Gew\u00fcrzbeh\u00e4ltern sofort.<\/p>\n<h2>Wichtigste Spezifikationen<\/h2>\n<table style=\"border-collapse: collapse; width: 80%; margin-left: auto; margin-right: auto;\" border=\"0\" width=\"144\" cellspacing=\"0\" cellpadding=\"0\">\n<tbody>\n<tr style=\"height: 13.50pt;\">\n<td style=\"height: 13.5pt; width: 54pt; text-align: center;\" width=\"72\" height=\"18\">Kapazit\u00e4t<\/td>\n<td style=\"width: 54pt; text-align: center;\" width=\"72\">50 ml, 80 ml<\/td>\n<\/tr>\n<tr style=\"height: 13.50pt;\">\n<td style=\"height: 13.5pt; text-align: center;\" height=\"18\">Deckeloptionen<\/td>\n<td style=\"text-align: center;\">Kunststoff, Metall, Bambus<\/td>\n<\/tr>\n<tr style=\"height: 13.50pt;\">\n<td style=\"height: 13.5pt; text-align: center;\" height=\"18\">Form<\/td>\n<td style=\"text-align: center;\">Zylinder<\/td>\n<\/tr>\n<tr style=\"height: 13.50pt;\">\n<td style=\"height: 13.5pt; text-align: center;\" height=\"18\">Farbe<\/td>\n<td style=\"text-align: center;\">L\u00f6schen (anpassbar)<\/td>\n<\/tr>\n<tr style=\"height: 13.50pt;\">\n<td style=\"height: 13.5pt; text-align: center;\" height=\"18\">Geeignet f\u00fcr<\/td>\n<td style=\"text-align: center;\">Restaurants, Caf\u00e9s, Superm\u00e4rkte usw.<\/td>\n<\/tr>\n<\/tbody>\n<\/table>\n<h2>Erfolgsbeispiel<\/h2>\n<p>Eine mexikanische Restaurantkette hat sich mit uns zusammengetan, um diese 80-ml-Gew\u00fcrzbeh\u00e4lter aus Glas zu personalisieren. Sie wurden aufgrund ihrer idealen Gr\u00f6\u00dfe und Transparenz ausgew\u00e4hlt, damit Kunden die verschiedenen Gew\u00fcrze schnell erkennen k\u00f6nnen. Die leuchtend roten Deckel spiegeln die Markenfarben des Restaurants wider, und der individuelle Logodruck auf der Flasche verleiht ihr eine elegante Note.<\/p>\n<p>Nach der Umstellung stieg die Kundenzufriedenheit deutlich an, und die Mitarbeiter berichteten, dass das Nachf\u00fcllen von Gew\u00fcrzen und die Reinigung nun sehr viel bequemer geworden seien.<\/p>\n<h2>Ihr individuelles Anpassungshandbuch<\/h2>\n<ol>\n<li><strong>Anpassbare Kappenfarben:<\/strong> W\u00e4hlen Sie eine andersfarbige Plastikkappe, zum Beispiel eine schwarze, gr\u00fcne oder rote, um sie entweder an Ihr Markenimage oder den Stil Ihres Restaurants anzupassen und so eine visuelle Harmonie zu erzielen, die \u00e4sthetisch ansprechend ist.<\/li>\n<li><strong>Verschiedene Kapazit\u00e4tsoptionen:<\/strong> Kann in verschiedenen Kapazit\u00e4ten individuell angepasst werden, um den Bed\u00fcrfnissen der beiden K\u00fcchentypen \u2013 Haushaltsk\u00fcchen und Restaurantk\u00fcchen \u2013 mit ihren unterschiedlichen Kapazit\u00e4ten gerecht zu werden.<\/li>\n<\/ol>","protected":false},"excerpt":{"rendered":"<p>Robuste Gew\u00fcrzflaschen aus Glas mit roten Deckeln, ideal zur Aufbewahrung von Salz, Pfeffer und Chilipulver. Perfekt f\u00fcr die heimische K\u00fcche oder Restaurants.<\/p>","protected":false},"featured_media":23269,"template":"","meta":[],"product_brand":[],"product_cat":[122,124,128],"product_tag":[],"class_list":{"0":"post-23259","1":"product","2":"type-product","3":"status-publish","4":"has-post-thumbnail","6":"product_cat-custom-glass-packaging","7":"product_cat-custom-glass-jars","8":"product_cat-spice-jars","10":"first","11":"instock","12":"shipping-taxable","13":"product-type-simple"},"jetpack_sharing_enabled":true,"_links":{"self":[{"href":"https:\/\/yebodaglass.com\/de\/wp-json\/wp\/v2\/product\/23259","targetHints":{"allow":["GET"]}}],"collection":[{"href":"https:\/\/yebodaglass.com\/de\/wp-json\/wp\/v2\/product"}],"about":[{"href":"https:\/\/yebodaglass.com\/de\/wp-json\/wp\/v2\/types\/product"}],"version-history":[{"count":5,"href":"https:\/\/yebodaglass.com\/de\/wp-json\/wp\/v2\/product\/23259\/revisions"}],"predecessor-version":[{"id":23276,"href":"https:\/\/yebodaglass.com\/de\/wp-json\/wp\/v2\/product\/23259\/revisions\/23276"}],"wp:featuredmedia":[{"embeddable":true,"href":"https:\/\/yebodaglass.com\/de\/wp-json\/wp\/v2\/media\/23269"}],"wp:attachment":[{"href":"https:\/\/yebodaglass.com\/de\/wp-json\/wp\/v2\/media?parent=23259"}],"wp:term":[{"taxonomy":"product_brand","embeddable":true,"href":"https:\/\/yebodaglass.com\/de\/wp-json\/wp\/v2\/product_brand?post=23259"},{"taxonomy":"product_cat","embeddable":true,"href":"https:\/\/yebodaglass.com\/de\/wp-json\/wp\/v2\/product_cat?post=23259"},{"taxonomy":"product_tag","embeddable":true,"href":"https:\/\/yebodaglass.com\/de\/wp-json\/wp\/v2\/product_tag?post=23259"}],"curies":[{"name":"wp","href":"https:\/\/api.w.org\/{rel}","templated":true}]}}