{"id":23258,"date":"2025-11-05T13:20:07","date_gmt":"2025-11-05T05:20:07","guid":{"rendered":"https:\/\/yebodaglass.com\/?post_type=product&#038;p=23258"},"modified":"2026-03-24T13:44:04","modified_gmt":"2026-03-24T05:44:04","slug":"wholesale-clear-empty-glass-bottles-for-hot-sauce","status":"publish","type":"product","link":"https:\/\/yebodaglass.com\/de\/wholesale-clear-empty-glass-bottles-for-hot-sauce\/","title":{"rendered":"Gro\u00dfhandel mit 8oz (ca. 237 ml) durchsichtigen, leeren Glasflaschen f\u00fcr scharfe So\u00dfe"},"content":{"rendered":"<p>Die Flaschen f\u00fcr die scharfe Sauce haben eine elegante, hochtaillierte, zylindrische Form aus schlankem, kristallklarem Glas und einen stilvollen schwarzen Schraubverschluss, der f\u00fcr einen luftdichten Verschluss sorgt.<\/p>\n<h2>Produkteigenschaften<\/h2>\n<ul>\n<li><strong>Gebogener Griff:<\/strong> Durch die konische Form l\u00e4sst sich die Flasche auch bei rutschigen H\u00e4nden gut greifen und erm\u00f6glicht zudem ein stabileres und komfortableres Ausgie\u00dfen.<\/li>\n<li><strong>Hochtransparentes Klarglas:<\/strong> Die Glasflasche r\u00fcckt die leuchtenden Farben und Texturen der Saucen, W\u00fcrzmittel oder Speise\u00f6le grafisch in den Vordergrund.<\/li>\n<li><strong>Sichere schwarze Versiegelung:<\/strong> Der gl\u00e4nzende schwarze Schraubverschluss dient dazu, den Inhalt frisch zu halten und ein Auslaufen zu verhindern.<\/li>\n<\/ul>\n<h2 style=\"text-align: left;\">Wichtigste Spezifikationen<\/h2>\n<table class=\"aligncenter\" style=\"border-collapse: collapse; width: 399.02pt;\" border=\"0\" width=\"532\" cellspacing=\"0\" cellpadding=\"0\">\n<tbody>\n<tr style=\"height: 13.50pt;\">\n<td style=\"height: 13.50pt; width: 94.50pt;\" width=\"126\" height=\"18\">Besonderheit<\/td>\n<td style=\"width: 304.50pt;\" width=\"406\">Spezifikation<\/td>\n<\/tr>\n<tr style=\"height: 13.50pt;\">\n<td style=\"height: 13.50pt;\" height=\"18\">Kapazit\u00e4t<\/td>\n<td>250 ml (8 oz)<\/td>\n<\/tr>\n<tr style=\"height: 13.50pt;\">\n<td style=\"height: 13.50pt;\" height=\"18\">Ma\u00dfe<\/td>\n<td>5,2 cm (Durchmesser) \u00d7 18,8 cm (H\u00f6he)<\/td>\n<\/tr>\n<tr style=\"height: 13.50pt;\">\n<td style=\"height: 13.50pt;\" height=\"18\">Form<\/td>\n<td>Schlank zylindrisch mit langem Hals<\/td>\n<\/tr>\n<tr style=\"height: 13.50pt;\">\n<td style=\"height: 13.50pt;\" height=\"18\">Material<\/td>\n<td>Klares, stabiles Glas, lebensmittelecht, bleifrei<\/td>\n<\/tr>\n<tr style=\"height: 13.50pt;\">\n<td style=\"height: 13.50pt;\" height=\"18\">Schlie\u00dfung<\/td>\n<td>schwarzer Schraubverschluss (anpassbar)<\/td>\n<\/tr>\n<tr style=\"height: 13.50pt;\">\n<td style=\"height: 13.50pt;\" height=\"18\">Am besten f\u00fcr<\/td>\n<td>Scharfe So\u00dfe, BBQ-So\u00dfe, W\u00fcrzmittel, Dressing<\/td>\n<\/tr>\n<tr style=\"height: 13.50pt;\">\n<td style=\"height: 13.50pt;\" height=\"18\">Ideale Verwendung<\/td>\n<td>Flaschen f\u00fcr scharfe So\u00dfe, Gro\u00dfflaschen f\u00fcr scharfe So\u00dfe<\/td>\n<\/tr>\n<\/tbody>\n<\/table>\n<h2>Erfolgsgeschichte<\/h2>\n<p>Unsere So\u00dfenflaschen wurden von einer Marke f\u00fcr handgemachte scharfe So\u00dfen aus North Carolina verwendet. Die Flasche tr\u00e4gt ein speziell angefertigtes Vintage-Etikett, und der Verschluss ist mit schwarzem, hitzebest\u00e4ndigem Phenolharz ausgekleidet. Der Erfolg der individuellen Verpackung war enorm: Die transparente Glasflasche lie\u00df die Textur und Farbe der scharfen So\u00dfe optimal zur Geltung kommen, was den Online-Direktvertrieb um 30 Prozent steigerte. Dank des hochwertigen Erscheinungsbilds konnte die Marke erfolgreich in 200 neue Feinkostl\u00e4den und Geschenkartikelgesch\u00e4fte aufgenommen werden. Aufgrund dieses Erfolgs bestellte sie weitere 750.000 Flaschen, um eine neue Marke f\u00fcr w\u00fcrzige Barbecue-So\u00dfen und Marinaden auf den Markt zu bringen.<\/p>\n<h2>Ideen zur Flaschenmodifizierung<\/h2>\n<ul>\n<li><strong>Alternativen zu Buntglas:<\/strong> Neben der Verwendung von Klarglas k\u00f6nnen Sie sich auch f\u00fcr bernsteinfarbene oder gr\u00fcne Glasflaschen entscheiden, um das Image des Produkts zu verbessern und es vor Licht zu sch\u00fctzen.<\/li>\n<li><strong>Individuelle Kappenfarben:<\/strong> Wenn Sie sich f\u00fcr eine andere Kappenfarbe als Schwarz entscheiden, beispielsweise f\u00fcr die Farbe Ihrer Marke, die dazu passt und gut mit den anderen Farben harmoniert, wie Wei\u00df, Gold oder Silber, dann kann es sich um diese Farbe handeln.<\/li>\n<li><strong>Pr\u00e4gung:<\/strong> Eine M\u00f6glichkeit, Ihrer Glasflasche einen eleganten und luxuri\u00f6sen Stil ohne Aufdringlichkeit zu verleihen, besteht darin, Ihr Logo auf der Schulter oder dem Boden der Flasche zu pr\u00e4gen.<\/li>\n<li><strong>Verschiedene Auslaufgr\u00f6\u00dfen:<\/strong> W\u00e4hlen Sie die richtige D\u00fcsengr\u00f6\u00dfe, um die Durchflussmenge Ihrer Sauce vollst\u00e4ndig kontrollieren zu k\u00f6nnen, egal ob sie so d\u00fcnnfl\u00fcssig wie Essig oder so dickfl\u00fcssig wie Barbecue-Sauce ist.<\/li>\n<\/ul>","protected":false},"excerpt":{"rendered":"<p>Elegante, zylindrische Saucenflaschen mit schwarzem Deckel. Ideal f\u00fcr scharfe Saucen, um deren Textur und Farbe optimal zur Geltung zu bringen. Gratisproben und Mengenrabatte!<\/p>","protected":false},"featured_media":23261,"template":"","meta":[],"product_brand":[],"product_cat":[129,123,122],"product_tag":[],"class_list":{"0":"post-23258","1":"product","2":"type-product","3":"status-publish","4":"has-post-thumbnail","6":"product_cat-hot-sauce-bottles","7":"product_cat-custom-glass-bottles","8":"product_cat-custom-glass-packaging","10":"first","11":"instock","12":"shipping-taxable","13":"product-type-simple"},"jetpack_sharing_enabled":true,"_links":{"self":[{"href":"https:\/\/yebodaglass.com\/de\/wp-json\/wp\/v2\/product\/23258","targetHints":{"allow":["GET"]}}],"collection":[{"href":"https:\/\/yebodaglass.com\/de\/wp-json\/wp\/v2\/product"}],"about":[{"href":"https:\/\/yebodaglass.com\/de\/wp-json\/wp\/v2\/types\/product"}],"version-history":[{"count":4,"href":"https:\/\/yebodaglass.com\/de\/wp-json\/wp\/v2\/product\/23258\/revisions"}],"predecessor-version":[{"id":25585,"href":"https:\/\/yebodaglass.com\/de\/wp-json\/wp\/v2\/product\/23258\/revisions\/25585"}],"wp:featuredmedia":[{"embeddable":true,"href":"https:\/\/yebodaglass.com\/de\/wp-json\/wp\/v2\/media\/23261"}],"wp:attachment":[{"href":"https:\/\/yebodaglass.com\/de\/wp-json\/wp\/v2\/media?parent=23258"}],"wp:term":[{"taxonomy":"product_brand","embeddable":true,"href":"https:\/\/yebodaglass.com\/de\/wp-json\/wp\/v2\/product_brand?post=23258"},{"taxonomy":"product_cat","embeddable":true,"href":"https:\/\/yebodaglass.com\/de\/wp-json\/wp\/v2\/product_cat?post=23258"},{"taxonomy":"product_tag","embeddable":true,"href":"https:\/\/yebodaglass.com\/de\/wp-json\/wp\/v2\/product_tag?post=23258"}],"curies":[{"name":"wp","href":"https:\/\/api.w.org\/{rel}","templated":true}]}}