{"id":23225,"date":"2025-11-05T10:06:40","date_gmt":"2025-11-05T02:06:40","guid":{"rendered":"https:\/\/yebodaglass.com\/?post_type=product&#038;p=23225"},"modified":"2026-04-10T09:35:05","modified_gmt":"2026-04-10T01:35:05","slug":"stainless-steel-seasoning-shakers-with-glass-window-bulk","status":"publish","type":"product","link":"https:\/\/yebodaglass.com\/de\/stainless-steel-seasoning-shakers-with-glass-window-bulk\/","title":{"rendered":"3-Unzen-Gew\u00fcrzstreuer aus Edelstahl mit Sichtfenster (Gro\u00dfpackung)"},"content":{"rendered":"<p>Diese Gew\u00fcrzstreuer haben eine schlanke, zylindrische Form. Ihre Au\u00dfenseite besteht aus geb\u00fcrstetem Edelstahl, und im Inneren befindet sich ein ovales, transparentes Fenster, durch das die farbenfrohen Gew\u00fcrze im Inneren deutlich zu sehen sind.<\/p>\n<h2>Produkteigenschaften<\/h2>\n<ul>\n<li><strong>Hochwertige Edelstahlflaschen:<\/strong> Der Korpus aus geb\u00fcrstetem Edelstahl ist rostbest\u00e4ndig, leicht zu reinigen und robust genug, um den Anforderungen des t\u00e4glichen K\u00fcchenalltags gerecht zu werden.<\/li>\n<li><strong>Integriertes Sichtfenster:<\/strong> Durch das transparente ovale Sichtfenster k\u00f6nnen Sie Art und Menge der verbleibenden W\u00fcrzmittel leicht erkennen und vermeiden, etwas zu verschwenden.<\/li>\n<li><strong>Verstellbarer Sch\u00fcttelverschluss:<\/strong> Der Schraubverschluss verf\u00fcgt \u00fcber ein Drehrad, das in drei Positionen geschaltet werden kann: schlie\u00dfen, spr\u00fchen und gie\u00dfen, sodass der Schraubverschluss pr\u00e4zise gesteuert werden kann.<\/li>\n<\/ul>\n<h2>Wichtigste Spezifikationen<\/h2>\n<table style=\"border-collapse: collapse; width: 80%; height: auto; margin-left: auto; margin-right: auto;\" border=\"0\" width=\"360\" cellspacing=\"0\" cellpadding=\"0\">\n<tbody>\n<tr style=\"height: 13.50pt;\">\n<td style=\"height: 13.5pt; width: 54pt; text-align: center;\" width=\"72\" height=\"18\">Kapazit\u00e4t<\/td>\n<td style=\"width: 54pt; text-align: center;\" width=\"72\">Form<\/td>\n<td style=\"width: 54pt; text-align: center;\" width=\"72\">Material<\/td>\n<td style=\"width: 54pt; text-align: center;\" width=\"72\">Farboptionen<\/td>\n<td style=\"width: 54pt; text-align: center;\" width=\"72\">Verwendung<\/td>\n<\/tr>\n<tr style=\"height: 13.50pt;\">\n<td style=\"height: 13.5pt; text-align: center;\" height=\"18\">80 ml, 90 ml, 100 ml<\/td>\n<td style=\"text-align: center;\">Zylinder<\/td>\n<td style=\"text-align: center;\">Edelstahl 304 + Glas<\/td>\n<td style=\"text-align: center;\">Rot, Schwarz, Blau, Gr\u00fcn<\/td>\n<td style=\"text-align: center;\">F\u00fcr Salz, Pfeffer, Chiliflocken oder andere gemahlene Gew\u00fcrze<\/td>\n<\/tr>\n<\/tbody>\n<\/table>\n<h2>Erfolgsgeschichte: Wiederer\u00f6ffnung einer Fischrestaurantkette in Florida<\/h2>\n<p>Unsere Gew\u00fcrzflaschen aus Edelstahl wurden von einer Restaurantkette in Florida ausgew\u00e4hlt, die ihr Logo und Flaschendesign personalisieren lie\u00df. Dank des Sichtfensters k\u00f6nnen die Servicekr\u00e4fte die Flaschen in k\u00fcrzester Zeit nachf\u00fcllen, wodurch leere Flaschen vermieden und der Service um 15 % beschleunigt werden. Der verstellbare Verschluss reduziert Verschwendung; die R\u00fcckmeldungen der Restaurantkette zeigen, dass der Abfall bei Gew\u00fcrzen um sch\u00e4tzungsweise 15 % reduziert werden konnte. Die Restaurantkette war so zufrieden mit dem Produkt, dass sie anschlie\u00dfend \u00fcber 100.000 Gew\u00fcrzflaschen bestellte, um alle 50 Filialen auszustatten, und au\u00dferdem eine eigene Gew\u00fcrzlinie f\u00fcr den Einzelhandel einf\u00fchrte.<\/p>\n<h2>Ihr individuelles Anpassungshandbuch<\/h2>\n<ul>\n<li><strong>Flaschenausf\u00fchrungen und Farben:<\/strong> Die Flaschen sind in traditionellem Edelstahl, schwarzem Edelstahl, Kupfer oder Bronze erh\u00e4ltlich.<\/li>\n<li><strong>Fenstergestaltung:<\/strong> Anpassbare runde, quadratische und mit Markenlogo versehene Fensterformen.<\/li>\n<li><strong>Kappeneinlagen:<\/strong> Es gibt verschiedene Arten von Perforationen, wie zum Beispiel feine, mittlere und grobe Perforationen.<\/li>\n<\/ul>","protected":false},"excerpt":{"rendered":"<p>Hochwertige Gew\u00fcrzstreuer mit geb\u00fcrstetem Edelstahlgeh\u00e4use und verstellbarem Deckel. Zuverl\u00e4ssige Gew\u00fcrzflaschen, ideal f\u00fcr K\u00fcchengew\u00fcrze und Kr\u00e4uter. Schneller Versand.<\/p>","protected":false},"featured_media":23242,"template":"","meta":[],"product_brand":[],"product_cat":[128,124,122],"product_tag":[],"class_list":{"0":"post-23225","1":"product","2":"type-product","3":"status-publish","4":"has-post-thumbnail","6":"product_cat-spice-jars","7":"product_cat-custom-glass-jars","8":"product_cat-custom-glass-packaging","10":"first","11":"instock","12":"shipping-taxable","13":"product-type-simple"},"jetpack_sharing_enabled":true,"_links":{"self":[{"href":"https:\/\/yebodaglass.com\/de\/wp-json\/wp\/v2\/product\/23225","targetHints":{"allow":["GET"]}}],"collection":[{"href":"https:\/\/yebodaglass.com\/de\/wp-json\/wp\/v2\/product"}],"about":[{"href":"https:\/\/yebodaglass.com\/de\/wp-json\/wp\/v2\/types\/product"}],"version-history":[{"count":5,"href":"https:\/\/yebodaglass.com\/de\/wp-json\/wp\/v2\/product\/23225\/revisions"}],"predecessor-version":[{"id":25475,"href":"https:\/\/yebodaglass.com\/de\/wp-json\/wp\/v2\/product\/23225\/revisions\/25475"}],"wp:featuredmedia":[{"embeddable":true,"href":"https:\/\/yebodaglass.com\/de\/wp-json\/wp\/v2\/media\/23242"}],"wp:attachment":[{"href":"https:\/\/yebodaglass.com\/de\/wp-json\/wp\/v2\/media?parent=23225"}],"wp:term":[{"taxonomy":"product_brand","embeddable":true,"href":"https:\/\/yebodaglass.com\/de\/wp-json\/wp\/v2\/product_brand?post=23225"},{"taxonomy":"product_cat","embeddable":true,"href":"https:\/\/yebodaglass.com\/de\/wp-json\/wp\/v2\/product_cat?post=23225"},{"taxonomy":"product_tag","embeddable":true,"href":"https:\/\/yebodaglass.com\/de\/wp-json\/wp\/v2\/product_tag?post=23225"}],"curies":[{"name":"wp","href":"https:\/\/api.w.org\/{rel}","templated":true}]}}