{"id":23183,"date":"2025-11-04T17:02:49","date_gmt":"2025-11-04T09:02:49","guid":{"rendered":"https:\/\/yebodaglass.com\/?post_type=product&#038;p=23183"},"modified":"2026-03-17T15:44:22","modified_gmt":"2026-03-17T07:44:22","slug":"clear-glass-spice-containers-with-horizontal-ribbed-bulk","status":"publish","type":"product","link":"https:\/\/yebodaglass.com\/de\/clear-glass-spice-containers-with-horizontal-ribbed-bulk\/","title":{"rendered":"250 ml Gew\u00fcrzbeh\u00e4lter aus Klarglas mit horizontalen Rippen"},"content":{"rendered":"<p>Dieser Gew\u00fcrzbeh\u00e4lter besticht durch seine markante, strukturierte und geschwungene Glasflasche. Sie f\u00fchlt sich nicht nur angenehm an, sondern liegt auch gut und rutschfest in der Hand. Dank ihrer Transparenz kommen die Farben der Gew\u00fcrze optimal zur Geltung. Der Deckel aus poliertem Edelstahl verf\u00fcgt \u00fcber viele kleine L\u00f6cher zur pr\u00e4zisen Dosierung.<\/p>\n<h2>Produkteigenschaften<\/h2>\n<ul>\n<li><strong>Ripple-Anti-Rutsch-Flasche:<\/strong> Das geriffelte Design ist mehrschichtig und kreisf\u00f6rmig und bietet in Verbindung mit einer stabileren Flaschenstruktur einen besseren Halt, wodurch das Umkippen verhindert wird.<\/li>\n<li><strong>Glas mit hoher Transparenz:<\/strong> Es handelt sich um ein ausgezeichnetes, hochtransparentes Glas aus lebensmittelechtem Material. Der Beh\u00e4lter ist sehr klar, und Form und Menge der darin enthaltenen k\u00f6rnigen Gew\u00fcrze lassen sich durch einen Blick auf den Beh\u00e4lter leicht erkennen.<\/li>\n<li><strong>Mehrfach perforierter Metallschraubverschluss:<\/strong> Der mehrfach perforierte Metallschraubverschluss aus Silber verf\u00fcgt \u00fcber gleichm\u00e4\u00dfig verteilte Perforationen, die eine pr\u00e4zise Dosierung des k\u00f6rnigen Gew\u00fcrzes gew\u00e4hrleisten und Versch\u00fctten und Verschwendung vermeiden.<\/li>\n<\/ul>\n<h2>Wichtigste Spezifikationen<\/h2>\n<table style=\"border-collapse: collapse; width: 80%; margin-left: auto; margin-right: auto;\" border=\"0\" width=\"360\" cellspacing=\"0\" cellpadding=\"0\">\n<tbody>\n<tr style=\"height: 13.50pt;\">\n<td style=\"height: 13.5pt; width: 54pt; text-align: center;\" width=\"72\" height=\"18\">Kapazit\u00e4t<\/td>\n<td style=\"width: 54pt; text-align: center;\" width=\"72\">Gr\u00f6\u00dfe (cm)<\/td>\n<td style=\"width: 54pt; text-align: center;\" width=\"72\">Deckelart<\/td>\n<td style=\"width: 54pt; text-align: center;\" width=\"72\">Form<\/td>\n<td style=\"width: 54pt; text-align: center;\" width=\"72\">Verwendung<\/td>\n<\/tr>\n<tr style=\"height: 13.50pt;\">\n<td style=\"height: 13.5pt; text-align: center;\" height=\"18\">250 ml<\/td>\n<td style=\"text-align: center;\">7,0 x 12<\/td>\n<td style=\"text-align: center;\">Metallener Doppelschicht-Siebdeckel<\/td>\n<td style=\"text-align: center;\">Zylinder<\/td>\n<td style=\"text-align: center;\">F\u00fcr Salz, Pfeffer, Kr\u00e4uter; Verwendung zu Hause; Restaurant<\/td>\n<\/tr>\n<\/tbody>\n<\/table>\n<h2>Erfolgsbeispiel<\/h2>\n<p>Unser geriffeltes Gew\u00fcrzglas wurde von einer britischen Feinkostmarke ausgew\u00e4hlt. F\u00fcr die Herstellung wurde eine ma\u00dfgeschneiderte, geriffelte und mattierte Oberfl\u00e4che sowie ein Schraubverschluss in Kupferfarbe entworfen. Ein Verkaufsargument ist die verbesserte Griffigkeit, die in 25 Prozent der positiven Kundenbewertungen hervorgehoben wurde. Dank der Farbe und Qualit\u00e4t des Klarglases kommen die Gew\u00fcrze optimal zur Geltung. Die Marke war sehr erfolgreich und hat inzwischen 200.000 weitere Gl\u00e4ser bestellt, um ihr erweitertes Gew\u00fcrzsortiment f\u00fcr den Vertrieb in gehobenen Kaufh\u00e4usern abzuf\u00fcllen.<\/p>\n<h2>Individuelle Gestaltung von Gew\u00fcrzbeh\u00e4ltern<\/h2>\n<ul>\n<li>Geripptes Profil: Breite, Tiefe und Abstand der horizontalen Rippen k\u00f6nnen individuell angepasst werden, um ein individuelles haptisches Erlebnis zu schaffen.<\/li>\n<li>Art der Streul\u00f6cher: Es k\u00f6nnen verschiedene Lochgr\u00f6\u00dfen vorhanden sein (kleine L\u00f6cher f\u00fcr pulverf\u00f6rmige Gew\u00fcrze, gro\u00dfe L\u00f6cher f\u00fcr flockige Gew\u00fcrze) oder es k\u00f6nnen zwei L\u00f6cher vorhanden sein.<\/li>\n<li>Siebdruck: Graduierungen, Gew\u00fcrznamen oder kleinere dekorative R\u00e4nder auf die Glasflasche drucken.<\/li>\n<li>Gr\u00f6\u00dfen und F\u00fcllmengen: Das gerippte Design ist von der gleichen Art, jedoch in einer Reihe von Gr\u00f6\u00dfen, d. h. von 30-ml-Flaschen bis hin zu 200-ml-Flaschen.<\/li>\n<\/ul>","protected":false},"excerpt":{"rendered":"<p>Robustes Gew\u00fcrzglas mit strukturierter Oberfl\u00e4che und Metallstreudeckel. Praktische Gew\u00fcrzflasche, ideal zur Aufbewahrung von Pfeffer, Kr\u00e4utern und Gew\u00fcrzen. Gratisproben.<\/p>","protected":false},"featured_media":23194,"template":"","meta":[],"product_brand":[],"product_cat":[20,128,83],"product_tag":[],"class_list":{"0":"post-23183","1":"product","2":"type-product","3":"status-publish","4":"has-post-thumbnail","6":"product_cat-glass-containers","7":"product_cat-spice-jars","8":"product_cat-glass-jars","10":"first","11":"instock","12":"shipping-taxable","13":"product-type-simple"},"jetpack_sharing_enabled":true,"_links":{"self":[{"href":"https:\/\/yebodaglass.com\/de\/wp-json\/wp\/v2\/product\/23183","targetHints":{"allow":["GET"]}}],"collection":[{"href":"https:\/\/yebodaglass.com\/de\/wp-json\/wp\/v2\/product"}],"about":[{"href":"https:\/\/yebodaglass.com\/de\/wp-json\/wp\/v2\/types\/product"}],"version-history":[{"count":5,"href":"https:\/\/yebodaglass.com\/de\/wp-json\/wp\/v2\/product\/23183\/revisions"}],"predecessor-version":[{"id":25477,"href":"https:\/\/yebodaglass.com\/de\/wp-json\/wp\/v2\/product\/23183\/revisions\/25477"}],"wp:featuredmedia":[{"embeddable":true,"href":"https:\/\/yebodaglass.com\/de\/wp-json\/wp\/v2\/media\/23194"}],"wp:attachment":[{"href":"https:\/\/yebodaglass.com\/de\/wp-json\/wp\/v2\/media?parent=23183"}],"wp:term":[{"taxonomy":"product_brand","embeddable":true,"href":"https:\/\/yebodaglass.com\/de\/wp-json\/wp\/v2\/product_brand?post=23183"},{"taxonomy":"product_cat","embeddable":true,"href":"https:\/\/yebodaglass.com\/de\/wp-json\/wp\/v2\/product_cat?post=23183"},{"taxonomy":"product_tag","embeddable":true,"href":"https:\/\/yebodaglass.com\/de\/wp-json\/wp\/v2\/product_tag?post=23183"}],"curies":[{"name":"wp","href":"https:\/\/api.w.org\/{rel}","templated":true}]}}