{"id":23180,"date":"2025-11-04T14:52:48","date_gmt":"2025-11-04T06:52:48","guid":{"rendered":"https:\/\/yebodaglass.com\/?post_type=product&#038;p=23180"},"modified":"2025-11-04T17:40:01","modified_gmt":"2025-11-04T09:40:01","slug":"bulk-sauce-containers-8oz-glass-bottle-for-hot-sauce","status":"publish","type":"product","link":"https:\/\/yebodaglass.com\/de\/bulk-sauce-containers-8oz-glass-bottle-for-hot-sauce\/","title":{"rendered":"Gro\u00dfpackung Saucenbeh\u00e4lter \u2013 8-Unzen-Glasflasche f\u00fcr scharfe Sauce"},"content":{"rendered":"<p>Diese Saucenbeh\u00e4lter haben einen Korpus aus Klarglas mit einer schicken konischen Form und einem roten Deckel, was ihnen ein schlichtes, aber dennoch unverwechselbares Aussehen verleiht, das perfekt mit der Farbe der Sauce im Inneren harmoniert.<\/p>\n<h2>Produkteigenschaften<\/h2>\n<ul>\n<li><strong>Transparentes Glasmaterial:<\/strong> Der Beh\u00e4lter ist aus transparentem Glas gefertigt, wodurch Farbe und Volumen der So\u00dfe sofort sichtbar sind.<\/li>\n<li><strong>Tailliertes Design:<\/strong> Der Beh\u00e4lter ist mit einem taillierten Design verziert, das sich durch flie\u00dfende und einzigartige Linien auszeichnet und so nicht nur das Produkt versch\u00f6nert, sondern auch die Markenwiedererkennung erleichtert.<\/li>\n<li><strong>Einzelkapazit\u00e4t:<\/strong> Die einheitliche F\u00fcllmenge dieses Saucenbeh\u00e4lters ist die einzige Option, die den Nutzern zur Verf\u00fcgung steht, um ihren spezifischen Bed\u00fcrfnissen gerecht zu werden und gleichzeitig f\u00fcr den t\u00e4glichen Gebrauch zu Hause, Catering-Services und verschiedene andere Anl\u00e4sse geeignet zu sein.<\/li>\n<\/ul>\n<h2 style=\"text-align: left;\">Wichtigste Spezifikationen<\/h2>\n<table class=\"aligncenter\" style=\"border-collapse: collapse; width: 409.52pt;\" border=\"0\" width=\"546\" cellspacing=\"0\" cellpadding=\"0\">\n<tbody>\n<tr style=\"height: 13.50pt;\">\n<td style=\"height: 13.50pt; width: 112.50pt;\" width=\"150\" height=\"18\">Besonderheit<\/td>\n<td style=\"width: 297.00pt;\" width=\"396\">Spezifikation<\/td>\n<\/tr>\n<tr style=\"height: 13.50pt;\">\n<td style=\"height: 13.50pt;\" height=\"18\">Kapazit\u00e4t<\/td>\n<td>250 ml (8 oz)<\/td>\n<\/tr>\n<tr style=\"height: 13.50pt;\">\n<td style=\"height: 13.50pt;\" height=\"18\">Flaschenform<\/td>\n<td>Taillierter, zylindrischer K\u00f6rperbau (modellierte K\u00f6rpermitte)<\/td>\n<\/tr>\n<tr style=\"height: 13.50pt;\">\n<td style=\"height: 13.50pt;\" height=\"18\">Material<\/td>\n<td>Klares Glas Stout<\/td>\n<\/tr>\n<tr style=\"height: 13.50pt;\">\n<td style=\"height: 13.50pt;\" height=\"18\">Schlie\u00dfung<\/td>\n<td>Roter Schraubverschluss<\/td>\n<\/tr>\n<tr style=\"height: 13.50pt;\">\n<td style=\"height: 13.50pt;\" height=\"18\">Verpackungsgr\u00f6\u00dfe<\/td>\n<td>15 cm \u00d7 17 cm \u00d7 30 cm<\/td>\n<\/tr>\n<tr style=\"height: 13.50pt;\">\n<td style=\"height: 13.50pt;\" height=\"18\">Am besten f\u00fcr<\/td>\n<td>Scharfe So\u00dfe, BBQ-So\u00dfe, Dressing, W\u00fcrzmittel<\/td>\n<\/tr>\n<tr style=\"height: 13.50pt;\">\n<td style=\"height: 13.50pt;\" height=\"18\">Ideale Verwendung<\/td>\n<td>Beh\u00e4lter f\u00fcr scharfe Saucen, Saucenflaschen im Gro\u00dfhandel<\/td>\n<\/tr>\n<\/tbody>\n<\/table>\n<h2>Erfolgsgeschichte: Vom Wochenmarkt zum landesweiten Einzelhandelsgesch\u00e4ft<\/h2>\n<p>Ein Hersteller von Habanero-Sauce in kleinen Chargen belieferte anfangs nur lokale Bauernm\u00e4rkte. Um sein Gesch\u00e4ft auszubauen, suchte er nach einer professionell wirkenden Saucenflasche, die sich f\u00fcr gr\u00f6\u00dfere Mengen eignete. Schlie\u00dflich entschied er sich f\u00fcr unsere 250-ml-Beh\u00e4lter mit konischer Form f\u00fcr scharfe Sauce und versah sie mit seinem Logo. Seine erste Bestellung umfasste lediglich 2.000 Flaschen. Die Ergebnisse waren beeindruckend. Das konische Design f\u00fchrte von Anfang an zu einer deutlichen Steigerung der Markenbekanntheit \u2013 eine Marke f\u00fcr scharfe Sauce berichtete von einem Umsatzplus von 47 % im Einzelhandel und einem Anstieg der Wiederk\u00e4ufe um 65 %. Aufgrund dieses Erfolgs bestellte die Kette weitere 500.000 Flaschen scharfer Sauce. Tats\u00e4chlich verwendet das Unternehmen diese Beh\u00e4lter mittlerweile f\u00fcr alle seine Produktlinien und hat eine j\u00e4hrliche Bestellmenge von \u00fcber 300.000 St\u00fcck.<\/p>\n<h2>Personalisierung von Beh\u00e4ltern f\u00fcr scharfe Saucen:<\/h2>\n<ul>\n<li><strong>Gefr\u00e4ste Oberfl\u00e4che:<\/strong> Das Produkt ist s\u00e4urege\u00e4tzt, um eine sch\u00f6nere matte Oberfl\u00e4che, ein luxuri\u00f6ses Gef\u00fchl und weniger Fingerabdr\u00fccke zu erzielen.<\/li>\n<li><strong>Erh\u00f6hte Roste:<\/strong> Das Glas kann mit praktischen und \u00e4sthetischen erhabenen Graduierungen versehen werden, die n\u00fctzlich sind und das Produkt luxuri\u00f6ser wirken lassen.<\/li>\n<li><strong>Strukturierte Glasmuster:<\/strong> Das Glas kann mit Rauten oder Streifen versehen werden, um nicht nur eine griffige Oberfl\u00e4che zu schaffen, sondern auch dekorative Zwecke zu erf\u00fcllen.<\/li>\n<li><strong>Weithalsdesign:<\/strong> Die Halsverstellung erfolgt, damit die F\u00fcllung leichter in die dicken Saucen mit Chiliflocken und -samen eingef\u00fcllt werden kann.<\/li>\n<\/ul>","protected":false},"excerpt":{"rendered":"<p>Individuell gestaltbare Saucenbeh\u00e4lter aus Klarglas mit Metalldeckel und taillierter Form. Ideal f\u00fcr die professionelle Saucenverpackung. Gratisproben bei Gro\u00dfbestellungen!<\/p>","protected":false},"featured_media":23184,"template":"","meta":[],"product_brand":[],"product_cat":[122,123,129],"product_tag":[],"class_list":{"0":"post-23180","1":"product","2":"type-product","3":"status-publish","4":"has-post-thumbnail","6":"product_cat-custom-glass-packaging","7":"product_cat-custom-glass-bottles","8":"product_cat-hot-sauce-bottles","10":"first","11":"instock","12":"shipping-taxable","13":"product-type-simple"},"jetpack_sharing_enabled":true,"_links":{"self":[{"href":"https:\/\/yebodaglass.com\/de\/wp-json\/wp\/v2\/product\/23180","targetHints":{"allow":["GET"]}}],"collection":[{"href":"https:\/\/yebodaglass.com\/de\/wp-json\/wp\/v2\/product"}],"about":[{"href":"https:\/\/yebodaglass.com\/de\/wp-json\/wp\/v2\/types\/product"}],"version-history":[{"count":6,"href":"https:\/\/yebodaglass.com\/de\/wp-json\/wp\/v2\/product\/23180\/revisions"}],"predecessor-version":[{"id":23222,"href":"https:\/\/yebodaglass.com\/de\/wp-json\/wp\/v2\/product\/23180\/revisions\/23222"}],"wp:featuredmedia":[{"embeddable":true,"href":"https:\/\/yebodaglass.com\/de\/wp-json\/wp\/v2\/media\/23184"}],"wp:attachment":[{"href":"https:\/\/yebodaglass.com\/de\/wp-json\/wp\/v2\/media?parent=23180"}],"wp:term":[{"taxonomy":"product_brand","embeddable":true,"href":"https:\/\/yebodaglass.com\/de\/wp-json\/wp\/v2\/product_brand?post=23180"},{"taxonomy":"product_cat","embeddable":true,"href":"https:\/\/yebodaglass.com\/de\/wp-json\/wp\/v2\/product_cat?post=23180"},{"taxonomy":"product_tag","embeddable":true,"href":"https:\/\/yebodaglass.com\/de\/wp-json\/wp\/v2\/product_tag?post=23180"}],"curies":[{"name":"wp","href":"https:\/\/api.w.org\/{rel}","templated":true}]}}