{"id":23171,"date":"2025-11-04T13:56:22","date_gmt":"2025-11-04T05:56:22","guid":{"rendered":"https:\/\/yebodaglass.com\/?post_type=product&#038;p=23171"},"modified":"2026-04-13T14:04:07","modified_gmt":"2026-04-13T06:04:07","slug":"wholesale-empty-glass-bbq-sauce-bottles-packaging-supplier","status":"publish","type":"product","link":"https:\/\/yebodaglass.com\/de\/wholesale-empty-glass-bbq-sauce-bottles-packaging-supplier\/","title":{"rendered":"Leere Glasflaschen f\u00fcr BBQ-Sauce im Gro\u00dfhandel: 250 ml, 410 ml, 485 ml"},"content":{"rendered":"<p>Diese BBQ-Saucenflaschen zeichnen sich durch ein modernes Design aus. Sie bestehen aus klarem, lebensmittelechtem Glas, das ihnen ihre konische Form verleiht, und sind mit Kunststoffkappen in verschiedenen Farben erh\u00e4ltlich. Dank ihres komfortablen Griffs lassen sich Fl\u00fcssigkeiten leicht und tropffrei ausgie\u00dfen.<\/p>\n<h2>Produkteigenschaften<\/h2>\n<ul>\n<li><strong>Konisches Stromliniendesign:<\/strong> Die konische Form mit einer schmaleren Oberseite und einer breiteren Unterseite erm\u00f6glicht es dem Benutzer, Fl\u00fcssigkeiten gleichm\u00e4\u00dfig auszugie\u00dfen, reduziert gleichzeitig den So\u00dfenverlust und sorgt f\u00fcr einen effizienten Betrieb.<\/li>\n<li><strong>Hochtransparentes, lebensmittelechtes Glas:<\/strong> Die Flaschen bestehen aus bleifreiem, lebensmittelechtem Glas, das f\u00fcr hohe Transparenz sorgt und die Farbe der So\u00dfe optimal zur Geltung bringt, dabei aber geruchsneutral und sicher ist. Das Produkt erm\u00f6glicht eine einfache Reinigung und mehrfache Wiederverwendung.<\/li>\n<li><strong>Mehrfarbige Kappen erh\u00e4ltlich:<\/strong> Die Verschl\u00fcsse, die in Rot, Gelb, Gold und weiteren Farben erh\u00e4ltlich sind, verwenden Schraubverschl\u00fcsse, um die Frische der Sauce zu erhalten.<\/li>\n<\/ul>\n<h2 style=\"text-align: left;\">Wichtigste Spezifikationen<\/h2>\n<table class=\"aligncenter\" style=\"border-collapse: collapse; width: 506.27pt;\" border=\"0\" width=\"675\" cellspacing=\"0\" cellpadding=\"0\">\n<tbody>\n<tr style=\"height: 13.50pt;\">\n<td style=\"height: 13.50pt; width: 109.50pt;\" width=\"146\" height=\"18\">Besonderheit<\/td>\n<td style=\"width: 396.75pt;\" width=\"529\">Spezifikation<\/td>\n<\/tr>\n<tr style=\"height: 13.50pt;\">\n<td style=\"height: 13.50pt;\" height=\"18\">Kapazit\u00e4ten<\/td>\n<td>250 ml, 410 ml, 485 ml<\/td>\n<\/tr>\n<tr style=\"height: 13.50pt;\">\n<td style=\"height: 13.50pt;\" height=\"18\">Abmessungen (T\u00d7H)<\/td>\n<td>5,6 \u00d7 21,5 cm, 6,4 \u00d7 24,4 cm, 6,6 \u00d7 26 cm<\/td>\n<\/tr>\n<tr style=\"height: 13.50pt;\">\n<td style=\"height: 13.50pt;\" height=\"18\">Form<\/td>\n<td>Konisch zylindrisch<\/td>\n<\/tr>\n<tr style=\"height: 13.50pt;\">\n<td style=\"height: 13.50pt;\" height=\"18\">Material<\/td>\n<td>Klares, robustes Glas, lebensmittelecht, dickwandig<\/td>\n<\/tr>\n<tr style=\"height: 13.50pt;\">\n<td style=\"height: 13.50pt;\" height=\"18\">Schlie\u00dfung<\/td>\n<td>Roter, gelber oder goldener Schraubverschluss<\/td>\n<\/tr>\n<tr style=\"height: 13.50pt;\">\n<td style=\"height: 13.50pt;\" height=\"18\">Am besten f\u00fcr<\/td>\n<td>Scharfe So\u00dfe, BBQ-So\u00dfe, Essig, Dressing, \u00d6l<\/td>\n<\/tr>\n<tr style=\"height: 13.50pt;\">\n<td style=\"height: 13.50pt;\" height=\"18\">Ideale Verwendung<\/td>\n<td>Flaschen f\u00fcr scharfe So\u00dfen, Flaschen f\u00fcr BBQ-So\u00dfen, Glasflaschen f\u00fcr W\u00fcrzmittel<\/td>\n<\/tr>\n<\/tbody>\n<\/table>\n<h2>Erfolgsgeschichte: Eine Kernproduktlinie f\u00fcr eine Marke f\u00fcr S\u00fcdstaaten-BBQ-Saucen<\/h2>\n<p>Eine BBQ-Saucenmarke aus dem S\u00fcden der USA entschied sich f\u00fcr unsere 355-ml-Glasflaschen und bat um deren Modifizierung mit tropffreien Ausgie\u00dfern und aufgedruckten Sch\u00e4rfegradindikatoren. Die individuell gestalteten Glasflaschen erzielten hervorragende Ergebnisse: Die tropffreien Ausgie\u00dfer reduzierten die Kundenbeschwerden \u00fcber Versch\u00fctten um 25 %, und das markante Flaschendesign diente als Markenwert, der die Markenbekanntheit um 35 % steigerte. Die Marke war \u00e4u\u00dferst erfolgreich und bestellte daraufhin weitere 750.000 Flaschen, um eine neue Produktlinie mit Trockenzutaten und Saucen auf den Markt zu bringen.<\/p>\n<h2>Individuelle Anpassungsm\u00f6glichkeiten f\u00fcr Glassaucenflaschen<\/h2>\n<ul>\n<li><strong>Dekorstreifen mit Mattierung:<\/strong> Erzielen Sie einen exquisiten und edlen Look, indem Sie die S\u00e4ure\u00e4tzung anwenden, um horizontale oder vertikale mattierte Streifen auf Ihrem Klarglas zu erzeugen.<\/li>\n<li><strong>Flaschenhals aus Buntglas:<\/strong> Bei der Produktion sollte ein farbiger Glasring um den Hals des Halses spezifiziert werden, um einen luxuri\u00f6sen, einzigartigen optischen Effekt zu erzielen und auf eine Etikettierung zu verzichten.<\/li>\n<li><strong>Einteilige Anti-Tropf-D\u00fcse:<\/strong> Ein pr\u00e4zise gefertigtes Kunststoffteil, das eng an die Flaschen\u00f6ffnung anliegt und so sicherstellt, dass jedes Ausgie\u00dfen sauber und ohne Tropfen erfolgt.<\/li>\n<\/ul>","protected":false},"excerpt":{"rendered":"<p>Robuste Glasflaschen mit konischem Design und Deckel. Ideal f\u00fcr BBQ-Sauce und die Markenpr\u00e4sentation Ihrer scharfen Sauce. Individuelles Logo und schnelle Lieferung m\u00f6glich.<\/p>","protected":false},"featured_media":23174,"template":"","meta":[],"product_brand":[],"product_cat":[129,123,122],"product_tag":[],"class_list":{"0":"post-23171","1":"product","2":"type-product","3":"status-publish","4":"has-post-thumbnail","6":"product_cat-hot-sauce-bottles","7":"product_cat-custom-glass-bottles","8":"product_cat-custom-glass-packaging","10":"first","11":"instock","12":"shipping-taxable","13":"product-type-simple"},"jetpack_sharing_enabled":true,"_links":{"self":[{"href":"https:\/\/yebodaglass.com\/de\/wp-json\/wp\/v2\/product\/23171","targetHints":{"allow":["GET"]}}],"collection":[{"href":"https:\/\/yebodaglass.com\/de\/wp-json\/wp\/v2\/product"}],"about":[{"href":"https:\/\/yebodaglass.com\/de\/wp-json\/wp\/v2\/types\/product"}],"version-history":[{"count":5,"href":"https:\/\/yebodaglass.com\/de\/wp-json\/wp\/v2\/product\/23171\/revisions"}],"predecessor-version":[{"id":25761,"href":"https:\/\/yebodaglass.com\/de\/wp-json\/wp\/v2\/product\/23171\/revisions\/25761"}],"wp:featuredmedia":[{"embeddable":true,"href":"https:\/\/yebodaglass.com\/de\/wp-json\/wp\/v2\/media\/23174"}],"wp:attachment":[{"href":"https:\/\/yebodaglass.com\/de\/wp-json\/wp\/v2\/media?parent=23171"}],"wp:term":[{"taxonomy":"product_brand","embeddable":true,"href":"https:\/\/yebodaglass.com\/de\/wp-json\/wp\/v2\/product_brand?post=23171"},{"taxonomy":"product_cat","embeddable":true,"href":"https:\/\/yebodaglass.com\/de\/wp-json\/wp\/v2\/product_cat?post=23171"},{"taxonomy":"product_tag","embeddable":true,"href":"https:\/\/yebodaglass.com\/de\/wp-json\/wp\/v2\/product_tag?post=23171"}],"curies":[{"name":"wp","href":"https:\/\/api.w.org\/{rel}","templated":true}]}}