{"id":23155,"date":"2025-11-04T10:53:15","date_gmt":"2025-11-04T02:53:15","guid":{"rendered":"https:\/\/yebodaglass.com\/?post_type=product&#038;p=23155"},"modified":"2026-03-25T11:24:10","modified_gmt":"2026-03-25T03:24:10","slug":"custom-clear-glass-hot-sauce-bottles-bulk","status":"publish","type":"product","link":"https:\/\/yebodaglass.com\/de\/custom-clear-glass-hot-sauce-bottles-bulk\/","title":{"rendered":"250 ml, 350 ml, 500 ml \u2013 Individuell gestaltete Klarglasflaschen f\u00fcr scharfe Saucen (Gro\u00dfpackung)"},"content":{"rendered":"<p>Diese Saucenflaschen haben eine klare, abgerundete Zylinderform und einen schlanken Hals. Sie bestehen aus kristallklarem Glas, haben einen nachgeschnittenen Hals und einen Schraubverschluss in Schwarz, Rot oder Gold.<\/p>\n<h2>Produkteigenschaften<\/h2>\n<ul>\n<li><strong>Hochtransparentes zylindrisches Glas:<\/strong> Das transparente zylindrische Glas ist absolut klar und gibt Farbe, Textur und Qualit\u00e4t des Produkts sofort wieder, wodurch dessen optische Attraktivit\u00e4t gesteigert wird.<\/li>\n<li><strong>Verschiedene farbige Schraubverschl\u00fcsse erh\u00e4ltlich:<\/strong> Schraubverschl\u00fcsse sind in verschiedenen Farben wie Schwarz, Rot und Gold erh\u00e4ltlich, um den Anforderungen an flexible Verpackungsanpassung gerecht zu werden.<\/li>\n<li><strong>Versiegeltes und auslaufsicheres Design:<\/strong> Der Schraubverschluss rastet fest am Flaschenhals ein und bietet so eine hervorragende Abdichtung und eine lange Haltbarkeit des Produkts.<\/li>\n<\/ul>\n<h2 style=\"text-align: left;\">Wichtigste Spezifikationen<\/h2>\n<table class=\"aligncenter\" style=\"border-collapse: collapse; width: 388.52pt;\" border=\"0\" width=\"518\" cellspacing=\"0\" cellpadding=\"0\">\n<tbody>\n<tr style=\"height: 13.50pt;\">\n<td style=\"height: 13.50pt; width: 109.50pt;\" width=\"146\" height=\"18\">Besonderheit<\/td>\n<td style=\"width: 279.00pt;\" width=\"372\">Spezifikation<\/td>\n<\/tr>\n<tr style=\"height: 13.50pt;\">\n<td style=\"height: 13.50pt;\" height=\"18\">Kapazit\u00e4ten<\/td>\n<td>250 ml (8 oz), 350 ml (12 oz), 500 ml (17 oz)<\/td>\n<\/tr>\n<tr style=\"height: 13.50pt;\">\n<td style=\"height: 13.50pt;\" height=\"18\">Abmessungen (T\u00d7H)<\/td>\n<td>5,6 \u00d7 18,8 cm, 6,3 \u00d7 17,1 cm, 7,1 \u00d7 19,1 cm<\/td>\n<\/tr>\n<tr style=\"height: 13.50pt;\">\n<td style=\"height: 13.50pt;\" height=\"18\">Material<\/td>\n<td>Klares Stout in Glasqualit\u00e4t, lebensmittelecht<\/td>\n<\/tr>\n<tr style=\"height: 13.50pt;\">\n<td style=\"height: 13.50pt;\" height=\"18\">Schlie\u00dfung<\/td>\n<td>Schwarzer, roter oder goldener Schraubverschluss<\/td>\n<\/tr>\n<tr style=\"height: 13.50pt;\">\n<td style=\"height: 13.50pt;\" height=\"18\">Am besten f\u00fcr<\/td>\n<td>Scharfe So\u00dfe, BBQ-So\u00dfe, Dressing, W\u00fcrzmittel<\/td>\n<\/tr>\n<tr style=\"height: 13.50pt;\">\n<td style=\"height: 13.50pt;\" height=\"18\">Ideale Verwendung<\/td>\n<td>Saucenflasche, Gro\u00dfpackung scharfer Saucenflaschen<\/td>\n<\/tr>\n<\/tbody>\n<\/table>\n<h2>Erfolgsgeschichte<\/h2>\n<p>Ein in Ohio ans\u00e4ssiges Unternehmen f\u00fcr handgemachte W\u00fcrzmittel entschied sich, unsere Flaschen mit So\u00dfe zu bef\u00fcllen und sie mit einem speziell bedruckten, matten Etikettenbereich sowie einem hitzebest\u00e4ndigen Silikonverschluss versehen zu lassen. Die personalisierten Flaschen sind ein voller Erfolg: Das transparente Glas pr\u00e4sentiert die handgemachten So\u00dfen perfekt. Laut Unternehmen hat dies den Spontankauf auf Wochenm\u00e4rkten um 30 Prozent gesteigert, und die speziell entwickelte Dichtung im Verschluss sorgt f\u00fcr einen dichten Verschluss, verhindert Auslaufen und reduziert Kundenreklamationen um 25 Prozent. Die Marke war so erfolgreich, dass sie 200.000 weitere Flaschen ihrer neu eingef\u00fchrten Linie von Kochso\u00dfen und Dips bestellt hat.<\/p>\n<h2>Individuelle Gestaltung von Hot-Sauce-Flaschen<\/h2>\n<ul>\n<li>Spezieller Ausgie\u00dfer: Dieses Modell verf\u00fcgt \u00fcber einen Schraubverschluss mit integriertem tropffreiem Ausgie\u00dfer aus Kunststoff oder Edelstahl, der ein einfaches und pr\u00e4zises Ausgie\u00dfen der Sauce erm\u00f6glicht.<\/li>\n<li>UV-best\u00e4ndiges Farbglas: Es wird im selben Zylinder wie bernsteinfarbenes oder gr\u00fcnes Glas hergestellt, um lichtempfindliche Inhaltsstoffe abzudecken.<\/li>\n<li>Kappenfarbe: Die Kappenfarben k\u00f6nnen aus jeder Pantone-Farbpalette entnommen werden, um perfekt zu Ihrem Markenimage zu passen.<\/li>\n<\/ul>","protected":false},"excerpt":{"rendered":"<p>Klare Glasflaschen f\u00fcr scharfe Saucen mit farbenfrohen Metalldeckeln. Hervorragender Verschluss, ideal f\u00fcr Ihre eigene Saucenmarke. Glasflaschen in gro\u00dfen Mengen bestellen \u2013 schnelle Lieferung!<\/p>","protected":false},"featured_media":23165,"template":"","meta":[],"product_brand":[],"product_cat":[129,123,122],"product_tag":[],"class_list":{"0":"post-23155","1":"product","2":"type-product","3":"status-publish","4":"has-post-thumbnail","6":"product_cat-hot-sauce-bottles","7":"product_cat-custom-glass-bottles","8":"product_cat-custom-glass-packaging","10":"first","11":"instock","12":"shipping-taxable","13":"product-type-simple"},"jetpack_sharing_enabled":true,"_links":{"self":[{"href":"https:\/\/yebodaglass.com\/de\/wp-json\/wp\/v2\/product\/23155","targetHints":{"allow":["GET"]}}],"collection":[{"href":"https:\/\/yebodaglass.com\/de\/wp-json\/wp\/v2\/product"}],"about":[{"href":"https:\/\/yebodaglass.com\/de\/wp-json\/wp\/v2\/types\/product"}],"version-history":[{"count":5,"href":"https:\/\/yebodaglass.com\/de\/wp-json\/wp\/v2\/product\/23155\/revisions"}],"predecessor-version":[{"id":25596,"href":"https:\/\/yebodaglass.com\/de\/wp-json\/wp\/v2\/product\/23155\/revisions\/25596"}],"wp:featuredmedia":[{"embeddable":true,"href":"https:\/\/yebodaglass.com\/de\/wp-json\/wp\/v2\/media\/23165"}],"wp:attachment":[{"href":"https:\/\/yebodaglass.com\/de\/wp-json\/wp\/v2\/media?parent=23155"}],"wp:term":[{"taxonomy":"product_brand","embeddable":true,"href":"https:\/\/yebodaglass.com\/de\/wp-json\/wp\/v2\/product_brand?post=23155"},{"taxonomy":"product_cat","embeddable":true,"href":"https:\/\/yebodaglass.com\/de\/wp-json\/wp\/v2\/product_cat?post=23155"},{"taxonomy":"product_tag","embeddable":true,"href":"https:\/\/yebodaglass.com\/de\/wp-json\/wp\/v2\/product_tag?post=23155"}],"curies":[{"name":"wp","href":"https:\/\/api.w.org\/{rel}","templated":true}]}}