{"id":23117,"date":"2025-11-03T16:34:01","date_gmt":"2025-11-03T08:34:01","guid":{"rendered":"https:\/\/yebodaglass.com\/?post_type=product&#038;p=23117"},"modified":"2026-04-09T14:09:19","modified_gmt":"2026-04-09T06:09:19","slug":"wholesale-round-glass-hot-sauce-bottles-sauce-container-supplier","status":"publish","type":"product","link":"https:\/\/yebodaglass.com\/de\/wholesale-round-glass-hot-sauce-bottles-sauce-container-supplier\/","title":{"rendered":"Gro\u00dfhandel mit runden Glasflaschen f\u00fcr scharfe Saucen, 100 ml, 150 ml, 200 ml"},"content":{"rendered":"<p>Unsere runden Glasflaschen f\u00fcr scharfe Saucen haben einen schlanken, klaren Glask\u00f6rper mit Kunststoffdeckeln und sind in drei Gr\u00f6\u00dfen erh\u00e4ltlich: 100 ml, 150 ml und 200 ml. Dank ihrer klassischen runden Form eignen sie sich hervorragend zum Verpacken einer Vielzahl von W\u00fcrzmitteln.<\/p>\n<h2>Wichtigste Spezifikationen<\/h2>\n<table style=\"border-collapse: collapse; width: 80%; margin-left: auto; margin-right: auto;\" border=\"0\" width=\"818\" cellspacing=\"0\" cellpadding=\"0\">\n<tbody>\n<tr style=\"height: 13.50pt;\">\n<td style=\"height: 13.50pt; width: 141.75pt;\" width=\"189\" height=\"18\">Besonderheit<\/td>\n<td style=\"width: 471.75pt;\" width=\"629\">Spezifikation<\/td>\n<\/tr>\n<tr style=\"height: 48.00pt;\">\n<td style=\"height: 48.00pt;\" height=\"64\">Kapazit\u00e4t<\/td>\n<td class=\"et2\" style=\"width: 471.75pt;\" width=\"629\">100 ml \/ 3 oz (40 \u00d7 151 mm)<br \/>\n150 ml \/ 5 oz (4,8 \u00d7 17,2 cm)<br \/>\n250 ml \/ 8 oz (5,5 \u00d7 19,8 cm)<\/td>\n<\/tr>\n<tr style=\"height: 13.50pt;\">\n<td style=\"height: 13.50pt;\" height=\"18\">Material<\/td>\n<td>Natronkalkglas, Kunststoffkappe, innerer Kunststoffstopfen, Schrumpffolie<\/td>\n<\/tr>\n<tr style=\"height: 13.50pt;\">\n<td style=\"height: 13.50pt;\" height=\"18\">Schlie\u00dfungsoptionen<\/td>\n<td>anpassbar<\/td>\n<\/tr>\n<tr style=\"height: 13.50pt;\">\n<td style=\"height: 13.50pt;\" height=\"18\">Verwendung<\/td>\n<td>Scharfe So\u00dfe, W\u00fcrzmittel, Sojasauce, Sesampaste, Salatdressing, Essig, Chili, Ketchup usw.<\/td>\n<\/tr>\n<tr style=\"height: 13.50pt;\">\n<td style=\"height: 13.50pt;\" height=\"18\">Anpassungsoption<\/td>\n<td>Oberfl\u00e4chenbeschaffenheit, Logo, Form, Fassungsverm\u00f6gen, Deckel, Verpackung.<\/td>\n<\/tr>\n<\/tbody>\n<\/table>\n<h2>Fallstudie<\/h2>\n<p>Ein mexikanisches Lebensmittelunternehmen, spezialisiert auf Saucenherstellung, ben\u00f6tigte eine Verpackung, die seiner sorgf\u00e4ltigen Produktion gerecht wird. Aufgrund des optimalen Fassungsverm\u00f6gens entschied man sich schlie\u00dflich f\u00fcr unsere 150-ml-Glasflaschen f\u00fcr scharfe Saucen. Diese wurden mit individuellen Aufklebern versehen. Die erste, kleine Bestellung von nur 3.000 St\u00fcck brachte fantastische Ergebnisse. Der Absatz stieg um 32 %, w\u00e4hrend das robuste Glas die Anzahl der Glasbruchst\u00fccke um 40 % reduzierte. Mittlerweile bestellt das Unternehmen viertelj\u00e4hrlich \u00fcber 50.000 Flaschen und macht die Saucenflasche zu einem wichtigen Bestandteil seiner Markenstrategie.<\/p>","protected":false},"excerpt":{"rendered":"<p>Runde Glasflaschen nach Ma\u00df f\u00fcr scharfe Saucen. Individuelle Anpassungsm\u00f6glichkeiten und Gro\u00dfhandelsbestellungen f\u00fcr Saucenhersteller und Gro\u00dfh\u00e4ndler. Schnelle Lieferung und kostenlose Muster.<\/p>","protected":false},"featured_media":25676,"template":"","meta":[],"product_brand":[],"product_cat":[129,123,122,80,20],"product_tag":[],"class_list":{"0":"post-23117","1":"product","2":"type-product","3":"status-publish","4":"has-post-thumbnail","6":"product_cat-hot-sauce-bottles","7":"product_cat-custom-glass-bottles","8":"product_cat-custom-glass-packaging","9":"product_cat-glass-bottles","10":"product_cat-glass-containers","12":"first","13":"instock","14":"shipping-taxable","15":"product-type-simple"},"jetpack_sharing_enabled":true,"_links":{"self":[{"href":"https:\/\/yebodaglass.com\/de\/wp-json\/wp\/v2\/product\/23117","targetHints":{"allow":["GET"]}}],"collection":[{"href":"https:\/\/yebodaglass.com\/de\/wp-json\/wp\/v2\/product"}],"about":[{"href":"https:\/\/yebodaglass.com\/de\/wp-json\/wp\/v2\/types\/product"}],"version-history":[{"count":5,"href":"https:\/\/yebodaglass.com\/de\/wp-json\/wp\/v2\/product\/23117\/revisions"}],"predecessor-version":[{"id":25685,"href":"https:\/\/yebodaglass.com\/de\/wp-json\/wp\/v2\/product\/23117\/revisions\/25685"}],"wp:featuredmedia":[{"embeddable":true,"href":"https:\/\/yebodaglass.com\/de\/wp-json\/wp\/v2\/media\/25676"}],"wp:attachment":[{"href":"https:\/\/yebodaglass.com\/de\/wp-json\/wp\/v2\/media?parent=23117"}],"wp:term":[{"taxonomy":"product_brand","embeddable":true,"href":"https:\/\/yebodaglass.com\/de\/wp-json\/wp\/v2\/product_brand?post=23117"},{"taxonomy":"product_cat","embeddable":true,"href":"https:\/\/yebodaglass.com\/de\/wp-json\/wp\/v2\/product_cat?post=23117"},{"taxonomy":"product_tag","embeddable":true,"href":"https:\/\/yebodaglass.com\/de\/wp-json\/wp\/v2\/product_tag?post=23117"}],"curies":[{"name":"wp","href":"https:\/\/api.w.org\/{rel}","templated":true}]}}