{"id":23091,"date":"2025-11-03T16:20:39","date_gmt":"2025-11-03T08:20:39","guid":{"rendered":"https:\/\/yebodaglass.com\/?post_type=product&#038;p=23091"},"modified":"2025-11-03T17:29:17","modified_gmt":"2025-11-03T09:29:17","slug":"wholesale-clear-glass-hot-sauce-bottles-with-lids","status":"publish","type":"product","link":"https:\/\/yebodaglass.com\/de\/wholesale-clear-glass-hot-sauce-bottles-with-lids\/","title":{"rendered":"Gro\u00dfhandel Klare Glasflaschen f\u00fcr scharfe Saucen mit Deckel 250 ml 350 ml 500 ml"},"content":{"rendered":"<p>Das schlichte Design dieser Hot-Sauce-Flasche zeichnet sich durch einen leicht konischen Korpus aus, der optisch mit dem kurzen, dicken Hals verbunden ist. Insgesamt ist das Design aus transparentem Glas recht einfach und praktisch, da man den Inhalt sehen kann, ohne die Flasche \u00f6ffnen zu m\u00fcssen.<\/p>\n<h2>Produkteigenschaften<\/h2>\n<ul>\n<li><strong>Transparentes Glasmaterial:<\/strong> Das transparente Glasgef\u00e4\u00df erm\u00f6glicht es dem Benutzer, die Farbe der So\u00dfe visuell zu beurteilen und festzustellen, wie viel noch \u00fcbrig ist, ohne die Flasche \u00f6ffnen zu m\u00fcssen.<\/li>\n<li><strong>Schlankes Containerdesign:<\/strong> Die Flasche mit ihrer schlanken Silhouette und den sanften Kurven ist einfach zu handhaben und zu verstauen, was das gesamte Benutzererlebnis komfortabler und bequemer macht.<\/li>\n<li><strong>Minimalistisches Konzept:<\/strong> Ein transparenter Beh\u00e4lter in Kombination mit einem einfarbigen Deckel ergibt ein sauberes und helles Erscheinungsbild, das sich auf vielf\u00e4ltige Weise stylen l\u00e4sst und in puncto Funktionalit\u00e4t sehr ansprechend ist.<\/li>\n<\/ul>\n<h2 style=\"text-align: left;\">Wichtigste Spezifikationen<\/h2>\n<table class=\"aligncenter\" style=\"border-collapse: collapse; width: 471.02pt;\" border=\"0\" width=\"628\" cellspacing=\"0\" cellpadding=\"0\">\n<tbody>\n<tr style=\"height: 13.50pt;\">\n<td style=\"height: 13.50pt; width: 111.75pt;\" width=\"149\" height=\"18\">Besonderheit<\/td>\n<td style=\"width: 359.25pt;\" width=\"479\">Spezifikation<\/td>\n<\/tr>\n<tr style=\"height: 13.50pt;\">\n<td style=\"height: 13.50pt;\" height=\"18\">Kapazit\u00e4t<\/td>\n<td>250 ml (8 oz), 350 ml (12 oz), 500 ml (17 oz)<\/td>\n<\/tr>\n<tr style=\"height: 13.50pt;\">\n<td style=\"height: 13.50pt;\" height=\"18\">Ma\u00dfe<\/td>\n<td>5,5 \u00d7 17,8 cm, 6,1 \u00d7 19,6 cm, 6,9 \u00d7 21,4 cm<\/td>\n<\/tr>\n<tr style=\"height: 13.50pt;\">\n<td style=\"height: 13.50pt;\" height=\"18\">Form<\/td>\n<td>Zylindrisch mit sanfter Verj\u00fcngung<\/td>\n<\/tr>\n<tr style=\"height: 13.50pt;\">\n<td style=\"height: 13.50pt;\" height=\"18\">Material<\/td>\n<td>Klarglas, kompatibel mit Kunststoff-\/Metallverschluss<\/td>\n<\/tr>\n<tr style=\"height: 13.50pt;\">\n<td style=\"height: 13.50pt;\" height=\"18\">Schlie\u00dfungsoptionen<\/td>\n<td>Gelbe, wei\u00dfe, rote, schwarze Kappen (individuell anpassbar)<\/td>\n<\/tr>\n<tr style=\"height: 13.50pt;\">\n<td style=\"height: 13.50pt;\" height=\"18\">Am besten f\u00fcr<\/td>\n<td>BBQ-Saucen, Dressings, Sirupe, Essig, W\u00fcrzmittelmarken<\/td>\n<\/tr>\n<tr style=\"height: 13.50pt;\">\n<td style=\"height: 13.50pt;\" height=\"18\">Ideale Verwendung<\/td>\n<td>Scharfe So\u00dfenflasche, Glas, wackelig, Glasflaschen f\u00fcr Gew\u00fcrze<\/td>\n<\/tr>\n<\/tbody>\n<\/table>\n<h2>Fallstudie aus der Praxis: Wie eine Marke Skalierung erreichte<\/h2>\n<p>Ein junges Unternehmen, das sich auf die Herstellung von handwerklich hergestellten W\u00fcrzmitteln spezialisiert hatte und vor allem auf Chilisaucen auf Essigbasis in kleinen Chargen spezialisiert war, ben\u00f6tigte f\u00fcr die Expansion in eine landesweit t\u00e4tige Einzelhandelskette eine kosteng\u00fcnstige und zuverl\u00e4ssige Verpackung. Der erste Schritt war der Gro\u00dfhandelskauf von 2.500 St\u00fcck unserer 500-ml-Klarglasflaschen mit rotem Deckel und Markenlogo. Der Erfolg lie\u00df nicht lange auf sich warten. Die Klarglasflaschen mit farbigen Deckeln steigerten den Absatz deutlich \u2013 eine Marke f\u00fcr scharfe Saucen berichtete von einem Anstieg der Online-Verk\u00e4ufe um 38 % bei gleichzeitiger Abfallreduzierung um 29 % dank des praktischen Ausgie\u00dfers, der Tropfen und Versch\u00fctten minimierte. Daraufhin bestellte das Unternehmen weitere 300.000 Flaschen. Mittlerweile setzt das Unternehmen auf diese Flasche als Standardverpackung, die sowohl den Anforderungen an Transport als auch an Kundenzufriedenheit gerecht wird.<\/p>\n<h2>Personalisierung einer Glassaucenflasche<\/h2>\n<ul>\n<li>Mattiertes Glas: Verleihen Sie Ihren R\u00e4umen ein luxuri\u00f6ses Flair mit s\u00e4urege\u00e4tztem, durchscheinendem Glas f\u00fcr ein edles und anspruchsvolles Erscheinungsbild.<\/li>\n<li>Markenlogo-Druck: St\u00e4rken Sie Ihre Marke, indem Sie das Logo oder Design Ihres Unternehmens direkt auf das Glas drucken lassen \u2013 f\u00fcr eine bleibende Erinnerung.<\/li>\n<li>Farbiges Glas: W\u00e4hlen Sie bernsteinfarbenes oder gr\u00fcnes Glas, um die Sauce vor Licht zu sch\u00fctzen und die Qualit\u00e4t des Produkts im Regal hervorzuheben.<\/li>\n<li>Individuelle Kappenfarben: Verwenden Sie die charakteristischen Kappenfarben \u2013 wie zum Beispiel das traditionelle Wei\u00df oder das leuchtende Rot \u2013, um Ihre Marke hervorzuheben und eine schnelle Wiedererkennung zu gew\u00e4hrleisten.<\/li>\n<li>Optionen f\u00fcr das Auskleidungsmaterial: W\u00e4hlen Sie das richtige Auskleidungsmaterial (z. B. PVC-Schaum), um einen dicht verschlossenen Beh\u00e4lter zu erhalten, der f\u00fcr den S\u00e4ure- und \u00d6lgehalt Ihrer Sauce geeignet ist.<\/li>\n<\/ul>","protected":false},"excerpt":{"rendered":"<p>Transparente Flaschen f\u00fcr scharfe Saucen mit glatter Glasoberfl\u00e4che und dicht schlie\u00dfenden Verschl\u00fcssen. Ideal f\u00fcr scharfe Saucen und W\u00fcrzmittel. Direkt vom Hersteller, auch bei gr\u00f6\u00dferen Bestellmengen und schneller Lieferung!<\/p>","protected":false},"featured_media":23107,"template":"","meta":[],"product_brand":[],"product_cat":[20,129,80],"product_tag":[],"class_list":{"0":"post-23091","1":"product","2":"type-product","3":"status-publish","4":"has-post-thumbnail","6":"product_cat-glass-containers","7":"product_cat-hot-sauce-bottles","8":"product_cat-glass-bottles","10":"first","11":"instock","12":"shipping-taxable","13":"product-type-simple"},"jetpack_sharing_enabled":true,"_links":{"self":[{"href":"https:\/\/yebodaglass.com\/de\/wp-json\/wp\/v2\/product\/23091","targetHints":{"allow":["GET"]}}],"collection":[{"href":"https:\/\/yebodaglass.com\/de\/wp-json\/wp\/v2\/product"}],"about":[{"href":"https:\/\/yebodaglass.com\/de\/wp-json\/wp\/v2\/types\/product"}],"version-history":[{"count":3,"href":"https:\/\/yebodaglass.com\/de\/wp-json\/wp\/v2\/product\/23091\/revisions"}],"predecessor-version":[{"id":23134,"href":"https:\/\/yebodaglass.com\/de\/wp-json\/wp\/v2\/product\/23091\/revisions\/23134"}],"wp:featuredmedia":[{"embeddable":true,"href":"https:\/\/yebodaglass.com\/de\/wp-json\/wp\/v2\/media\/23107"}],"wp:attachment":[{"href":"https:\/\/yebodaglass.com\/de\/wp-json\/wp\/v2\/media?parent=23091"}],"wp:term":[{"taxonomy":"product_brand","embeddable":true,"href":"https:\/\/yebodaglass.com\/de\/wp-json\/wp\/v2\/product_brand?post=23091"},{"taxonomy":"product_cat","embeddable":true,"href":"https:\/\/yebodaglass.com\/de\/wp-json\/wp\/v2\/product_cat?post=23091"},{"taxonomy":"product_tag","embeddable":true,"href":"https:\/\/yebodaglass.com\/de\/wp-json\/wp\/v2\/product_tag?post=23091"}],"curies":[{"name":"wp","href":"https:\/\/api.w.org\/{rel}","templated":true}]}}