{"id":23090,"date":"2025-11-03T14:57:07","date_gmt":"2025-11-03T06:57:07","guid":{"rendered":"https:\/\/yebodaglass.com\/?post_type=product&#038;p=23090"},"modified":"2026-03-18T15:52:34","modified_gmt":"2026-03-18T07:52:34","slug":"glass-small-spice-jars-with-spoon-lid-bulk","status":"publish","type":"product","link":"https:\/\/yebodaglass.com\/de\/produkt\/glass-small-spice-jars-with-spoon-lid-bulk\/","title":{"rendered":"Kleine Gew\u00fcrzgl\u00e4ser aus Glas (200 ml) mit L\u00f6ffeldeckel, Gro\u00dfpackung"},"content":{"rendered":"<p>Das kleine Gew\u00fcrzglas besteht aus einem schlichten, transparenten, zylinderf\u00f6rmigen Glask\u00f6rper mit einem glatten, schwarzen Deckel und einem silbernen Metallring. In jeden Deckel ist ein L\u00f6ffel, ein Pinsel oder ein Dip-Werkzeug integriert.<\/p>\n<h2>Produkteigenschaften<\/h2>\n<ul>\n<li><strong>Integration multifunktionaler Werkzeuge:<\/strong> Die Deckel enthalten spezielle Servierwerkzeuge (L\u00f6ffel\/Pinsel\/Honigstab), sodass kein zus\u00e4tzliches Besteck ben\u00f6tigt wird und das Ausgeben hygienischer und bequemer wird.<\/li>\n<li><strong>Glatter schwarzer Deckel und silberne Akzente:<\/strong> Der zweifarbige Deckel verleiht ihm ein modernes Aussehen, und der Griff zum \u00d6ffnen bietet einen guten Halt.<\/li>\n<li><strong>Klarer zylindrischer Glask\u00f6rper:<\/strong> Das abgerundete und transparente Glas erm\u00f6glicht eine schnelle Erfassung des Lagerbestands und ist leicht stapelbar.<\/li>\n<\/ul>\n<h2>Wichtigste Spezifikationen<\/h2>\n<table style=\"border-collapse: collapse; width: 90%; margin-left: auto; margin-right: auto;\" border=\"0\" width=\"504\" cellspacing=\"0\" cellpadding=\"0\">\n<tbody>\n<tr style=\"height: 13.50pt;\">\n<td style=\"height: 13.5pt; width: 54pt; text-align: center;\" width=\"72\" height=\"18\">Kapazit\u00e4t<\/td>\n<td style=\"width: 54pt; text-align: center;\" width=\"72\">Gr\u00f6\u00dfe (cm)<\/td>\n<td style=\"width: 54pt; text-align: center;\" width=\"72\">Form<\/td>\n<td style=\"width: 54pt; text-align: center;\" width=\"72\">Farboptionen<\/td>\n<td style=\"width: 54pt; text-align: center;\" width=\"72\">Verwendung<\/td>\n<td style=\"width: 54pt; text-align: center;\" width=\"72\">Anpassungsoptionen<\/td>\n<\/tr>\n<tr style=\"height: 13.50pt;\">\n<td style=\"height: 13.5pt; text-align: center;\" height=\"18\">200 ml<\/td>\n<td style=\"text-align: center;\">6.5&#215;14<\/td>\n<td style=\"text-align: center;\">Runden<\/td>\n<td style=\"text-align: center;\">Transparent (anpassbar)<\/td>\n<td style=\"text-align: center;\">Gew\u00fcrzbeh\u00e4lter, Gew\u00fcrzflasche, \u00d6lspender<\/td>\n<td style=\"text-align: center;\">Logo, Deckel, Farbe, Etikett, Gr\u00f6\u00dfe<\/td>\n<\/tr>\n<\/tbody>\n<\/table>\n<h2>Erfolgsgeschichte<\/h2>\n<p>Eine europ\u00e4ische K\u00fcchenwarenmarke w\u00e4hlte unsere Gew\u00fcrzgl\u00e4ser und modifizierte sie mit mattierten, abgestuften Linien und Silikonb\u00fcrstenk\u00f6pfen. Dieses System integrierter Werkzeuge wurde ein Riesenerfolg, da die Anzahl der Kundenbeschwerden \u00fcber verlorene L\u00f6ffel um 95 % zur\u00fcckging. Die transparenten Gl\u00e4ser erleichterten den Anwendern die Anwendung des FIFO-Prinzips (First In, First Out). Aufgrund des gro\u00dfen Erfolgs bestellte die Marke weitere 750.000 Gl\u00e4ser f\u00fcr gro\u00dfe Haushaltswarenh\u00e4ndler in Europa.<\/p>\n<h2>Individuelle L\u00f6sungen f\u00fcr kleine Gew\u00fcrzgl\u00e4ser<\/h2>\n<ul>\n<li>Farben und Materialien des Deckels: Er ist in verschiedenen Farben (Wei\u00df, Grau, Holzmaserung) oder aus verschiedenen Metallen (Kupfer, Messing) erh\u00e4ltlich.<\/li>\n<li>Individualisierung der Werkzeuge: W\u00e4hlen Sie eine Werkzeugform (z. B. Mini-Klammern, Messl\u00f6ffel), die Sie selbst gestalten, oder lassen Sie Ihren Markennamen auf ein Werkzeug drucken.<\/li>\n<li>Verschlussdichtung: Dichtungsringe aus Silikon werden am Verschluss angebracht, um eine luftdichte Abdichtung zu gew\u00e4hrleisten und die langfristige Lagerung von Kaffee oder Tee zu erm\u00f6glichen.<\/li>\n<\/ul>","protected":false},"excerpt":{"rendered":"<p>Kleine, transparente Gew\u00fcrzgl\u00e4ser aus Klarglas mit Multifunktionsdeckeln. Das Set enth\u00e4lt L\u00f6ffel, Pinsel und Sch\u00f6pfkelle f\u00fcr eine einfache Anwendung. Gratisproben erh\u00e4ltlich.<\/p>","protected":false},"featured_media":23097,"template":"","meta":[],"product_brand":[],"product_cat":[83,20,128],"product_tag":[],"class_list":{"0":"post-23090","1":"product","2":"type-product","3":"status-publish","4":"has-post-thumbnail","6":"product_cat-glass-jars","7":"product_cat-glass-containers","8":"product_cat-spice-jars","10":"first","11":"instock","12":"shipping-taxable","13":"product-type-simple"},"jetpack_sharing_enabled":true,"_links":{"self":[{"href":"https:\/\/yebodaglass.com\/de\/wp-json\/wp\/v2\/product\/23090","targetHints":{"allow":["GET"]}}],"collection":[{"href":"https:\/\/yebodaglass.com\/de\/wp-json\/wp\/v2\/product"}],"about":[{"href":"https:\/\/yebodaglass.com\/de\/wp-json\/wp\/v2\/types\/product"}],"version-history":[{"count":5,"href":"https:\/\/yebodaglass.com\/de\/wp-json\/wp\/v2\/product\/23090\/revisions"}],"predecessor-version":[{"id":25498,"href":"https:\/\/yebodaglass.com\/de\/wp-json\/wp\/v2\/product\/23090\/revisions\/25498"}],"wp:featuredmedia":[{"embeddable":true,"href":"https:\/\/yebodaglass.com\/de\/wp-json\/wp\/v2\/media\/23097"}],"wp:attachment":[{"href":"https:\/\/yebodaglass.com\/de\/wp-json\/wp\/v2\/media?parent=23090"}],"wp:term":[{"taxonomy":"product_brand","embeddable":true,"href":"https:\/\/yebodaglass.com\/de\/wp-json\/wp\/v2\/product_brand?post=23090"},{"taxonomy":"product_cat","embeddable":true,"href":"https:\/\/yebodaglass.com\/de\/wp-json\/wp\/v2\/product_cat?post=23090"},{"taxonomy":"product_tag","embeddable":true,"href":"https:\/\/yebodaglass.com\/de\/wp-json\/wp\/v2\/product_tag?post=23090"}],"curies":[{"name":"wp","href":"https:\/\/api.w.org\/{rel}","templated":true}]}}