{"id":23019,"date":"2025-10-30T17:28:53","date_gmt":"2025-10-30T09:28:53","guid":{"rendered":"https:\/\/yebodaglass.com\/?post_type=product&#038;p=23019"},"modified":"2026-03-11T14:15:02","modified_gmt":"2026-03-11T06:15:02","slug":"clear-glass-yogurt-jars-with-lids-wholesale","status":"publish","type":"product","link":"https:\/\/yebodaglass.com\/de\/clear-glass-yogurt-jars-with-lids-wholesale\/","title":{"rendered":"40 ml \u2013 500 ml Joghurtgl\u00e4ser aus Klarglas mit Deckel (Gro\u00dfhandel)"},"content":{"rendered":"<p>Es handelt sich um Joghurtgl\u00e4ser aus Glas mit Deckel, die einen gewellten Boden, einen glatten, klaren Glask\u00f6rper und einen leuchtend roten Metallschraubverschluss haben. Sie sind in verschiedenen Gr\u00f6\u00dfen erh\u00e4ltlich.<\/p>\n<h2>Produkteigenschaften<\/h2>\n<ul>\n<li><strong>Funktionaler Wellenboden:<\/strong> Das Design mit dem gewellten Boden verbessert die Griffigkeit und verhindert, dass das Glas auf glatten Oberfl\u00e4chen verrutscht.<\/li>\n<li><strong>Leuchtend roter Metalldeckel:<\/strong> Der Schraubverschluss ist leuchtend rot, was f\u00fcr einen ausgezeichneten, dichten Verschluss sorgt und ihn durch seine Farbe leicht erkennbar macht.<\/li>\n<li><strong>Lebensmittelechtes Glas:<\/strong> Diese Gl\u00e4ser bestehen aus hochwertigem, klarem Glas und sind lebensmittelecht, da sie in Kontakt mit Lebensmitteln verwendet werden.<\/li>\n<\/ul>\n<h2>Wichtigste Spezifikationen<\/h2>\n<table style=\"border-collapse: collapse; width: 80%; margin-left: auto; margin-right: auto;\" border=\"0\" width=\"216\" cellspacing=\"0\" cellpadding=\"0\">\n<tbody>\n<tr style=\"height: 13.50pt;\">\n<td style=\"height: 13.5pt; width: 54pt; text-align: center;\" width=\"72\" height=\"18\">Fassungsverm\u00f6gen (ml)<\/td>\n<td style=\"width: 54pt; text-align: center;\" width=\"72\">Gr\u00f6\u00dfe (cm)<\/td>\n<td style=\"width: 54pt; text-align: center;\" width=\"72\">Benutzerdefinierte Optionen<\/td>\n<\/tr>\n<tr style=\"height: 13.50pt;\">\n<td style=\"height: 13.5pt; text-align: center;\" align=\"right\" height=\"18\">40<\/td>\n<td style=\"text-align: center;\">4.9&#215;4.9<\/td>\n<td class=\"et2\" style=\"text-align: center;\" rowspan=\"7\">Logo, Etikett, Deckel<\/td>\n<\/tr>\n<tr style=\"height: 13.50pt;\">\n<td style=\"height: 13.5pt; text-align: center;\" align=\"right\" height=\"18\">75<\/td>\n<td style=\"text-align: center;\">5.5&#215;5.9<\/td>\n<\/tr>\n<tr style=\"height: 13.50pt;\">\n<td style=\"height: 13.5pt; text-align: center;\" align=\"right\" height=\"18\">100<\/td>\n<td style=\"text-align: center;\">6.3&#215;6.9<\/td>\n<\/tr>\n<tr style=\"height: 13.50pt;\">\n<td style=\"height: 13.5pt; text-align: center;\" align=\"right\" height=\"18\">200<\/td>\n<td style=\"text-align: center;\">7.5&#215;7.6<\/td>\n<\/tr>\n<tr style=\"height: 13.50pt;\">\n<td style=\"height: 13.5pt; text-align: center;\" align=\"right\" height=\"18\">280<\/td>\n<td style=\"text-align: center;\">8.7&#215;8.4<\/td>\n<\/tr>\n<tr style=\"height: 13.50pt;\">\n<td style=\"height: 13.5pt; text-align: center;\" align=\"right\" height=\"18\">380<\/td>\n<td style=\"text-align: center;\">9.3&#215;9.3<\/td>\n<\/tr>\n<tr style=\"height: 13.50pt;\">\n<td style=\"height: 13.5pt; text-align: center;\" align=\"right\" height=\"18\">500<\/td>\n<td style=\"text-align: center;\">9.8&#215;10.5<\/td>\n<\/tr>\n<\/tbody>\n<\/table>\n<h2>Erfolgsgeschichte: Die Erfolgsgeschichte einer handwerklichen Molkerei im Mittleren Westen<\/h2>\n<p>Unsere Joghurtgl\u00e4ser mit Deckel wurden von einer familiengef\u00fchrten, handwerklichen Molkerei in Wisconsin ausgew\u00e4hlt. Sie gestalteten die roten Deckel nach ihren Vorstellungen und brachten ihren Markennamen im Siebdruckverfahren an. Die roten Metalldeckel sorgten f\u00fcr einen besonders guten Verschluss, wodurch die Haltbarkeit des Produkts um 15 Prozent verl\u00e4ngert wurde. Durch die Gl\u00e4ser wirkte der Joghurt dickfl\u00fcssig, was den Kunden sofort ins Auge fiel und zu einem Anstieg der Spontank\u00e4ufe um 25 Prozent f\u00fchrte. Daraufhin bestellten sie sp\u00e4ter weitere 200.000 Gl\u00e4ser.<\/p>\n<h2>Empfehlungen zur individuellen Gestaltung von Joghurtgl\u00e4sern mit Deckel<\/h2>\n<ul>\n<li>Personalisierte Deckelfarben: Neben einer Auswahl an Standardfarben f\u00fcr Metallschraubdeckel (z. B. Schwarz, Wei\u00df, Gold, Blau) k\u00f6nnen wir auf Wunsch auch Ihre Markenfarben verwenden oder eine Farbdifferenzierung zwischen den Geschmacksrichtungen herstellen.<\/li>\n<li>Individuelle Bodenstruktur: Ersetzen Sie die wellenf\u00f6rmige Struktur durch eine rutschfeste Struktur einer anderen Art, z. B. ein geometrisches Gitter oder kleine Punkte.<\/li>\n<li>Kennzeichnung: Um die Handhabung des Glases zu vereinfachen, sollten dauerhafte, gepr\u00e4gte oder gedruckte Messmarkierungen (ml oder Unzen) an der Seite des Glases angebracht werden.<\/li>\n<\/ul>","protected":false},"excerpt":{"rendered":"<p>Hochwertige Joghurtgl\u00e4ser aus Glas mit Deckel, roten Metallschraubverschl\u00fcssen und strukturiertem Boden. Vielseitig einsetzbar f\u00fcr Lebensmittel und Kosmetik. Schneller Versand.<\/p>","protected":false},"featured_media":23020,"template":"","meta":[],"product_brand":[],"product_cat":[124,122,130],"product_tag":[],"class_list":{"0":"post-23019","1":"product","2":"type-product","3":"status-publish","4":"has-post-thumbnail","6":"product_cat-custom-glass-jars","7":"product_cat-custom-glass-packaging","8":"product_cat-glass-yogurt-jars","10":"first","11":"instock","12":"shipping-taxable","13":"product-type-simple"},"jetpack_sharing_enabled":true,"_links":{"self":[{"href":"https:\/\/yebodaglass.com\/de\/wp-json\/wp\/v2\/product\/23019","targetHints":{"allow":["GET"]}}],"collection":[{"href":"https:\/\/yebodaglass.com\/de\/wp-json\/wp\/v2\/product"}],"about":[{"href":"https:\/\/yebodaglass.com\/de\/wp-json\/wp\/v2\/types\/product"}],"version-history":[{"count":5,"href":"https:\/\/yebodaglass.com\/de\/wp-json\/wp\/v2\/product\/23019\/revisions"}],"predecessor-version":[{"id":25360,"href":"https:\/\/yebodaglass.com\/de\/wp-json\/wp\/v2\/product\/23019\/revisions\/25360"}],"wp:featuredmedia":[{"embeddable":true,"href":"https:\/\/yebodaglass.com\/de\/wp-json\/wp\/v2\/media\/23020"}],"wp:attachment":[{"href":"https:\/\/yebodaglass.com\/de\/wp-json\/wp\/v2\/media?parent=23019"}],"wp:term":[{"taxonomy":"product_brand","embeddable":true,"href":"https:\/\/yebodaglass.com\/de\/wp-json\/wp\/v2\/product_brand?post=23019"},{"taxonomy":"product_cat","embeddable":true,"href":"https:\/\/yebodaglass.com\/de\/wp-json\/wp\/v2\/product_cat?post=23019"},{"taxonomy":"product_tag","embeddable":true,"href":"https:\/\/yebodaglass.com\/de\/wp-json\/wp\/v2\/product_tag?post=23019"}],"curies":[{"name":"wp","href":"https:\/\/api.w.org\/{rel}","templated":true}]}}