{"id":23010,"date":"2025-10-30T16:02:10","date_gmt":"2025-10-30T08:02:10","guid":{"rendered":"https:\/\/yebodaglass.com\/?post_type=product&#038;p=23010"},"modified":"2025-11-04T11:53:22","modified_gmt":"2025-11-04T03:53:22","slug":"custom-eggshell-shaped-cute-yogurt-glass-jars-with-lids-bulk","status":"publish","type":"product","link":"https:\/\/yebodaglass.com\/de\/custom-eggshell-shaped-cute-yogurt-glass-jars-with-lids-bulk\/","title":{"rendered":"225 g niedliche Joghurtgl\u00e4ser in Eierschalenform mit Deckel (Gro\u00dfpackung)"},"content":{"rendered":"<p>Sind Sie es leid, dass Joghurtgl\u00e4ser mit Deckeln langweilig aussehen oder auslaufen? Wir fertigen h\u00fcbsche Joghurtgl\u00e4ser mit Eierschalen-Charme \u2013 Schluss mit langweiligen Verpackungen! Mit diesen Gl\u00e4sern wird Ihr Joghurt zum absoluten Must-have. Bei gr\u00f6\u00dferen Bestellmengen erhalten Sie individuelle Designs passend zu Ihrer Marke.<\/p>\n<h2>Produkteigenschaften<\/h2>\n<p><strong>Einzigartiges Eierschalen-Design<\/strong><\/p>\n<p>Die runde und niedliche Form des Produkts ist von den nat\u00fcrlichen Rippen einer Eierschale inspiriert und verleiht ihm den Eindruck eines handgefertigten Produkts, was dem Verbraucher gef\u00e4llt.<\/p>\n<p><strong>Multifunktionale Anwendungen<\/strong><\/p>\n<p>Der Beh\u00e4lter eignet sich auch hervorragend f\u00fcr die Verpackung von hochwertigen Lebensmitteln wie Joghurt, Pudding, Mousse, Gelee, Desserts und Backwaren.<\/p>\n<p><strong>Personalisierte Anpassung m\u00f6glich<\/strong><\/p>\n<p>Eine einzigartige Markenidentit\u00e4t kann durch Hinzuf\u00fcgen eines Logos, das je nach Markenanforderungen im Siebdruckverfahren gedruckt, etikettiert, lackiert, mattiert oder galvanisiert wird, geschaffen werden.<\/p>\n<h2>Wichtigste Spezifikationen<\/h2>\n<table style=\"border-collapse: collapse; width: 80%; margin-left: auto; margin-right: auto;\" border=\"0\" width=\"288\" cellspacing=\"0\" cellpadding=\"0\">\n<tbody>\n<tr style=\"height: 13.50pt;\">\n<td style=\"height: 13.5pt; width: 54pt; text-align: center;\" width=\"72\" height=\"18\">Kapazit\u00e4t<\/td>\n<td style=\"width: 54pt; text-align: center;\" width=\"72\">Gr\u00f6\u00dfe (cm)<\/td>\n<td style=\"width: 54pt; text-align: center;\" width=\"72\">Form<\/td>\n<td style=\"width: 54pt; text-align: center;\" width=\"72\">Material<\/td>\n<\/tr>\n<tr style=\"height: 13.50pt;\">\n<td style=\"height: 13.5pt; text-align: center;\" height=\"18\">225 g<\/td>\n<td style=\"text-align: center;\">6.2&#215;8.2<\/td>\n<td style=\"text-align: center;\">Eierschale<\/td>\n<td style=\"text-align: center;\">Glas<\/td>\n<\/tr>\n<\/tbody>\n<\/table>\n<h2>Erfolgsbeispiel<\/h2>\n<p>Wir haben uns mit einer australischen Molkereimarke zusammengetan, um niedliche, eif\u00f6rmige Joghurtgl\u00e4ser zu entwerfen. Die Gl\u00e4ser ziert ein minimalistisches, goldfoliengepr\u00e4gtes Logo, das ihnen eine sch\u00f6ne, dezente Note verleiht.<\/p>\n<p>Als das Produkt auf den Markt kam, riefen die Leute, die Joghurtgl\u00e4ser seien \u201eviel zu niedlich zum Wegwerfen\u201c. Die Online-Verk\u00e4ufe sind in nur sechs Wochen um 40 % gestiegen.<\/p>\n<h2>Ihr individuelles Anpassungshandbuch<\/h2>\n<ol>\n<li><strong>Kapazit\u00e4tsoptionen:<\/strong> Ob Dessert, Joghurt oder Geschenk \u2013 die Bed\u00fcrfnisse k\u00f6nnen durch die Verwendung individuell anpassbarer Kapazit\u00e4tsoptionen variiert werden.<\/li>\n<li><strong>Setverpackung:<\/strong> Die Verpackung kann in Kombination mit den Kartons, Bambusdeckeln oder L\u00f6ffelsets verwendet werden, um Geschenksets in hoher Qualit\u00e4t zu kreieren, die sich f\u00fcr den Weihnachtsverkauf oder den gehobenen Vertrieb eignen.<\/li>\n<\/ol>","protected":false},"excerpt":{"rendered":"<p>Unsere eierschalenf\u00f6rmigen Joghurtgl\u00e4ser mit Deckel sind einzigartig gestaltete, niedliche Joghurtgl\u00e4ser, die sich perfekt f\u00fcr die Verpackung von hochwertigen Desserts, Puddings oder handgemachtem Joghurt eignen.<\/p>","protected":false},"featured_media":23011,"template":"","meta":[],"product_brand":[],"product_cat":[124,122,130],"product_tag":[],"class_list":{"0":"post-23010","1":"product","2":"type-product","3":"status-publish","4":"has-post-thumbnail","6":"product_cat-custom-glass-jars","7":"product_cat-custom-glass-packaging","8":"product_cat-glass-yogurt-jars","10":"first","11":"instock","12":"shipping-taxable","13":"product-type-simple"},"jetpack_sharing_enabled":true,"_links":{"self":[{"href":"https:\/\/yebodaglass.com\/de\/wp-json\/wp\/v2\/product\/23010","targetHints":{"allow":["GET"]}}],"collection":[{"href":"https:\/\/yebodaglass.com\/de\/wp-json\/wp\/v2\/product"}],"about":[{"href":"https:\/\/yebodaglass.com\/de\/wp-json\/wp\/v2\/types\/product"}],"version-history":[{"count":5,"href":"https:\/\/yebodaglass.com\/de\/wp-json\/wp\/v2\/product\/23010\/revisions"}],"predecessor-version":[{"id":23029,"href":"https:\/\/yebodaglass.com\/de\/wp-json\/wp\/v2\/product\/23010\/revisions\/23029"}],"wp:featuredmedia":[{"embeddable":true,"href":"https:\/\/yebodaglass.com\/de\/wp-json\/wp\/v2\/media\/23011"}],"wp:attachment":[{"href":"https:\/\/yebodaglass.com\/de\/wp-json\/wp\/v2\/media?parent=23010"}],"wp:term":[{"taxonomy":"product_brand","embeddable":true,"href":"https:\/\/yebodaglass.com\/de\/wp-json\/wp\/v2\/product_brand?post=23010"},{"taxonomy":"product_cat","embeddable":true,"href":"https:\/\/yebodaglass.com\/de\/wp-json\/wp\/v2\/product_cat?post=23010"},{"taxonomy":"product_tag","embeddable":true,"href":"https:\/\/yebodaglass.com\/de\/wp-json\/wp\/v2\/product_tag?post=23010"}],"curies":[{"name":"wp","href":"https:\/\/api.w.org\/{rel}","templated":true}]}}