{"id":23001,"date":"2025-10-30T14:56:21","date_gmt":"2025-10-30T06:56:21","guid":{"rendered":"https:\/\/yebodaglass.com\/?post_type=product&#038;p=23001"},"modified":"2026-04-10T09:32:58","modified_gmt":"2026-04-10T01:32:58","slug":"round-ribbed-glass-jars-for-yogurt-with-metal-lids-wholesale","status":"publish","type":"product","link":"https:\/\/yebodaglass.com\/de\/round-ribbed-glass-jars-for-yogurt-with-metal-lids-wholesale\/","title":{"rendered":"150 ml \u2013 380 ml runde, gerippte Glasbeh\u00e4lter f\u00fcr Joghurt mit Metalldeckel (Gro\u00dfhandel)"},"content":{"rendered":"<p>Diese Joghurtgl\u00e4ser sind rund und volumin\u00f6s, haben eine glatte Oberfl\u00e4che mit feiner, vertikaler Rippenstruktur und elegante rote oder wundersch\u00f6ne goldene Metalldeckel. Daher sind dies die perfekten Joghurtgl\u00e4ser, die Gro\u00dfh\u00e4ndler von hochwertigen Joghurts verwenden sollten.<\/p>\n<h2>Produkteigenschaften<\/h2>\n<ul>\n<li><strong>Runde, volle Form:<\/strong> Diese Form ist die traditionelle, runde Form, die komfortabler in der Handhabung ist und den gr\u00f6\u00dften Innenraum bietet.<\/li>\n<li><strong>Vertikale Rippenstruktur:<\/strong> Zierschnitte am Rand sorgen f\u00fcr \u00e4sthetische Reize, verbesserte Griffigkeit und leichte Lichtreflexionen.<\/li>\n<li><strong>Auswahlm\u00f6glichkeiten f\u00fcr Metalldeckel:<\/strong> Die Deckel in leuchtendem Rot bzw. Gold verleihen der Flasche einen modernen, stilvollen und gleichzeitig luxuri\u00f6sen Vintage-Look.<\/li>\n<\/ul>\n<h2>Wichtigste Spezifikationen<\/h2>\n<table style=\"border-collapse: collapse; width: 80%; margin-left: auto; margin-right: auto;\" border=\"0\" width=\"288\" cellspacing=\"0\" cellpadding=\"0\">\n<tbody>\n<tr style=\"height: 13.50pt;\">\n<td style=\"height: 13.5pt; width: 54pt; text-align: center;\" width=\"72\" height=\"18\">Fassungsverm\u00f6gen (ml)<\/td>\n<td style=\"width: 54pt; text-align: center;\" width=\"72\">Abmessungen (cm)<\/td>\n<td style=\"width: 54pt; text-align: center;\" width=\"72\">Form<\/td>\n<td style=\"width: 54pt; text-align: center;\" width=\"72\">Material<\/td>\n<\/tr>\n<tr style=\"height: 13.50pt;\">\n<td style=\"height: 13.5pt; text-align: center;\" align=\"right\" height=\"18\">150<\/td>\n<td style=\"text-align: center;\">7.3*6.9<\/td>\n<td class=\"et2\" style=\"text-align: center;\" rowspan=\"4\">Runden<\/td>\n<td class=\"et2\" style=\"text-align: center;\" rowspan=\"4\">Glas<\/td>\n<\/tr>\n<tr style=\"height: 13.50pt;\">\n<td style=\"height: 13.5pt; text-align: center;\" align=\"right\" height=\"18\">200<\/td>\n<td style=\"text-align: center;\">8.1*7.5<\/td>\n<\/tr>\n<tr style=\"height: 13.50pt;\">\n<td style=\"height: 13.5pt; text-align: center;\" align=\"right\" height=\"18\">280<\/td>\n<td style=\"text-align: center;\">8.9*8.0<\/td>\n<\/tr>\n<tr style=\"height: 13.50pt;\">\n<td style=\"height: 13.5pt; text-align: center;\" align=\"right\" height=\"18\">380<\/td>\n<td style=\"text-align: center;\">9.7*9.0<\/td>\n<\/tr>\n<\/tbody>\n<\/table>\n<h2>Erfolgsbeispiel<\/h2>\n<p>Unsere Joghurtgl\u00e4ser wurden von einer Bio-Lebensmittelmarke aus Oregon f\u00fcr die Verpackung ihres Joghurts ausgew\u00e4hlt und die hellgr\u00fcnen Gl\u00e4ser individuell gestaltet. Die Ergebnisse dieser hochwertigen Verpackung waren sofort sichtbar und deutlich: Das spezielle gr\u00fcne Glas bot einen leichten UV-Schutz und verl\u00e4ngerte so die optimale Haltbarkeit des Joghurts um 10 Prozent. Das wiederverwendbare Design mit seinem ansprechenden Aussehen f\u00fchrte zu 25 Prozent mehr Wiederk\u00e4ufen, und Fotos der sch\u00f6nen Gl\u00e4ser brachten der Marke \u00fcber 5.000 neue Follower. Aufgrund dieses hervorragenden Erfolgs bestellte das Unternehmen daraufhin weitere 100.000 Gl\u00e4ser.<\/p>\n<h2>Empfehlungen zur individuellen Gestaltung von Joghurtgl\u00e4sern aus Glas (Gro\u00dfhandel)<\/h2>\n<ul>\n<li>Gepr\u00e4gtes Branding: Auf der Oberseite des Metalldeckels kann ein kleines gepr\u00e4gtes Logo oder Muster angebracht werden, um der Marke ein dezentes, aber hochwertiges Image zu verleihen.<\/li>\n<li>Verschiedene Cup-Texturen: W\u00e4hlen Sie eine andere Textur f\u00fcr den vertikalen Cup: Spirale, Diamant oder Welle.<\/li>\n<li>Gr\u00f6\u00dfen: Bieten Sie verschiedene Gr\u00f6\u00dfen im gleichen ansprechenden Design an, z. B. kleine 4-Unzen-Gl\u00e4ser und gro\u00dfe 16-Unzen-Familienpackungen.<\/li>\n<\/ul>","protected":false},"excerpt":{"rendered":"<p>Individuell gestaltete Joghurtgl\u00e4ser aus Glas mit gepr\u00e4gter Oberfl\u00e4che und Metalldeckel. Robuste Joghurtgl\u00e4ser aus Glas im Gro\u00dfhandel direkt ab Werk zu g\u00fcnstigen Preisen f\u00fcr Gro\u00dfabnehmer. Schneller Versand.<\/p>","protected":false},"featured_media":23005,"template":"","meta":[],"product_brand":[],"product_cat":[130,124,122],"product_tag":[],"class_list":{"0":"post-23001","1":"product","2":"type-product","3":"status-publish","4":"has-post-thumbnail","6":"product_cat-glass-yogurt-jars","7":"product_cat-custom-glass-jars","8":"product_cat-custom-glass-packaging","10":"first","11":"instock","12":"shipping-taxable","13":"product-type-simple"},"jetpack_sharing_enabled":true,"_links":{"self":[{"href":"https:\/\/yebodaglass.com\/de\/wp-json\/wp\/v2\/product\/23001","targetHints":{"allow":["GET"]}}],"collection":[{"href":"https:\/\/yebodaglass.com\/de\/wp-json\/wp\/v2\/product"}],"about":[{"href":"https:\/\/yebodaglass.com\/de\/wp-json\/wp\/v2\/types\/product"}],"version-history":[{"count":5,"href":"https:\/\/yebodaglass.com\/de\/wp-json\/wp\/v2\/product\/23001\/revisions"}],"predecessor-version":[{"id":25371,"href":"https:\/\/yebodaglass.com\/de\/wp-json\/wp\/v2\/product\/23001\/revisions\/25371"}],"wp:featuredmedia":[{"embeddable":true,"href":"https:\/\/yebodaglass.com\/de\/wp-json\/wp\/v2\/media\/23005"}],"wp:attachment":[{"href":"https:\/\/yebodaglass.com\/de\/wp-json\/wp\/v2\/media?parent=23001"}],"wp:term":[{"taxonomy":"product_brand","embeddable":true,"href":"https:\/\/yebodaglass.com\/de\/wp-json\/wp\/v2\/product_brand?post=23001"},{"taxonomy":"product_cat","embeddable":true,"href":"https:\/\/yebodaglass.com\/de\/wp-json\/wp\/v2\/product_cat?post=23001"},{"taxonomy":"product_tag","embeddable":true,"href":"https:\/\/yebodaglass.com\/de\/wp-json\/wp\/v2\/product_tag?post=23001"}],"curies":[{"name":"wp","href":"https:\/\/api.w.org\/{rel}","templated":true}]}}