{"id":22838,"date":"2025-10-28T16:48:47","date_gmt":"2025-10-28T08:48:47","guid":{"rendered":"https:\/\/yebodaglass.com\/?post_type=product&#038;p=22838"},"modified":"2026-03-13T11:43:52","modified_gmt":"2026-03-13T03:43:52","slug":"groshandel-einzigartige-sechseck-glas-honig-glaser-mit-deckel","status":"publish","type":"product","link":"https:\/\/yebodaglass.com\/de\/groshandel-einzigartige-sechseck-glas-honig-glaser-mit-deckel\/","title":{"rendered":"Gro\u00dfhandel mit einzigartigen sechseckigen Honiggl\u00e4sern aus Glas mit Deckel, 375 ml und 750 ml"},"content":{"rendered":"<p>Dieses sechseckige Honigglas besticht durch sein traditionelles sechseckiges Design. Die leuchtenden Farben von Honig, Marmelade und Konfit\u00fcre spiegeln sich perfekt im kristallklaren Glas wider. Praktisch und \u00e4sthetisch zugleich sind der robuste Schraubverschluss und der stabile Boden.<\/p>\n<h2>Produkteigenschaften<\/h2>\n<ul>\n<li><strong>Identisches Sechseck:<\/strong> Die sechseckige Wabenstruktur dieses Produkts verhindert ein Wegrollen und sorgt f\u00fcr einen guten Halt.<\/li>\n<li><strong>Kristallklares Glas:<\/strong> Durch das kristallklare Glas erhalten die Kunden einen genauen Eindruck von der Qualit\u00e4t des Produkts, da sie den gesamten Inhalt sehen k\u00f6nnen.<\/li>\n<li><strong>Robuster, flacher Boden:<\/strong> Dank des dicken und flachen Bodens kann das Glas auf jeder Oberfl\u00e4che abgestellt werden und bleibt auch dann stabil, wenn es voll ist.<\/li>\n<\/ul>\n<h2 style=\"text-align: left;\">Wichtigste Spezifikationen<\/h2>\n<table class=\"aligncenter\" style=\"border-collapse: collapse; width: 459.77pt;\" border=\"0\" width=\"613\" cellspacing=\"0\" cellpadding=\"0\">\n<tbody>\n<tr style=\"height: 13.50pt;\">\n<td style=\"height: 13.50pt; width: 99.75pt;\" width=\"133\" height=\"18\">Besonderheit<\/td>\n<td style=\"width: 360.00pt;\" width=\"480\">Spezifikation<\/td>\n<\/tr>\n<tr style=\"height: 13.50pt;\">\n<td style=\"height: 13.50pt;\" height=\"18\">Kapazit\u00e4t<\/td>\n<td>375 ml, 750 ml<\/td>\n<\/tr>\n<tr style=\"height: 13.50pt;\">\n<td style=\"height: 13.50pt;\" height=\"18\">Form<\/td>\n<td>Sechseckiges Prisma, flache Paneele<\/td>\n<\/tr>\n<tr style=\"height: 13.50pt;\">\n<td style=\"height: 13.50pt;\" height=\"18\">Ma\u00dfe<\/td>\n<td>7,2 \u00d7 12,5 cm, 8,2 \u00d7 17 cm<\/td>\n<\/tr>\n<tr style=\"height: 13.50pt;\">\n<td style=\"height: 13.50pt;\" height=\"18\">Material<\/td>\n<td>Klares Glas, Metallschraubdeckel<\/td>\n<\/tr>\n<tr style=\"height: 13.50pt;\">\n<td style=\"height: 13.50pt;\" height=\"18\">Deckeloptionen<\/td>\n<td>Gold, Gelb, Silber, Schwarz (anpassbar)<\/td>\n<\/tr>\n<tr style=\"height: 13.50pt;\">\n<td style=\"height: 13.50pt;\" height=\"18\">Am besten f\u00fcr<\/td>\n<td>Honig, Marmelade, Geschenksets<\/td>\n<\/tr>\n<tr style=\"height: 13.50pt;\">\n<td style=\"height: 13.50pt;\" height=\"18\">Ideale Verwendung<\/td>\n<td>Einzigartige Marmeladengl\u00e4ser, sechseckiges Honigglas, Honiggl\u00e4ser als Geschenk<\/td>\n<\/tr>\n<\/tbody>\n<\/table>\n<h2>Erfolgsgeschichte: Sonderanfertigung der Midwestern Beekeeping Cooperative<\/h2>\n<p>Eine Imkergenossenschaft in Iowa w\u00e4hlte unser sechseckiges Honigglas und versah es mit einem Metalldeckel, der mit einem Bienenlogo gepr\u00e4gt war, und hellbraunem Glas. Diese Personalisierung brachte erhebliche Vorteile: Das braune Glas bot Schutz vor UV-Strahlung, Kundenbefragungen ergaben einen Absatzanstieg von 25 Prozent aufgrund der Frische des Honigs, und die individuelle Form und die hochwertige Haptik steigerten den Absatz um 30 Prozent. Der Kunde war sehr zufrieden mit der Zusammenarbeit und bestellte im darauffolgenden Fr\u00fchjahr zur Honigernte und zur Einf\u00fchrung seiner neuen Marmeladenlinie weitere 500.000 Flaschen.<\/p>\n<h2>Personalisierungsvorschlag: Einzigartige Marmeladengl\u00e4ser<\/h2>\n<ul>\n<li>Pr\u00e4gung oder \u00c4tzung: Individuelle Pr\u00e4gedesigns, Hofnamen oder Logos k\u00f6nnen auf das Glas gepr\u00e4gt oder ge\u00e4tzt werden, um eine hochwertige und dauerhafte Markenidentit\u00e4t zu schaffen.<\/li>\n<li>Multifunktionale Kappenmaterialien: Die Kappen sind aus verschiedenen Materialien gefertigt, darunter nachhaltiger Bambus, Metall oder Keramik, und f\u00fchlen sich luxuri\u00f6s an.<\/li>\n<li>Kennzeichnung der F\u00fcllmenge: Pr\u00e4gen Sie eine kleine Markierung (Unzen, Gramm) auf den Rand des Glasbeh\u00e4lters, damit diese auch dann leicht zug\u00e4nglich ist, wenn das Produkt leer ist.<\/li>\n<\/ul>","protected":false},"excerpt":{"rendered":"<p>Hochwertiges, sechseckiges Honigglas aus Klarglas, das die Honigfarbe optimal zur Geltung bringt. Praktische Marmeladengl\u00e4ser mit luftdichtem Deckel zur Aufbewahrung von Lebensmitteln. Schneller Versand.<\/p>","protected":false},"featured_media":22842,"template":"","meta":[],"product_brand":[],"product_cat":[122,124,127],"product_tag":[],"class_list":{"0":"post-22838","1":"product","2":"type-product","3":"status-publish","4":"has-post-thumbnail","6":"product_cat-custom-glass-packaging","7":"product_cat-custom-glass-jars","8":"product_cat-glass-honey-jars","10":"first","11":"instock","12":"shipping-taxable","13":"product-type-simple"},"jetpack_sharing_enabled":true,"_links":{"self":[{"href":"https:\/\/yebodaglass.com\/de\/wp-json\/wp\/v2\/product\/22838","targetHints":{"allow":["GET"]}}],"collection":[{"href":"https:\/\/yebodaglass.com\/de\/wp-json\/wp\/v2\/product"}],"about":[{"href":"https:\/\/yebodaglass.com\/de\/wp-json\/wp\/v2\/types\/product"}],"version-history":[{"count":5,"href":"https:\/\/yebodaglass.com\/de\/wp-json\/wp\/v2\/product\/22838\/revisions"}],"predecessor-version":[{"id":25433,"href":"https:\/\/yebodaglass.com\/de\/wp-json\/wp\/v2\/product\/22838\/revisions\/25433"}],"wp:featuredmedia":[{"embeddable":true,"href":"https:\/\/yebodaglass.com\/de\/wp-json\/wp\/v2\/media\/22842"}],"wp:attachment":[{"href":"https:\/\/yebodaglass.com\/de\/wp-json\/wp\/v2\/media?parent=22838"}],"wp:term":[{"taxonomy":"product_brand","embeddable":true,"href":"https:\/\/yebodaglass.com\/de\/wp-json\/wp\/v2\/product_brand?post=22838"},{"taxonomy":"product_cat","embeddable":true,"href":"https:\/\/yebodaglass.com\/de\/wp-json\/wp\/v2\/product_cat?post=22838"},{"taxonomy":"product_tag","embeddable":true,"href":"https:\/\/yebodaglass.com\/de\/wp-json\/wp\/v2\/product_tag?post=22838"}],"curies":[{"name":"wp","href":"https:\/\/api.w.org\/{rel}","templated":true}]}}