{"id":22829,"date":"2025-10-28T15:40:26","date_gmt":"2025-10-28T07:40:26","guid":{"rendered":"https:\/\/yebodaglass.com\/?post_type=product&#038;p=22829"},"modified":"2026-03-13T14:26:48","modified_gmt":"2026-03-13T06:26:48","slug":"clear-cylindrical-little-glass-honey-vials-bulk","status":"publish","type":"product","link":"https:\/\/yebodaglass.com\/de\/clear-cylindrical-little-glass-honey-vials-bulk\/","title":{"rendered":"40 ml, 75 ml, 100 ml Klare zylindrische Honigfl\u00e4schchen aus Glas (Gro\u00dfpackung)"},"content":{"rendered":"<p>Diese Honigfl\u00e4schchen sind zylindrisch geformt und aus kristallklarem Glas gefertigt. Ihr verdickter, abgerundeter Boden sorgt f\u00fcr Stabilit\u00e4t und Langlebigkeit. Die kleinen, eleganten Schraubverschl\u00fcsse in Gold oder Silber eignen sich perfekt zur Aufbewahrung kleiner Mengen Honig, Marmelade oder Proben.<\/p>\n<h2>Produkteigenschaften<\/h2>\n<ul>\n<li><strong>Schlanke zylindrische Flaschen:<\/strong> Es hat einen beschwerten Boden, ein schlankes und modernes Design und ben\u00f6tigt nicht viel Platz.<\/li>\n<li><strong>Hohe Transparenz:<\/strong> Es ist transparent, und das Glas gibt die Farbe und Viskosit\u00e4t des Honigs perfekt wieder. Visuelle K\u00e4ufer werden davon angezogen.<\/li>\n<li><strong>Tragbar und kompakt:<\/strong> Die Flasche ist kompakt gestaltet und eignet sich perfekt f\u00fcr Reisen, zum Testen, f\u00fcr Veranstaltungen oder auch als Geschenk.<\/li>\n<\/ul>\n<h2 style=\"text-align: left;\">Wichtigste Spezifikationen<\/h2>\n<table class=\"aligncenter\" style=\"border-collapse: collapse; width: 454.52pt;\" border=\"0\" width=\"606\" cellspacing=\"0\" cellpadding=\"0\">\n<tbody>\n<tr style=\"height: 13.50pt;\">\n<td style=\"height: 13.50pt; width: 96.75pt;\" width=\"129\" height=\"18\">Besonderheit<\/td>\n<td style=\"width: 357.75pt;\" width=\"477\">Spezifikation<\/td>\n<\/tr>\n<tr style=\"height: 13.50pt;\">\n<td style=\"height: 13.50pt;\" height=\"18\">Kapazit\u00e4t<\/td>\n<td>40 ml, 75 ml, 100 ml<\/td>\n<\/tr>\n<tr style=\"height: 13.50pt;\">\n<td style=\"height: 13.50pt;\" height=\"18\">Form<\/td>\n<td>Gerader Zylinder, gleichm\u00e4\u00dfiger Durchmesser<\/td>\n<\/tr>\n<tr style=\"height: 13.50pt;\">\n<td style=\"height: 13.50pt;\" height=\"18\">Ma\u00dfe<\/td>\n<td>4 \u00d7 8,5 cm bis 4 \u00d7 15 cm<\/td>\n<\/tr>\n<tr style=\"height: 13.50pt;\">\n<td style=\"height: 13.50pt;\" height=\"18\">Material<\/td>\n<td>Klares Glas, Metallschraubdeckel<\/td>\n<\/tr>\n<tr style=\"height: 13.50pt;\">\n<td style=\"height: 13.50pt;\" height=\"18\">Deckeloptionen<\/td>\n<td>Gold, Silber, Rosa (Sonderfarben auf Anfrage)<\/td>\n<\/tr>\n<tr style=\"height: 13.50pt;\">\n<td style=\"height: 13.50pt;\" height=\"18\">Am besten f\u00fcr<\/td>\n<td>Honig, Probiersets, Geschenksets<\/td>\n<\/tr>\n<tr style=\"height: 13.50pt;\">\n<td style=\"height: 13.50pt;\" height=\"18\">Ideale Verwendung<\/td>\n<td>Honigfl\u00e4schchen, kleine Honiggl\u00e4ser, Honiggl\u00e4ser im Gro\u00dfhandel<\/td>\n<\/tr>\n<\/tbody>\n<\/table>\n<h2>Erfolgsbeispiel: Eine der Sonderanfertigungen eines Honigspezialbetriebs in Kalifornien<\/h2>\n<p>Eine Honigfarm in Sonoma w\u00e4hlte unsere Honigfl\u00e4schchen und lie\u00df sie mit laserge\u00e4tzten Bienenmotiven auf den Glask\u00f6rpern und mattschwarzen Deckeln versehen. Die ma\u00dfgeschneiderte Verpackung erzielte hervorragende Ergebnisse: Die individuell gestalteten Fl\u00e4schchen mit Markenlogo wurden zu beliebten Gastgeschenken bei Hochzeiten und Firmenveranstaltungen, wodurch dieser Gesch\u00e4ftsbereich um 40 Prozent wuchs. Dank ihrer hervorragenden Versiegelung und ihrer geringen Gr\u00f6\u00dfe eignen sie sich ideal als Probierfl\u00e4schchen auf Bauernm\u00e4rkten. Laut der Farm stieg der Absatz von Honig in Standardgr\u00f6\u00dfe an ihren St\u00e4nden um 25 Prozent. Aufgrund dieses Erfolgs bestellte die Farm weitere 100.000 kleine Fl\u00e4schchen, um ein neues Honig-Verkostungsset zu entwickeln.<\/p>\n<h2>Vorschl\u00e4ge zur individuellen Gestaltung von Honigflaschen<\/h2>\n<ul>\n<li><strong>Halsetikett:<\/strong> Bringen Sie einen Markenring am Flaschenhals an, um der Flasche ein zeitloses, edles Aussehen zu verleihen.<\/li>\n<li><strong>Siebdruck:<\/strong> Nutzen Sie ein Druckverfahren, um Ihre Marke visuell direkt auf dem Glas zu platzieren und so eine klare, dauerhafte Markenidentit\u00e4t der transparenten Art zu schaffen.<\/li>\n<li><strong>Farbglas:<\/strong> Servieren Sie Ihren Honig in einem bernsteinfarbenen oder kobaltblauen Glas, um sich von der Konkurrenz abzuheben und den Honig gleichzeitig vor Licht zu sch\u00fctzen.<\/li>\n<\/ul>","protected":false},"excerpt":{"rendered":"<p>Honigfl\u00e4schchen aus kristallklarem Glas mit Metallschraubverschluss. Elegante kleine Honiggl\u00e4ser, ideal f\u00fcr Honigproben, Sirup und als Geschenkverpackung. Gratisproben.<\/p>","protected":false},"featured_media":22833,"template":"","meta":[],"product_brand":[],"product_cat":[122,124,127],"product_tag":[],"class_list":{"0":"post-22829","1":"product","2":"type-product","3":"status-publish","4":"has-post-thumbnail","6":"product_cat-custom-glass-packaging","7":"product_cat-custom-glass-jars","8":"product_cat-glass-honey-jars","10":"first","11":"instock","12":"shipping-taxable","13":"product-type-simple"},"jetpack_sharing_enabled":true,"_links":{"self":[{"href":"https:\/\/yebodaglass.com\/de\/wp-json\/wp\/v2\/product\/22829","targetHints":{"allow":["GET"]}}],"collection":[{"href":"https:\/\/yebodaglass.com\/de\/wp-json\/wp\/v2\/product"}],"about":[{"href":"https:\/\/yebodaglass.com\/de\/wp-json\/wp\/v2\/types\/product"}],"version-history":[{"count":5,"href":"https:\/\/yebodaglass.com\/de\/wp-json\/wp\/v2\/product\/22829\/revisions"}],"predecessor-version":[{"id":25440,"href":"https:\/\/yebodaglass.com\/de\/wp-json\/wp\/v2\/product\/22829\/revisions\/25440"}],"wp:featuredmedia":[{"embeddable":true,"href":"https:\/\/yebodaglass.com\/de\/wp-json\/wp\/v2\/media\/22833"}],"wp:attachment":[{"href":"https:\/\/yebodaglass.com\/de\/wp-json\/wp\/v2\/media?parent=22829"}],"wp:term":[{"taxonomy":"product_brand","embeddable":true,"href":"https:\/\/yebodaglass.com\/de\/wp-json\/wp\/v2\/product_brand?post=22829"},{"taxonomy":"product_cat","embeddable":true,"href":"https:\/\/yebodaglass.com\/de\/wp-json\/wp\/v2\/product_cat?post=22829"},{"taxonomy":"product_tag","embeddable":true,"href":"https:\/\/yebodaglass.com\/de\/wp-json\/wp\/v2\/product_tag?post=22829"}],"curies":[{"name":"wp","href":"https:\/\/api.w.org\/{rel}","templated":true}]}}