{"id":22818,"date":"2025-10-28T14:27:36","date_gmt":"2025-10-28T06:27:36","guid":{"rendered":"https:\/\/yebodaglass.com\/?post_type=product&#038;p=22818"},"modified":"2026-03-16T14:36:06","modified_gmt":"2026-03-16T06:36:06","slug":"bulk-glass-honey-storage-containers-with-embossed-patterns","status":"publish","type":"product","link":"https:\/\/yebodaglass.com\/de\/bulk-glass-honey-storage-containers-with-embossed-patterns\/","title":{"rendered":"Honigaufbewahrungsbeh\u00e4lter aus Glas mit gepr\u00e4gten Mustern, 250 ml, 500 ml, 750 ml"},"content":{"rendered":"<p>Diese einzigartig gestalteten, quadratischen Honigbeh\u00e4lter mit abgerundeten Ecken sind mit Fruchtmotiven gepr\u00e4gt und aus kristallklarem Glas gefertigt. Die goldenen oder silbernen Metalldeckel sorgen f\u00fcr einen sicheren Verschluss und ein stabiles Stapeln.<\/p>\n<h2>Produkteigenschaften<\/h2>\n<ul>\n<li><strong>Dekorative Flasche mit Pr\u00e4gung:<\/strong> Der Flaschenk\u00f6rper wird mit Text- und Fruchtmotiven gepr\u00e4gt, was die optische Attraktivit\u00e4t und Nat\u00fcrlichkeit des Produkts verbessert, ohne dass unn\u00f6tiger Aufdruck erforderlich ist.<\/li>\n<li><strong>Quadratische Flasche mit Pr\u00e4gung:<\/strong> Die quadratische Flasche mit Pr\u00e4gung verleiht dem Produkt ein ordentliches und elegantes Aussehen und tr\u00e4gt so dazu bei, dass das Produkt leicht wiedererkannt und die Verpackung versch\u00f6nert wird.<\/li>\n<li><strong>Sicher und langlebig:<\/strong> Die robuste Glaskonstruktion und der gut sitzende Deckel ergeben zusammen einen langlebigen und zuverl\u00e4ssigen Honigaufbewahrungsbeh\u00e4lter, der es erm\u00f6glicht, den Honig sicher zu transportieren und ihn lange frisch zu halten.<\/li>\n<\/ul>\n<h2 style=\"text-align: left;\">Wichtigste Spezifikationen<\/h2>\n<table class=\"aligncenter\" style=\"border-collapse: collapse; width: 414.77pt;\" border=\"0\" width=\"553\" cellspacing=\"0\" cellpadding=\"0\">\n<tbody>\n<tr style=\"height: 13.50pt;\">\n<td style=\"height: 13.50pt; width: 96.75pt;\" width=\"129\" height=\"18\">Besonderheit<\/td>\n<td style=\"width: 318.00pt;\" width=\"424\">Spezifikation<\/td>\n<\/tr>\n<tr style=\"height: 13.50pt;\">\n<td style=\"height: 13.50pt;\" height=\"18\">Kapazit\u00e4t<\/td>\n<td>250 ml, 500 ml, 750 ml<\/td>\n<\/tr>\n<tr style=\"height: 13.50pt;\">\n<td style=\"height: 13.50pt;\" height=\"18\">Form<\/td>\n<td>Quadrat mit gepr\u00e4gten Paneelen<\/td>\n<\/tr>\n<tr style=\"height: 13.50pt;\">\n<td style=\"height: 13.50pt;\" height=\"18\">Ma\u00dfe<\/td>\n<td>8 \u00d7 8,3 cm bis 10 \u00d7 13,3 cm<\/td>\n<\/tr>\n<tr style=\"height: 13.50pt;\">\n<td style=\"height: 13.50pt;\" height=\"18\">Material<\/td>\n<td>Klares Glas, Metallschraubdeckel<\/td>\n<\/tr>\n<tr style=\"height: 13.50pt;\">\n<td style=\"height: 13.50pt;\" height=\"18\">Deckeloptionen<\/td>\n<td>Gold, Silber, Gelb (Sonderfarben auf Anfrage)<\/td>\n<\/tr>\n<tr style=\"height: 13.50pt;\">\n<td style=\"height: 13.50pt;\" height=\"18\">Am besten f\u00fcr<\/td>\n<td>Honig, Geschenksets, Einzelhandelspackungen<\/td>\n<\/tr>\n<tr style=\"height: 13.50pt;\">\n<td style=\"height: 13.50pt;\" height=\"18\">Ideale Verwendung<\/td>\n<td>Honigbeh\u00e4lter, Honiggeschenk-Anh\u00e4nger<\/td>\n<\/tr>\n<\/tbody>\n<\/table>\n<h2>Erfolgsgeschichte: Rebranding eines Imkereibetriebs<\/h2>\n<p>Eine Marke f\u00fcr Imkereiprodukte, die regional gut lief, aber noch mehr Absatzpotenzial hatte, insbesondere f\u00fcr rohen, ungefilterten Honig, stagnierte. Ihre 250-ml-Honigflaschen verkauften sich zwar gut, aber es fehlte eine hochwertige Verpackung f\u00fcr den Verkauf gro\u00dfer Mengen. Deshalb entschied man sich f\u00fcr die Wiedereinf\u00fchrung der 500-ml-Honiggl\u00e4ser aus quadratischem, gepr\u00e4gtem Glas. Die neuen Gl\u00e4ser haben den Markt grundlegend ver\u00e4ndert. So stieg der Online-Verkauf von Geschenksets im ersten Quartal nach der Wiedereinf\u00fchrung um 45 %. Kunden loben in ihren Bewertungen besonders die \u201esch\u00f6nen, hochwertigen Honiggl\u00e4ser\u201c. Laut Inhaber ist das einzigartige Pr\u00e4gemuster zum Markenzeichen geworden und somit das markanteste Merkmal der Produkte. Dies f\u00fchrte zu vier aufeinanderfolgenden Nachbestellungen, zur Aufnahme von 750-ml-Honiggl\u00e4sern mit Deckel ins Sortiment und zum Abschluss einer Gro\u00dfhandelspartnerschaft mit einem stetigen Absatz von \u00fcber 500.000 Einheiten j\u00e4hrlich.<\/p>\n<h2>Empfehlungen zur individuellen Gestaltung von Glasgef\u00e4\u00dfen<\/h2>\n<ul>\n<li><strong>Gepr\u00e4gtes Logo:<\/strong> Bringen Sie Ihr Logo durch Gravur auf dem Glas an, um den Pr\u00e4geeffekt zu verst\u00e4rken und eine hochwertige, haptisch erfahrbare Markenidentit\u00e4t visuell zu pr\u00e4sentieren.<\/li>\n<li><strong>Dekorative, mattierte Platte:<\/strong> Die mattierte Oberfl\u00e4che des quadratischen Einmachglases sorgt nicht nur f\u00fcr einen sicheren Halt, sondern erzeugt auch einen stilvolleren und eleganteren Zweifarbeneffekt.<\/li>\n<li><strong>Farbige Glasoptionen:<\/strong> Sie k\u00f6nnten sich beispielsweise f\u00fcr bernsteinfarbenes oder kobaltblaues Glas entscheiden, wenn Sie einen v\u00f6llig anderen Look w\u00fcnschen und gleichzeitig die lichtundurchl\u00e4ssigen Eigenschaften beibehalten m\u00f6chten.<\/li>\n<li><strong>Oberfl\u00e4chenstruktur:<\/strong> Durch die Verwendung unterschiedlicher Pr\u00e4getexturen auf verschiedenen Beh\u00e4ltergr\u00f6\u00dfen entsteht eine einheitliche und unverwechselbare Option f\u00fcr Ihre Produktlinie.<\/li>\n<\/ul>","protected":false},"excerpt":{"rendered":"<p>Klare Honiggl\u00e4ser mit Deckeln mit gepr\u00e4gten Mustern und sicherem Metallverschluss. Praktische Honigaufbewahrungsbeh\u00e4lter f\u00fcr den Einzelhandel. Schneller Versand.<\/p>","protected":false},"featured_media":22823,"template":"","meta":[],"product_brand":[],"product_cat":[122,124,127],"product_tag":[],"class_list":{"0":"post-22818","1":"product","2":"type-product","3":"status-publish","4":"has-post-thumbnail","6":"product_cat-custom-glass-packaging","7":"product_cat-custom-glass-jars","8":"product_cat-glass-honey-jars","10":"first","11":"instock","12":"shipping-taxable","13":"product-type-simple"},"jetpack_sharing_enabled":true,"_links":{"self":[{"href":"https:\/\/yebodaglass.com\/de\/wp-json\/wp\/v2\/product\/22818","targetHints":{"allow":["GET"]}}],"collection":[{"href":"https:\/\/yebodaglass.com\/de\/wp-json\/wp\/v2\/product"}],"about":[{"href":"https:\/\/yebodaglass.com\/de\/wp-json\/wp\/v2\/types\/product"}],"version-history":[{"count":5,"href":"https:\/\/yebodaglass.com\/de\/wp-json\/wp\/v2\/product\/22818\/revisions"}],"predecessor-version":[{"id":25454,"href":"https:\/\/yebodaglass.com\/de\/wp-json\/wp\/v2\/product\/22818\/revisions\/25454"}],"wp:featuredmedia":[{"embeddable":true,"href":"https:\/\/yebodaglass.com\/de\/wp-json\/wp\/v2\/media\/22823"}],"wp:attachment":[{"href":"https:\/\/yebodaglass.com\/de\/wp-json\/wp\/v2\/media?parent=22818"}],"wp:term":[{"taxonomy":"product_brand","embeddable":true,"href":"https:\/\/yebodaglass.com\/de\/wp-json\/wp\/v2\/product_brand?post=22818"},{"taxonomy":"product_cat","embeddable":true,"href":"https:\/\/yebodaglass.com\/de\/wp-json\/wp\/v2\/product_cat?post=22818"},{"taxonomy":"product_tag","embeddable":true,"href":"https:\/\/yebodaglass.com\/de\/wp-json\/wp\/v2\/product_tag?post=22818"}],"curies":[{"name":"wp","href":"https:\/\/api.w.org\/{rel}","templated":true}]}}