{"id":22807,"date":"2025-10-28T13:24:01","date_gmt":"2025-10-28T05:24:01","guid":{"rendered":"https:\/\/yebodaglass.com\/?post_type=product&#038;p=22807"},"modified":"2025-10-28T17:47:21","modified_gmt":"2025-10-28T09:47:21","slug":"wholesale-transparent-little-jam-jars-for-canning","status":"publish","type":"product","link":"https:\/\/yebodaglass.com\/de\/wholesale-transparent-little-jam-jars-for-canning\/","title":{"rendered":"Gro\u00dfhandel Transparente kleine Marmeladengl\u00e4ser f\u00fcr Konserven 20ml 35ml 60ml 75ml"},"content":{"rendered":"<p>Diese kleinen Marmeladengl\u00e4ser zum Einmachen bestehen aus einem transparenten, zylindrischen Glask\u00f6rper und einer trendigen goldenen Kappe, die in verschiedenen Gr\u00f6\u00dfen erh\u00e4ltlich ist. Sie pr\u00e4sentieren nicht nur den satten goldenen Glanz von Honig, sondern stehen auch f\u00fcr ein minimalistisches und dennoch luxuri\u00f6ses Design.<\/p>\n<h2>Produkteigenschaften<\/h2>\n<ul>\n<li><strong>Kristallklar:<\/strong> Die Produktqualit\u00e4t und -farbe werden durch das kristallklare Glas sehr gut hervorgehoben, wodurch ein ausgezeichneter erster Eindruck entsteht.<\/li>\n<li><strong>Sicherer versiegelter Schutz:<\/strong> Der dichteste Verschluss sorgt daf\u00fcr, dass der Inhalt frisch bleibt und w\u00e4hrend des Transports und der Lagerung nicht ausl\u00e4uft, was f\u00fcr Ihre Bienenprodukte sehr wichtig ist.<\/li>\n<li><strong>Stapelbar:<\/strong> Die zylindrische Standardform dieser Gl\u00e4ser erm\u00f6glicht ein problemloses Stapeln und spart somit Platz in den Lagern und beim Versand.<\/li>\n<\/ul>\n<h2 style=\"text-align: left;\">Wichtigste Spezifikationen<\/h2>\n<table class=\"aligncenter\" style=\"border-collapse: collapse; width: 414.77pt;\" border=\"0\" width=\"553\" cellspacing=\"0\" cellpadding=\"0\">\n<tbody>\n<tr style=\"height: 13.50pt;\">\n<td style=\"height: 13.50pt; width: 96.75pt;\" width=\"129\" height=\"18\">Besonderheit<\/td>\n<td style=\"width: 318.00pt;\" width=\"424\">Spezifikation<\/td>\n<\/tr>\n<tr style=\"height: 13.50pt;\">\n<td style=\"height: 13.50pt;\" height=\"18\">Kapazit\u00e4t<\/td>\n<td>20ml, 35ml, 60ml, 75ml<\/td>\n<\/tr>\n<tr style=\"height: 13.50pt;\">\n<td style=\"height: 13.50pt;\" height=\"18\">Form<\/td>\n<td>Zylindrisch mit abgerundeten Schultern<\/td>\n<\/tr>\n<tr style=\"height: 13.50pt;\">\n<td style=\"height: 13.50pt;\" height=\"18\">Ma\u00dfe<\/td>\n<td>4,3\u00d74,2cm bis 5\u00d76,4cm<\/td>\n<\/tr>\n<tr style=\"height: 13.50pt;\">\n<td style=\"height: 13.50pt;\" height=\"18\">Material<\/td>\n<td>Klares Glas, Metallschraubdeckel<\/td>\n<\/tr>\n<tr style=\"height: 13.50pt;\">\n<td style=\"height: 13.50pt;\" height=\"18\">Deckeloptionen<\/td>\n<td>Gold, Silber, Rot, Pink (Sonderfarben erh\u00e4ltlich)<\/td>\n<\/tr>\n<tr style=\"height: 13.50pt;\">\n<td style=\"height: 13.50pt;\" height=\"18\">Am besten f\u00fcr<\/td>\n<td>Honig, Minikonserven, Probierpakete<\/td>\n<\/tr>\n<tr style=\"height: 13.50pt;\">\n<td style=\"height: 13.50pt;\" height=\"18\">Ideale Verwendung<\/td>\n<td>Kleine Marmeladengl\u00e4ser, Marmeladengl\u00e4ser, Honiggl\u00e4ser im Gro\u00dfhandel<\/td>\n<\/tr>\n<\/tbody>\n<\/table>\n<h2>Erfolgsgeschichte: Wie Premium-Honiggl\u00e4ser zum Wachstum einer Marke beitrugen<\/h2>\n<p>Die Honigmarke, die sich regional ausbreitete, litt unter der Verwendung unterschiedlicher Gl\u00e4ser von verschiedenen Lieferanten f\u00fcr ihre Abf\u00fcllanlage. Dies f\u00fchrte nicht nur zu Problemen in der Produktion, sondern auch zu einer Verschlechterung des Markenimages. Das Unternehmen entschied sich, f\u00fcr sein Flaggschiffprodukt runde 60-ml-Glas-Honiggl\u00e4ser von uns zu erwerben. Die konsistenten Honiggl\u00e4ser brachten fast sofort eine Abf\u00fcllgeschwindigkeit von 15%, wodurch die Effizienz erheblich verbessert wurde.<\/p>\n<p>Das Feedback der Kunden war jedoch der eigentliche Gewinn. Die Verk\u00e4ufe der Abo-Box stiegen innerhalb von sechs Monaten um 25%, und die Abonnenten nannten vor allem das \"professionelle, hochwertige Aussehen\" der neuen Verpackung als Grund f\u00fcr ihr Abonnement. Dieses gute Feedback f\u00fchrte zu drei aufeinanderfolgenden Bestellungen. Derzeit gehen sie mit gutem Beispiel voran und verwenden unsere Beh\u00e4lter f\u00fcr alle ihre Honiggl\u00e4ser und -flaschen. Gro\u00dfhandelsbestellungen von insgesamt mehr als 200.000 St\u00fcck pro Quartal sind die neue Norm.<\/p>\n<h2>Empfehlungen f\u00fcr individuell gestaltete Glasgef\u00e4\u00dfe<\/h2>\n<ul>\n<li><strong>Markenkappe Farbe:<\/strong> Wie w\u00e4re es, wenn Sie eine Farbe f\u00fcr die Kappe w\u00e4hlen, die zu Ihrer Marke passt? -Gold w\u00e4re eine ausgezeichnete Wahl f\u00fcr ein erstklassiges Gef\u00fchl.<\/li>\n<li><strong>Glas\u200d\u200d\u200d\u200d\u200d\u200d Siebdruck:<\/strong> Machen Sie Ihren Schriftzug zum Glasmerkmal durch einen Aufdruck f\u00fcr eine lang anhaltende, widerstandsf\u00e4hige Markenerkennung.<\/li>\n<li><strong>Mattes Glas Dekoration:<\/strong> Bringen Sie einen mattierten Streifen oder ein Muster um das Glas herum an, um einen eleganten Look, einen bequemen Griff und ein trendiges, facettenreiches Produkt zu erhalten.<\/li>\n<li><strong>Farbige Glasoptionen:<\/strong> Warum verwenden Sie nicht helles Braunglas oder blaues Glas f\u00fcr Ihre Produkte, die vor dem \u200d\u200d\u200d\u200d\u200d\u200dLicht gesch\u00fctzt werden m\u00fcssen?<\/li>\n<\/ul>","protected":false},"excerpt":{"rendered":"<p>Elegante kleine Marmeladengl\u00e4ser zum Einkochen mit goldenen Schraubdeckeln. Langlebig, lebensmittelecht und ideal f\u00fcr Honig und Marmelade. Schneller Versand, mit kostenlosen Mustern erh\u00e4ltlich.<\/p>","protected":false},"featured_media":22812,"template":"","meta":[],"product_brand":[],"product_cat":[122,124,127],"product_tag":[],"class_list":{"0":"post-22807","1":"product","2":"type-product","3":"status-publish","4":"has-post-thumbnail","6":"product_cat-custom-glass-packaging","7":"product_cat-custom-glass-jars","8":"product_cat-glass-honey-jars","10":"first","11":"instock","12":"shipping-taxable","13":"product-type-simple"},"jetpack_sharing_enabled":true,"_links":{"self":[{"href":"https:\/\/yebodaglass.com\/de\/wp-json\/wp\/v2\/product\/22807","targetHints":{"allow":["GET"]}}],"collection":[{"href":"https:\/\/yebodaglass.com\/de\/wp-json\/wp\/v2\/product"}],"about":[{"href":"https:\/\/yebodaglass.com\/de\/wp-json\/wp\/v2\/types\/product"}],"version-history":[{"count":5,"href":"https:\/\/yebodaglass.com\/de\/wp-json\/wp\/v2\/product\/22807\/revisions"}],"predecessor-version":[{"id":22853,"href":"https:\/\/yebodaglass.com\/de\/wp-json\/wp\/v2\/product\/22807\/revisions\/22853"}],"wp:featuredmedia":[{"embeddable":true,"href":"https:\/\/yebodaglass.com\/de\/wp-json\/wp\/v2\/media\/22812"}],"wp:attachment":[{"href":"https:\/\/yebodaglass.com\/de\/wp-json\/wp\/v2\/media?parent=22807"}],"wp:term":[{"taxonomy":"product_brand","embeddable":true,"href":"https:\/\/yebodaglass.com\/de\/wp-json\/wp\/v2\/product_brand?post=22807"},{"taxonomy":"product_cat","embeddable":true,"href":"https:\/\/yebodaglass.com\/de\/wp-json\/wp\/v2\/product_cat?post=22807"},{"taxonomy":"product_tag","embeddable":true,"href":"https:\/\/yebodaglass.com\/de\/wp-json\/wp\/v2\/product_tag?post=22807"}],"curies":[{"name":"wp","href":"https:\/\/api.w.org\/{rel}","templated":true}]}}