{"id":22798,"date":"2025-10-28T10:15:09","date_gmt":"2025-10-28T02:15:09","guid":{"rendered":"https:\/\/yebodaglass.com\/?post_type=product&#038;p=22798"},"modified":"2025-10-28T13:38:10","modified_gmt":"2025-10-28T05:38:10","slug":"wholesale-small-glass-jam-jars-with-flame-texture-design-50ml-75ml-100ml","status":"publish","type":"product","link":"https:\/\/yebodaglass.com\/de\/wholesale-small-glass-jam-jars-with-flame-texture-design-50ml-75ml-100ml\/","title":{"rendered":"Gro\u00dfhandel Kleine Marmeladengl\u00e4ser aus Glas mit Flammenmuster 50 ml 75 ml 100 ml"},"content":{"rendered":"<p>Das transparente, flammenverzierte Glas mit seiner eleganten Taille macht diese kleinen Marmeladengl\u00e4ser zu einem wahren Augenschmaus. Erh\u00e4ltlich mit roten und goldenen Deckeln und in verschiedenen Gr\u00f6\u00dfen, vermitteln sie nicht nur Reinheit, sondern unterstreichen durch ihr kunstvolles und raffiniertes Design auch die optische Wirkung von goldenem, schaumigem Honig.<\/p>\n<h2>Produkteigenschaften<\/h2>\n<ul>\n<li><strong>Materia\u0142 szklany przezroczysty:<\/strong> Lassen Sie die Farbe und Qualit\u00e4t Ihres Honigs sichtbar werden, indem Sie hochwertige Glasbeh\u00e4lter verwenden, die lange Zeit anlaufbest\u00e4ndig sind.<\/li>\n<li><strong>Stilisierte, feuergemusterte, konische Flasche:<\/strong> Die Flasche ist mit einem feurigen Thema und einer flie\u00dfenden Taille gestaltet, die Einzigartigkeit und Kreativit\u00e4t ausstrahlt und nicht nur eine bleibende Erinnerung an das Produkt schafft, sondern auch \u00e4sthetische Werte vermittelt.<\/li>\n<li><strong>Mehrere Spezifikationen sind m\u00f6glich:<\/strong> Diese Flaschen werden in verschiedenen Gr\u00f6\u00dfen hergestellt, je nach Verwendungszweck, von der t\u00e4glichen Verwendung im Haushalt bis hin zur Verpackung von Geschenken.<\/li>\n<\/ul>\n<h2 style=\"text-align: left;\">Wichtigste Spezifikationen<\/h2>\n<table class=\"aligncenter\" style=\"border-collapse: collapse; width: 383.27pt;\" border=\"0\" width=\"511\" cellspacing=\"0\" cellpadding=\"0\">\n<tbody>\n<tr style=\"height: 13.50pt;\">\n<td style=\"height: 13.50pt; width: 85.50pt;\" width=\"114\" height=\"18\">Besonderheit<\/td>\n<td style=\"width: 297.75pt;\" width=\"397\">Spezifikation<\/td>\n<\/tr>\n<tr style=\"height: 13.50pt;\">\n<td style=\"height: 13.50pt;\" height=\"18\">Kapazit\u00e4t<\/td>\n<td>50 ml, 75 ml, 100 ml<\/td>\n<\/tr>\n<tr style=\"height: 13.50pt;\">\n<td style=\"height: 13.50pt;\" height=\"18\">Ma\u00dfe<\/td>\n<td>4,9 \u00d7 6,8 cm bis 6,2 \u00d7 8,6 cm<\/td>\n<\/tr>\n<tr style=\"height: 13.50pt;\">\n<td style=\"height: 13.50pt;\" height=\"18\">Material<\/td>\n<td>Klares Glas, Metallschraubdeckel<\/td>\n<\/tr>\n<tr style=\"height: 13.50pt;\">\n<td style=\"height: 13.50pt;\" height=\"18\">Deckeloptionen<\/td>\n<td>Rot, Gold, Schwarz, Silber (Sonderanfertigungen m\u00f6glich)<\/td>\n<\/tr>\n<tr style=\"height: 13.50pt;\">\n<td style=\"height: 13.50pt;\" height=\"18\">Am besten f\u00fcr<\/td>\n<td>Honig, Mini-Konfit\u00fcren, Geschenksets<\/td>\n<\/tr>\n<tr style=\"height: 13.50pt;\">\n<td style=\"height: 13.50pt;\" height=\"18\">Ideale Verwendung<\/td>\n<td>Kleine Marmeladengl\u00e4ser, Einmachgl\u00e4ser<\/td>\n<\/tr>\n<\/tbody>\n<\/table>\n<h2>Erfolgsgeschichte: Die Imkereibranche wird immer st\u00e4rker<\/h2>\n<p>Ein familiengef\u00fchrter Imkereibetrieb, der sortenreinen Rohhonig produziert, verwendete bisher herk\u00f6mmliche Marmeladengl\u00e4ser. Die Verpackung war zwar in Ordnung, spiegelte aber nicht die Qualit\u00e4t des Produkts wider. Die Umstellung auf unsere individuell bedruckten 100-ml-Marmeladengl\u00e4ser mit Deckel war ein echter Wendepunkt. Innerhalb von sechs Monaten steigerte der Betrieb seinen Online-Umsatz um 30 %. Ein wichtiger Faktor f\u00fcr diesen Erfolg ist das positive Kundenfeedback, in dem die Gl\u00e4ser als \u201ewundersch\u00f6n und hochwertig\u201c beschrieben werden. Auch die Wiederkaufsrate stieg um 60 %. Daher kann eine geringe Preiserh\u00f6hung nicht nur den St\u00fcckgewinn steigern, sondern auch das Auspackerlebnis verbessern. Dar\u00fcber hinaus hat der Kunde bereits drei Nachbestellungen \u00fcber jeweils 100.000 Einheiten aufgegeben, weshalb er die anf\u00e4ngliche Gro\u00dfbestellung schrittweise in eine stabile viertelj\u00e4hrliche Gro\u00dfhandelspartnerschaft f\u00fcr seine beliebtesten Honigglasgr\u00f6\u00dfen umgewandelt hat.<\/p>\n<h2>Suggerimenti per la personalizzazione dei piccoli barattoli di marmellata in vetro<\/h2>\n<ul>\n<li><strong>Siebdruck:<\/strong> Eine der besten, wenn nicht sogar die beste Methode, Ihr Logo oder Ihre Grafik auf den Markt zu bringen, ist der Siebdruck. Diesen sollten Sie auf der Innenseite des Honigglases anwenden, um ein luxuri\u00f6ses und langlebiges Erscheinungsbild zu erzielen.<\/li>\n<li><strong>Farbglas:<\/strong> Um das Erlebnis v\u00f6llig anders zu gestalten, warum verwenden Sie nicht bernsteinfarbene oder gr\u00fcne Glasgef\u00e4\u00dfe f\u00fcr Ihren Honig, die dadurch lichtgesch\u00fctzt sind?<\/li>\n<li><strong>Individuell anpassbare Deckelfarben:<\/strong> Falls Ihre Marke eine bestimmte Farbidentit\u00e4t hat (wie Gold, Rot oder Schwarz), warum w\u00e4hlen Sie nicht eine dieser Farben aus der angebotenen Palette f\u00fcr Ihre Lider?<\/li>\n<\/ul>","protected":false},"excerpt":{"rendered":"<p>Elegante kleine Marmeladengl\u00e4ser aus Glas mit Flammenmuster und Metalldeckeln. Ideal zum Abf\u00fcllen von Marmelade oder Honig. Direkt vom Hersteller, schnelle Lieferung, kostenlose Muster.<\/p>","protected":false},"featured_media":22801,"template":"","meta":[],"product_brand":[],"product_cat":[122,124,127],"product_tag":[],"class_list":{"0":"post-22798","1":"product","2":"type-product","3":"status-publish","4":"has-post-thumbnail","6":"product_cat-custom-glass-packaging","7":"product_cat-custom-glass-jars","8":"product_cat-glass-honey-jars","10":"first","11":"instock","12":"shipping-taxable","13":"product-type-simple"},"jetpack_sharing_enabled":true,"_links":{"self":[{"href":"https:\/\/yebodaglass.com\/de\/wp-json\/wp\/v2\/product\/22798","targetHints":{"allow":["GET"]}}],"collection":[{"href":"https:\/\/yebodaglass.com\/de\/wp-json\/wp\/v2\/product"}],"about":[{"href":"https:\/\/yebodaglass.com\/de\/wp-json\/wp\/v2\/types\/product"}],"version-history":[{"count":5,"href":"https:\/\/yebodaglass.com\/de\/wp-json\/wp\/v2\/product\/22798\/revisions"}],"predecessor-version":[{"id":22809,"href":"https:\/\/yebodaglass.com\/de\/wp-json\/wp\/v2\/product\/22798\/revisions\/22809"}],"wp:featuredmedia":[{"embeddable":true,"href":"https:\/\/yebodaglass.com\/de\/wp-json\/wp\/v2\/media\/22801"}],"wp:attachment":[{"href":"https:\/\/yebodaglass.com\/de\/wp-json\/wp\/v2\/media?parent=22798"}],"wp:term":[{"taxonomy":"product_brand","embeddable":true,"href":"https:\/\/yebodaglass.com\/de\/wp-json\/wp\/v2\/product_brand?post=22798"},{"taxonomy":"product_cat","embeddable":true,"href":"https:\/\/yebodaglass.com\/de\/wp-json\/wp\/v2\/product_cat?post=22798"},{"taxonomy":"product_tag","embeddable":true,"href":"https:\/\/yebodaglass.com\/de\/wp-json\/wp\/v2\/product_tag?post=22798"}],"curies":[{"name":"wp","href":"https:\/\/api.w.org\/{rel}","templated":true}]}}