{"id":22757,"date":"2025-10-27T15:59:54","date_gmt":"2025-10-27T07:59:54","guid":{"rendered":"https:\/\/yebodaglass.com\/?post_type=product&#038;p=22757"},"modified":"2026-04-14T09:35:09","modified_gmt":"2026-04-14T01:35:09","slug":"bulk-empty-jam-pots-for-honey-or-fruit-spread","status":"publish","type":"product","link":"https:\/\/yebodaglass.com\/de\/bulk-empty-jam-pots-for-honey-or-fruit-spread\/","title":{"rendered":"Leere Marmeladengl\u00e4ser f\u00fcr Honig oder Fruchtaufstrich (50 ml \u2013 380 ml)"},"content":{"rendered":"<p>Diese leeren Marmeladengl\u00e4ser sind klassisch gerippt, aus kristallklarem Glas und haben einen h\u00fcbschen rot-wei\u00df karierten Deckel. Sie sind in sechs Gr\u00f6\u00dfen erh\u00e4ltlich.<\/p>\n<h2>Produkteigenschaften<\/h2>\n<ul>\n<li><strong>Gleicher karierter Deckel:<\/strong> Der standardm\u00e4\u00dfige rot-wei\u00df karierte Stoffdeckel ist eine sehr niedliche, rustikale und gut erkennbare Dekoration.<\/li>\n<li><strong>Vertikale Rippung:<\/strong> Durch das Hinzuf\u00fcgen vertikaler Rippen wird aus einem einfachen Glas ein kreatives, strukturiertes Design, wodurch die optische Attraktivit\u00e4t des Produkts gesteigert und seine Wiedererkennbarkeit erh\u00f6ht wird.<\/li>\n<li><strong>Verschiedene Gr\u00f6\u00dfen erh\u00e4ltlich:<\/strong> Wir bieten eine Auswahl an Gr\u00f6\u00dfen an, damit Sie das Honigglas ausw\u00e4hlen k\u00f6nnen, das Ihren Bed\u00fcrfnissen am besten entspricht.<\/li>\n<\/ul>\n<h2 style=\"text-align: left;\">Wichtigste Spezifikationen<\/h2>\n<table class=\"aligncenter\" style=\"border-collapse: collapse; width: 406.52pt;\" border=\"0\" width=\"542\" cellspacing=\"0\" cellpadding=\"0\">\n<tbody>\n<tr style=\"height: 13.50pt;\">\n<td style=\"height: 13.50pt; width: 90.00pt;\" width=\"120\" height=\"18\">Besonderheit<\/td>\n<td style=\"width: 316.50pt;\" width=\"422\">Spezifikation<\/td>\n<\/tr>\n<tr style=\"height: 13.50pt;\">\n<td style=\"height: 13.50pt;\" height=\"18\">Kapazit\u00e4t<\/td>\n<td>50 ml, 100 ml, 150 ml, 200 ml, 250 ml, 380 ml<\/td>\n<\/tr>\n<tr style=\"height: 13.50pt;\">\n<td style=\"height: 13.50pt;\" height=\"18\">Form<\/td>\n<td>Zylindrisch<\/td>\n<\/tr>\n<tr style=\"height: 13.50pt;\">\n<td style=\"height: 13.50pt;\" height=\"18\">Ma\u00dfe<\/td>\n<td>3,95 \u00d7 5,3 cm bis 8,7 \u00d7 11,3 cm<\/td>\n<\/tr>\n<tr style=\"height: 13.50pt;\">\n<td style=\"height: 13.50pt;\" height=\"18\">Halsart<\/td>\n<td>Weite \u00d6ffnung (3,5 cm bis 7 cm Innendurchmesser)<\/td>\n<\/tr>\n<tr style=\"height: 13.50pt;\">\n<td style=\"height: 13.50pt;\" height=\"18\">Material<\/td>\n<td>Klarglas, stoffversiegelter Deckel<\/td>\n<\/tr>\n<tr style=\"height: 13.50pt;\">\n<td style=\"height: 13.50pt;\" height=\"18\">Deckeloptionen<\/td>\n<td>Rot\/wei\u00df kariert, einfarbig (Sonderanfertigungen m\u00f6glich)<\/td>\n<\/tr>\n<tr style=\"height: 13.50pt;\">\n<td style=\"height: 13.50pt;\" height=\"18\">Am besten f\u00fcr<\/td>\n<td>Honig, Marmelade, Konfit\u00fcren, Geschenksets<\/td>\n<\/tr>\n<tr style=\"height: 13.50pt;\">\n<td style=\"height: 13.50pt;\" height=\"18\">Ideale Verwendung<\/td>\n<td>Marmeladent\u00f6pfe, leere Marmeladengl\u00e4ser im Gro\u00dfhandel<\/td>\n<\/tr>\n<\/tbody>\n<\/table>\n<h2>Erfolgsgeschichte<\/h2>\n<p>Einer der britischen Marmeladenhersteller kaufte unsere leeren Marmeladengl\u00e4ser und bestellte im Gegenzug einzigartige Gl\u00e4ser aus lebensmittelechtem, bernsteinfarbenem Glas. Das ma\u00dfgeschneiderte Design war ein voller Erfolg: Die besonderen Gl\u00e4ser wurden zu ihrem Markenzeichen, und eine Kundenbefragung ergab, dass 85 Prozent der Verbraucher die Marke allein anhand des Glases wiedererkannten. Das bernsteinfarbene Glas bot einen leichten Lichtschutz, der laut Hersteller die Haltbarkeit ihrer empfindlichen Marmelade um 10 Prozent verl\u00e4ngerte. Aufgrund dieses Erfolgs bestellte das Unternehmen weitere 45.000 Gl\u00e4ser, um ein neues Exportprogramm f\u00fcr den US-amerikanischen und asiatischen Markt vorzubereiten.<\/p>\n<h2>Empfehlungen zur Personalisierung leerer Marmeladengl\u00e4ser<\/h2>\n<ul>\n<li><strong>Gepr\u00e4gtes Deckellogo:<\/strong> Ein elegantes, luxuri\u00f6ses Detail l\u00e4sst sich durch ein sch\u00f6nes, gepr\u00e4gtes Logo auf dem Schirm des Deckels erzielen.<\/li>\n<li><strong>Glasfarbe:<\/strong> Entscheiden Sie sich f\u00fcr bernsteinfarbenes oder gr\u00fcnes Glas, um die lichtempfindlichen Produkte zu sch\u00fctzen und gleichzeitig dem Regal einen exklusiven Look zu verleihen.<\/li>\n<li><strong>Kundenspezifische Kapazit\u00e4t:<\/strong> Sprechen Sie uns an, um die Kapazit\u00e4t individuell an Ihr Unternehmen anzupassen, basierend entweder auf dem Gewicht oder dem Preis Ihrer Produkte.<\/li>\n<\/ul>","protected":false},"excerpt":{"rendered":"<p>Leere Vintage-Marmeladengl\u00e4ser aus Glas mit vertikalen Streifen. Ideal f\u00fcr Honig, Marmelade oder als Geschenkverpackung. Profitieren Sie von Mengenrabatten, schneller Lieferung und Gratisproben.<\/p>","protected":false},"featured_media":25456,"template":"","meta":[],"product_brand":[],"product_cat":[127,124,122],"product_tag":[],"class_list":{"0":"post-22757","1":"product","2":"type-product","3":"status-publish","4":"has-post-thumbnail","6":"product_cat-glass-honey-jars","7":"product_cat-custom-glass-jars","8":"product_cat-custom-glass-packaging","10":"first","11":"instock","12":"shipping-taxable","13":"product-type-simple"},"jetpack_sharing_enabled":true,"_links":{"self":[{"href":"https:\/\/yebodaglass.com\/de\/wp-json\/wp\/v2\/product\/22757","targetHints":{"allow":["GET"]}}],"collection":[{"href":"https:\/\/yebodaglass.com\/de\/wp-json\/wp\/v2\/product"}],"about":[{"href":"https:\/\/yebodaglass.com\/de\/wp-json\/wp\/v2\/types\/product"}],"version-history":[{"count":5,"href":"https:\/\/yebodaglass.com\/de\/wp-json\/wp\/v2\/product\/22757\/revisions"}],"predecessor-version":[{"id":25771,"href":"https:\/\/yebodaglass.com\/de\/wp-json\/wp\/v2\/product\/22757\/revisions\/25771"}],"wp:featuredmedia":[{"embeddable":true,"href":"https:\/\/yebodaglass.com\/de\/wp-json\/wp\/v2\/media\/25456"}],"wp:attachment":[{"href":"https:\/\/yebodaglass.com\/de\/wp-json\/wp\/v2\/media?parent=22757"}],"wp:term":[{"taxonomy":"product_brand","embeddable":true,"href":"https:\/\/yebodaglass.com\/de\/wp-json\/wp\/v2\/product_brand?post=22757"},{"taxonomy":"product_cat","embeddable":true,"href":"https:\/\/yebodaglass.com\/de\/wp-json\/wp\/v2\/product_cat?post=22757"},{"taxonomy":"product_tag","embeddable":true,"href":"https:\/\/yebodaglass.com\/de\/wp-json\/wp\/v2\/product_tag?post=22757"}],"curies":[{"name":"wp","href":"https:\/\/api.w.org\/{rel}","templated":true}]}}