{"id":22751,"date":"2025-10-27T14:15:12","date_gmt":"2025-10-27T06:15:12","guid":{"rendered":"https:\/\/yebodaglass.com\/?post_type=product&#038;p=22751"},"modified":"2025-10-27T17:32:57","modified_gmt":"2025-10-27T09:32:57","slug":"75ml-klarglas-honigflasche-mit-taillierung","status":"publish","type":"product","link":"https:\/\/yebodaglass.com\/de\/75ml-klarglas-honigflasche-mit-taillierung\/","title":{"rendered":"Gro\u00dfpackung 75-ml-Honigflasche aus Klarglas mit Taillendesign"},"content":{"rendered":"<p>Diese kleinen Honigflaschen bestehen aus hochtransparentem Glas mit taillierter Form und goldenen Deckeln. Das schlichte und stilvolle Design l\u00e4sst das Produkt ansprechend aussehen.<\/p>\n<h2>Produkteigenschaften<\/h2>\n<ul>\n<li><strong>Materia\u0142 szklany przezroczysty:<\/strong> Die Transparenz des Glases macht den Inhalt sichtbar und die Qualit\u00e4tspr\u00fcfung einfach, sodass Identifizierung und Inspektion m\u00fchelos vonstattengehen.<\/li>\n<li><strong>Schlankes Flaschendesign:<\/strong> Durch die Verwendung des schlanken Flaschendesigns haben die Hersteller ein elegantes, stilvolles Aussehen erzielt, das das Produkt nicht nur versch\u00f6nert, sondern auch seine Verkaufsf\u00f6rderung erleichtert.<\/li>\n<li><strong>Kompakte Gr\u00f6\u00dfe:<\/strong> Die kompakte Gr\u00f6\u00dfe der Flasche macht sie zu einem handlichen Artikel, der auf Reisen mitgenommen, bei Verkostungen oder anderen Gelegenheiten verwendet werden kann, bei denen kleine Mengen ben\u00f6tigt werden.<\/li>\n<\/ul>\n<h2 style=\"text-align: left;\">Wichtigste Spezifikationen<\/h2>\n<table class=\"aligncenter\" style=\"border-collapse: collapse; width: 453.02pt;\" border=\"0\" width=\"604\" cellspacing=\"0\" cellpadding=\"0\">\n<tbody>\n<tr style=\"height: 13.50pt;\">\n<td style=\"height: 13.50pt; width: 92.25pt;\" width=\"123\" height=\"18\">Besonderheit<\/td>\n<td style=\"width: 360.75pt;\" width=\"481\">Spezifikation<\/td>\n<\/tr>\n<tr style=\"height: 13.50pt;\">\n<td style=\"height: 13.50pt;\" height=\"18\">Kapazit\u00e4t<\/td>\n<td>75ml<\/td>\n<\/tr>\n<tr style=\"height: 13.50pt;\">\n<td style=\"height: 13.50pt;\" height=\"18\">Form<\/td>\n<td>Sanduhr (tailliert)<\/td>\n<\/tr>\n<tr style=\"height: 13.50pt;\">\n<td style=\"height: 13.50pt;\" height=\"18\">Ma\u00dfe<\/td>\n<td>4.5\u00d711.2cm<\/td>\n<\/tr>\n<tr style=\"height: 13.50pt;\">\n<td style=\"height: 13.50pt;\" height=\"18\">Material<\/td>\n<td>Klares Glas, Metallschraubdeckel<\/td>\n<\/tr>\n<tr style=\"height: 13.50pt;\">\n<td style=\"height: 13.50pt;\" height=\"18\">Deckeloptionen<\/td>\n<td>Gold, Silber, Schwarz (individuell anpassbar)<\/td>\n<\/tr>\n<tr style=\"height: 13.50pt;\">\n<td style=\"height: 13.50pt;\" height=\"18\">Am besten f\u00fcr<\/td>\n<td>Honigproben, Geschenksets, Reisegr\u00f6\u00dfen, Gourmetlinien<\/td>\n<\/tr>\n<tr style=\"height: 13.50pt;\">\n<td style=\"height: 13.50pt;\" height=\"18\">Ideale Verwendung<\/td>\n<td>Kleine Honigflaschen, Honigflaschen, Honiggl\u00e4ser im Gro\u00dfhandel<\/td>\n<\/tr>\n<\/tbody>\n<\/table>\n<h2>Erfolgsgeschichte: Steigerung des Umsatzes mit hochwertigen Geschenken<\/h2>\n<p>Ein Feinkosth\u00e4ndler suchte eine unverwechselbare Flasche f\u00fcr seine luxuri\u00f6sen Weihnachtsgeschenkboxen. Sie suchten nach einer Verpackung, die die Elemente Luxus und Erschwinglichkeit vereinen w\u00fcrde. Sie entschieden sich f\u00fcr unsere goldfarbene 75-ml-Schlankhonigflasche und gaben eine Erstbestellung von 5.000 St\u00fcck auf. Die Ergebnisse waren vielversprechend. Zun\u00e4chst einmal erh\u00f6hten die konische Taille und der Goldverschluss den wahrgenommenen Wert \u2013 eine handwerkliche Honigmarke verzeichnete einen Anstieg der Geschenkset-Verk\u00e4ufe um 42%. Dar\u00fcber hinaus war die robuste Glasflasche f\u00fcr eine Reduzierung der Transportsch\u00e4den um 50% verantwortlich, verglichen mit der Verwendung der vorherigen Plastikflasche. Diese Leistung hat den Einzelh\u00e4ndler dazu veranlasst, bis zu 200.000 Folgebestellungen f\u00fcr eine Valentinstagsaktion aufzugeben, zusammen mit der Zusage, die Flasche weiterhin als Kerngeschenkartikel zu verwenden, was wiederum zu einer Steigerung des Honiggeschenkartikelgesch\u00e4fts des Unternehmens um 150% im Jahresvergleich gef\u00fchrt hat.<\/p>\n<h2>Vorschl\u00e4ge f\u00fcr kundenspezifische Glasverpackungen<\/h2>\n<ul>\n<li><strong>Laserge\u00e4tzte F\u00fcllmenge auf dem Boden:<\/strong> Gravieren Sie \"75ml\" auf den Boden. Sieht ordentlich aus. Erleichtert das Abf\u00fcllen in Chargen.<\/li>\n<li><strong>Glas\u200b\u200d\u200b\u200c\u200d\u200b\u200d\u200c\u200b\u200d\u200b\u200c\u200d\u200b\u200d\u200c Transparenz:<\/strong> W\u00e4hlen Sie ein leicht get\u00f6ntes Glas, z. B. hellrauchgrau, um den Artikel modern aussehen zu lassen und sich von der Masse abzuheben.<\/li>\n<li><strong>Farbakzent:<\/strong> Eine Farblackierung in einer sehr d\u00fcnnen Schicht kann verwendet werden, um die Taille oder den Hals der Flasche zu bedecken und so eine einzigartige Signatur zu schaffen.<\/li>\n<li><strong>Siebdruck:<\/strong> Verwenden Sie eine der Metallic-Farben (Gold, Silber) oder leuchtenden Farben Ihres Logos und drucken Sie es direkt auf das Glas, um eine dauerhafte Marken\u200b\u200d\u200b\u200c\u200d\u200b\u200d\u200c\u200b\u200d\u200b\u200c\u200d\u200b\u200d\u200cidentit\u00e4t zu schaffen.<\/li>\n<\/ul>","protected":false},"excerpt":{"rendered":"<p>Premium waist-shaped glass small honey bottles for distinctive branding. Ideal for honey producers and wholesalers with bulk discounts and fast delivery.<\/p>","protected":false},"featured_media":22755,"template":"","meta":[],"product_brand":[],"product_cat":[122,124,127],"product_tag":[],"class_list":{"0":"post-22751","1":"product","2":"type-product","3":"status-publish","4":"has-post-thumbnail","6":"product_cat-custom-glass-packaging","7":"product_cat-custom-glass-jars","8":"product_cat-glass-honey-jars","10":"first","11":"instock","12":"shipping-taxable","13":"product-type-simple"},"jetpack_sharing_enabled":true,"_links":{"self":[{"href":"https:\/\/yebodaglass.com\/de\/wp-json\/wp\/v2\/product\/22751","targetHints":{"allow":["GET"]}}],"collection":[{"href":"https:\/\/yebodaglass.com\/de\/wp-json\/wp\/v2\/product"}],"about":[{"href":"https:\/\/yebodaglass.com\/de\/wp-json\/wp\/v2\/types\/product"}],"version-history":[{"count":3,"href":"https:\/\/yebodaglass.com\/de\/wp-json\/wp\/v2\/product\/22751\/revisions"}],"predecessor-version":[{"id":22769,"href":"https:\/\/yebodaglass.com\/de\/wp-json\/wp\/v2\/product\/22751\/revisions\/22769"}],"wp:featuredmedia":[{"embeddable":true,"href":"https:\/\/yebodaglass.com\/de\/wp-json\/wp\/v2\/media\/22755"}],"wp:attachment":[{"href":"https:\/\/yebodaglass.com\/de\/wp-json\/wp\/v2\/media?parent=22751"}],"wp:term":[{"taxonomy":"product_brand","embeddable":true,"href":"https:\/\/yebodaglass.com\/de\/wp-json\/wp\/v2\/product_brand?post=22751"},{"taxonomy":"product_cat","embeddable":true,"href":"https:\/\/yebodaglass.com\/de\/wp-json\/wp\/v2\/product_cat?post=22751"},{"taxonomy":"product_tag","embeddable":true,"href":"https:\/\/yebodaglass.com\/de\/wp-json\/wp\/v2\/product_tag?post=22751"}],"curies":[{"name":"wp","href":"https:\/\/api.w.org\/{rel}","templated":true}]}}