{"id":22714,"date":"2025-10-24T17:22:39","date_gmt":"2025-10-24T09:22:39","guid":{"rendered":"https:\/\/yebodaglass.com\/?post_type=product&#038;p=22714"},"modified":"2025-10-27T13:13:23","modified_gmt":"2025-10-27T05:13:23","slug":"groshandel-glas-sechseck-honigglaser-mit-schopfloffel","status":"publish","type":"product","link":"https:\/\/yebodaglass.com\/de\/groshandel-glas-sechseck-honigglaser-mit-schopfloffel\/","title":{"rendered":"Honiggl\u00e4ser aus Glas, sechseckig, mit Sch\u00f6pfl\u00f6ffel, Gro\u00dfhandel, 100 ml, 220 ml, 380 ml"},"content":{"rendered":"<p>Diese sechseckigen Honiggl\u00e4ser sind ideal, da sie in verschiedenen Gr\u00f6\u00dfen erh\u00e4ltlich sind und aus klarem, sechseckigem Glas mit einem Deckel aus Naturholz und einem integrierten Honigl\u00f6ffel bestehen. Sie pr\u00e4sentieren den Honig nicht nur optimal, sondern vereinen auch geometrisches Design mit schlichter, praktischer Eleganz.<\/p>\n<h2>Produkteigenschaften<\/h2>\n<ul>\n<li><strong>Sechseckige Flasche:<\/strong> Die regelm\u00e4\u00dfige sechseckige Form mit ihrem geometrischen Charme passt gut zu den nat\u00fcrlichen Eigenschaften des Honigs und tr\u00e4gt dazu bei, seine visuelle Identit\u00e4t zu st\u00e4rken.<\/li>\n<li><strong>Integriertes Design:<\/strong> Dar\u00fcber hinaus enthalten die Gl\u00e4ser auch einen h\u00f6lzernen Honigr\u00fchrer, der gut zum Holzdeckel passt und so f\u00fcr ein nat\u00fcrliches und einheitliches Erscheinungsbild sorgt.<\/li>\n<li><strong>Materia\u0142 szklany przezroczysty:<\/strong> Dar\u00fcber hinaus erm\u00f6glicht das klare Glas einen vollst\u00e4ndigen Blick auf die Honigmenge und -qualit\u00e4t und erleichtert somit das Nachf\u00fcllen.<\/li>\n<\/ul>\n<h2 style=\"text-align: left;\">Wichtigste Spezifikationen<\/h2>\n<table style=\"border-collapse: collapse; margin-left: auto; margin-right: auto; width: 453.02pt;\" border=\"0\" width=\"604\" cellspacing=\"0\" cellpadding=\"0\">\n<tbody>\n<tr style=\"height: 13.50pt;\">\n<td style=\"height: 13.50pt; width: 92.25pt;\" width=\"123\" height=\"18\">Besonderheit<\/td>\n<td style=\"width: 360.75pt;\" width=\"481\">Spezifikation<\/td>\n<\/tr>\n<tr style=\"height: 13.50pt;\">\n<td style=\"height: 13.50pt;\" height=\"18\">Kapazit\u00e4t<\/td>\n<td>100 ml, 220 ml, 380 ml<\/td>\n<\/tr>\n<tr style=\"height: 13.50pt;\">\n<td style=\"height: 13.50pt;\" height=\"18\">Form<\/td>\n<td>Sechseckig (sechsseitig)<\/td>\n<\/tr>\n<tr style=\"height: 13.50pt;\">\n<td style=\"height: 13.50pt;\" height=\"18\">Ma\u00dfe<\/td>\n<td>7,7 \u00d7 8,3 cm bis 11,7 \u00d7 12,1 cm<\/td>\n<\/tr>\n<tr style=\"height: 13.50pt;\">\n<td style=\"height: 13.50pt;\" height=\"18\">Material<\/td>\n<td>Klares Glas, Deckel und L\u00f6ffel aus Massivholz<\/td>\n<\/tr>\n<tr style=\"height: 13.50pt;\">\n<td style=\"height: 13.50pt;\" height=\"18\">Deckeloptionen<\/td>\n<td>Naturholz (individuelle Beize erh\u00e4ltlich)<\/td>\n<\/tr>\n<tr style=\"height: 13.50pt;\">\n<td style=\"height: 13.50pt;\" height=\"18\">Am besten f\u00fcr<\/td>\n<td>Honig, Geschenksets, Feinkostlinien<\/td>\n<\/tr>\n<tr style=\"height: 13.50pt;\">\n<td style=\"height: 13.50pt;\" height=\"18\">Ideale Verwendung<\/td>\n<td>Sechseckige Honiggl\u00e4ser mit Sch\u00f6pfl\u00f6ffel, handwerkliche Gesch\u00e4ftslinien<\/td>\n<\/tr>\n<\/tbody>\n<\/table>\n<h2>Erfolgsgeschichte: Wachstum einer Imkergenossenschaft<\/h2>\n<p>Eine renommierte Imkergenossenschaft, die einen perfekten Honigbeh\u00e4lter aus Glas suchte, der ihren frischen Honig optimal pr\u00e4sentiert, entschied sich aufgrund seiner Langlebigkeit und des klaren Designs f\u00fcr unser 380-ml-Honigglas mit Sch\u00f6pfl\u00f6ffel. Innerhalb der ersten sechs Monate nach der Umstellung auf unser Produkt stieg ihr Umsatz um 25 %. Dieser Anstieg ist gr\u00f6\u00dftenteils auf das ansprechende Design der Gl\u00e4ser zur\u00fcckzuf\u00fchren, das sie auf den Wochenm\u00e4rkten deutlich hervorstechen lie\u00df. Auch die einfache Handhabung des mitgelieferten L\u00f6ffels sorgte f\u00fcr sehr positives Kundenfeedback und f\u00fchrte zu einer Steigerung der Kundentreue um 75 %. Nachdem die Genossenschaft mit der Produktqualit\u00e4t und der effizienten Abwicklung von Gro\u00dfbestellungen zufrieden war, bestellte sie drei weitere Gl\u00e4ser \u00e0 150.000 St\u00fcck und etablierte das Glas damit als festen Bestandteil ihrer Verpackung.<\/p>\n<h2>Empfehlungen zur individuellen Gestaltung von Honiggl\u00e4sern<\/h2>\n<ul>\n<li><strong>Deckelbranding:<\/strong> Der Holzdeckel des Einmachglases kann per Hei\u00dfpr\u00e4gung oder Lasergravur mit Ihrem Firmenlogo versehen werden.<\/li>\n<li><strong>Ma\u00dfgefertigter L\u00f6ffel:<\/strong> Gestalten Sie den Honigstick, indem Sie ihn entweder in Ihren Markenfarben bemalen oder ein kleines Etikett mit Ihrer Marke anbringen.<\/li>\n<li><strong>Mattiertes Glas:<\/strong> Ein attraktives Merkmal des Produkts ist der sanft beleuchtete, elegante Look, der dem sechseckigen Glas durch die mattierte Oberfl\u00e4che verliehen wird, welche die Form betont.<\/li>\n<li><strong>Kundenspezifische Kapazit\u00e4t:<\/strong> Wenn Sie eine bestimmte Gr\u00f6\u00dfe w\u00fcnschen, k\u00f6nnen wir einen Termin mit Ihnen vereinbaren, um die Menge festzulegen, die am besten zu Ihren Gesch\u00e4ftsanforderungen passt.<\/li>\n<\/ul>\n<p>M\u00f6chten Sie vorbereitet sein? Kontaktieren Sie uns noch heute, um \u00fcber die ben\u00f6tigten Honiggl\u00e4ser zu sprechen und einen attraktiven Gro\u00dfhandelspreis zu erhalten. Wir helfen Ihnen gerne, die ideale Honigverpackung f\u00fcr Ihr Unternehmen zu finden.<\/p>","protected":false},"excerpt":{"rendered":"<p>Dekorative sechseckige Honiggl\u00e4ser aus Glas mit Holzdeckeln und Honigl\u00f6ffeln. Ideal f\u00fcr Honigverpackungen, Geschenksets und Gro\u00dfhandelsbestellungen. Kostenloses Muster.<\/p>","protected":false},"featured_media":22736,"template":"","meta":[],"product_brand":[],"product_cat":[122,124,127],"product_tag":[],"class_list":{"0":"post-22714","1":"product","2":"type-product","3":"status-publish","4":"has-post-thumbnail","6":"product_cat-custom-glass-packaging","7":"product_cat-custom-glass-jars","8":"product_cat-glass-honey-jars","10":"first","11":"instock","12":"shipping-taxable","13":"product-type-simple"},"jetpack_sharing_enabled":true,"_links":{"self":[{"href":"https:\/\/yebodaglass.com\/de\/wp-json\/wp\/v2\/product\/22714","targetHints":{"allow":["GET"]}}],"collection":[{"href":"https:\/\/yebodaglass.com\/de\/wp-json\/wp\/v2\/product"}],"about":[{"href":"https:\/\/yebodaglass.com\/de\/wp-json\/wp\/v2\/types\/product"}],"version-history":[{"count":5,"href":"https:\/\/yebodaglass.com\/de\/wp-json\/wp\/v2\/product\/22714\/revisions"}],"predecessor-version":[{"id":22745,"href":"https:\/\/yebodaglass.com\/de\/wp-json\/wp\/v2\/product\/22714\/revisions\/22745"}],"wp:featuredmedia":[{"embeddable":true,"href":"https:\/\/yebodaglass.com\/de\/wp-json\/wp\/v2\/media\/22736"}],"wp:attachment":[{"href":"https:\/\/yebodaglass.com\/de\/wp-json\/wp\/v2\/media?parent=22714"}],"wp:term":[{"taxonomy":"product_brand","embeddable":true,"href":"https:\/\/yebodaglass.com\/de\/wp-json\/wp\/v2\/product_brand?post=22714"},{"taxonomy":"product_cat","embeddable":true,"href":"https:\/\/yebodaglass.com\/de\/wp-json\/wp\/v2\/product_cat?post=22714"},{"taxonomy":"product_tag","embeddable":true,"href":"https:\/\/yebodaglass.com\/de\/wp-json\/wp\/v2\/product_tag?post=22714"}],"curies":[{"name":"wp","href":"https:\/\/api.w.org\/{rel}","templated":true}]}}