{"id":22702,"date":"2025-10-24T15:45:33","date_gmt":"2025-10-24T07:45:33","guid":{"rendered":"https:\/\/yebodaglass.com\/?post_type=product&#038;p=22702"},"modified":"2025-10-24T17:20:26","modified_gmt":"2025-10-24T09:20:26","slug":"lose-runde-honigglaser-mit-deckel-und-vertikalen-streifen","status":"publish","type":"product","link":"https:\/\/yebodaglass.com\/de\/lose-runde-honigglaser-mit-deckel-und-vertikalen-streifen\/","title":{"rendered":"Runde Honiggl\u00e4ser mit Deckel und vertikalen Streifen (Gro\u00dfpackung) 150 ml, 200 ml, 280 ml, 380 ml"},"content":{"rendered":"<p>Diese Honiggl\u00e4ser mit Deckel sind aus Klarglas gefertigt und mit vertikalen Streifen verziert. Die Deckel sind in Ros\u00e9gold, Rot oder Gold erh\u00e4ltlich. Sie eignen sich nicht nur perfekt zur Pr\u00e4sentation des Honigs, dessen Farbe von Goldgelb bis Bernstein reicht, sondern verleihen jedem Raum durch ihre verschiedenen Gr\u00f6\u00dfen auch einen eleganten und raffinierten Charme.<\/p>\n<h2>Produkteigenschaften<\/h2>\n<ul>\n<li><strong>Klarglas:<\/strong> Durch das Klarglas lassen sich der Honigstand, der Zustand und sogar die Honigsorte auf einen Blick erkennen, was das Nachf\u00fcllen und die Identifizierung sehr einfach macht.<\/li>\n<li><strong>Flasche mit vertikalem Streifen:<\/strong> Ein wundersch\u00f6nes, strukturiertes, vertikales Streifenmuster ist kunstvoll \u00fcber die Flasche verteilt, was nicht nur das Design aufwertet, sondern die Flasche auch besser sichtbar macht.<\/li>\n<li><strong>Verschiedene Gr\u00f6\u00dfen:<\/strong> Es steht Ihnen eine riesige Auswahl an Gr\u00f6\u00dfen zur Verf\u00fcgung, aus denen Sie die am besten geeignete Flasche f\u00fcr Ihren Verwendungszweck oder den jeweiligen Anlass ausw\u00e4hlen k\u00f6nnen.<\/li>\n<\/ul>\n<h2 style=\"text-align: left;\">Wichtigste Spezifikationen<\/h2>\n<table class=\"aligncenter\" style=\"border-collapse: collapse; width: 412.52pt;\" border=\"0\" width=\"550\" cellspacing=\"0\" cellpadding=\"0\">\n<tbody>\n<tr style=\"height: 13.50pt;\">\n<td style=\"height: 13.50pt; width: 90.00pt;\" width=\"120\" height=\"18\">Besonderheit<\/td>\n<td style=\"width: 322.50pt;\" width=\"430\">Spezifikation<\/td>\n<\/tr>\n<tr style=\"height: 13.50pt;\">\n<td style=\"height: 13.50pt;\" height=\"18\">Kapazit\u00e4t<\/td>\n<td>150 ml, 200 ml, 280 ml, 380 ml<\/td>\n<\/tr>\n<tr style=\"height: 13.50pt;\">\n<td style=\"height: 13.50pt;\" height=\"18\">Form<\/td>\n<td>Rund mit vertikalen Rippen<\/td>\n<\/tr>\n<tr style=\"height: 13.50pt;\">\n<td style=\"height: 13.50pt;\" height=\"18\">Ma\u00dfe<\/td>\n<td>6,1 \u00d7 7,4 cm bis 8,5 \u00d7 9,7 cm<\/td>\n<\/tr>\n<tr style=\"height: 13.50pt;\">\n<td style=\"height: 13.50pt;\" height=\"18\">Material<\/td>\n<td>Klarglas, PP-Schraubverschluss<\/td>\n<\/tr>\n<tr style=\"height: 13.50pt;\">\n<td style=\"height: 13.50pt;\" height=\"18\">Deckeloptionen<\/td>\n<td>Ros\u00e9gold, Rot, Gold (Sonderfarben auf Anfrage)<\/td>\n<\/tr>\n<tr style=\"height: 13.50pt;\">\n<td style=\"height: 13.50pt;\" height=\"18\">Ideale Verwendung<\/td>\n<td>Honiggl\u00e4ser mit Deckel, Honigtopf, Honiggl\u00e4ser in gro\u00dfen Mengen<\/td>\n<\/tr>\n<\/tbody>\n<\/table>\n<h2>Erfolgsgeschichte: Markenbekanntheit und Umsatz gesteigert<\/h2>\n<p>Der familiengef\u00fchrte Imkereibetrieb hatte zwar ein hervorragendes Produkt, aber die Verpackung lie\u00df zu w\u00fcnschen \u00fcbrig. Ihre schlichten, runden Marmeladengl\u00e4ser verkauften sich schlecht. Deshalb entschieden sie sich, unsere 280-ml-Honiggl\u00e4ser mit vertikalen Streifen auszuprobieren und bestellten zun\u00e4chst 3.000 St\u00fcck. Der Erfolg lie\u00df nicht lange auf sich warten. Das markante Design mit den vertikalen Streifen und der Metalldeckel f\u00fchrten zu einem Umsatzanstieg von 25 %, und das Unternehmen konnte sich zudem einen Platz in zwei Gourmet-Abo-Boxen sichern. Die Zahl der Stammkunden stieg um 78 %. Seitdem bestellen sie regelm\u00e4\u00dfig, was den viertelj\u00e4hrlichen Kauf von 100.000 Flaschen und die k\u00fcrzliche Erweiterung des Sortiments um eine 150-ml-Probiergr\u00f6\u00dfe erkl\u00e4rt.<\/p>\n<h2>Empfehlungen f\u00fcr individuell gestaltete Glasgef\u00e4\u00dfe<\/h2>\n<ul>\n<li><strong>\u200b\u200d\u200b\u200c\u200d\u200b\u200d\u200c\u200b\u200d\u200b\u200c\u200d\u200b\u200d\u200cNuttiefe und -breite:<\/strong> Passen Sie die Rillenbreite oder den Abstand zwischen den Rippen an, um die Textur optisch st\u00e4rker oder schw\u00e4cher hervorzuheben.<\/li>\n<li><strong>Farbglas:<\/strong> Eine dezente Farbe, zum Beispiel ein helles Bernstein, kann nicht nur verwendet werden, um den Honig w\u00e4rmer aussehen zu lassen, sondern auch, um ihn vor UV-Strahlen zu sch\u00fctzen.<\/li>\n<li><strong>Benutzerdefinierte Basisform:<\/strong> Die Basis sollte eher sechseckig oder quadratisch geformt sein, die abgerundeten Rillen sollten aber aus Gr\u00fcnden der Einheitlichkeit beibehalten werden.<\/li>\n<\/ul>\n<p>Wie w\u00e4re es, Ihre Marke noch weiter aufzuwerten? Kontaktieren Sie uns f\u00fcr ein Gro\u00dfhandelsangebot f\u00fcr Honiggl\u00e4ser und entdecken Sie die unendlichen M\u00f6glichkeiten unserer individuellen Glasverpackungen.<\/p>","protected":false},"excerpt":{"rendered":"<p>Elegante Honiggl\u00e4ser mit Deckeln in vertikaler Rippenstruktur. Ideal f\u00fcr Honig, Marmelade oder Lebensmittelverpackungen. Erh\u00e4ltlich in gro\u00dfen Mengen und mit individuellem Branding.<\/p>","protected":false},"featured_media":22705,"template":"","meta":[],"product_brand":[],"product_cat":[122,124,127],"product_tag":[],"class_list":{"0":"post-22702","1":"product","2":"type-product","3":"status-publish","4":"has-post-thumbnail","6":"product_cat-custom-glass-packaging","7":"product_cat-custom-glass-jars","8":"product_cat-glass-honey-jars","10":"first","11":"instock","12":"shipping-taxable","13":"product-type-simple"},"jetpack_sharing_enabled":true,"_links":{"self":[{"href":"https:\/\/yebodaglass.com\/de\/wp-json\/wp\/v2\/product\/22702","targetHints":{"allow":["GET"]}}],"collection":[{"href":"https:\/\/yebodaglass.com\/de\/wp-json\/wp\/v2\/product"}],"about":[{"href":"https:\/\/yebodaglass.com\/de\/wp-json\/wp\/v2\/types\/product"}],"version-history":[{"count":5,"href":"https:\/\/yebodaglass.com\/de\/wp-json\/wp\/v2\/product\/22702\/revisions"}],"predecessor-version":[{"id":22712,"href":"https:\/\/yebodaglass.com\/de\/wp-json\/wp\/v2\/product\/22702\/revisions\/22712"}],"wp:featuredmedia":[{"embeddable":true,"href":"https:\/\/yebodaglass.com\/de\/wp-json\/wp\/v2\/media\/22705"}],"wp:attachment":[{"href":"https:\/\/yebodaglass.com\/de\/wp-json\/wp\/v2\/media?parent=22702"}],"wp:term":[{"taxonomy":"product_brand","embeddable":true,"href":"https:\/\/yebodaglass.com\/de\/wp-json\/wp\/v2\/product_brand?post=22702"},{"taxonomy":"product_cat","embeddable":true,"href":"https:\/\/yebodaglass.com\/de\/wp-json\/wp\/v2\/product_cat?post=22702"},{"taxonomy":"product_tag","embeddable":true,"href":"https:\/\/yebodaglass.com\/de\/wp-json\/wp\/v2\/product_tag?post=22702"}],"curies":[{"name":"wp","href":"https:\/\/api.w.org\/{rel}","templated":true}]}}