{"id":22695,"date":"2025-10-24T14:50:28","date_gmt":"2025-10-24T06:50:28","guid":{"rendered":"https:\/\/yebodaglass.com\/?post_type=product&#038;p=22695"},"modified":"2026-04-09T15:59:51","modified_gmt":"2026-04-09T07:59:51","slug":"glass-jars-with-lids-wholesale-round-honey-jars-bulk","status":"publish","type":"product","link":"https:\/\/yebodaglass.com\/de\/glass-jars-with-lids-wholesale-round-honey-jars-bulk\/","title":{"rendered":"Honiggl\u00e4ser mit Deckel im Gro\u00dfhandel | Runde Honiggl\u00e4ser (180 ml, 360 ml, 500 ml, 720 ml)"},"content":{"rendered":"<p>Diese Glasbeh\u00e4lter mit Deckel bestechen durch ihr modernes Design. Sie sind aus Glas gefertigt und wirken im Verkaufsregal sehr professionell. Dadurch eignen sie sich ideal zum Verpacken verschiedenster Produkte. Die Beh\u00e4lter k\u00f6nnen f\u00fcr Honig, Gelee, Sirup, So\u00dfen und sogar Kerzen verwendet werden. Dank der weiten \u00d6ffnung lassen sie sich leicht bef\u00fcllen, lagern und verwenden. Aus diesem Grund greifen sowohl gro\u00dfe als auch kleine Marken gerne auf diese Beh\u00e4lter zur\u00fcck.<\/p>\n<h2>Hauptmerkmale<\/h2>\n<ol>\n<li><strong>Langlebiges, lebensmittelechtes Glas<\/strong>Unsere runden Honiggl\u00e4ser werden aus hochwei\u00dfem Natronkalkglas hergestellt und sind daher langlebig, wiederverwendbar und sicher f\u00fcr die Aufbewahrung von Lebensmitteln und den Langzeitgebrauch.<\/li>\n<li><strong>Sichere Versiegelung f\u00fcr Frische<\/strong>Der Schraubverschluss in Kombination mit druckempfindlichen oder Folieneins\u00e4tzen gew\u00e4hrleistet eine hervorragende Dichtigkeit und ist ideal f\u00fcr Honigbeh\u00e4lter, Sirup und So\u00dfen geeignet, da kein Auslaufen m\u00f6glich ist.<\/li>\n<li><strong>Individuell anpassbar und bereit f\u00fcr Ihr Branding<\/strong>Als professioneller Hersteller bieten wir Ihnen umfassende Individualisierungsm\u00f6glichkeiten, darunter Bedruckung, Beschichtung, Gravur und Etikettierung, um Ihr Gesch\u00e4ftswachstum im Honiggro\u00dfhandel und dar\u00fcber hinaus zu unterst\u00fctzen.<\/li>\n<\/ol>\n<h2>Wichtigste Spezifikationen<\/h2>\n<table style=\"border-collapse: collapse; width: 80%; margin-left: auto; margin-right: auto;\" border=\"0\" width=\"590\" cellspacing=\"0\" cellpadding=\"0\">\n<tbody>\n<tr style=\"height: 13.50pt;\">\n<td style=\"height: 13.50pt; width: 90.00pt;\" width=\"120\" height=\"18\">Besonderheit<\/td>\n<td style=\"width: 352.50pt;\" width=\"470\">Spezifikation<\/td>\n<\/tr>\n<tr style=\"height: 13.50pt;\">\n<td style=\"height: 13.50pt;\" height=\"18\">Kapazit\u00e4t<\/td>\n<td>180 ml, 360 ml, 500 ml, 720 ml<\/td>\n<\/tr>\n<tr style=\"height: 13.50pt;\">\n<td style=\"height: 13.50pt;\" height=\"18\">Form<\/td>\n<td>Rund (zylindrisch)<\/td>\n<\/tr>\n<tr style=\"height: 13.50pt;\">\n<td style=\"height: 13.50pt;\" height=\"18\">Dichtungsverfahren<\/td>\n<td>Schraubdeckel<\/td>\n<\/tr>\n<tr style=\"height: 13.50pt;\">\n<td style=\"height: 13.50pt;\" height=\"18\">Material<\/td>\n<td>Hochwei\u00dfes Natronkalkglas<\/td>\n<\/tr>\n<tr style=\"height: 13.50pt;\">\n<td style=\"height: 13.50pt;\" height=\"18\">Deckeloptionen<\/td>\n<td>schwarzer Kunststoffdeckel, goldener Kunststoffdeckel, silber eloxierter Aluminiumdeckel, gold eloxierter Aluminiumdeckel, Kunststoffdeckel in Holzoptik<\/td>\n<\/tr>\n<tr style=\"height: 13.50pt;\">\n<td style=\"height: 13.50pt;\" height=\"18\">Einlagen<\/td>\n<td>Selbstklebende Einlagen, Aluminiumfolieneinlagen<\/td>\n<\/tr>\n<tr style=\"height: 13.50pt;\">\n<td style=\"height: 13.50pt;\" height=\"18\">Verwendung<\/td>\n<td>Honig, Marmeladen, M\u00fcsli, Schokoladenst\u00fcckchen, Getr\u00e4nke, Pulver usw.<\/td>\n<\/tr>\n<\/tbody>\n<\/table>\n<h2>Fallstudie f\u00fcr Unternehmen<\/h2>\n<p>Eine deutsche Premium-Honigmarke, die sich auf Bio-Imkereiprodukte spezialisiert hat, wandte sich an uns, nachdem sie mit den Glasbeh\u00e4ltern ihres vorherigen Lieferanten wiederholt Probleme mit der Dichtigkeit hatte. Die fr\u00fcheren Honiggl\u00e4ser und -flaschen liefen h\u00e4ufig beim Transport aus, was die Produktqualit\u00e4t und das Vertrauen der Kunden beeintr\u00e4chtigte.<\/p>\n<p>Dann begannen sie, unsere Einmachgl\u00e4ser mit Deckel zu verwenden.<\/p>\n<p>Sie entschieden sich f\u00fcr 180-ml- und 360-ml-Gl\u00e4ser mit goldenen Deckeln und Aluminiumfolien-Eins\u00e4tzen, um den Honig frisch zu halten. Wir halfen ihnen au\u00dferdem mit individuellen Etiketten f\u00fcr Glas und Deckel, damit die Verpackung im Regal ansprechender aussieht.<\/p>\n<p>Nachdem ihr Umsatz um 35 % gestiegen ist, kaufen sie jedes Quartal eine gro\u00dfe Menge Gl\u00e4ser bei uns. Sie begannen mit 10.000 Gl\u00e4sern, jetzt kaufen sie j\u00e4hrlich \u00fcber 80.000. Wir haben mit ihnen eine Vereinbarung getroffen, ihnen aufgrund der gro\u00dfen Abnahmemengen einen g\u00fcnstigen Preis zu gew\u00e4hren.<\/p>\n<h2>Anpassungstipps f\u00fcr Gesch\u00e4ftskunden<\/h2>\n<ol>\n<li><strong>F\u00fcr Honig- und Imkereimarken<\/strong>: Verwenden Sie Deckel in Gold- oder Holzoptik mit gepr\u00e4gten Logos, um eine Premium-Honigglas-Linie zu kreieren, die auf den Markt f\u00fcr handwerklich hergestellte Produkte und Bio-Produkte abzielt.<\/li>\n<li><strong>F\u00fcr Lebensmittel- und Saucenmarken<\/strong>: Kombinieren Sie Weithalsgl\u00e4ser mit Folieneins\u00e4tzen f\u00fcr auslaufsichere Saucen- und Sirupverpackungen in Gro\u00dfpackungen von Glasbeh\u00e4ltern.<\/li>\n<li><strong>F\u00fcr mehrere Produktlinien<\/strong>: Standardisieren Sie das geradlinige Design \u00fcber verschiedene F\u00fcllmengen (180 ml \u2013 720 ml), um Ihre Verpackung zu vereinheitlichen und gleichzeitig die Komplexit\u00e4t der Beschaffung von Glas im Gro\u00dfhandel zu reduzieren.<\/li>\n<\/ol>","protected":false},"excerpt":{"rendered":"<p>180ml \u2013 720ml Durable glass jars with lids and round honey jars for wholesale. Ideal for honey, sauce, and storage with custom options and bulk pricing.<\/p>","protected":false},"featured_media":22696,"template":"","meta":[],"product_brand":[],"product_cat":[137,124,122],"product_tag":[],"class_list":{"0":"post-22695","1":"product","2":"type-product","3":"status-publish","4":"has-post-thumbnail","6":"product_cat-glass-jars-with-lids","7":"product_cat-custom-glass-jars","8":"product_cat-custom-glass-packaging","10":"first","11":"instock","12":"shipping-taxable","13":"product-type-simple"},"jetpack_sharing_enabled":true,"_links":{"self":[{"href":"https:\/\/yebodaglass.com\/de\/wp-json\/wp\/v2\/product\/22695","targetHints":{"allow":["GET"]}}],"collection":[{"href":"https:\/\/yebodaglass.com\/de\/wp-json\/wp\/v2\/product"}],"about":[{"href":"https:\/\/yebodaglass.com\/de\/wp-json\/wp\/v2\/types\/product"}],"version-history":[{"count":5,"href":"https:\/\/yebodaglass.com\/de\/wp-json\/wp\/v2\/product\/22695\/revisions"}],"predecessor-version":[{"id":25704,"href":"https:\/\/yebodaglass.com\/de\/wp-json\/wp\/v2\/product\/22695\/revisions\/25704"}],"wp:featuredmedia":[{"embeddable":true,"href":"https:\/\/yebodaglass.com\/de\/wp-json\/wp\/v2\/media\/22696"}],"wp:attachment":[{"href":"https:\/\/yebodaglass.com\/de\/wp-json\/wp\/v2\/media?parent=22695"}],"wp:term":[{"taxonomy":"product_brand","embeddable":true,"href":"https:\/\/yebodaglass.com\/de\/wp-json\/wp\/v2\/product_brand?post=22695"},{"taxonomy":"product_cat","embeddable":true,"href":"https:\/\/yebodaglass.com\/de\/wp-json\/wp\/v2\/product_cat?post=22695"},{"taxonomy":"product_tag","embeddable":true,"href":"https:\/\/yebodaglass.com\/de\/wp-json\/wp\/v2\/product_tag?post=22695"}],"curies":[{"name":"wp","href":"https:\/\/api.w.org\/{rel}","templated":true}]}}