{"id":22669,"date":"2025-10-24T13:02:11","date_gmt":"2025-10-24T05:02:11","guid":{"rendered":"https:\/\/yebodaglass.com\/?post_type=product&#038;p=22669"},"modified":"2026-04-10T13:09:23","modified_gmt":"2026-04-10T05:09:23","slug":"groshandel-klare-quadratische-marmeladenglaser-fur-die-konservenindustrie","status":"publish","type":"product","link":"https:\/\/yebodaglass.com\/de\/groshandel-klare-quadratische-marmeladenglaser-fur-die-konservenindustrie\/","title":{"rendered":"Klare, quadratische Marmeladengl\u00e4ser zum Einkochen (100 ml \u2013 500 ml) im Gro\u00dfhandel"},"content":{"rendered":"<p>Diese quadratischen Marmeladengl\u00e4ser sind aus kristallklarem Glas gefertigt und zeichnen sich durch ein glattes, klares Design sowie elegante Metalldeckel in Gold oder Silber aus. Dank ihrer hervorragenden Abdichtung eignen sie sich ideal zur Aufbewahrung gr\u00f6\u00dferer Mengen, zum Einkochen von selbstgemachten Produkten und zum Verpacken von handgefertigten Artikeln.<\/p>\n<h2>Produkteigenschaften<\/h2>\n<ul>\n<li><strong>Einfaches Flaschendesign mit abgerundeten Ecken:<\/strong> Das Flaschendesign zeigt eine quadratische Form mit abgerundeten Ecken, die es erm\u00f6glicht, die Flasche in der Hand zu halten und sie zur Aufbewahrung in der K\u00fcche sowie zum Verpacken von Geschenken zu verwenden.<\/li>\n<li><strong>Zweifarbige Verschlusskappen erh\u00e4ltlich:<\/strong> Das System umfasst zwei Metallkappen, die Kunden auf ihre Beh\u00e4lter schrauben k\u00f6nnen, um einen sicheren Verschluss zu gew\u00e4hrleisten, der vor Feuchtigkeit und Auslaufen sch\u00fctzt.<\/li>\n<li><strong>Mehrere Kapazit\u00e4ten verf\u00fcgbar:<\/strong> Umfasst verschiedene Gr\u00f6\u00dfenoptionen, die Kunden f\u00fcr den Heimgebrauch, f\u00fcr gewerbliche Abf\u00fcllbed\u00fcrfnisse, f\u00fcr die Verteilung von Proben und f\u00fcr Geschenkverpackungsanforderungen nutzen k\u00f6nnen.<\/li>\n<\/ul>\n<h2 style=\"text-align: left;\">Wichtigste Spezifikationen<\/h2>\n<table class=\"aligncenter\" style=\"border-collapse: collapse; width: 453.02pt;\" border=\"0\" width=\"604\" cellspacing=\"0\" cellpadding=\"0\">\n<tbody>\n<tr style=\"height: 13.50pt;\">\n<td style=\"height: 13.50pt; width: 90.00pt;\" width=\"120\" height=\"18\">Besonderheit<\/td>\n<td style=\"width: 363.00pt;\" width=\"484\">Spezifikation<\/td>\n<\/tr>\n<tr style=\"height: 13.50pt;\">\n<td style=\"height: 13.50pt;\" height=\"18\">Kapazit\u00e4t<\/td>\n<td>100 ml, 200 ml, 280 ml, 380 ml, 500 ml<\/td>\n<\/tr>\n<tr style=\"height: 13.50pt;\">\n<td style=\"height: 13.50pt;\" height=\"18\">Form<\/td>\n<td>Quadrat<\/td>\n<\/tr>\n<tr style=\"height: 13.50pt;\">\n<td style=\"height: 13.50pt;\" height=\"18\">Ma\u00dfe<\/td>\n<td>5,8 \u00d7 7,5 cm bis 7,8 \u00d7 13,5 cm<\/td>\n<\/tr>\n<tr style=\"height: 13.50pt;\">\n<td style=\"height: 13.50pt;\" height=\"18\">Material<\/td>\n<td>Klarglas, silber\/goldener PP-Deckel<\/td>\n<\/tr>\n<tr style=\"height: 13.50pt;\">\n<td style=\"height: 13.50pt;\" height=\"18\">Deckeloptionen<\/td>\n<td>Silber, Gold (Sonderfarben auf Anfrage)<\/td>\n<\/tr>\n<tr style=\"height: 13.50pt;\">\n<td style=\"height: 13.50pt;\" height=\"18\">Am besten f\u00fcr<\/td>\n<td>Honig, Fruchtmarmeladen, Einmachen<\/td>\n<\/tr>\n<tr style=\"height: 13.50pt;\">\n<td style=\"height: 13.50pt;\" height=\"18\">Ideale Verwendung<\/td>\n<td>Quadratische Marmeladengl\u00e4ser, Honiggl\u00e4ser zum Einkochen, Honigbeh\u00e4lter<\/td>\n<\/tr>\n<\/tbody>\n<\/table>\n<h2>Erfolgsgeschichte<\/h2>\n<p>Unsere mittelgro\u00dfen, quadratischen Einmachgl\u00e4ser mit silbernen Deckeln und gepr\u00e4gtem Beerenmuster wurden von einem Bio-Beerenbauernhof im US-Bundesstaat Washington ausgew\u00e4hlt. Die Ergebnisse dieser Sonderanfertigungen waren herausragend: Die quadratischen Gl\u00e4ser erm\u00f6glichten eine Effizienzsteigerung von 20 Prozent in der Verpackungslinie, und das anspruchsvolle und individuelle Design brachte dem Betrieb einen Vertrag mit der Premiumlinie einer nationalen Supermarktkette ein, was eine Ausweitung auf 500 Filialen bedeutet. Daraufhin bestellte der Betrieb weitere 200.000 Gl\u00e4ser f\u00fcr die Sommerernte und seine neue Linie handgemachter Marmeladen.<\/p>\n<h2>Empfehlungen zur individuellen Gestaltung von Marmeladengl\u00e4sern zum Einkochen<\/h2>\n<ul>\n<li>Individuell gestaltete, mattierte Etikettenfelder: Die quadratischen Gl\u00e4ser werden mit gleichm\u00e4\u00dfigen, mattierten Rechtecken auf einer oder beiden Seiten versehen, damit das Etikett gut haftet und Flecken vermieden werden.<\/li>\n<li>Gepr\u00e4gtes Deckeldesign: W\u00e4hlen Sie ein individuelles gepr\u00e4gtes Logo, den Namen Ihres Bauernhofs oder ein Obst-\/Gem\u00fcsemotiv, um die Oberseite des Metalldeckels zu verzieren und ihm ein edles Aussehen zu verleihen.<\/li>\n<li>Auswahlm\u00f6glichkeiten f\u00fcr die Deckelauskleidung: Es gibt Deckel, die mit verschiedenen Materialien ausgekleidet werden k\u00f6nnen (z. B. BPA-freies Plastisol, PVC-frei), wenn viel S\u00e4ure oder \u00f6lige Lebensmittel verarbeitet werden.<\/li>\n<li>Rutschfeste Textur: Um eine bessere Griffigkeit zu erzielen, sollten die Seiten der quadratischen Gl\u00e4ser mit leichten vertikalen Strukturen oder einer mattierten Oberfl\u00e4che versehen werden.<\/li>\n<\/ul>","protected":false},"excerpt":{"rendered":"<p>Klare, quadratische Marmeladengl\u00e4ser aus Klarglas mit silbernen oder goldenen Deckeln. Ideal f\u00fcr Honig, Konfit\u00fcren oder So\u00dfen. Direkt vom Hersteller und mit attraktiven Gro\u00dfhandelsrabatten.<\/p>","protected":false},"featured_media":25726,"template":"","meta":[],"product_brand":[],"product_cat":[127,124,122],"product_tag":[],"class_list":{"0":"post-22669","1":"product","2":"type-product","3":"status-publish","4":"has-post-thumbnail","6":"product_cat-glass-honey-jars","7":"product_cat-custom-glass-jars","8":"product_cat-custom-glass-packaging","10":"first","11":"instock","12":"shipping-taxable","13":"product-type-simple"},"jetpack_sharing_enabled":true,"_links":{"self":[{"href":"https:\/\/yebodaglass.com\/de\/wp-json\/wp\/v2\/product\/22669","targetHints":{"allow":["GET"]}}],"collection":[{"href":"https:\/\/yebodaglass.com\/de\/wp-json\/wp\/v2\/product"}],"about":[{"href":"https:\/\/yebodaglass.com\/de\/wp-json\/wp\/v2\/types\/product"}],"version-history":[{"count":5,"href":"https:\/\/yebodaglass.com\/de\/wp-json\/wp\/v2\/product\/22669\/revisions"}],"predecessor-version":[{"id":25728,"href":"https:\/\/yebodaglass.com\/de\/wp-json\/wp\/v2\/product\/22669\/revisions\/25728"}],"wp:featuredmedia":[{"embeddable":true,"href":"https:\/\/yebodaglass.com\/de\/wp-json\/wp\/v2\/media\/25726"}],"wp:attachment":[{"href":"https:\/\/yebodaglass.com\/de\/wp-json\/wp\/v2\/media?parent=22669"}],"wp:term":[{"taxonomy":"product_brand","embeddable":true,"href":"https:\/\/yebodaglass.com\/de\/wp-json\/wp\/v2\/product_brand?post=22669"},{"taxonomy":"product_cat","embeddable":true,"href":"https:\/\/yebodaglass.com\/de\/wp-json\/wp\/v2\/product_cat?post=22669"},{"taxonomy":"product_tag","embeddable":true,"href":"https:\/\/yebodaglass.com\/de\/wp-json\/wp\/v2\/product_tag?post=22669"}],"curies":[{"name":"wp","href":"https:\/\/api.w.org\/{rel}","templated":true}]}}