{"id":22600,"date":"2025-10-22T16:41:59","date_gmt":"2025-10-22T08:41:59","guid":{"rendered":"https:\/\/yebodaglass.com\/?post_type=product&#038;p=22600"},"modified":"2025-11-04T11:54:05","modified_gmt":"2025-11-04T03:54:05","slug":"custom-glass-milk-bottle-with-handle-for-drinking","status":"publish","type":"product","link":"https:\/\/yebodaglass.com\/de\/custom-glass-milk-bottle-with-handle-for-drinking\/","title":{"rendered":"120 ml durchsichtige, geriffelte Glasmilchflasche mit Henkel zum Trinken"},"content":{"rendered":"<p>Sind Sie es leid, dass Milchverpackungen billig aussehen oder auslaufen? Wir fertigen Milchflaschen aus Vintage-Glas mit Henkel \u2013 Schluss mit langweiliger Verpackung! Diese Glasflaschen machen die Aufbewahrung von Milch zum Geschichtenerz\u00e4hlen. Bei gr\u00f6\u00dferen Bestellmengen erhalten Sie individuell gestaltete Glasflaschen, die perfekt zu Ihrer Marke passen.<\/p>\n<h2>Produkteigenschaften<\/h2>\n<p><strong>Komfortabler Vintage-Griff<\/strong><\/p>\n<p>Der ergonomische Griff liegt perfekt in der Hand \u2013 Ihre Vintage-Glasmilchflaschen machen das Trinken zum Vergn\u00fcgen.<\/p>\n<p><strong>Kristallklare<\/strong><\/p>\n<p>Hochtransparentes Glas zeigt die Milchfarbe sofort \u2013 Kunden vertrauen Ihren Glasmilchflaschen mit Griff auf den ersten Blick.<\/p>\n<p><strong>Robust und wiederverwendbar<\/strong><\/p>\n<p>Der dicke Boden verhindert Risse \u2013 wiederverwendbar f\u00fcr Smoothies.<\/p>\n<h2>Wichtigste Spezifikationen<\/h2>\n<table style=\"border-collapse: collapse; width: 80%; margin-left: auto; margin-right: auto;\" border=\"0\" width=\"360\" cellspacing=\"0\" cellpadding=\"0\">\n<tbody>\n<tr style=\"height: 13.50pt;\">\n<td style=\"height: 13.5pt; width: 54pt; text-align: center;\" width=\"72\" height=\"18\">Modell<\/td>\n<td style=\"width: 54pt; text-align: center;\" width=\"72\">Fassungsverm\u00f6gen (ml)<\/td>\n<td style=\"width: 54pt; text-align: center;\" width=\"72\">Gr\u00f6\u00dfe (cm)<\/td>\n<td style=\"width: 54pt; text-align: center;\" width=\"72\">Form<\/td>\n<td style=\"width: 54pt; text-align: center;\" width=\"72\">Textur<\/td>\n<\/tr>\n<tr style=\"height: 13.50pt;\">\n<td style=\"height: 13.5pt; text-align: center;\" align=\"right\" height=\"18\">64012047<\/td>\n<td style=\"text-align: center;\" align=\"right\">120<\/td>\n<td style=\"text-align: center;\">9.3&#215;6.8&#215;7.3<\/td>\n<td style=\"text-align: center;\">Henkelbecher<\/td>\n<td style=\"text-align: center;\">Vertikale Linien<\/td>\n<\/tr>\n<\/tbody>\n<\/table>\n<h2>Erfolgsbeispiel<\/h2>\n<p>Wir erhielten von einem Boutique-Caf\u00e9 in Melbourne die Anfrage, individuell gestaltete, gerippte Glasmilchbecher f\u00fcr ihre Latte- und Kaltmilchgetr\u00e4nke herzustellen. Das schlichte Produkt im Vintage-Stil besteht aus vertikalen Rillen, dem aufgedruckten Logo und einem Holzdeckel.<\/p>\n<p>Nach weniger als zwei Monaten Betrieb verzeichnete das Caf\u00e9 ein Umsatzwachstum von 35 % sowie einen deutlichen Anstieg der Zahl der Stammkunden, die wiederholt einkauften.<\/p>\n<h2>Ihr individuelles Anpassungshandbuch<\/h2>\n<ol>\n<li><strong>Anpassbare Deckel und Zubeh\u00f6r:<\/strong>Sch\u00fctzen Sie Ihre Tasse mit einem stilvollen Deckel aus Holz, Bambus oder Silikon, der nicht nur Staub fernh\u00e4lt, sondern auch die W\u00e4rme speichert und f\u00fcr eine angenehme Atmosph\u00e4re sorgt. Erg\u00e4nzen Sie Ihr Getr\u00e4nkeset mit einem Edelstahlstrohhalm oder einem L\u00f6ffel.<\/li>\n<li><strong>Individuell gestaltbarer Becherk\u00f6rper und Branding:<\/strong>Unsere Oberfl\u00e4chenveredelungsoptionen sind vielf\u00e4ltig und umfassen Siebdruck, Hei\u00dfpr\u00e4gung, Mattierung und Dekore. Dar\u00fcber hinaus bieten wir individuell gestaltbare transparente oder get\u00f6nte Glasvarianten, die perfekt auf Ihre Marke und Ihr Getr\u00e4nkethema abgestimmt sind.<\/li>\n<\/ol>","protected":false},"excerpt":{"rendered":"<p>Klare, geriffelte Glasmilchflasche mit Henkel im Vintage-Design, ideal f\u00fcr Milch, Kaffee, Desserts und S\u00e4fte. Langlebig und wiederverwendbar. Individuelle Anpassungsm\u00f6glichkeiten f\u00fcr Gro\u00dfh\u00e4ndler.<\/p>","protected":false},"featured_media":22604,"template":"","meta":[],"product_brand":[],"product_cat":[124,122,130],"product_tag":[],"class_list":{"0":"post-22600","1":"product","2":"type-product","3":"status-publish","4":"has-post-thumbnail","6":"product_cat-custom-glass-jars","7":"product_cat-custom-glass-packaging","8":"product_cat-glass-yogurt-jars","10":"first","11":"instock","12":"shipping-taxable","13":"product-type-simple"},"jetpack_sharing_enabled":true,"_links":{"self":[{"href":"https:\/\/yebodaglass.com\/de\/wp-json\/wp\/v2\/product\/22600","targetHints":{"allow":["GET"]}}],"collection":[{"href":"https:\/\/yebodaglass.com\/de\/wp-json\/wp\/v2\/product"}],"about":[{"href":"https:\/\/yebodaglass.com\/de\/wp-json\/wp\/v2\/types\/product"}],"version-history":[{"count":4,"href":"https:\/\/yebodaglass.com\/de\/wp-json\/wp\/v2\/product\/22600\/revisions"}],"predecessor-version":[{"id":22611,"href":"https:\/\/yebodaglass.com\/de\/wp-json\/wp\/v2\/product\/22600\/revisions\/22611"}],"wp:featuredmedia":[{"embeddable":true,"href":"https:\/\/yebodaglass.com\/de\/wp-json\/wp\/v2\/media\/22604"}],"wp:attachment":[{"href":"https:\/\/yebodaglass.com\/de\/wp-json\/wp\/v2\/media?parent=22600"}],"wp:term":[{"taxonomy":"product_brand","embeddable":true,"href":"https:\/\/yebodaglass.com\/de\/wp-json\/wp\/v2\/product_brand?post=22600"},{"taxonomy":"product_cat","embeddable":true,"href":"https:\/\/yebodaglass.com\/de\/wp-json\/wp\/v2\/product_cat?post=22600"},{"taxonomy":"product_tag","embeddable":true,"href":"https:\/\/yebodaglass.com\/de\/wp-json\/wp\/v2\/product_tag?post=22600"}],"curies":[{"name":"wp","href":"https:\/\/api.w.org\/{rel}","templated":true}]}}