{"id":22577,"date":"2025-10-22T13:09:13","date_gmt":"2025-10-22T05:09:13","guid":{"rendered":"https:\/\/yebodaglass.com\/?post_type=product&#038;p=22577"},"modified":"2025-11-04T11:54:26","modified_gmt":"2025-11-04T03:54:26","slug":"little-yogurt-bottles-banana-milk-glass-bottles-supplier","status":"publish","type":"product","link":"https:\/\/yebodaglass.com\/de\/little-yogurt-bottles-banana-milk-glass-bottles-supplier\/","title":{"rendered":"Planet Little Joghurtflaschen (100\u2013200 ml) \u2013 Dessertbecher"},"content":{"rendered":"<p>Sind Sie es leid, dass Milchproduktebeh\u00e4lter langweilig aussehen und auslaufen? Wir fertigen kleine Joghurtflaschen mit sternf\u00f6rmigem Charme \u2013 Schluss mit langweiliger Verpackung! Diese Glasflaschen f\u00fcr Bananenmilch machen das Aufbewahren zum Vergn\u00fcgen. Bei gr\u00f6\u00dferen Bestellmengen erhalten Sie individuell gestaltete Glasflaschen, die perfekt zu Ihrem Markenauftritt passen.<\/p>\n<h2>Produkteigenschaften<\/h2>\n<p><strong>Designmerkmale<\/strong><\/p>\n<p>Das coole, runde, planeten\u00e4hnliche Design des Objekts verleiht ihm eine besondere, dreidimensionale Optik, sodass es sowohl als hervorragender Dessertbeh\u00e4lter als auch als Dekorations- und Ausstellungsst\u00fcck geeignet ist.<\/p>\n<p><strong>Materialqualit\u00e4t<\/strong><\/p>\n<p>Es besteht aus hochtransparentem, lebensmittelechtem Glas, ist bleifrei, geruchlos und best\u00e4ndig gegen Hitze und K\u00e4lte. Daher ist es sicher f\u00fcr den K\u00fchlschrank, die Sterilisation und die mehrmalige Reinigung und Wiederverwendung.<\/p>\n<p><strong>Funktionale Leistung<\/strong><\/p>\n<p>Die weite \u00d6ffnung erleichtert das Bef\u00fcllen und Servieren, gew\u00e4hrleistet einen dichten Verschluss, und wenn Sie verschiedene Deckelarten (Aluminiumfolie oder Kunststoff) haben, k\u00f6nnen Sie diese verwenden, um Auslaufen zu verhindern und das Produkt frisch zu halten. Somit ist es ein perfektes Werkzeug sowohl f\u00fcr den privaten als auch f\u00fcr den gewerblichen Bereich.<\/p>\n<h2>Wichtigste Spezifikationen<\/h2>\n<table style=\"border-collapse: collapse; width: 80%; margin-left: auto; margin-right: auto;\" border=\"0\" width=\"288\" cellspacing=\"0\" cellpadding=\"0\">\n<tbody>\n<tr style=\"height: 13.50pt;\">\n<td style=\"height: 13.5pt; width: 54pt; text-align: center;\" width=\"72\" height=\"18\">Modell<\/td>\n<td style=\"width: 54pt; text-align: center;\" width=\"72\">Fassungsverm\u00f6gen (ml)<\/td>\n<td style=\"width: 54pt; text-align: center;\" width=\"72\">Gr\u00f6\u00dfe (cm)<\/td>\n<td style=\"width: 54pt; text-align: center;\" width=\"72\">Form<\/td>\n<\/tr>\n<tr style=\"height: 13.50pt;\">\n<td style=\"height: 13.5pt; text-align: center;\" align=\"right\" height=\"18\">64010045<\/td>\n<td style=\"text-align: center;\" align=\"right\">100<\/td>\n<td style=\"text-align: center;\">6.9&#215;6.2<\/td>\n<td class=\"et2\" style=\"text-align: center;\" rowspan=\"2\">Kugelbecher<\/td>\n<\/tr>\n<tr style=\"height: 13.50pt;\">\n<td style=\"height: 13.5pt; text-align: center;\" align=\"right\" height=\"18\">64020046<\/td>\n<td style=\"text-align: center;\" align=\"right\">200<\/td>\n<td style=\"text-align: center;\">7.9&#215;7.3<\/td>\n<\/tr>\n<\/tbody>\n<\/table>\n<h2>Erfolgsbeispiel<\/h2>\n<p>Wir erhielten von einer kleinen Joghurtmanufaktur in S\u00fcdkorea den Auftrag, einen planetenf\u00f6rmigen Glaspuddingbecher als Erg\u00e4nzung ihrer Dessertproduktlinie herzustellen. Das einzigartige, geschwungene Design des Bodens zog sofort die Aufmerksamkeit der Kunden im Regal auf sich und verlieh der Joghurt- und Mousse-Marke eine verspielte, luxuri\u00f6se und handwerkliche Note.<\/p>\n<p>Dar\u00fcber hinaus hat die Marke den silbernen Aluminiumdeckel durch einen auslaufsicheren Verschluss ersetzt und ihn mit einem floralen Muster verziert, das dem Markenimage \u201enat\u00fcrlich und frisch\u201c entspricht. Die \u00fcberarbeitete Verpackung verbessert nicht nur die Optik des Produkts, sondern auch dessen Haltbarkeit w\u00e4hrend des Transports.<\/p>\n<p>Das Produkt verzeichnete nach drei Monaten einen Anstieg der Einzelhandelsums\u00e4tze um 45 % und wurde in mehreren gehobenen Caf\u00e9s und Dessertl\u00e4den angeboten.<\/p>\n<h2>Ihr individuelles Anpassungshandbuch<\/h2>\n<ol>\n<li><strong>Kundenspezifische Verschl\u00fcsse und Dichtungen:<\/strong>Es gibt zahlreiche Verschlussm\u00f6glichkeiten, z. B. aus Metall, Kunststoff oder mit Originalit\u00e4tsverschluss in verschiedenen Farben (wie Silber, Gold und Wei\u00df). Dar\u00fcber hinaus kann ein Markenlogo oder ein Muster aufgedruckt werden, um das Produkt nicht nur praktischer zu gestalten, sondern es durch die visuelle Wiedererkennung auch attraktiver f\u00fcr Kunden zu machen.<\/li>\n<li><strong>Individuell gestaltete Oberfl\u00e4che und Design:<\/strong>Wir k\u00f6nnen eine oder mehrere dieser Aufgaben \u00fcbernehmen: Mattieren, Hei\u00dfpr\u00e4gen, Spr\u00fchlackieren oder Abziehen, um die Markenbotschaft oder die Textur der Flasche f\u00fcr eine trendigere und attraktivere Verpackung hinzuzuf\u00fcgen.<\/li>\n<\/ol>","protected":false},"excerpt":{"rendered":"<p>Individuell gestaltete, planetenf\u00f6rmige Joghurtflaschen eignen sich perfekt f\u00fcr Bananenmilch, Desserts und Pudding. Langlebig, wiederverwendbar und ideal f\u00fcr Lebensmittelverpackungsmarken.<\/p>","protected":false},"featured_media":22595,"template":"","meta":[],"product_brand":[],"product_cat":[124,122,130],"product_tag":[],"class_list":{"0":"post-22577","1":"product","2":"type-product","3":"status-publish","4":"has-post-thumbnail","6":"product_cat-custom-glass-jars","7":"product_cat-custom-glass-packaging","8":"product_cat-glass-yogurt-jars","10":"first","11":"instock","12":"shipping-taxable","13":"product-type-simple"},"jetpack_sharing_enabled":true,"_links":{"self":[{"href":"https:\/\/yebodaglass.com\/de\/wp-json\/wp\/v2\/product\/22577","targetHints":{"allow":["GET"]}}],"collection":[{"href":"https:\/\/yebodaglass.com\/de\/wp-json\/wp\/v2\/product"}],"about":[{"href":"https:\/\/yebodaglass.com\/de\/wp-json\/wp\/v2\/types\/product"}],"version-history":[{"count":5,"href":"https:\/\/yebodaglass.com\/de\/wp-json\/wp\/v2\/product\/22577\/revisions"}],"predecessor-version":[{"id":22613,"href":"https:\/\/yebodaglass.com\/de\/wp-json\/wp\/v2\/product\/22577\/revisions\/22613"}],"wp:featuredmedia":[{"embeddable":true,"href":"https:\/\/yebodaglass.com\/de\/wp-json\/wp\/v2\/media\/22595"}],"wp:attachment":[{"href":"https:\/\/yebodaglass.com\/de\/wp-json\/wp\/v2\/media?parent=22577"}],"wp:term":[{"taxonomy":"product_brand","embeddable":true,"href":"https:\/\/yebodaglass.com\/de\/wp-json\/wp\/v2\/product_brand?post=22577"},{"taxonomy":"product_cat","embeddable":true,"href":"https:\/\/yebodaglass.com\/de\/wp-json\/wp\/v2\/product_cat?post=22577"},{"taxonomy":"product_tag","embeddable":true,"href":"https:\/\/yebodaglass.com\/de\/wp-json\/wp\/v2\/product_tag?post=22577"}],"curies":[{"name":"wp","href":"https:\/\/api.w.org\/{rel}","templated":true}]}}