{"id":22567,"date":"2025-10-22T10:39:21","date_gmt":"2025-10-22T02:39:21","guid":{"rendered":"https:\/\/yebodaglass.com\/?post_type=product&#038;p=22567"},"modified":"2025-11-04T11:54:40","modified_gmt":"2025-11-04T03:54:40","slug":"round-glass-yogurt-milk-bottle-small-dessert-jars-bulk","status":"publish","type":"product","link":"https:\/\/yebodaglass.com\/de\/round-glass-yogurt-milk-bottle-small-dessert-jars-bulk\/","title":{"rendered":"Runde Glasflasche (100\u2013300 ml) f\u00fcr Joghurt und Milch \u2013 Kleine Dessertgl\u00e4ser (Gro\u00dfpackung)"},"content":{"rendered":"<article class=\"text-token-text-primary w-full focus:outline-none [--shadow-height:45px] has-data-writing-block:pointer-events-none has-data-writing-block:-mt-(--shadow-height) has-data-writing-block:pt-(--shadow-height) [&amp;:has([data-writing-block])&gt;*]:pointer-events-auto [content-visibility:auto] supports-[content-visibility:auto]:[contain-intrinsic-size:auto_100lvh] scroll-mt-[calc(var(--header-height)+min(200px,max(70px,20svh)))]\" dir=\"auto\" tabindex=\"-1\" data-turn-id=\"request-68f5dfe9-a6a4-8332-b080-aa3dc157db0d-1\" data-testid=\"conversation-turn-42\" data-scroll-anchor=\"true\" data-turn=\"assistant\">Sind Sie es leid, dass Milchproduktebeh\u00e4lter langweilig aussehen oder auslaufen? Wir kreieren bezaubernde Joghurtmilchflaschen mit rundem Charme \u2013 Schluss mit Kleckern und Kleckern! Diese kleinen Glasflaschen machen aus einfacher Aufbewahrung ein echtes Markenerlebnis. Bei gr\u00f6\u00dferen Bestellmengen erhalten Sie individuell gestaltete Glasflaschen ganz nach Ihren W\u00fcnschen.<\/p>\n<h2>Produkteigenschaften<\/h2>\n<p><strong>Runder Anh\u00e4nger<\/strong><\/p>\n<p>Die weichen Kurven liegen wunderbar in der Hand \u2013 Ihre kleinen Glasmilchfl\u00e4schchen machen jeden Schluck zu einem Genuss.<\/p>\n<p><strong>Unbegrenzter Spa\u00df<\/strong><\/p>\n<p>Einfaches Bef\u00fcllen und Ausl\u00f6ffeln \u2013 dank des Joghurtmilchflaschen-Designs kein Versch\u00fctten mehr.<\/p>\n<p><strong>Kristallklare<\/strong><\/p>\n<p>Hochtransparentes Glas zeigt jeden einzelnen Milchwirbel \u2013 Kunden vertrauen Ihren kleinen Glasmilchflaschen sofort.<\/p>\n<h2>Wichtigste Spezifikationen<\/h2>\n<table style=\"border-collapse: collapse; width: 80%; margin-right: auto; margin-left: auto;\" border=\"0\" width=\"288\" cellspacing=\"0\" cellpadding=\"0\">\n<tbody>\n<tr style=\"height: 13.50pt;\">\n<td style=\"height: 13.5pt; width: 54pt; text-align: center;\" width=\"72\" height=\"18\">Modell<\/td>\n<td style=\"width: 54pt; text-align: center;\" width=\"72\">Fassungsverm\u00f6gen (ml)<\/td>\n<td style=\"width: 54pt; text-align: center;\" width=\"72\">Gr\u00f6\u00dfe (cm)<\/td>\n<td style=\"width: 54pt; text-align: center;\" width=\"72\">Form<\/td>\n<\/tr>\n<tr style=\"height: 13.50pt;\">\n<td style=\"height: 13.5pt; text-align: center;\" align=\"right\" height=\"18\">64010042<\/td>\n<td style=\"text-align: center;\" align=\"right\">100<\/td>\n<td style=\"text-align: center;\">6.4&#215;6.5<\/td>\n<td class=\"et2\" style=\"text-align: center;\" rowspan=\"3\">Runde Ausbuchtung<\/td>\n<\/tr>\n<tr style=\"height: 13.50pt;\">\n<td style=\"height: 13.5pt; text-align: center;\" align=\"right\" height=\"18\">64020043<\/td>\n<td style=\"text-align: center;\" align=\"right\">200<\/td>\n<td style=\"text-align: center;\">7.3&#215;7.2<\/td>\n<\/tr>\n<tr style=\"height: 13.50pt;\">\n<td style=\"height: 13.5pt; text-align: center;\" align=\"right\" height=\"18\">64030044<\/td>\n<td style=\"text-align: center;\" align=\"right\">300<\/td>\n<td style=\"text-align: center;\">8.3&#215;8.6<\/td>\n<\/tr>\n<\/tbody>\n<\/table>\n<h2>Erfolgsbeispiel<\/h2>\n<p>Eine Puddingmanufaktur wandte sich an uns, um eine bauchige Joghurtflasche aus Glas speziell f\u00fcr ihre Puddings entwickeln zu lassen. Jede 200-ml-Flasche hat eine weite \u00d6ffnung, die das Abf\u00fcllen und Portionieren erleichtert, und die abgerundete Form verleiht der Flasche ein handgefertigtes Aussehen, das perfekt zum Premium-Dessertkonzept passt.<\/p>\n<p>Neben einem luftdichten Aluminiumverschluss ist die Flasche auch mit einem L\u00f6ffeldeckel f\u00fcr optimale Frische und einfache Handhabung ausgestattet. Die Flasche aus reinem Glas eignet sich hervorragend zur Pr\u00e4sentation von Pudding.<\/p>\n<p>Bereits 2 Monate nach Einf\u00fchrung der neuen Verpackung gingen die Beschwerden \u00fcber Dichtungsprobleme um 85 % zur\u00fcck, und das Bestellvolumen der Gro\u00dfh\u00e4ndler stieg um 60 %.<\/p>\n<h2>Ihr individuelles Anpassungshandbuch<\/h2>\n<ol>\n<li><strong>Kundenspezifische Deckel- und Etikettenl\u00f6sungen:<\/strong>Sie k\u00f6nnen zwischen Metall-Drehverschl\u00fcssen, Holzdeckeln oder Kunststoff-Schnappverschl\u00fcssen w\u00e4hlen und Ihr Logo anschlie\u00dfend durch Pr\u00e4gung, Siebdruck oder Etikettierung anbringen, um eine optisch ansprechende Markenwiedererkennung zu erzielen.<\/li>\n<li><strong>Farb- und Materialanpassung:<\/strong>Sie k\u00f6nnen das Glas individuell gestalten, entweder in klar, bernsteinfarben oder mattiert, passend zum Stil Ihres Produkts, oder Sie w\u00e4hlen eine Farbverlaufs-T\u00f6nung, damit die geschichteten Puddings und Joghurts im Regal optisch ansprechend und ein echter Hingucker sind.<\/li>\n<\/ol>\n<\/article>","protected":false},"excerpt":{"rendered":"<p>Runde Joghurt- und Milchflaschen aus Glas, ideal f\u00fcr Joghurt, Pudding oder Marmelade. Wiederverwendbar, robust und individuell gestaltbar f\u00fcr Dessertverpackungen.<\/p>","protected":false},"featured_media":22571,"template":"","meta":[],"product_brand":[],"product_cat":[124,122,130],"product_tag":[],"class_list":{"0":"post-22567","1":"product","2":"type-product","3":"status-publish","4":"has-post-thumbnail","6":"product_cat-custom-glass-jars","7":"product_cat-custom-glass-packaging","8":"product_cat-glass-yogurt-jars","10":"first","11":"instock","12":"shipping-taxable","13":"product-type-simple"},"jetpack_sharing_enabled":true,"_links":{"self":[{"href":"https:\/\/yebodaglass.com\/de\/wp-json\/wp\/v2\/product\/22567","targetHints":{"allow":["GET"]}}],"collection":[{"href":"https:\/\/yebodaglass.com\/de\/wp-json\/wp\/v2\/product"}],"about":[{"href":"https:\/\/yebodaglass.com\/de\/wp-json\/wp\/v2\/types\/product"}],"version-history":[{"count":5,"href":"https:\/\/yebodaglass.com\/de\/wp-json\/wp\/v2\/product\/22567\/revisions"}],"predecessor-version":[{"id":22610,"href":"https:\/\/yebodaglass.com\/de\/wp-json\/wp\/v2\/product\/22567\/revisions\/22610"}],"wp:featuredmedia":[{"embeddable":true,"href":"https:\/\/yebodaglass.com\/de\/wp-json\/wp\/v2\/media\/22571"}],"wp:attachment":[{"href":"https:\/\/yebodaglass.com\/de\/wp-json\/wp\/v2\/media?parent=22567"}],"wp:term":[{"taxonomy":"product_brand","embeddable":true,"href":"https:\/\/yebodaglass.com\/de\/wp-json\/wp\/v2\/product_brand?post=22567"},{"taxonomy":"product_cat","embeddable":true,"href":"https:\/\/yebodaglass.com\/de\/wp-json\/wp\/v2\/product_cat?post=22567"},{"taxonomy":"product_tag","embeddable":true,"href":"https:\/\/yebodaglass.com\/de\/wp-json\/wp\/v2\/product_tag?post=22567"}],"curies":[{"name":"wp","href":"https:\/\/api.w.org\/{rel}","templated":true}]}}