{"id":22553,"date":"2025-10-21T17:17:58","date_gmt":"2025-10-21T09:17:58","guid":{"rendered":"https:\/\/yebodaglass.com\/?post_type=product&#038;p=22553"},"modified":"2025-11-04T11:54:58","modified_gmt":"2025-11-04T03:54:58","slug":"custom-glass-milk-bottles-bulk-pudding-container","status":"publish","type":"product","link":"https:\/\/yebodaglass.com\/de\/custom-glass-milk-bottles-bulk-pudding-container\/","title":{"rendered":"Quadratische, individuell gestaltete Glasmilchflaschen in Gro\u00dfpackungen \u2013 100\u2013350 ml, wiederverwendbare Pudding- und Getr\u00e4nkebeh\u00e4lter"},"content":{"rendered":"<p>Sind Sie es leid, dass Milchverpackungen unscheinbar wirken? Wir fertigen individuelle Glasmilchflaschen im quadratischen Design \u2013 Schluss mit langweiliger Verpackung! Diese Glasmilchflaschen in Gro\u00dfpackungen machen aus einfacher Aufbewahrung etwas Besonderes f\u00fcr Ihre Marke. Bei Gro\u00dfbestellungen erhalten Sie individuell gestaltete Glasflaschen ganz nach Ihren Vorstellungen.<\/p>\n<h2>Produkteigenschaften<\/h2>\n<p><strong>Designmerkmale<\/strong><\/p>\n<p>Die quadratische, hochkantige Flasche besticht durch schlichte, geometrische Formen ohne jegliche Verzierungen und eine harmonische Silhouette \u2013 ein trendiges und optisch ansprechendes Produkt. Der Verschluss mit kronenf\u00f6rmigem Element erm\u00f6glicht ein sicheres Verschlie\u00dfen und eignet sich daher sowohl f\u00fcr den gewerblichen als auch f\u00fcr den privaten Gebrauch.<\/p>\n<p><strong>Materialqualit\u00e4t<\/strong><\/p>\n<p>Es besteht aus hochtransparentem, lebensmittelechtem Glas ohne Blei. Es ist geruchsneutral und sehr best\u00e4ndig gegen niedrige und hohe Temperaturen und eignet sich daher hervorragend zur Aufbewahrung von frischen und schmackhaften Getr\u00e4nken oder Desserts.<\/p>\n<p><strong>Funktionale Leistung<\/strong><\/p>\n<p>Diese dickwandige und auslaufsichere Flasche ist f\u00fcr den Mehrfachgebrauch konzipiert und eignet sich daher hervorragend zur Frischhaltung von Lebensmitteln. Dank ihrer quadratischen Form l\u00e4sst sie sich platzsparend im Regal stapeln, was f\u00fcr mehr Stabilit\u00e4t beim Transport sorgt.<\/p>\n<p><strong>Anpassungsoptionen<\/strong><\/p>\n<p>Durch die \u00c4nderung des Fassungsverm\u00f6gens, das Anbringen eines Logos, das Etikettieren der Flasche und die Auswahl eines Verschlusses (Aluminium, Kunststoff oder Originalit\u00e4tsverschluss) l\u00e4sst sich leicht ein Markenimage erzeugen, das sich von anderen unterscheidet.<\/p>\n<h2>Wichtigste Spezifikationen<\/h2>\n<table style=\"border-collapse: collapse; width: 80%; margin-left: auto; margin-right: auto;\" border=\"0\" width=\"288\" cellspacing=\"0\" cellpadding=\"0\">\n<tbody>\n<tr style=\"height: 13.50pt;\">\n<td style=\"height: 13.5pt; width: 54pt; text-align: center;\" width=\"72\" height=\"18\">Modell<\/td>\n<td style=\"width: 54pt; text-align: center;\" width=\"72\">Fassungsverm\u00f6gen (ml)<\/td>\n<td style=\"width: 54pt; text-align: center;\" width=\"72\">Gr\u00f6\u00dfe (cm)<\/td>\n<td style=\"width: 54pt; text-align: center;\" width=\"72\">Form<\/td>\n<\/tr>\n<tr style=\"height: 13.50pt;\">\n<td style=\"height: 13.5pt; text-align: center;\" align=\"right\" height=\"18\">64010040<\/td>\n<td style=\"text-align: center;\" align=\"right\">100<\/td>\n<td style=\"text-align: center;\">5,0 \u00d7 5,0 \u00d7 9,6<\/td>\n<td class=\"et2\" style=\"text-align: center;\" rowspan=\"2\">Quadrat<\/td>\n<\/tr>\n<tr style=\"height: 13.50pt;\">\n<td style=\"height: 13.5pt; text-align: center;\" align=\"right\" height=\"18\">64035041<\/td>\n<td style=\"text-align: center;\" align=\"right\">350<\/td>\n<td style=\"text-align: center;\">6,0 \u00d7 6,0 \u00d7 16,1<\/td>\n<\/tr>\n<\/tbody>\n<\/table>\n<h2>Erfolgsgeschichte<\/h2>\n<p>Um sein Image aufzufrischen, entschied sich eine Molkerei f\u00fcr eine Verpackungs\u00e4nderung und kooperierte mit uns bei der Entwicklung einer individuell gestalteten, quadratischen Glasmilchflasche. Das quadratische Design verleiht der Flasche nicht nur ein modernes und ansprechendes Aussehen, sondern optimiert auch die Lager- und Regalfl\u00e4che im K\u00fchlregal und in den Lieferboxen. Dank des hochtransparenten Glases wirkt die Milch besonders hochwertig.<\/p>\n<p>Nach der Umstellung der Verpackung berichtete die Molkerei innerhalb des ersten Monats von einem R\u00fcckgang der Beschwerden \u00fcber Milchverluste um 75 % und einem Anstieg der Gro\u00dfbestellungen um 65 %.<\/p>\n<h2>Ihr individuelles Anpassungshandbuch<\/h2>\n<ol>\n<li><strong>Ma\u00dfgeschneiderte Kappen- und Dichtungskonfiguration:<\/strong>Es gibt zahlreiche Materialien und Ausf\u00fchrungen f\u00fcr Kappen zur Auswahl, darunter Metall-, Kunststoff- und Diebstahlsicherungen. Bedruckt mit Ihrem Markenlogo oder einem Muster, wird die Kappe zu einem wiedererkennbaren Markenzeichen und steigert die Gesamtqualit\u00e4t.<\/li>\n<li><strong>Individuelles Erscheinungsbild und Markenidentit\u00e4t:<\/strong>Wir bieten Ihnen die M\u00f6glichkeit, Ihre Flasche mit Ihrem Branding zu versehen \u2013 per Siebdruck, Mattierung, Etikettierung oder Hei\u00dfpr\u00e4gung. Wir fertigen transparentes, mattiertes oder get\u00f6ntes Glas, das exakt zum Stil Ihrer Marke und ihrer Marktpositionierung passt.<\/li>\n<\/ol>","protected":false},"excerpt":{"rendered":"<p>Quadratische, individuell gestaltbare Glasmilchflaschen und Glasmilchflaschen in gro\u00dfen Mengen, ideal f\u00fcr Pudding, Milch oder Saft. Langlebig, wiederverwendbar und individuell gestaltbar f\u00fcr Premiummarken.<\/p>","protected":false},"featured_media":22557,"template":"","meta":[],"product_brand":[],"product_cat":[123,122,131],"product_tag":[],"class_list":{"0":"post-22553","1":"product","2":"type-product","3":"status-publish","4":"has-post-thumbnail","6":"product_cat-custom-glass-bottles","7":"product_cat-custom-glass-packaging","8":"product_cat-glass-milk-bottles","10":"first","11":"instock","12":"shipping-taxable","13":"product-type-simple"},"jetpack_sharing_enabled":true,"_links":{"self":[{"href":"https:\/\/yebodaglass.com\/de\/wp-json\/wp\/v2\/product\/22553","targetHints":{"allow":["GET"]}}],"collection":[{"href":"https:\/\/yebodaglass.com\/de\/wp-json\/wp\/v2\/product"}],"about":[{"href":"https:\/\/yebodaglass.com\/de\/wp-json\/wp\/v2\/types\/product"}],"version-history":[{"count":4,"href":"https:\/\/yebodaglass.com\/de\/wp-json\/wp\/v2\/product\/22553\/revisions"}],"predecessor-version":[{"id":22561,"href":"https:\/\/yebodaglass.com\/de\/wp-json\/wp\/v2\/product\/22553\/revisions\/22561"}],"wp:featuredmedia":[{"embeddable":true,"href":"https:\/\/yebodaglass.com\/de\/wp-json\/wp\/v2\/media\/22557"}],"wp:attachment":[{"href":"https:\/\/yebodaglass.com\/de\/wp-json\/wp\/v2\/media?parent=22553"}],"wp:term":[{"taxonomy":"product_brand","embeddable":true,"href":"https:\/\/yebodaglass.com\/de\/wp-json\/wp\/v2\/product_brand?post=22553"},{"taxonomy":"product_cat","embeddable":true,"href":"https:\/\/yebodaglass.com\/de\/wp-json\/wp\/v2\/product_cat?post=22553"},{"taxonomy":"product_tag","embeddable":true,"href":"https:\/\/yebodaglass.com\/de\/wp-json\/wp\/v2\/product_tag?post=22553"}],"curies":[{"name":"wp","href":"https:\/\/api.w.org\/{rel}","templated":true}]}}