{"id":22539,"date":"2025-10-21T11:23:10","date_gmt":"2025-10-21T03:23:10","guid":{"rendered":"https:\/\/yebodaglass.com\/?post_type=product&#038;p=22539"},"modified":"2026-04-14T10:09:05","modified_gmt":"2026-04-14T02:09:05","slug":"groshandel-klare-sechseckige-marmeladenglaser-280ml-380ml-500ml-730ml","status":"publish","type":"product","link":"https:\/\/yebodaglass.com\/de\/groshandel-klare-sechseckige-marmeladenglaser-280ml-380ml-500ml-730ml\/","title":{"rendered":"Gro\u00dfhandel mit durchsichtigen, sechseckigen Marmeladengl\u00e4sern, 280 ml, 380 ml, 500 ml, 730 ml"},"content":{"rendered":"<p>Diese sechseckigen Marmeladengl\u00e4ser zeigen ihr Design durch eine vollst\u00e4ndig sechseckige Form, die mit transparentem Glasmaterial und einem schwarzen Metallschraubverschluss kombiniert wird, der f\u00fcr Auslaufsicherheit sorgt.<\/p>\n<h2>Produkteigenschaften<\/h2>\n<ul>\n<li><strong>Sichere schwarze Metallkappe:<\/strong> Der schwarze Metallschraubverschluss bietet ein hohes Ma\u00df an Zuverl\u00e4ssigkeit und Stabilit\u00e4t und verleiht dem Ganzen einen trendigen, cleanen Look.<\/li>\n<li><strong>Effizientes hexagonales Design:<\/strong> Die sechseckige Konstruktion erm\u00f6glicht ein platzsparendes Stapeln der Elemente und bildet einen stabilen Rahmen zur Verhinderung des Umkippens.<\/li>\n<li><strong>Verschiedene Gr\u00f6\u00dfen erh\u00e4ltlich:<\/strong> Durch das Angebot von Beh\u00e4ltern in verschiedenen Gr\u00f6\u00dfen kann man den am besten geeigneten Beh\u00e4lter f\u00fcr seine\/ihre Lagerbed\u00fcrfnisse ausw\u00e4hlen.<\/li>\n<\/ul>\n<h2 style=\"text-align: left;\">Wichtigste Spezifikationen<\/h2>\n<table class=\"aligncenter\" style=\"border-collapse: collapse; width: 327.02pt;\" border=\"0\" width=\"436\" cellspacing=\"0\" cellpadding=\"0\">\n<tbody>\n<tr style=\"height: 13.50pt;\">\n<td style=\"height: 13.50pt; width: 90.00pt;\" width=\"120\" height=\"18\">Besonderheit<\/td>\n<td style=\"width: 237.00pt;\" width=\"316\">Spezifikation<\/td>\n<\/tr>\n<tr style=\"height: 13.50pt;\">\n<td style=\"height: 13.50pt;\" height=\"18\">Kapazit\u00e4t<\/td>\n<td>280 ml, 380 ml, 500 ml, 730 ml<\/td>\n<\/tr>\n<tr style=\"height: 13.50pt;\">\n<td style=\"height: 13.50pt;\" height=\"18\">Form<\/td>\n<td>Sechseckig<\/td>\n<\/tr>\n<tr style=\"height: 13.50pt;\">\n<td style=\"height: 13.50pt;\" height=\"18\">Ma\u00dfe<\/td>\n<td>5,8 \u00d7 10,0 cm bis 7,5 \u00d7 12,2 cm<\/td>\n<\/tr>\n<tr style=\"height: 13.50pt;\">\n<td style=\"height: 13.50pt;\" height=\"18\">Material<\/td>\n<td>Klarglas, schwarzer PP-Schraubdeckel<\/td>\n<\/tr>\n<tr style=\"height: 13.50pt;\">\n<td style=\"height: 13.50pt;\" height=\"18\">Deckeloptionen<\/td>\n<td>Schwarz (Sonderfarben auf Anfrage)<\/td>\n<\/tr>\n<tr style=\"height: 13.50pt;\">\n<td style=\"height: 13.50pt;\" height=\"18\">Am besten f\u00fcr<\/td>\n<td>Rohhonig, aromatisierte Honigmischungen, Geschenksets<\/td>\n<\/tr>\n<tr style=\"height: 13.50pt;\">\n<td style=\"height: 13.50pt;\" height=\"18\">Ideale Verwendung<\/td>\n<td>Sechseckige Marmeladengl\u00e4ser, Honigbeh\u00e4lter<\/td>\n<\/tr>\n<\/tbody>\n<\/table>\n<h2>Erfolgsgeschichte: Die Premiumlinie einer schottischen Honigmanufaktur<\/h2>\n<p>Unsere sechseckigen Marmeladengl\u00e4ser wurden von einem schottischen Honigproduzenten ausgew\u00e4hlt, der ein individuelles, im Siebdruckverfahren aufgebrachtes goldenes Wabenmuster f\u00fcr den Deckel entwickelte. Das einzigartige Flaschendesign sorgte daf\u00fcr, dass sein Produkt in Feinkostl\u00e4den sofort ins Auge fiel und den Umsatz um 40 % steigerte. Die geometrische Form bot im Vergleich zu runden Gl\u00e4sern 30 % mehr bedruckbare Etikettenfl\u00e4che. Der gro\u00dfe Erfolg der Marke f\u00fchrte zu einer zus\u00e4tzlichen Bestellung von 280.000 Marmeladengl\u00e4sern f\u00fcr die Einf\u00fchrung der neuen Produktlinie mit Honigwaben-Geschenkartikeln und aromatisiertem Sirup.<\/p>\n<h2>Empfehlung zur Anpassung von Honigbeh\u00e4ltern<\/h2>\n<ul>\n<li>Individuelle Glas\u00e4tzung: Durch Laser\u00e4tzung von Mustern, Logos oder regionalen Merkmalen auf der Glasscheibe erh\u00e4lt das Unternehmen eine einzigartige und hochwertige Markenidentit\u00e4t.<\/li>\n<li>Alle Deckelfarben und -ausf\u00fchrungen: Es gibt verschiedene Optionen f\u00fcr Deckelfarben und -ausf\u00fchrungen (Gold, Bronze, geb\u00fcrsteter Stahl oder Wei\u00df).<\/li>\n<li>Halskette aus Leder oder Seil: Durch das Anbringen eines Leder- oder Seilstreifens, der als zus\u00e4tzliche Halsverzierung f\u00fcr das Gef\u00e4\u00df dient, erh\u00e4lt das Gef\u00e4\u00df ein rustikales, handgefertigtes Aussehen.<\/li>\n<\/ul>","protected":false},"excerpt":{"rendered":"<p>Robuste, sechseckige Marmeladengl\u00e4ser mit transparentem Korpus und luftdichtem Deckel. Praktische Honigbeh\u00e4lter f\u00fcr den Einzelhandel, zum Verschenken und zur Lagerung von Honig in gr\u00f6\u00dferen Mengen. Schneller Versand.<\/p>","protected":false},"featured_media":22649,"template":"","meta":[],"product_brand":[],"product_cat":[127,124,122],"product_tag":[],"class_list":{"0":"post-22539","1":"product","2":"type-product","3":"status-publish","4":"has-post-thumbnail","6":"product_cat-glass-honey-jars","7":"product_cat-custom-glass-jars","8":"product_cat-custom-glass-packaging","10":"first","11":"instock","12":"shipping-taxable","13":"product-type-simple"},"jetpack_sharing_enabled":true,"_links":{"self":[{"href":"https:\/\/yebodaglass.com\/de\/wp-json\/wp\/v2\/product\/22539","targetHints":{"allow":["GET"]}}],"collection":[{"href":"https:\/\/yebodaglass.com\/de\/wp-json\/wp\/v2\/product"}],"about":[{"href":"https:\/\/yebodaglass.com\/de\/wp-json\/wp\/v2\/types\/product"}],"version-history":[{"count":5,"href":"https:\/\/yebodaglass.com\/de\/wp-json\/wp\/v2\/product\/22539\/revisions"}],"predecessor-version":[{"id":25772,"href":"https:\/\/yebodaglass.com\/de\/wp-json\/wp\/v2\/product\/22539\/revisions\/25772"}],"wp:featuredmedia":[{"embeddable":true,"href":"https:\/\/yebodaglass.com\/de\/wp-json\/wp\/v2\/media\/22649"}],"wp:attachment":[{"href":"https:\/\/yebodaglass.com\/de\/wp-json\/wp\/v2\/media?parent=22539"}],"wp:term":[{"taxonomy":"product_brand","embeddable":true,"href":"https:\/\/yebodaglass.com\/de\/wp-json\/wp\/v2\/product_brand?post=22539"},{"taxonomy":"product_cat","embeddable":true,"href":"https:\/\/yebodaglass.com\/de\/wp-json\/wp\/v2\/product_cat?post=22539"},{"taxonomy":"product_tag","embeddable":true,"href":"https:\/\/yebodaglass.com\/de\/wp-json\/wp\/v2\/product_tag?post=22539"}],"curies":[{"name":"wp","href":"https:\/\/api.w.org\/{rel}","templated":true}]}}