{"id":22531,"date":"2025-10-21T11:32:49","date_gmt":"2025-10-21T03:32:49","guid":{"rendered":"https:\/\/yebodaglass.com\/?post_type=product&#038;p=22531"},"modified":"2025-11-04T11:55:47","modified_gmt":"2025-11-04T03:55:47","slug":"custom-heart-glass-yogurt-bottles-for-romantic-dessert-bulk","status":"publish","type":"product","link":"https:\/\/yebodaglass.com\/de\/custom-heart-glass-yogurt-bottles-for-romantic-dessert-bulk\/","title":{"rendered":"100 ml, 150 ml, 250 ml Doppelherz-Glasflaschen f\u00fcr Joghurt zum Dessert"},"content":{"rendered":"<div class=\"text-base my-auto mx-auto pb-10 [--thread-content-margin:--spacing(4)] thread-sm:[--thread-content-margin:--spacing(6)] thread-lg:[--thread-content-margin:--spacing(16)] px-(--thread-content-margin)\">\n<div class=\"[--thread-content-max-width:40rem] thread-lg:[--thread-content-max-width:48rem] mx-auto max-w-(--thread-content-max-width) flex-1 group\/turn-messages focus-visible:outline-hidden relative flex w-full min-w-0 flex-col agent-turn\" tabindex=\"-1\">\n<div class=\"flex max-w-full flex-col grow\">\n<div class=\"min-h-8 text-message relative flex w-full flex-col items-end gap-2 text-start break-words whitespace-normal [.text-message+&amp;]:mt-1\" dir=\"auto\" data-message-author-role=\"assistant\" data-message-id=\"8d18012a-fb48-4b95-868b-4e577d237289\" data-message-model-slug=\"gpt-5\">\n<div class=\"flex w-full flex-col gap-1 empty:hidden first:pt-[1px]\">\n<div class=\"markdown prose dark:prose-invert w-full break-words light markdown-new-styling\">\n<p>Sind Sie es leid, dass Milchprodukte in langweiligen Verpackungen untergehen? Wir fertigen herzf\u00f6rmige Joghurtflaschen aus Glas \u2013 Schluss mit langweiliger Verpackung! Diese Joghurtflaschen aus Glas machen aus einfacher Aufbewahrung eine romantische Geschichte. Bei gr\u00f6\u00dferen Bestellmengen erhalten Sie individuell gestaltete Joghurtflaschen, die perfekt zu Ihrer Marke passen.<\/p>\n<h2>Produkteigenschaften<\/h2>\n<p><strong>Herzf\u00f6rmiger Anh\u00e4nger<\/strong><\/p>\n<p>Doppeltes Herz-Pr\u00e4gedesign \u2013 Ihre Glasjoghurtflaschen werden Sie auf den ersten Blick begeistern.<\/p>\n<p><strong>Sichere Versiegelung<\/strong><\/p>\n<p>Leicht ausgestellter Flaschenhals \u2013 h\u00e4lt die Frische erhalten und verhindert Auslaufen beim Transport.<\/p>\n<p><strong>Kristallklar<\/strong><\/p>\n<p>Hochtransparentes Glas offenbart sofort Qualit\u00e4t \u2013 und schafft so Vertrauen bei den Kunden.<\/p>\n<p><strong>Individuell gestaltete Magie der Liebe<\/strong><\/p>\n<p>Bedrucken Sie die Glas-Joghurtflaschen mit Ihrem Logo \u2013 so wird Ihr Produkt einpr\u00e4gsamer.<\/p>\n<h2>Wichtigste Spezifikationen<\/h2>\n<table style=\"border-collapse: collapse; width: 80%; margin-left: auto; margin-right: auto;\" border=\"0\" width=\"288\" cellspacing=\"0\" cellpadding=\"0\">\n<tbody>\n<tr style=\"height: 13.50pt;\">\n<td style=\"height: 13.5pt; width: 54pt; text-align: center;\" width=\"72\" height=\"18\">Modell<\/td>\n<td style=\"width: 54pt; text-align: center;\" width=\"72\">Fassungsverm\u00f6gen (ml)<\/td>\n<td style=\"width: 54pt; text-align: center;\" width=\"72\">Gr\u00f6\u00dfe (cm)<\/td>\n<td style=\"width: 54pt; text-align: center;\" width=\"72\">Muster<\/td>\n<\/tr>\n<tr style=\"height: 13.50pt;\">\n<td style=\"height: 13.5pt; text-align: center;\" align=\"right\" height=\"18\">64010035<\/td>\n<td style=\"text-align: center;\" align=\"right\">100<\/td>\n<td style=\"text-align: center;\">6.2&#215;6.7<\/td>\n<td class=\"et2\" style=\"text-align: center;\" rowspan=\"3\">Doppelherz<\/td>\n<\/tr>\n<tr style=\"height: 13.50pt;\">\n<td style=\"height: 13.5pt; text-align: center;\" align=\"right\" height=\"18\">64015036<\/td>\n<td style=\"text-align: center;\" align=\"right\">150<\/td>\n<td style=\"text-align: center;\">6.3&#215;7.9<\/td>\n<\/tr>\n<tr style=\"height: 13.50pt;\">\n<td style=\"height: 13.5pt; text-align: center;\" align=\"right\" height=\"18\">64025037<\/td>\n<td style=\"text-align: center;\" align=\"right\">250<\/td>\n<td style=\"text-align: center;\">7.0&#215;9.6<\/td>\n<\/tr>\n<\/tbody>\n<\/table>\n<h2>Erfolgsbeispiel<\/h2>\n<p>Wir wurden von einer europ\u00e4ischen Joghurtmarke beauftragt, individuell gestaltete 200-ml-Glasflaschen f\u00fcr Joghurt herzustellen. Die mit einem Herz gepr\u00e4gten und mit einer Folienkappe versiegelten Flaschen sehen nicht nur charmant und handgefertigt aus, sondern sind auch f\u00fcr die Kunden im K\u00fchlregal des Einzelhandels sehr attraktiv.<\/p>\n<p>Wir haben die Verschl\u00fcsse farblich an die jeweiligen Geschmacksrichtungen angepasst \u2013 rosa f\u00fcr Erdbeere, hellblau f\u00fcr Blaubeere und beige f\u00fcr Vanille. Das dicke, lebensmittelechte Glas tr\u00e4gt au\u00dferdem zur Frische des Produkts bei und verleiht den Flaschen ein h\u00f6heres Gewicht, wodurch das Markenimage von \u201esorgf\u00e4ltig hergestellt\u201c gest\u00e4rkt wird.<\/p>\n<p>Nach der Umstellung der Verpackung gingen die Kundenbeschwerden um 60 % zur\u00fcck, und die Gro\u00dfbestellungen stiegen um 50 %.<\/p>\n<h2>Ihr individuelles Anpassungshandbuch<\/h2>\n<ol>\n<li><strong>Personalisierte Gravur:<\/strong>F\u00fcgen Sie individuelle Namen, Daten oder kurze Botschaften auf dem Einmachglas f\u00fcr Hochzeiten oder Geschenksammlungen hinzu.<\/li>\n<li><strong>Individuelle Deckeloptionen:<\/strong>W\u00e4hlen Sie zwischen Deckeln aus Kork, Bambus oder farbigem Metall, passend zu verschiedenen Themen oder Markenstilen.<\/li>\n<\/ol>\n<\/div>\n<\/div>\n<\/div>\n<\/div>\n<\/div>\n<\/div>","protected":false},"excerpt":{"rendered":"<p>Bezaubernde Joghurtflaschen aus Glas in Herzform, ideal f\u00fcr Desserts, Marmeladen oder Kerzen. Romantische Gl\u00e4ser, perfekt als Geschenk oder f\u00fcr besondere Anl\u00e4sse.<\/p>","protected":false},"featured_media":22536,"template":"","meta":[],"product_brand":[],"product_cat":[124,122,130],"product_tag":[],"class_list":{"0":"post-22531","1":"product","2":"type-product","3":"status-publish","4":"has-post-thumbnail","6":"product_cat-custom-glass-jars","7":"product_cat-custom-glass-packaging","8":"product_cat-glass-yogurt-jars","10":"first","11":"instock","12":"shipping-taxable","13":"product-type-simple"},"jetpack_sharing_enabled":true,"_links":{"self":[{"href":"https:\/\/yebodaglass.com\/de\/wp-json\/wp\/v2\/product\/22531","targetHints":{"allow":["GET"]}}],"collection":[{"href":"https:\/\/yebodaglass.com\/de\/wp-json\/wp\/v2\/product"}],"about":[{"href":"https:\/\/yebodaglass.com\/de\/wp-json\/wp\/v2\/types\/product"}],"version-history":[{"count":6,"href":"https:\/\/yebodaglass.com\/de\/wp-json\/wp\/v2\/product\/22531\/revisions"}],"predecessor-version":[{"id":22563,"href":"https:\/\/yebodaglass.com\/de\/wp-json\/wp\/v2\/product\/22531\/revisions\/22563"}],"wp:featuredmedia":[{"embeddable":true,"href":"https:\/\/yebodaglass.com\/de\/wp-json\/wp\/v2\/media\/22536"}],"wp:attachment":[{"href":"https:\/\/yebodaglass.com\/de\/wp-json\/wp\/v2\/media?parent=22531"}],"wp:term":[{"taxonomy":"product_brand","embeddable":true,"href":"https:\/\/yebodaglass.com\/de\/wp-json\/wp\/v2\/product_brand?post=22531"},{"taxonomy":"product_cat","embeddable":true,"href":"https:\/\/yebodaglass.com\/de\/wp-json\/wp\/v2\/product_cat?post=22531"},{"taxonomy":"product_tag","embeddable":true,"href":"https:\/\/yebodaglass.com\/de\/wp-json\/wp\/v2\/product_tag?post=22531"}],"curies":[{"name":"wp","href":"https:\/\/api.w.org\/{rel}","templated":true}]}}