{"id":22511,"date":"2025-10-21T10:29:18","date_gmt":"2025-10-21T02:29:18","guid":{"rendered":"https:\/\/yebodaglass.com\/?post_type=product&#038;p=22511"},"modified":"2025-11-28T15:58:15","modified_gmt":"2025-11-28T07:58:15","slug":"mini-transparent-glass-yogurt-bottles-wholesale-dessert-container","status":"publish","type":"product","link":"https:\/\/yebodaglass.com\/de\/mini-transparent-glass-yogurt-bottles-wholesale-dessert-container\/","title":{"rendered":"Gro\u00dfhandel f\u00fcr Mini-Joghurtflaschen aus transparentem Glas \u2013 Dessertbeh\u00e4lter 100\u2013200 ml"},"content":{"rendered":"<div class=\"text-base my-auto mx-auto pb-10 [--thread-content-margin:--spacing(4)] thread-sm:[--thread-content-margin:--spacing(6)] thread-lg:[--thread-content-margin:--spacing(16)] px-(--thread-content-margin)\">\n<div class=\"[--thread-content-max-width:40rem] thread-lg:[--thread-content-max-width:48rem] mx-auto max-w-(--thread-content-max-width) flex-1 group\/turn-messages focus-visible:outline-hidden relative flex w-full min-w-0 flex-col agent-turn\" tabindex=\"-1\">\n<div class=\"flex max-w-full flex-col grow\">\n<div class=\"min-h-8 text-message relative flex w-full flex-col items-end gap-2 text-start break-words whitespace-normal [.text-message+&amp;]:mt-1\" dir=\"auto\" data-message-author-role=\"assistant\" data-message-id=\"26beda35-2f10-4dda-a7c4-c139e3bf47ff\" data-message-model-slug=\"gpt-5\">\n<div class=\"flex w-full flex-col gap-1 empty:hidden first:pt-[1px]\">\n<div class=\"markdown prose dark:prose-invert w-full break-words light markdown-new-styling\">\n<p>Sind Sie es leid, dass Milchprodukte auslaufen oder ihre Frische verlieren? Wir fertigen Milchflaschen aus Glas mit Deckel \u2013 perfekt f\u00fcr Pudding, ohne l\u00e4stiges Ausl\u00f6ffeln. Diese Milchflaschen aus Glas machen aus einer s\u00fc\u00dfen Verpackung echtes Vertrauen. Bei gr\u00f6\u00dferen Bestellmengen erhalten Sie individuell gestaltete Glasflaschen, die perfekt zu Ihrem Markenimage passen.<\/p>\n<h2>Produkteigenschaften<\/h2>\n<p><strong>Stilvolles R\u00fcschendesign<\/strong><\/p>\n<p>Die vertikalen Rippen verleihen der Oberfl\u00e4che eine haptische Qualit\u00e4t und machen das Glas optisch attraktiver.<\/p>\n<p><strong>Robustes Glasbauteil<\/strong><\/p>\n<p>Es wird Glas von betr\u00e4chtlicher Dicke und hoher Qualit\u00e4t verwendet, wodurch das Produkt langlebig ist.<\/p>\n<p><strong>Multifunktional<\/strong><\/p>\n<p>Ideal f\u00fcr Puddings, Joghurts, Eiscreme oder sogar zur Kerzenherstellung.<\/p>\n<p><strong>Wiederverwendbar und umweltfreundlich<\/strong><\/p>\n<p>Das Produkt eignet sich perfekt f\u00fcr einen umweltfreundlichen Lebensstil, da es einfach in einem hygienischen Zustand zu halten ist.<\/p>\n<h2>Wichtigste Spezifikationen<\/h2>\n<table style=\"border-collapse: collapse; width: 80%; margin-left: auto; margin-right: auto;\" border=\"0\" width=\"288\" cellspacing=\"0\" cellpadding=\"0\">\n<tbody>\n<tr style=\"height: 13.50pt;\">\n<td style=\"height: 13.5pt; width: 54pt; text-align: center;\" width=\"72\" height=\"18\">Modell<\/td>\n<td style=\"width: 54pt; text-align: center;\" width=\"72\">Fassungsverm\u00f6gen (ml)<\/td>\n<td style=\"width: 54pt; text-align: center;\" width=\"72\">Gr\u00f6\u00dfe (cm)<\/td>\n<td style=\"width: 54pt; text-align: center;\" width=\"72\">Muster<\/td>\n<\/tr>\n<tr style=\"height: 13.50pt;\">\n<td style=\"height: 13.5pt; text-align: center;\" align=\"right\" height=\"18\">64010031<\/td>\n<td style=\"text-align: center;\" align=\"right\">100<\/td>\n<td style=\"text-align: center;\">6.8&#215;6.7<\/td>\n<td class=\"et2\" style=\"text-align: center;\" rowspan=\"4\">Vertikal<\/td>\n<\/tr>\n<tr style=\"height: 13.50pt;\">\n<td style=\"height: 13.5pt; text-align: center;\" align=\"right\" height=\"18\">64013032<\/td>\n<td style=\"text-align: center;\" align=\"right\">130<\/td>\n<td style=\"text-align: center;\">6.6&#215;7.4<\/td>\n<\/tr>\n<tr style=\"height: 13.50pt;\">\n<td style=\"height: 13.5pt; text-align: center;\" align=\"right\" height=\"18\">64015033<\/td>\n<td style=\"text-align: center;\" align=\"right\">150<\/td>\n<td style=\"text-align: center;\">6.4&#215;7.7<\/td>\n<\/tr>\n<tr style=\"height: 13.50pt;\">\n<td style=\"height: 13.5pt; text-align: center;\" align=\"right\" height=\"18\">64020034<\/td>\n<td style=\"text-align: center;\" align=\"right\">200<\/td>\n<td style=\"text-align: center;\">7.2&#215;7.5<\/td>\n<\/tr>\n<\/tbody>\n<\/table>\n<h2>Erfolgsbeispiel<\/h2>\n<p>Eine europ\u00e4ische Dessertmanufaktur suchte nach einer hochwertigen Verpackung f\u00fcr ihre neue Panna-Cotta-Linie. Die Wahl fiel auf unsere ma\u00dfgefertigten 130-ml-Glasjoghurtflaschen mit luftdichten Aluminiumverschl\u00fcssen. Das Design unterstreicht die zarte Textur des Desserts und gew\u00e4hrleistet gleichzeitig dessen Frische beim Transport. Vertikale Glasrippen verleihen der Flasche einen edlen, handgefertigten Look, und eine individuelle Pr\u00e4gung auf der Schulter setzt das Markenlogo elegant in Szene.<\/p>\n<p>Das Ergebnis? Die Gro\u00dfbestellungen stiegen um 50 %, und die Panna-Cotta-Produktlinie wurde innerhalb des ersten Monats nach Markteinf\u00fchrung schnell zum Bestseller.<\/p>\n<h2>Ihr individuelles Anpassungshandbuch<\/h2>\n<ol>\n<li><strong>\u201eDessert Palette\u201c-Bands: <\/strong>Versehen Sie die Puddingglasflasche mit pastellfarbenen B\u00e4ndern (z. B. \u201eMintgr\u00fcn\u201c). Sagen Sie Ihren Kunden: \u201eFrisches Dessert, frische Freude.\u201c<\/li>\n<li><strong>Deckel- und Verpackungsoptionen: <\/strong>Passen Sie die Verpackung individuell an unterschiedliche Marktstile an \u2013 mit Deckeln aus Metall, Bambus oder Kork sowie einer markeneigenen Geschenkverpackung.<\/li>\n<\/ol>\n<\/div>\n<\/div>\n<\/div>\n<\/div>\n<\/div>\n<\/div>","protected":false},"excerpt":{"rendered":"<p>Klare Glasflaschen f\u00fcr Joghurt im Gro\u00dfhandel, ideal f\u00fcr Desserts, Joghurt oder Kerzen. Robuste, wiederverwendbare Glasbeh\u00e4lter, perfekt f\u00fcr Glasverpackungen.<\/p>","protected":false},"featured_media":22518,"template":"","meta":[],"product_brand":[],"product_cat":[124,122,130],"product_tag":[],"class_list":{"0":"post-22511","1":"product","2":"type-product","3":"status-publish","4":"has-post-thumbnail","6":"product_cat-custom-glass-jars","7":"product_cat-custom-glass-packaging","8":"product_cat-glass-yogurt-jars","10":"first","11":"instock","12":"shipping-taxable","13":"product-type-simple"},"jetpack_sharing_enabled":true,"_links":{"self":[{"href":"https:\/\/yebodaglass.com\/de\/wp-json\/wp\/v2\/product\/22511","targetHints":{"allow":["GET"]}}],"collection":[{"href":"https:\/\/yebodaglass.com\/de\/wp-json\/wp\/v2\/product"}],"about":[{"href":"https:\/\/yebodaglass.com\/de\/wp-json\/wp\/v2\/types\/product"}],"version-history":[{"count":5,"href":"https:\/\/yebodaglass.com\/de\/wp-json\/wp\/v2\/product\/22511\/revisions"}],"predecessor-version":[{"id":24186,"href":"https:\/\/yebodaglass.com\/de\/wp-json\/wp\/v2\/product\/22511\/revisions\/24186"}],"wp:featuredmedia":[{"embeddable":true,"href":"https:\/\/yebodaglass.com\/de\/wp-json\/wp\/v2\/media\/22518"}],"wp:attachment":[{"href":"https:\/\/yebodaglass.com\/de\/wp-json\/wp\/v2\/media?parent=22511"}],"wp:term":[{"taxonomy":"product_brand","embeddable":true,"href":"https:\/\/yebodaglass.com\/de\/wp-json\/wp\/v2\/product_brand?post=22511"},{"taxonomy":"product_cat","embeddable":true,"href":"https:\/\/yebodaglass.com\/de\/wp-json\/wp\/v2\/product_cat?post=22511"},{"taxonomy":"product_tag","embeddable":true,"href":"https:\/\/yebodaglass.com\/de\/wp-json\/wp\/v2\/product_tag?post=22511"}],"curies":[{"name":"wp","href":"https:\/\/api.w.org\/{rel}","templated":true}]}}